{"id":25518,"date":"2025-12-01T07:00:41","date_gmt":"2025-12-01T04:00:41","guid":{"rendered":"https:\/\/www.makitamarket.com.tr\/site\/urun\/makita-gs6000-makita-gs6000-duz-taslama-150mm\/"},"modified":"2026-04-13T23:29:39","modified_gmt":"2026-04-13T20:29:39","slug":"makita-gs6000-makita-gs6000-duz-taslama-150mm","status":"publish","type":"product","link":"https:\/\/www.makitamarket.com.tr\/site\/urun\/makita-gs6000-makita-gs6000-duz-taslama-150mm\/","title":{"rendered":"Makita GS6000 MAKITA GS6000 DUZ TASLAMA 150MM"},"content":{"rendered":"<p><span style=\"color: rgb(33, 37, 41); background-color: white;\">Model GS6000<\/span><\/p>\n<p>Avu\u00e7 Ta\u015flamalar<\/p>\n<p>D\u00fcz Ta\u015flama 150mm<\/p>\n<p>750 W \u2022 150 mm \u2022 5.600 dak\u207b\u00b9<\/p>\n<p><strong style=\"color: rgb(0, 112, 192);\">Metal ve ta\u015f kesimi i\u00e7in y\u00fcksek performansl\u0131 avu\u00e7 ta\u015flama makinesi<\/strong><\/p>\n<p><span style=\"color: rgb(33, 37, 41); background-color: white;\">Metal, ta\u015f ve di\u011fer sert malzemelerde hassas ta\u015flama i\u015flemleri i\u00e7in tasarlanm\u0131\u015f, profesyonel bir ta\u015flama makinesi modelidir. <\/span><strong style=\"color: rgb(33, 37, 41); background-color: white;\">750 W motor g\u00fcc\u00fc<\/strong><span style=\"color: rgb(33, 37, 41); background-color: white;\"> ve kesici\/a\u015f\u0131nd\u0131r\u0131c\u0131\/elmas <\/span><strong style=\"color: rgb(33, 37, 41); background-color: white;\">150 mm disk \u00e7ap\u0131<\/strong><span style=\"color: rgb(33, 37, 41); background-color: white;\"> ile zorlu i\u015fler i\u00e7in g\u00fcvenilir bir performans sunar. Ergonomik tasar\u0131m\u0131, d\u00fc\u015f\u00fck titre\u015fim seviyesi ve dayan\u0131kl\u0131 yap\u0131s\u0131, uzun s\u00fcreli ve konforlu kullan\u0131m imk\u00e2n\u0131 sa\u011flar. Genellikle ince ta\u015flama ve hassas i\u015f\u00e7ilik gerektiren profesyonel projelerde tercih edilir.<\/span><\/p>\n<p><span style=\"color: red; background-color: white;\">Kullan\u0131m amac\u0131: <\/span><span style=\"color: rgb(33, 37, 41); background-color: white;\">Bu alet, metal ve ta\u015f malzemelerin su kullanmadan ta\u015flanmas\u0131, z\u0131mparalanmas\u0131, telle f\u0131r\u00e7alanmas\u0131, delik a\u00e7\u0131lmas\u0131 ve kesilmesi amac\u0131yla tasarlanm\u0131\u015ft\u0131r.<\/span><\/p>\n<p><u>\u00d6zellikleri:<\/u><\/p>\n<p><span style=\"color: red;\">G\u00fc\u00e7 Kayna\u011f\u0131: <\/span>Aletin,yaln\u0131zca isim levhas\u0131nda belirtilenle ayn\u0131 voltajl\u0131 g\u00fc\u00e7 kayna\u011f\u0131na ba\u011flanmas\u0131 gerekir ve yaln\u0131zca tek fazl\u0131 AC g\u00fc\u00e7 kayna\u011f\u0131yla \u00e7al\u0131\u015ft\u0131r\u0131labilir. \u00c7ifte yal\u0131t\u0131ml\u0131d\u0131r ve topraklamas\u0131z prizlerle de kullan\u0131labilir.<\/p>\n<ol>\n<li data-list=\"bullet\"><span class=\"ql-ui\" contenteditable=\"false\"><\/span>\u00c7ift yal\u0131t\u0131ml\u0131d\u0131r.<\/li>\n<\/ol>\n<p><span style=\"color: rgb(33, 37, 41); background-color: white;\">Ambalaj i\u00e7eri\u011fi: Anahtar, Allen Anahtar<\/span><\/p>\n<p><span style=\"color: red; background-color: white;\">Pedal Tetik sistemi<\/span><\/p>\n<table>\n<tr>\n<td>S\u00fcrekli Ak\u0131m Giri\u015fi<\/td>\n<td>750 W<\/td>\n<\/tr>\n<tr>\n<td>Kapasite<\/td>\n<td>Kesici\/a\u015f\u0131nd\u0131r\u0131c\u0131\/elmas 150mm<\/td>\n<\/tr>\n<tr>\n<td>Bo\u015fta Devir<\/td>\n<td>5600devir\/dk<\/td>\n<\/tr>\n<tr>\n<td>Mil \u00c7ap\u0131<\/td>\n<td>M14<\/td>\n<\/tr>\n<tr>\n<td>Net A\u011f\u0131rl\u0131k<\/td>\n<td>5.3kg<\/td>\n<\/tr>\n<tr>\n<td>Ak\u0131m<\/td>\n<td>4.8Ah<\/td>\n<\/tr>\n<\/table>\n","protected":false},"excerpt":{"rendered":"<p><span style=\"color: rgb(33, 37, 41); background-color: white;\">Model GS6000<\/span><\/p>\n<p>Avu\u00e7 Ta\u015flamalar<\/p>\n<p>D\u00fcz Ta\u015flama 150mm<\/p>\n<p>750 W \u2022 150 mm \u2022 5.600 dak\u207b\u00b9<\/p>\n<p><strong style=\"color: rgb(0, 112, 192);\">Metal ve ta\u015f kesimi i\u00e7in y\u00fcksek performansl\u0131 avu\u00e7 ta\u015flama makinesi<\/strong><\/p>\n<p><span style=\"color: rgb(33, 37, 41); background-color: white;\">Metal, ta\u015f ve di\u011fer sert malzemelerde hassas ta\u015flama i\u015flemleri i\u00e7in tasarlanm\u0131\u015f, profesyonel bir ta\u015flama makinesi modelidir. <\/span><strong style=\"color: rgb(33, 37, 41); background-color: white;\">750 W motor g\u00fcc\u00fc<\/strong><span style=\"color: rgb(33, 37, 41); background-color: white;\"> ve kesici\/a\u015f\u0131nd\u0131r\u0131c\u0131\/elmas <\/span><strong style=\"color: rgb(33, 37, 41); background-color: white;\">150 mm disk \u00e7ap\u0131<\/strong><span style=\"color: rgb(33, 37, 41); background-color: white;\"> ile zorlu i\u015fler i\u00e7in g\u00fcvenilir bir performans sunar. Ergonomik tasar\u0131m\u0131, d\u00fc\u015f\u00fck titre\u015fim seviyesi ve dayan\u0131kl\u0131 yap\u0131s\u0131, uzun s\u00fcreli ve konforlu kullan\u0131m imk\u00e2n\u0131 sa\u011flar. Genellikle ince ta\u015flama ve hassas i\u015f\u00e7ilik gerektiren profesyonel projelerde tercih edilir.<\/span><\/p>\n<p><span style=\"color: red; background-color: white;\">Kullan\u0131m amac\u0131: <\/span><span style=\"color: rgb(33, 37, 41); background-color: white;\">Bu alet, metal ve ta\u015f malzemelerin su kullanmadan ta\u015flanmas\u0131, z\u0131mparalanmas\u0131, telle f\u0131r\u00e7alanmas\u0131, delik a\u00e7\u0131lmas\u0131 ve kesilmesi amac\u0131yla tasarlanm\u0131\u015ft\u0131r.<\/span><\/p>\n<p><u>\u00d6zellikleri:<\/u><\/p>\n<p><span style=\"color: red;\">G\u00fc\u00e7 Kayna\u011f\u0131: <\/span>Aletin,yaln\u0131zca isim levhas\u0131nda belirtilenle ayn\u0131 voltajl\u0131 g\u00fc\u00e7 kayna\u011f\u0131na ba\u011flanmas\u0131 gerekir ve yaln\u0131zca tek fazl\u0131 AC g\u00fc\u00e7 kayna\u011f\u0131yla \u00e7al\u0131\u015ft\u0131r\u0131labilir. \u00c7ifte yal\u0131t\u0131ml\u0131d\u0131r ve topraklamas\u0131z prizlerle de kullan\u0131labilir.<\/p>\n<ol>\n<li data-list=\"bullet\"><span class=\"ql-ui\" contenteditable=\"false\"><\/span>\u00c7ift yal\u0131t\u0131ml\u0131d\u0131r.<\/li>\n<\/ol>\n<p><span style=\"color: rgb(33, 37, 41); background-color: white;\">Ambalaj i\u00e7eri\u011fi: Anahtar, Allen Anahtar<\/span><\/p>\n<p><span style=\"color: red; background-color: white;\">Pedal Tetik sistemi<\/span><\/p>\n","protected":false},"featured_media":25517,"comment_status":"open","ping_status":"closed","template":"","meta":{"_acf_changed":false},"product_brand":[1485],"product_cat":[1565],"product_tag":[],"class_list":{"0":"post-25518","1":"product","2":"type-product","3":"status-publish","4":"has-post-thumbnail","6":"product_brand-makita","7":"product_cat-yok-yok","9":"first","10":"instock","11":"taxable","12":"shipping-taxable","13":"purchasable","14":"product-type-simple","15":"add-to-wishlist-after_add_to_cart"},"acf":[],"_links":{"self":[{"href":"https:\/\/www.makitamarket.com.tr\/site\/wp-json\/wp\/v2\/product\/25518","targetHints":{"allow":["GET"]}}],"collection":[{"href":"https:\/\/www.makitamarket.com.tr\/site\/wp-json\/wp\/v2\/product"}],"about":[{"href":"https:\/\/www.makitamarket.com.tr\/site\/wp-json\/wp\/v2\/types\/product"}],"replies":[{"embeddable":true,"href":"https:\/\/www.makitamarket.com.tr\/site\/wp-json\/wp\/v2\/comments?post=25518"}],"wp:featuredmedia":[{"embeddable":true,"href":"https:\/\/www.makitamarket.com.tr\/site\/wp-json\/wp\/v2\/media\/25517"}],"wp:attachment":[{"href":"https:\/\/www.makitamarket.com.tr\/site\/wp-json\/wp\/v2\/media?parent=25518"}],"wp:term":[{"taxonomy":"product_brand","embeddable":true,"href":"https:\/\/www.makitamarket.com.tr\/site\/wp-json\/wp\/v2\/product_brand?post=25518"},{"taxonomy":"product_cat","embeddable":true,"href":"https:\/\/www.makitamarket.com.tr\/site\/wp-json\/wp\/v2\/product_cat?post=25518"},{"taxonomy":"product_tag","embeddable":true,"href":"https:\/\/www.makitamarket.com.tr\/site\/wp-json\/wp\/v2\/product_tag?post=25518"}],"curies":[{"name":"wp","href":"https:\/\/api.w.org\/{rel}","templated":true}]}}