{"id":25520,"date":"2025-12-01T07:01:49","date_gmt":"2025-12-01T04:01:49","guid":{"rendered":"https:\/\/www.makitamarket.com.tr\/site\/urun\/prexiso-prexiso-p80-prexiso-p80-lazermetre-80m\/"},"modified":"2026-04-06T18:01:00","modified_gmt":"2026-04-06T15:01:00","slug":"prexiso-prexiso-p80-prexiso-p80-lazermetre-80m","status":"publish","type":"product","link":"https:\/\/www.makitamarket.com.tr\/site\/urun\/prexiso-prexiso-p80-prexiso-p80-lazermetre-80m\/","title":{"rendered":"Prexiso PREXISO P80 PREXISO P80 LAZERMETRE 80M"},"content":{"rendered":"<p>Prexiso P80 yenilik\u00e7i tasar\u0131m\u0131yla avu\u00e7 i\u00e7ine tam olarak oturur.80m \u00f6l\u00e7\u00fcm mesafesi cihaz\u0131n uzun menzil \u00f6l\u00e7\u00fcmlerde kullan\u0131labilmesine olanak sa\u011flar.Alan , hacim , basit pisagor , \u00e7ift pisagorlu y\u00fckseklik \u00f6l\u00e7\u00fcm\u00fc gibi pek \u00e7ok fonksiyona sahiptir.Ayd\u0131nlatmal\u0131 ekran sayesinde karanl\u0131k ortamlarda rahatl\u0131kla kullan\u0131labilir.Otomatik alg\u0131lamal\u0131 g\u00f6nye plakas\u0131 sayesinde dar alanlarda ve k\u00f6\u015felerden kolayl\u0131kla \u00f6l\u00e7\u00fcm yap\u0131labilir.<\/p>\n<table>\n<tr>\n<td>\u00d6l\u00e7\u00fcm Mesafesi<\/td>\n<td>80 m<\/td>\n<\/tr>\n<tr>\n<td>Hassasiyet<\/td>\n<td>\u00b11,5mm<\/td>\n<\/tr>\n<tr>\n<td>\u00d6l\u00e7\u00fcm Birimleri<\/td>\n<td>Metrik ve \u0130mperyal<\/td>\n<\/tr>\n<tr>\n<td>Pil<\/td>\n<td>2xAAA alkalin pil<\/td>\n<\/tr>\n<\/table>\n","protected":false},"excerpt":{"rendered":"<p>Prexiso P80 yenilik\u00e7i tasar\u0131m\u0131yla avu\u00e7 i\u00e7ine tam olarak oturur.80m \u00f6l\u00e7\u00fcm mesafesi cihaz\u0131n uzun menzil \u00f6l\u00e7\u00fcmlerde kullan\u0131labilmesine olanak sa\u011flar.Alan , hacim , basit pisagor , \u00e7ift pisagorlu y\u00fckseklik \u00f6l\u00e7\u00fcm\u00fc gibi pek \u00e7ok fonksiyona sahiptir.Ayd\u0131nlatmal\u0131 ekran sayesinde karanl\u0131k ortamlarda rahatl\u0131kla kullan\u0131labilir.Otomatik alg\u0131lamal\u0131 g\u00f6nye plakas\u0131 sayesinde dar alanlarda ve k\u00f6\u015felerden kolayl\u0131kla \u00f6l\u00e7\u00fcm yap\u0131labilir.<\/p>\n","protected":false},"featured_media":25519,"comment_status":"open","ping_status":"closed","template":"","meta":{"_acf_changed":false},"product_brand":[1507],"product_cat":[754],"product_tag":[],"class_list":{"0":"post-25520","1":"product","2":"type-product","3":"status-publish","4":"has-post-thumbnail","6":"product_brand-prexiso","7":"product_cat-lazer-metreler","9":"first","10":"outofstock","11":"taxable","12":"shipping-taxable","13":"purchasable","14":"product-type-simple","15":"add-to-wishlist-after_add_to_cart"},"acf":[],"_links":{"self":[{"href":"https:\/\/www.makitamarket.com.tr\/site\/wp-json\/wp\/v2\/product\/25520","targetHints":{"allow":["GET"]}}],"collection":[{"href":"https:\/\/www.makitamarket.com.tr\/site\/wp-json\/wp\/v2\/product"}],"about":[{"href":"https:\/\/www.makitamarket.com.tr\/site\/wp-json\/wp\/v2\/types\/product"}],"replies":[{"embeddable":true,"href":"https:\/\/www.makitamarket.com.tr\/site\/wp-json\/wp\/v2\/comments?post=25520"}],"wp:featuredmedia":[{"embeddable":true,"href":"https:\/\/www.makitamarket.com.tr\/site\/wp-json\/wp\/v2\/media\/25519"}],"wp:attachment":[{"href":"https:\/\/www.makitamarket.com.tr\/site\/wp-json\/wp\/v2\/media?parent=25520"}],"wp:term":[{"taxonomy":"product_brand","embeddable":true,"href":"https:\/\/www.makitamarket.com.tr\/site\/wp-json\/wp\/v2\/product_brand?post=25520"},{"taxonomy":"product_cat","embeddable":true,"href":"https:\/\/www.makitamarket.com.tr\/site\/wp-json\/wp\/v2\/product_cat?post=25520"},{"taxonomy":"product_tag","embeddable":true,"href":"https:\/\/www.makitamarket.com.tr\/site\/wp-json\/wp\/v2\/product_tag?post=25520"}],"curies":[{"name":"wp","href":"https:\/\/api.w.org\/{rel}","templated":true}]}}