{"id":25523,"date":"2025-12-01T07:01:51","date_gmt":"2025-12-01T04:01:51","guid":{"rendered":"https:\/\/www.makitamarket.com.tr\/site\/urun\/knipex-124901-knipex-124901-ersatzmesser\/"},"modified":"2026-04-06T18:02:42","modified_gmt":"2026-04-06T15:02:42","slug":"knipex-124901-knipex-124901-ersatzmesser","status":"publish","type":"product","link":"https:\/\/www.makitamarket.com.tr\/site\/urun\/knipex-124901-knipex-124901-ersatzmesser\/","title":{"rendered":"Knipex 124901 KNIPEX 124901 ERSATZMESSER"},"content":{"rendered":"<p><strong>12 49 01 12 40 200 i\u00e7in 1 \u00e7ift yedek kesici<\/strong><\/p>\n<p>Plastik veya lastik izolasyonlu tekli, \u00e7oklu ve ince telli iletkenler i\u00e7in. \u00c7e\u015fitli iletken kesitlerine kendili\u011finden uyum sa\u011flar, b\u00f6ylece iletkenlere zarar verilmez. Farkl\u0131 izolasyon malzemelerinde kesme derinli\u011fi ayarlanabilir. Cu ve Al iletkenler (\u00e7ok telli 10 mm\u00b2, tek telli 6 mm\u00b2&#8217;ye kadar) i\u00e7in tel makasl\u0131. Kolay \u00e7al\u0131\u015fan mekanizma. Kesici ve plastik s\u0131k\u0131\u015ft\u0131rma \u00e7eneleri kolayca de\u011fi\u015ftirilebilir. Hafif. <\/p>\n<p><strong>AWG: <\/strong>32 \u2014 8<\/p>\n<table><\/table>\n","protected":false},"excerpt":{"rendered":"<p><strong>12 49 01 12 40 200 i\u00e7in 1 \u00e7ift yedek kesici<\/strong><\/p>\n<p>Plastik veya lastik izolasyonlu tekli, \u00e7oklu ve ince telli iletkenler i\u00e7in. \u00c7e\u015fitli iletken kesitlerine kendili\u011finden uyum sa\u011flar, b\u00f6ylece iletkenlere zarar verilmez. Farkl\u0131 izolasyon malzemelerinde kesme derinli\u011fi ayarlanabilir. Cu ve Al iletkenler (\u00e7ok telli 10 mm\u00b2, tek telli 6 mm\u00b2&#8217;ye kadar) i\u00e7in tel makasl\u0131. Kolay \u00e7al\u0131\u015fan mekanizma. Kesici ve plastik s\u0131k\u0131\u015ft\u0131rma \u00e7eneleri kolayca de\u011fi\u015ftirilebilir. Hafif. <\/p>\n<p><strong>AWG: <\/strong>32 \u2014 8<\/p>\n","protected":false},"featured_media":0,"comment_status":"open","ping_status":"closed","template":"","meta":{"_acf_changed":false},"product_brand":[1486],"product_cat":[1565],"product_tag":[],"class_list":{"0":"post-25523","1":"product","2":"type-product","3":"status-publish","5":"product_brand-knipex","6":"product_cat-yok-yok","8":"first","9":"instock","10":"taxable","11":"shipping-taxable","12":"purchasable","13":"product-type-simple","14":"add-to-wishlist-after_add_to_cart"},"acf":[],"_links":{"self":[{"href":"https:\/\/www.makitamarket.com.tr\/site\/wp-json\/wp\/v2\/product\/25523","targetHints":{"allow":["GET"]}}],"collection":[{"href":"https:\/\/www.makitamarket.com.tr\/site\/wp-json\/wp\/v2\/product"}],"about":[{"href":"https:\/\/www.makitamarket.com.tr\/site\/wp-json\/wp\/v2\/types\/product"}],"replies":[{"embeddable":true,"href":"https:\/\/www.makitamarket.com.tr\/site\/wp-json\/wp\/v2\/comments?post=25523"}],"wp:attachment":[{"href":"https:\/\/www.makitamarket.com.tr\/site\/wp-json\/wp\/v2\/media?parent=25523"}],"wp:term":[{"taxonomy":"product_brand","embeddable":true,"href":"https:\/\/www.makitamarket.com.tr\/site\/wp-json\/wp\/v2\/product_brand?post=25523"},{"taxonomy":"product_cat","embeddable":true,"href":"https:\/\/www.makitamarket.com.tr\/site\/wp-json\/wp\/v2\/product_cat?post=25523"},{"taxonomy":"product_tag","embeddable":true,"href":"https:\/\/www.makitamarket.com.tr\/site\/wp-json\/wp\/v2\/product_tag?post=25523"}],"curies":[{"name":"wp","href":"https:\/\/api.w.org\/{rel}","templated":true}]}}