{"id":25531,"date":"2025-12-01T07:05:47","date_gmt":"2025-12-01T04:05:47","guid":{"rendered":"https:\/\/www.makitamarket.com.tr\/site\/urun\/kama-by-reis-kdl12-w300a-kaynak-jenerator\/"},"modified":"2026-04-06T18:11:42","modified_gmt":"2026-04-06T15:11:42","slug":"kama-by-reis-kdl12-w300a-kaynak-jenerator","status":"publish","type":"product","link":"https:\/\/www.makitamarket.com.tr\/site\/urun\/kama-by-reis-kdl12-w300a-kaynak-jenerator\/","title":{"rendered":"Kama By Reis KDL12-W300A KAYNAK JENERAT\u00d6R"},"content":{"rendered":"<table>\n<tr>\n<td>G\u00fc\u00e7 Fakt\u00f6r\u00fc (Cos)<\/td>\n<td>1<\/td>\n<\/tr>\n<tr>\n<td>Ak\u00fc<\/td>\n<td>Var<\/td>\n<\/tr>\n<tr>\n<td>\u00c7al\u0131\u015ft\u0131rma \u015eekli<\/td>\n<td>Mar\u015fl\u0131<\/td>\n<\/tr>\n<tr>\n<td>Ya\u011f Kapasitesi (lt)<\/td>\n<td>3<\/td>\n<\/tr>\n<tr>\n<td>G\u00f6sterge Ekran\u0131<\/td>\n<td>Dijital<\/td>\n<\/tr>\n<tr>\n<td>Motor tipi<\/td>\n<td>2 Silindir\/Hava So\u011futmal\u0131<\/td>\n<\/tr>\n<tr>\n<td>Motor Modeli<\/td>\n<td>LA290F<\/td>\n<\/tr>\n<tr>\n<td>Faz Say\u0131s\u0131<\/td>\n<td>1(Monofaze)<\/td>\n<\/tr>\n<tr>\n<td>G\u00fc\u00e7 Maks.<\/td>\n<td>9 kw<\/td>\n<\/tr>\n<tr>\n<td>S\u00fcrekli \u00c7\u0131k\u0131\u015f Amperi (A)<\/td>\n<td>39<\/td>\n<\/tr>\n<tr>\n<td>\u00c7\u0131k\u0131\u015f Voltaj\u0131 (V)<\/td>\n<td>230<\/td>\n<\/tr>\n<tr>\n<td>S\u00fcrekli G\u00fc\u00e7 kW \/ kVA<\/td>\n<td>8,5<\/td>\n<\/tr>\n<tr>\n<td>Yak\u0131t Tipi<\/td>\n<td>Euro Dizel<\/td>\n<\/tr>\n<tr>\n<td>Silindir Hacmi (cc)<\/td>\n<td>0.954L<\/td>\n<\/tr>\n<tr>\n<td>Frekans (Hz)<\/td>\n<td>50<\/td>\n<\/tr>\n<tr>\n<td>Boyutlar (mm)<\/td>\n<td>935x555x580<\/td>\n<\/tr>\n<tr>\n<td>Ya\u011f Tipi<\/td>\n<td>15W40<\/td>\n<\/tr>\n<tr>\n<td>A\u011f\u0131rl\u0131k (Kg)<\/td>\n<td>150<\/td>\n<\/tr>\n<tr>\n<td>Yak\u0131t Depo Kapasite (lt)<\/td>\n<td>25<\/td>\n<\/tr>\n<tr>\n<td>Ses Seviyesi (dBA-7m)<\/td>\n<td>82<\/td>\n<\/tr>\n<tr>\n<td>Motor G\u00fcc\u00fc (HP)<\/td>\n<td>22<\/td>\n<\/tr>\n<tr>\n<td>Yak\u0131t T\u00fcketimi (Lt \/ Saat)<\/td>\n<td>3<\/td>\n<\/tr>\n<\/table>\n","protected":false},"excerpt":{"rendered":"<p>G\u00fc\u00e7 Fakt\u00f6r\u00fc (Cos) 1 Ak\u00fc Var \u00c7al\u0131\u015ft\u0131rma \u015eekli Mar\u015fl\u0131 Ya\u011f Kapasitesi (lt) 3 G\u00f6sterge Ekran\u0131 Dijital Motor tipi 2 Silindir\/Hava So\u011futmal\u0131 Motor Modeli LA290F Faz Say\u0131s\u0131 1(Monofaze) G\u00fc\u00e7 Maks. 9<\/p>\n","protected":false},"featured_media":0,"comment_status":"open","ping_status":"closed","template":"","meta":{"_acf_changed":false},"product_brand":[1500],"product_cat":[1565],"product_tag":[],"class_list":{"0":"post-25531","1":"product","2":"type-product","3":"status-publish","5":"product_brand-kama-by-reis","6":"product_cat-yok-yok","8":"first","9":"instock","10":"taxable","11":"shipping-taxable","12":"purchasable","13":"product-type-simple","14":"add-to-wishlist-after_add_to_cart"},"acf":[],"_links":{"self":[{"href":"https:\/\/www.makitamarket.com.tr\/site\/wp-json\/wp\/v2\/product\/25531","targetHints":{"allow":["GET"]}}],"collection":[{"href":"https:\/\/www.makitamarket.com.tr\/site\/wp-json\/wp\/v2\/product"}],"about":[{"href":"https:\/\/www.makitamarket.com.tr\/site\/wp-json\/wp\/v2\/types\/product"}],"replies":[{"embeddable":true,"href":"https:\/\/www.makitamarket.com.tr\/site\/wp-json\/wp\/v2\/comments?post=25531"}],"wp:attachment":[{"href":"https:\/\/www.makitamarket.com.tr\/site\/wp-json\/wp\/v2\/media?parent=25531"}],"wp:term":[{"taxonomy":"product_brand","embeddable":true,"href":"https:\/\/www.makitamarket.com.tr\/site\/wp-json\/wp\/v2\/product_brand?post=25531"},{"taxonomy":"product_cat","embeddable":true,"href":"https:\/\/www.makitamarket.com.tr\/site\/wp-json\/wp\/v2\/product_cat?post=25531"},{"taxonomy":"product_tag","embeddable":true,"href":"https:\/\/www.makitamarket.com.tr\/site\/wp-json\/wp\/v2\/product_tag?post=25531"}],"curies":[{"name":"wp","href":"https:\/\/api.w.org\/{rel}","templated":true}]}}