{"id":25536,"date":"2025-12-01T07:06:50","date_gmt":"2025-12-01T04:06:50","guid":{"rendered":"https:\/\/www.makitamarket.com.tr\/site\/urun\/knipex-001961v01-knipex-twingrip-pense-seti-82-01-x150-200-250\/"},"modified":"2026-03-30T11:29:29","modified_gmt":"2026-03-30T08:29:29","slug":"knipex-001961v01-knipex-twingrip-pense-seti-82-01-x150-200-250","status":"publish","type":"product","link":"https:\/\/www.makitamarket.com.tr\/site\/urun\/knipex-001961v01-knipex-twingrip-pense-seti-82-01-x150-200-250\/","title":{"rendered":"Knipex 001961V01 KNIPEX TWINGRIP PENSE SET\u0130 (82 01 X150, 200, 250)"},"content":{"rendered":"<ol>\n<li data-list=\"bullet\"><span class=\"ql-ui\" contenteditable=\"false\"><\/span><span style=\"background-color: rgb(255, 255, 255); color: rgb(0, 79, 159);\">&nbsp;A\u015f\u0131nm\u0131\u015f ba\u015flar\u0131 ve di\u015fleri olan vidalar\u0131 kavramak, s\u0131kmak ve gev\u015fetmek amac\u0131yla kullan\u0131l\u0131r<\/span><\/li>\n<li data-list=\"bullet\"><span class=\"ql-ui\" contenteditable=\"false\"><\/span><span style=\"background-color: rgb(255, 255, 255); color: rgb(0, 79, 159);\">&nbsp;Benzersiz bir kombinasyon sayesinde verimli \u00e7al\u0131\u015f\u0131n: \u00d6n kavrama ve yan kavrama i\u015flevi, kutu ba\u011flant\u0131s\u0131, basmal\u0131 d\u00fc\u011fme ayar\u0131<\/span><\/li>\n<li data-list=\"bullet\"><span class=\"ql-ui\" contenteditable=\"false\"><\/span><span style=\"background-color: rgb(255, 255, 255); color: black;\">&nbsp;Dayan\u0131kl\u0131 polyester kuma\u015ftan yap\u0131lm\u0131\u015f, c\u0131rt c\u0131rtl\u0131 ba\u011flant\u0131 eleman\u0131na sahip y\u00fcksek kaliteli alet rulosu<\/span><\/li>\n<li data-list=\"bullet\"><span class=\"ql-ui\" contenteditable=\"false\"><\/span><span style=\"background-color: rgb(255, 255, 255); color: black;\">&nbsp;Boyutlar, a\u00e7\u0131k (U x Y): 430 x 325 mm<\/span><\/li>\n<li data-list=\"bullet\"><span class=\"ql-ui\" contenteditable=\"false\"><\/span><span style=\"background-color: rgb(255, 255, 255); color: black;\">&nbsp;150&#8217;den 250 mm&#8217;ye kadar \u00fc\u00e7 farkl\u0131 uzunlukta KNIPEX TwinGrip ile donat\u0131lm\u0131\u015ft\u0131r<\/span><\/li>\n<\/ol>\n<p><\/p>\n<table><\/table>\n","protected":false},"excerpt":{"rendered":"<ol>\n<li data-list=\"bullet\"><span class=\"ql-ui\" contenteditable=\"false\"><\/span><span style=\"background-color: rgb(255, 255, 255); color: rgb(0, 79, 159);\">&nbsp;A\u015f\u0131nm\u0131\u015f ba\u015flar\u0131 ve di\u015fleri olan vidalar\u0131 kavramak, s\u0131kmak ve gev\u015fetmek amac\u0131yla kullan\u0131l\u0131r<\/span><\/li>\n<li data-list=\"bullet\"><span class=\"ql-ui\" contenteditable=\"false\"><\/span><span style=\"background-color: rgb(255, 255, 255); color: rgb(0, 79, 159);\">&nbsp;Benzersiz bir kombinasyon sayesinde verimli \u00e7al\u0131\u015f\u0131n: \u00d6n kavrama ve yan kavrama i\u015flevi, kutu ba\u011flant\u0131s\u0131, basmal\u0131 d\u00fc\u011fme ayar\u0131<\/span><\/li>\n<li data-list=\"bullet\"><span class=\"ql-ui\" contenteditable=\"false\"><\/span><span style=\"background-color: rgb(255, 255, 255); color: black;\">&nbsp;Dayan\u0131kl\u0131 polyester kuma\u015ftan yap\u0131lm\u0131\u015f, c\u0131rt c\u0131rtl\u0131 ba\u011flant\u0131 eleman\u0131na sahip y\u00fcksek kaliteli alet rulosu<\/span><\/li>\n<li data-list=\"bullet\"><span class=\"ql-ui\" contenteditable=\"false\"><\/span><span style=\"background-color: rgb(255, 255, 255); color: black;\">&nbsp;Boyutlar, a\u00e7\u0131k (U x Y): 430 x 325 mm<\/span><\/li>\n<li data-list=\"bullet\"><span class=\"ql-ui\" contenteditable=\"false\"><\/span><span style=\"background-color: rgb(255, 255, 255); color: black;\">&nbsp;150&#8217;den 250 mm&#8217;ye kadar \u00fc\u00e7 farkl\u0131 uzunlukta KNIPEX TwinGrip ile donat\u0131lm\u0131\u015ft\u0131r<\/span><\/li>\n<\/ol>\n<p><\/p>\n","protected":false},"featured_media":0,"comment_status":"open","ping_status":"closed","template":"","meta":{"_acf_changed":false},"product_brand":[1486],"product_cat":[1565],"product_tag":[],"class_list":{"0":"post-25536","1":"product","2":"type-product","3":"status-publish","5":"product_brand-knipex","6":"product_cat-yok-yok","8":"first","9":"instock","10":"taxable","11":"shipping-taxable","12":"purchasable","13":"product-type-simple","14":"add-to-wishlist-after_add_to_cart"},"acf":[],"_links":{"self":[{"href":"https:\/\/www.makitamarket.com.tr\/site\/wp-json\/wp\/v2\/product\/25536","targetHints":{"allow":["GET"]}}],"collection":[{"href":"https:\/\/www.makitamarket.com.tr\/site\/wp-json\/wp\/v2\/product"}],"about":[{"href":"https:\/\/www.makitamarket.com.tr\/site\/wp-json\/wp\/v2\/types\/product"}],"replies":[{"embeddable":true,"href":"https:\/\/www.makitamarket.com.tr\/site\/wp-json\/wp\/v2\/comments?post=25536"}],"wp:attachment":[{"href":"https:\/\/www.makitamarket.com.tr\/site\/wp-json\/wp\/v2\/media?parent=25536"}],"wp:term":[{"taxonomy":"product_brand","embeddable":true,"href":"https:\/\/www.makitamarket.com.tr\/site\/wp-json\/wp\/v2\/product_brand?post=25536"},{"taxonomy":"product_cat","embeddable":true,"href":"https:\/\/www.makitamarket.com.tr\/site\/wp-json\/wp\/v2\/product_cat?post=25536"},{"taxonomy":"product_tag","embeddable":true,"href":"https:\/\/www.makitamarket.com.tr\/site\/wp-json\/wp\/v2\/product_tag?post=25536"}],"curies":[{"name":"wp","href":"https:\/\/api.w.org\/{rel}","templated":true}]}}