{"id":25542,"date":"2025-12-01T07:06:54","date_gmt":"2025-12-01T04:06:54","guid":{"rendered":"https:\/\/www.makitamarket.com.tr\/site\/urun\/knipex-002110le-knipex-bos-alet-cantasi\/"},"modified":"2026-04-06T18:10:45","modified_gmt":"2026-04-06T15:10:45","slug":"knipex-002110le-knipex-bos-alet-cantasi","status":"publish","type":"product","link":"https:\/\/www.makitamarket.com.tr\/site\/urun\/knipex-002110le-knipex-bos-alet-cantasi\/","title":{"rendered":"Knipex 002110LE KNIPEX BO\u015e ALET \u00c7ANTASI"},"content":{"rendered":"<ol>\n<li data-list=\"bullet\"><span class=\"ql-ui\" contenteditable=\"false\"><\/span><span style=\"background-color: rgb(255, 255, 255); color: rgb(0, 79, 159);\">&nbsp;Maks. y\u00fck: 10 kg<\/span><\/li>\n<li data-list=\"bullet\"><span class=\"ql-ui\" contenteditable=\"false\"><\/span><span style=\"background-color: rgb(255, 255, 255); color: rgb(0, 79, 159);\">&nbsp;Hacim: 45 litre<\/span><\/li>\n<li data-list=\"bullet\"><span class=\"ql-ui\" contenteditable=\"false\"><\/span><span style=\"background-color: rgb(255, 255, 255); color: black;\">&nbsp;Notebook ve DIN A4 boyutundaki dok\u00fcmanlar i\u00e7in astarl\u0131 i\u00e7 cep; ek olarak 1 adet DIN A4 fermuarl\u0131 cep<\/span><\/li>\n<li data-list=\"bullet\"><span class=\"ql-ui\" contenteditable=\"false\"><\/span><span style=\"background-color: rgb(255, 255, 255); color: black;\">&nbsp;90\u00b0 a\u00e7\u0131labilir \u00f6n b\u00f6l\u00fcm \u00e7antas\u0131 8 adet tak\u0131m cebi ve 1 k\u00fc\u00e7\u00fck i\u00e7 cep ile<\/span><\/li>\n<li data-list=\"bullet\"><span class=\"ql-ui\" contenteditable=\"false\"><\/span><span style=\"background-color: rgb(255, 255, 255); color: black;\">&nbsp;\u00d6n \u00e7antan\u0131n arka taraf\u0131 5 tak\u0131m cebi ve 3 adet kalem cebi<\/span><\/li>\n<li data-list=\"bullet\"><span class=\"ql-ui\" contenteditable=\"false\"><\/span><span style=\"background-color: rgb(255, 255, 255); color: black;\">&nbsp;1 adet s\u00f6k\u00fclebilir tak\u0131m panosu, \u00f6n taraf\u0131nda 8 tak\u0131m cebi ve arka taraf\u0131nda elastik d\u00fc\u011f\u00fcmler ile sabitlenmi\u015f 2 \u00fcr\u00fcn s\u0131ras\u0131<\/span><\/li>\n<li data-list=\"bullet\"><span class=\"ql-ui\" contenteditable=\"false\"><\/span><span style=\"background-color: rgb(255, 255, 255); color: black;\">&nbsp;Suya kar\u015f\u0131 korunakl\u0131 taban<\/span><\/li>\n<li data-list=\"bullet\"><span class=\"ql-ui\" contenteditable=\"false\"><\/span><span style=\"background-color: rgb(255, 255, 255); color: black;\">&nbsp;H\u0131zl\u0131 kilitleme elemanl\u0131 ayarlanabilir kay\u0131\u015f<\/span><\/li>\n<li data-list=\"bullet\"><span class=\"ql-ui\" contenteditable=\"false\"><\/span><span style=\"background-color: rgb(255, 255, 255); color: black;\">&nbsp;\u0130ki adet ta\u015f\u0131ma d\u00fc\u011f\u00fcm\u00fc ile<\/span><\/li>\n<\/ol>\n<p><\/p>\n<table><\/table>\n","protected":false},"excerpt":{"rendered":"<ol>\n<li data-list=\"bullet\"><span class=\"ql-ui\" contenteditable=\"false\"><\/span><span style=\"background-color: rgb(255, 255, 255); color: rgb(0, 79, 159);\">&nbsp;Maks. y\u00fck: 10 kg<\/span><\/li>\n<li data-list=\"bullet\"><span class=\"ql-ui\" contenteditable=\"false\"><\/span><span style=\"background-color: rgb(255, 255, 255); color: rgb(0, 79, 159);\">&nbsp;Hacim: 45 litre<\/span><\/li>\n<li data-list=\"bullet\"><span class=\"ql-ui\" contenteditable=\"false\"><\/span><span style=\"background-color: rgb(255, 255, 255); color: black;\">&nbsp;Notebook ve DIN A4 boyutundaki dok\u00fcmanlar i\u00e7in astarl\u0131 i\u00e7 cep; ek olarak 1 adet DIN A4 fermuarl\u0131 cep<\/span><\/li>\n<li data-list=\"bullet\"><span class=\"ql-ui\" contenteditable=\"false\"><\/span><span style=\"background-color: rgb(255, 255, 255); color: black;\">&nbsp;90\u00b0 a\u00e7\u0131labilir \u00f6n b\u00f6l\u00fcm \u00e7antas\u0131 8 adet tak\u0131m cebi ve 1 k\u00fc\u00e7\u00fck i\u00e7 cep ile<\/span><\/li>\n<li data-list=\"bullet\"><span class=\"ql-ui\" contenteditable=\"false\"><\/span><span style=\"background-color: rgb(255, 255, 255); color: black;\">&nbsp;\u00d6n \u00e7antan\u0131n arka taraf\u0131 5 tak\u0131m cebi ve 3 adet kalem cebi<\/span><\/li>\n<li data-list=\"bullet\"><span class=\"ql-ui\" contenteditable=\"false\"><\/span><span style=\"background-color: rgb(255, 255, 255); color: black;\">&nbsp;1 adet s\u00f6k\u00fclebilir tak\u0131m panosu, \u00f6n taraf\u0131nda 8 tak\u0131m cebi ve arka taraf\u0131nda elastik d\u00fc\u011f\u00fcmler ile sabitlenmi\u015f 2 \u00fcr\u00fcn s\u0131ras\u0131<\/span><\/li>\n<li data-list=\"bullet\"><span class=\"ql-ui\" contenteditable=\"false\"><\/span><span style=\"background-color: rgb(255, 255, 255); color: black;\">&nbsp;Suya kar\u015f\u0131 korunakl\u0131 taban<\/span><\/li>\n<li data-list=\"bullet\"><span class=\"ql-ui\" contenteditable=\"false\"><\/span><span style=\"background-color: rgb(255, 255, 255); color: black;\">&nbsp;H\u0131zl\u0131 kilitleme elemanl\u0131 ayarlanabilir kay\u0131\u015f<\/span><\/li>\n<li data-list=\"bullet\"><span class=\"ql-ui\" contenteditable=\"false\"><\/span><span style=\"background-color: rgb(255, 255, 255); color: black;\">&nbsp;\u0130ki adet ta\u015f\u0131ma d\u00fc\u011f\u00fcm\u00fc ile<\/span><\/li>\n<\/ol>\n<p><\/p>\n","protected":false},"featured_media":0,"comment_status":"open","ping_status":"closed","template":"","meta":{"_acf_changed":false},"product_brand":[1486],"product_cat":[1565],"product_tag":[],"class_list":{"0":"post-25542","1":"product","2":"type-product","3":"status-publish","5":"product_brand-knipex","6":"product_cat-yok-yok","8":"first","9":"outofstock","10":"taxable","11":"shipping-taxable","12":"purchasable","13":"product-type-simple","14":"add-to-wishlist-after_add_to_cart"},"acf":[],"_links":{"self":[{"href":"https:\/\/www.makitamarket.com.tr\/site\/wp-json\/wp\/v2\/product\/25542","targetHints":{"allow":["GET"]}}],"collection":[{"href":"https:\/\/www.makitamarket.com.tr\/site\/wp-json\/wp\/v2\/product"}],"about":[{"href":"https:\/\/www.makitamarket.com.tr\/site\/wp-json\/wp\/v2\/types\/product"}],"replies":[{"embeddable":true,"href":"https:\/\/www.makitamarket.com.tr\/site\/wp-json\/wp\/v2\/comments?post=25542"}],"wp:attachment":[{"href":"https:\/\/www.makitamarket.com.tr\/site\/wp-json\/wp\/v2\/media?parent=25542"}],"wp:term":[{"taxonomy":"product_brand","embeddable":true,"href":"https:\/\/www.makitamarket.com.tr\/site\/wp-json\/wp\/v2\/product_brand?post=25542"},{"taxonomy":"product_cat","embeddable":true,"href":"https:\/\/www.makitamarket.com.tr\/site\/wp-json\/wp\/v2\/product_cat?post=25542"},{"taxonomy":"product_tag","embeddable":true,"href":"https:\/\/www.makitamarket.com.tr\/site\/wp-json\/wp\/v2\/product_tag?post=25542"}],"curies":[{"name":"wp","href":"https:\/\/api.w.org\/{rel}","templated":true}]}}