{"id":25546,"date":"2025-12-01T07:06:56","date_gmt":"2025-12-01T04:06:56","guid":{"rendered":"https:\/\/www.makitamarket.com.tr\/site\/urun\/knipex-002150v01-knipex-dort-modul-adaptorlu-takim-4-parca\/"},"modified":"2026-04-13T23:36:57","modified_gmt":"2026-04-13T20:36:57","slug":"knipex-002150v01-knipex-dort-modul-adaptorlu-takim-4-parca","status":"publish","type":"product","link":"https:\/\/www.makitamarket.com.tr\/site\/urun\/knipex-002150v01-knipex-dort-modul-adaptorlu-takim-4-parca\/","title":{"rendered":"Knipex 002150V01 KNIPEX D\u00d6RT MOD\u00dcL ADAPT\u00d6RL\u00dc TAKIM 4 PAR\u00c7A"},"content":{"rendered":"<ol>\n<li data-list=\"bullet\"><span class=\"ql-ui\" contenteditable=\"false\"><\/span><span style=\"background-color: rgb(255, 255, 255); color: rgb(0, 79, 159);\">&nbsp;4 mod\u00fcl adapt\u00f6rl\u00fc tak\u0131m: 2 adet D halkal\u0131, 2 adet iki kau\u00e7uk halkal\u0131<\/span><\/li>\n<li data-list=\"bullet\"><span class=\"ql-ui\" contenteditable=\"false\"><\/span><span style=\"background-color: rgb(255, 255, 255); color: black;\">&nbsp;Her birinde 00 21 50 KNIPEX Modular X18 alet \u00e7antas\u0131n\u0131n MOLLE kay\u0131\u015flar\u0131na sabitlemek i\u00e7in iki sa\u011flam kuma\u015f kay\u0131\u015f bulunur<\/span><\/li>\n<li data-list=\"bullet\"><span class=\"ql-ui\" contenteditable=\"false\"><\/span><span style=\"background-color: rgb(255, 255, 255); color: black;\">&nbsp;Ek ba\u011flant\u0131 noktalar\u0131: Pratik s\u0131rt \u00e7antas\u0131 tokalar\u0131 sayesinde anahtarl\u0131k gibi \u00e7ok say\u0131da e\u015fyay\u0131 ayr\u0131 ayr\u0131 takabilirsiniz<\/span><\/li>\n<\/ol>\n<p>D\u0131\u015f (i\u00e7) geni\u015flik \u00f6l\u00e7\u00fcs\u00fc 50 mm D\u0131\u015f (i\u00e7) y\u00fckseklik \u00f6l\u00e7\u00fcleri 5 mm D\u0131\u015f (i\u00e7) derinlik \u00f6l\u00e7\u00fcleri 20 mm<\/p>\n<table>\n<tr>\n<td>\u00d6l\u00e7\u00fcler<\/td>\n<td>20 x 20 x 5 mm<\/td>\n<\/tr>\n<tr>\n<td>A\u011f\u0131rl\u0131k<\/td>\n<td>26 g<\/td>\n<\/tr>\n<\/table>\n","protected":false},"excerpt":{"rendered":"<ol>\n<li data-list=\"bullet\"><span class=\"ql-ui\" contenteditable=\"false\"><\/span><span style=\"background-color: rgb(255, 255, 255); color: rgb(0, 79, 159);\">&nbsp;4 mod\u00fcl adapt\u00f6rl\u00fc tak\u0131m: 2 adet D halkal\u0131, 2 adet iki kau\u00e7uk halkal\u0131<\/span><\/li>\n<li data-list=\"bullet\"><span class=\"ql-ui\" contenteditable=\"false\"><\/span><span style=\"background-color: rgb(255, 255, 255); color: black;\">&nbsp;Her birinde 00 21 50 KNIPEX Modular X18 alet \u00e7antas\u0131n\u0131n MOLLE kay\u0131\u015flar\u0131na sabitlemek i\u00e7in iki sa\u011flam kuma\u015f kay\u0131\u015f bulunur<\/span><\/li>\n<li data-list=\"bullet\"><span class=\"ql-ui\" contenteditable=\"false\"><\/span><span style=\"background-color: rgb(255, 255, 255); color: black;\">&nbsp;Ek ba\u011flant\u0131 noktalar\u0131: Pratik s\u0131rt \u00e7antas\u0131 tokalar\u0131 sayesinde anahtarl\u0131k gibi \u00e7ok say\u0131da e\u015fyay\u0131 ayr\u0131 ayr\u0131 takabilirsiniz<\/span><\/li>\n<\/ol>\n<p>D\u0131\u015f (i\u00e7) geni\u015flik \u00f6l\u00e7\u00fcs\u00fc 50 mm D\u0131\u015f (i\u00e7) y\u00fckseklik \u00f6l\u00e7\u00fcleri 5 mm D\u0131\u015f (i\u00e7) derinlik \u00f6l\u00e7\u00fcleri 20 mm<\/p>\n","protected":false},"featured_media":0,"comment_status":"open","ping_status":"closed","template":"","meta":{"_acf_changed":false},"product_brand":[1486],"product_cat":[1565],"product_tag":[],"class_list":{"0":"post-25546","1":"product","2":"type-product","3":"status-publish","5":"product_brand-knipex","6":"product_cat-yok-yok","8":"first","9":"instock","10":"taxable","11":"shipping-taxable","12":"purchasable","13":"product-type-simple","14":"add-to-wishlist-after_add_to_cart"},"acf":[],"_links":{"self":[{"href":"https:\/\/www.makitamarket.com.tr\/site\/wp-json\/wp\/v2\/product\/25546","targetHints":{"allow":["GET"]}}],"collection":[{"href":"https:\/\/www.makitamarket.com.tr\/site\/wp-json\/wp\/v2\/product"}],"about":[{"href":"https:\/\/www.makitamarket.com.tr\/site\/wp-json\/wp\/v2\/types\/product"}],"replies":[{"embeddable":true,"href":"https:\/\/www.makitamarket.com.tr\/site\/wp-json\/wp\/v2\/comments?post=25546"}],"wp:attachment":[{"href":"https:\/\/www.makitamarket.com.tr\/site\/wp-json\/wp\/v2\/media?parent=25546"}],"wp:term":[{"taxonomy":"product_brand","embeddable":true,"href":"https:\/\/www.makitamarket.com.tr\/site\/wp-json\/wp\/v2\/product_brand?post=25546"},{"taxonomy":"product_cat","embeddable":true,"href":"https:\/\/www.makitamarket.com.tr\/site\/wp-json\/wp\/v2\/product_cat?post=25546"},{"taxonomy":"product_tag","embeddable":true,"href":"https:\/\/www.makitamarket.com.tr\/site\/wp-json\/wp\/v2\/product_tag?post=25546"}],"curies":[{"name":"wp","href":"https:\/\/api.w.org\/{rel}","templated":true}]}}