{"id":25547,"date":"2025-12-01T07:06:57","date_gmt":"2025-12-01T04:06:57","guid":{"rendered":"https:\/\/www.makitamarket.com.tr\/site\/urun\/knipex-003120v03-knipex-pense-takimi-1x87012501x8603180\/"},"modified":"2026-04-06T18:09:47","modified_gmt":"2026-04-06T15:09:47","slug":"knipex-003120v03-knipex-pense-takimi-1x87012501x8603180","status":"publish","type":"product","link":"https:\/\/www.makitamarket.com.tr\/site\/urun\/knipex-003120v03-knipex-pense-takimi-1x87012501x8603180\/","title":{"rendered":"Knipex 003120V03 Knipex Pense Tak\u0131m\u0131 1X8701250,1X8603180"},"content":{"rendered":"<p><span style=\"background-color: rgb(255, 255, 255); color: rgb(0, 0, 0);\">Teslimat \u00fcr\u00fcn no. 00 31 20 V03 i\u00e7indekiler: 1 x pense anahtar\u0131 180 mm, 1 x su pompas\u0131 penseleri 250 mm<\/span><\/p>\n<table>\n<tr>\n<td>A\u011f\u0131rl\u0131k<\/td>\n<td>620 g<\/td>\n<\/tr>\n<tr>\n<td>\u00d6l\u00e7\u00fcler<\/td>\n<td>96 x 30 mm<\/td>\n<\/tr>\n<\/table>\n","protected":false},"excerpt":{"rendered":"<p><span style=\"background-color: rgb(255, 255, 255); color: rgb(0, 0, 0);\">Teslimat \u00fcr\u00fcn no. 00 31 20 V03 i\u00e7indekiler: 1 x pense anahtar\u0131 180 mm, 1 x su pompas\u0131 penseleri 250 mm<\/span><\/p>\n","protected":false},"featured_media":0,"comment_status":"open","ping_status":"closed","template":"","meta":{"_acf_changed":false},"product_brand":[1486],"product_cat":[1565],"product_tag":[],"class_list":{"0":"post-25547","1":"product","2":"type-product","3":"status-publish","5":"product_brand-knipex","6":"product_cat-yok-yok","8":"first","9":"instock","10":"taxable","11":"shipping-taxable","12":"purchasable","13":"product-type-simple","14":"add-to-wishlist-after_add_to_cart"},"acf":[],"_links":{"self":[{"href":"https:\/\/www.makitamarket.com.tr\/site\/wp-json\/wp\/v2\/product\/25547","targetHints":{"allow":["GET"]}}],"collection":[{"href":"https:\/\/www.makitamarket.com.tr\/site\/wp-json\/wp\/v2\/product"}],"about":[{"href":"https:\/\/www.makitamarket.com.tr\/site\/wp-json\/wp\/v2\/types\/product"}],"replies":[{"embeddable":true,"href":"https:\/\/www.makitamarket.com.tr\/site\/wp-json\/wp\/v2\/comments?post=25547"}],"wp:attachment":[{"href":"https:\/\/www.makitamarket.com.tr\/site\/wp-json\/wp\/v2\/media?parent=25547"}],"wp:term":[{"taxonomy":"product_brand","embeddable":true,"href":"https:\/\/www.makitamarket.com.tr\/site\/wp-json\/wp\/v2\/product_brand?post=25547"},{"taxonomy":"product_cat","embeddable":true,"href":"https:\/\/www.makitamarket.com.tr\/site\/wp-json\/wp\/v2\/product_cat?post=25547"},{"taxonomy":"product_tag","embeddable":true,"href":"https:\/\/www.makitamarket.com.tr\/site\/wp-json\/wp\/v2\/product_tag?post=25547"}],"curies":[{"name":"wp","href":"https:\/\/api.w.org\/{rel}","templated":true}]}}