{"id":25549,"date":"2025-12-01T07:07:34","date_gmt":"2025-12-01T04:07:34","guid":{"rendered":"https:\/\/www.makitamarket.com.tr\/site\/urun\/knipex-124931-knipex-yedek-bicak-1252195-icin\/"},"modified":"2026-03-30T11:28:23","modified_gmt":"2026-03-30T08:28:23","slug":"knipex-124931-knipex-yedek-bicak-1252195-icin","status":"publish","type":"product","link":"https:\/\/www.makitamarket.com.tr\/site\/urun\/knipex-124931-knipex-yedek-bicak-1252195-icin\/","title":{"rendered":"Knipex 124931 KNIPEX YEDEK BI\u00c7AK (1252195) \u0130\u00c7\u0130N"},"content":{"rendered":"<p>Yedek b\u0131\u00e7ak blo\u011fu<\/p>\n<p>Uzunluk mesnedi teslimat kapsam\u0131na d\u00e2hil de\u011fildir.<\/p>\n<table>\n<tr>\n<td>\u00d6l\u00e7\u00fcler<\/td>\n<td>38 x 33 x 11 mm<\/td>\n<\/tr>\n<tr>\n<td>A\u011f\u0131rl\u0131k<\/td>\n<td>10 g<\/td>\n<\/tr>\n<\/table>\n","protected":false},"excerpt":{"rendered":"<p>Yedek b\u0131\u00e7ak blo\u011fu<\/p>\n<p>Uzunluk mesnedi teslimat kapsam\u0131na d\u00e2hil de\u011fildir.<\/p>\n","protected":false},"featured_media":0,"comment_status":"open","ping_status":"closed","template":"","meta":{"_acf_changed":false},"product_brand":[1486],"product_cat":[1565],"product_tag":[],"class_list":{"0":"post-25549","1":"product","2":"type-product","3":"status-publish","5":"product_brand-knipex","6":"product_cat-yok-yok","8":"first","9":"instock","10":"taxable","11":"shipping-taxable","12":"purchasable","13":"product-type-simple","14":"add-to-wishlist-after_add_to_cart"},"acf":[],"_links":{"self":[{"href":"https:\/\/www.makitamarket.com.tr\/site\/wp-json\/wp\/v2\/product\/25549","targetHints":{"allow":["GET"]}}],"collection":[{"href":"https:\/\/www.makitamarket.com.tr\/site\/wp-json\/wp\/v2\/product"}],"about":[{"href":"https:\/\/www.makitamarket.com.tr\/site\/wp-json\/wp\/v2\/types\/product"}],"replies":[{"embeddable":true,"href":"https:\/\/www.makitamarket.com.tr\/site\/wp-json\/wp\/v2\/comments?post=25549"}],"wp:attachment":[{"href":"https:\/\/www.makitamarket.com.tr\/site\/wp-json\/wp\/v2\/media?parent=25549"}],"wp:term":[{"taxonomy":"product_brand","embeddable":true,"href":"https:\/\/www.makitamarket.com.tr\/site\/wp-json\/wp\/v2\/product_brand?post=25549"},{"taxonomy":"product_cat","embeddable":true,"href":"https:\/\/www.makitamarket.com.tr\/site\/wp-json\/wp\/v2\/product_cat?post=25549"},{"taxonomy":"product_tag","embeddable":true,"href":"https:\/\/www.makitamarket.com.tr\/site\/wp-json\/wp\/v2\/product_tag?post=25549"}],"curies":[{"name":"wp","href":"https:\/\/api.w.org\/{rel}","templated":true}]}}