{"id":25550,"date":"2025-12-01T07:07:34","date_gmt":"2025-12-01T04:07:34","guid":{"rendered":"https:\/\/www.makitamarket.com.tr\/site\/urun\/knipex-125901-knipex-125901-yedek-bicak\/"},"modified":"2026-03-30T11:28:25","modified_gmt":"2026-03-30T08:28:25","slug":"knipex-125901-knipex-125901-yedek-bicak","status":"publish","type":"product","link":"https:\/\/www.makitamarket.com.tr\/site\/urun\/knipex-125901-knipex-125901-yedek-bicak\/","title":{"rendered":"Knipex 125901 KNIPEX 125901 YEDEK BICAK"},"content":{"rendered":"<p><strong style=\"background-color: rgb(255, 255, 255); color: black;\">12 59 01 <\/strong><\/p>\n<p><strong style=\"background-color: rgb(255, 255, 255); color: black;\">12 50 200 i\u00e7in 1 \u00e7ift yedek kesici<\/strong><\/p>\n<p><\/p>\n<ol>\n<li data-list=\"bullet\"><span class=\"ql-ui\" contenteditable=\"false\"><\/span><span style=\"background-color: rgb(255, 255, 255); color: black;\">&nbsp;Plastik veya lastik izolasyonlu tekli, \u00e7oklu ve ince telli iletkenler i\u00e7in<\/span><\/li>\n<li data-list=\"bullet\"><span class=\"ql-ui\" contenteditable=\"false\"><\/span><span style=\"background-color: rgb(255, 255, 255); color: black;\">&nbsp;\u00c7e\u015fitli iletken kesitlerine kendili\u011finden uyum sa\u011flar, b\u00f6ylece iletkenlere zarar verilmez<\/span><\/li>\n<li data-list=\"bullet\"><span class=\"ql-ui\" contenteditable=\"false\"><\/span><span style=\"background-color: rgb(255, 255, 255); color: black;\">&nbsp;Farkl\u0131 izolasyon malzemelerinde kesme derinli\u011fi ayarlanabilir<\/span><\/li>\n<li data-list=\"bullet\"><span class=\"ql-ui\" contenteditable=\"false\"><\/span><span style=\"background-color: rgb(255, 255, 255); color: black;\">&nbsp;Cu ve Al iletkenler (\u00e7ok telli 10 mm\u00b2, tek telli 6 mm\u00b2&#8217;ye kadar) i\u00e7in kablo makasl\u0131<\/span><\/li>\n<li data-list=\"bullet\"><span class=\"ql-ui\" contenteditable=\"false\"><\/span><span style=\"background-color: rgb(255, 255, 255); color: black;\">&nbsp;Kolay \u00e7al\u0131\u015fan mekanizma<\/span><\/li>\n<li data-list=\"bullet\"><span class=\"ql-ui\" contenteditable=\"false\"><\/span><span style=\"background-color: rgb(255, 255, 255); color: black;\">&nbsp;Kesici ve plastik s\u0131k\u0131\u015ft\u0131rma \u00e7eneleri kolayca de\u011fi\u015ftirilebilir<\/span><\/li>\n<li data-list=\"bullet\"><span class=\"ql-ui\" contenteditable=\"false\"><\/span><span style=\"background-color: rgb(255, 255, 255); color: black;\">&nbsp;Hafif<\/span><\/li>\n<\/ol>\n<p><\/p>\n<table>\n<tr>\n<td>A\u011f\u0131rl\u0131k<\/td>\n<td>6 g<\/td>\n<\/tr>\n<tr>\n<td>\u00d6l\u00e7\u00fcler<\/td>\n<td>23&#215;7 mm<\/td>\n<\/tr>\n<\/table>\n","protected":false},"excerpt":{"rendered":"<p><strong style=\"background-color: rgb(255, 255, 255); color: black;\">12 59 01 <\/strong><\/p>\n<p><strong style=\"background-color: rgb(255, 255, 255); color: black;\">12 50 200 i\u00e7in 1 \u00e7ift yedek kesici<\/strong><\/p>\n<p><\/p>\n<ol>\n<li data-list=\"bullet\"><span class=\"ql-ui\" contenteditable=\"false\"><\/span><span style=\"background-color: rgb(255, 255, 255); color: black;\">&nbsp;Plastik veya lastik izolasyonlu tekli, \u00e7oklu ve ince telli iletkenler i\u00e7in<\/span><\/li>\n<li data-list=\"bullet\"><span class=\"ql-ui\" contenteditable=\"false\"><\/span><span style=\"background-color: rgb(255, 255, 255); color: black;\">&nbsp;\u00c7e\u015fitli iletken kesitlerine kendili\u011finden uyum sa\u011flar, b\u00f6ylece iletkenlere zarar verilmez<\/span><\/li>\n<li data-list=\"bullet\"><span class=\"ql-ui\" contenteditable=\"false\"><\/span><span style=\"background-color: rgb(255, 255, 255); color: black;\">&nbsp;Farkl\u0131 izolasyon malzemelerinde kesme derinli\u011fi ayarlanabilir<\/span><\/li>\n<li data-list=\"bullet\"><span class=\"ql-ui\" contenteditable=\"false\"><\/span><span style=\"background-color: rgb(255, 255, 255); color: black;\">&nbsp;Cu ve Al iletkenler (\u00e7ok telli 10 mm\u00b2, tek telli 6 mm\u00b2&#8217;ye kadar) i\u00e7in kablo makasl\u0131<\/span><\/li>\n<li data-list=\"bullet\"><span class=\"ql-ui\" contenteditable=\"false\"><\/span><span style=\"background-color: rgb(255, 255, 255); color: black;\">&nbsp;Kolay \u00e7al\u0131\u015fan mekanizma<\/span><\/li>\n<li data-list=\"bullet\"><span class=\"ql-ui\" contenteditable=\"false\"><\/span><span style=\"background-color: rgb(255, 255, 255); color: black;\">&nbsp;Kesici ve plastik s\u0131k\u0131\u015ft\u0131rma \u00e7eneleri kolayca de\u011fi\u015ftirilebilir<\/span><\/li>\n<li data-list=\"bullet\"><span class=\"ql-ui\" contenteditable=\"false\"><\/span><span style=\"background-color: rgb(255, 255, 255); color: black;\">&nbsp;Hafif<\/span><\/li>\n<\/ol>\n<p><\/p>\n","protected":false},"featured_media":0,"comment_status":"open","ping_status":"closed","template":"","meta":{"_acf_changed":false},"product_brand":[1486],"product_cat":[1565],"product_tag":[],"class_list":{"0":"post-25550","1":"product","2":"type-product","3":"status-publish","5":"product_brand-knipex","6":"product_cat-yok-yok","8":"first","9":"outofstock","10":"taxable","11":"shipping-taxable","12":"purchasable","13":"product-type-simple","14":"add-to-wishlist-after_add_to_cart"},"acf":[],"_links":{"self":[{"href":"https:\/\/www.makitamarket.com.tr\/site\/wp-json\/wp\/v2\/product\/25550","targetHints":{"allow":["GET"]}}],"collection":[{"href":"https:\/\/www.makitamarket.com.tr\/site\/wp-json\/wp\/v2\/product"}],"about":[{"href":"https:\/\/www.makitamarket.com.tr\/site\/wp-json\/wp\/v2\/types\/product"}],"replies":[{"embeddable":true,"href":"https:\/\/www.makitamarket.com.tr\/site\/wp-json\/wp\/v2\/comments?post=25550"}],"wp:attachment":[{"href":"https:\/\/www.makitamarket.com.tr\/site\/wp-json\/wp\/v2\/media?parent=25550"}],"wp:term":[{"taxonomy":"product_brand","embeddable":true,"href":"https:\/\/www.makitamarket.com.tr\/site\/wp-json\/wp\/v2\/product_brand?post=25550"},{"taxonomy":"product_cat","embeddable":true,"href":"https:\/\/www.makitamarket.com.tr\/site\/wp-json\/wp\/v2\/product_cat?post=25550"},{"taxonomy":"product_tag","embeddable":true,"href":"https:\/\/www.makitamarket.com.tr\/site\/wp-json\/wp\/v2\/product_tag?post=25550"}],"curies":[{"name":"wp","href":"https:\/\/api.w.org\/{rel}","templated":true}]}}