{"id":25551,"date":"2025-12-01T07:07:34","date_gmt":"2025-12-01T04:07:34","guid":{"rendered":"https:\/\/www.makitamarket.com.tr\/site\/urun\/knipex-125902-knipex-125902-icin-yedek-bicak-126921\/"},"modified":"2026-04-06T18:10:58","modified_gmt":"2026-04-06T15:10:58","slug":"knipex-125902-knipex-125902-icin-yedek-bicak-126921","status":"publish","type":"product","link":"https:\/\/www.makitamarket.com.tr\/site\/urun\/knipex-125902-knipex-125902-icin-yedek-bicak-126921\/","title":{"rendered":"Knipex 125902 KNIPEX 125902 ICIN YEDEK BICAK 126921"},"content":{"rendered":"<h3><span style=\"background-color: rgb(255, 255, 255); color: rgb(99, 99, 99);\">12 59 02<\/span><\/h3>\n<h3><span style=\"background-color: rgb(255, 255, 255); color: rgb(99, 99, 99);\">12 50 200 i\u00e7in 1 \u00e7ift yedek s\u0131k\u0131\u015ft\u0131rma \u00e7enesi<\/span><\/h3>\n<p><\/p>\n<ol>\n<li data-list=\"bullet\"><span class=\"ql-ui\" contenteditable=\"false\"><\/span><span style=\"background-color: rgb(255, 255, 255); color: black;\">&nbsp;Plastik veya lastik izolasyonlu tekli, \u00e7oklu ve ince telli iletkenler i\u00e7in<\/span><\/li>\n<li data-list=\"bullet\"><span class=\"ql-ui\" contenteditable=\"false\"><\/span><span style=\"background-color: rgb(255, 255, 255); color: black;\">&nbsp;\u00c7e\u015fitli iletken kesitlerine kendili\u011finden uyum sa\u011flar, b\u00f6ylece iletkenlere zarar verilmez<\/span><\/li>\n<li data-list=\"bullet\"><span class=\"ql-ui\" contenteditable=\"false\"><\/span><span style=\"background-color: rgb(255, 255, 255); color: black;\">&nbsp;Farkl\u0131 izolasyon malzemelerinde kesme derinli\u011fi ayarlanabilir<\/span><\/li>\n<li data-list=\"bullet\"><span class=\"ql-ui\" contenteditable=\"false\"><\/span><span style=\"background-color: rgb(255, 255, 255); color: black;\">&nbsp;Cu ve Al iletkenler (\u00e7ok telli 10 mm\u00b2, tek telli 6 mm\u00b2&#8217;ye kadar) i\u00e7in kablo makasl\u0131<\/span><\/li>\n<li data-list=\"bullet\"><span class=\"ql-ui\" contenteditable=\"false\"><\/span><span style=\"background-color: rgb(255, 255, 255); color: black;\">&nbsp;Kolay \u00e7al\u0131\u015fan mekanizma<\/span><\/li>\n<li data-list=\"bullet\"><span class=\"ql-ui\" contenteditable=\"false\"><\/span><span style=\"background-color: rgb(255, 255, 255); color: black;\">&nbsp;Kesici ve plastik s\u0131k\u0131\u015ft\u0131rma \u00e7eneleri kolayca de\u011fi\u015ftirilebilir<\/span><\/li>\n<li data-list=\"bullet\"><span class=\"ql-ui\" contenteditable=\"false\"><\/span><span style=\"background-color: rgb(255, 255, 255); color: black;\">&nbsp;Hafif<\/span><\/li>\n<\/ol>\n<p><\/p>\n<table><\/table>\n","protected":false},"excerpt":{"rendered":"<h3><span style=\"background-color: rgb(255, 255, 255); color: rgb(99, 99, 99);\">12 59 02<\/span><\/h3>\n<h3><span style=\"background-color: rgb(255, 255, 255); color: rgb(99, 99, 99);\">12 50 200 i\u00e7in 1 \u00e7ift yedek s\u0131k\u0131\u015ft\u0131rma \u00e7enesi<\/span><\/h3>\n<p><\/p>\n<ol>\n<li data-list=\"bullet\"><span class=\"ql-ui\" contenteditable=\"false\"><\/span><span style=\"background-color: rgb(255, 255, 255); color: black;\">&nbsp;Plastik veya lastik izolasyonlu tekli, \u00e7oklu ve ince telli iletkenler i\u00e7in<\/span><\/li>\n<li data-list=\"bullet\"><span class=\"ql-ui\" contenteditable=\"false\"><\/span><span style=\"background-color: rgb(255, 255, 255); color: black;\">&nbsp;\u00c7e\u015fitli iletken kesitlerine kendili\u011finden uyum sa\u011flar, b\u00f6ylece iletkenlere zarar verilmez<\/span><\/li>\n<li data-list=\"bullet\"><span class=\"ql-ui\" contenteditable=\"false\"><\/span><span style=\"background-color: rgb(255, 255, 255); color: black;\">&nbsp;Farkl\u0131 izolasyon malzemelerinde kesme derinli\u011fi ayarlanabilir<\/span><\/li>\n<li data-list=\"bullet\"><span class=\"ql-ui\" contenteditable=\"false\"><\/span><span style=\"background-color: rgb(255, 255, 255); color: black;\">&nbsp;Cu ve Al iletkenler (\u00e7ok telli 10 mm\u00b2, tek telli 6 mm\u00b2&#8217;ye kadar) i\u00e7in kablo makasl\u0131<\/span><\/li>\n<li data-list=\"bullet\"><span class=\"ql-ui\" contenteditable=\"false\"><\/span><span style=\"background-color: rgb(255, 255, 255); color: black;\">&nbsp;Kolay \u00e7al\u0131\u015fan mekanizma<\/span><\/li>\n<li data-list=\"bullet\"><span class=\"ql-ui\" contenteditable=\"false\"><\/span><span style=\"background-color: rgb(255, 255, 255); color: black;\">&nbsp;Kesici ve plastik s\u0131k\u0131\u015ft\u0131rma \u00e7eneleri kolayca de\u011fi\u015ftirilebilir<\/span><\/li>\n<li data-list=\"bullet\"><span class=\"ql-ui\" contenteditable=\"false\"><\/span><span style=\"background-color: rgb(255, 255, 255); color: black;\">&nbsp;Hafif<\/span><\/li>\n<\/ol>\n<p><\/p>\n","protected":false},"featured_media":0,"comment_status":"open","ping_status":"closed","template":"","meta":{"_acf_changed":false},"product_brand":[1486],"product_cat":[1565],"product_tag":[],"class_list":{"0":"post-25551","1":"product","2":"type-product","3":"status-publish","5":"product_brand-knipex","6":"product_cat-yok-yok","8":"first","9":"outofstock","10":"taxable","11":"shipping-taxable","12":"purchasable","13":"product-type-simple","14":"add-to-wishlist-after_add_to_cart"},"acf":[],"_links":{"self":[{"href":"https:\/\/www.makitamarket.com.tr\/site\/wp-json\/wp\/v2\/product\/25551","targetHints":{"allow":["GET"]}}],"collection":[{"href":"https:\/\/www.makitamarket.com.tr\/site\/wp-json\/wp\/v2\/product"}],"about":[{"href":"https:\/\/www.makitamarket.com.tr\/site\/wp-json\/wp\/v2\/types\/product"}],"replies":[{"embeddable":true,"href":"https:\/\/www.makitamarket.com.tr\/site\/wp-json\/wp\/v2\/comments?post=25551"}],"wp:attachment":[{"href":"https:\/\/www.makitamarket.com.tr\/site\/wp-json\/wp\/v2\/media?parent=25551"}],"wp:term":[{"taxonomy":"product_brand","embeddable":true,"href":"https:\/\/www.makitamarket.com.tr\/site\/wp-json\/wp\/v2\/product_brand?post=25551"},{"taxonomy":"product_cat","embeddable":true,"href":"https:\/\/www.makitamarket.com.tr\/site\/wp-json\/wp\/v2\/product_cat?post=25551"},{"taxonomy":"product_tag","embeddable":true,"href":"https:\/\/www.makitamarket.com.tr\/site\/wp-json\/wp\/v2\/product_tag?post=25551"}],"curies":[{"name":"wp","href":"https:\/\/api.w.org\/{rel}","templated":true}]}}