{"id":25552,"date":"2025-12-01T07:07:35","date_gmt":"2025-12-01T04:07:35","guid":{"rendered":"https:\/\/www.makitamarket.com.tr\/site\/urun\/knipex-1221180sb-knipex-1221180-otomatik-kablo-siyirma-sb\/"},"modified":"2026-04-06T18:10:54","modified_gmt":"2026-04-06T15:10:54","slug":"knipex-1221180sb-knipex-1221180-otomatik-kablo-siyirma-sb","status":"publish","type":"product","link":"https:\/\/www.makitamarket.com.tr\/site\/urun\/knipex-1221180sb-knipex-1221180-otomatik-kablo-siyirma-sb\/","title":{"rendered":"Knipex 1221180SB KNIPEX 1221180 OTOMATIK KABLO SIYIRMA SB"},"content":{"rendered":"<p><strong style=\"background-color: rgb(255, 255, 255); color: rgb(99, 99, 99);\">Kablo S\u0131y\u0131rma Pensesi<\/strong><\/p>\n<p><span style=\"background-color: rgb(255, 255, 255); color: rgb(99, 99, 99);\">Sabit geometrili kafa<\/span><\/p>\n<ol>\n<li data-list=\"bullet\"><span class=\"ql-ui\" contenteditable=\"false\"><\/span><span style=\"background-color: rgb(255, 255, 255); color: black;\">&nbsp;D\u00f6rt veya alt\u0131 de\u011fi\u015fik iletken kesit \u00f6l\u00e7\u00fcs\u00fc i\u00e7in de\u011fi\u015ftirilebilir kesici<\/span><\/li>\n<li data-list=\"bullet\"><span class=\"ql-ui\" contenteditable=\"false\"><\/span><span style=\"background-color: rgb(255, 255, 255); color: black;\">&nbsp;Hassas bir \u015fekilde bilenmi\u015f b\u0131\u00e7aklar sayesinde kabloya zarar verilmez, incel telli kablolar\u0131n da izolasyonu zarar verilmeden s\u0131y\u0131r\u0131l\u0131r<\/span><\/li>\n<li data-list=\"bullet\"><span class=\"ql-ui\" contenteditable=\"false\"><\/span><span style=\"background-color: rgb(255, 255, 255); color: black;\">&nbsp;S\u0131k\u0131\u015ft\u0131rma \u00e7eneleri teli s\u0131y\u0131rma i\u015fleminde tutar<\/span><\/li>\n<li data-list=\"bullet\"><span class=\"ql-ui\" contenteditable=\"false\"><\/span><span style=\"background-color: rgb(255, 255, 255); color: black;\">&nbsp;Seri \u00e7al\u0131\u015fmada izolasyonlar\u0131n e\u015fit olarak s\u0131y\u0131r\u0131lmas\u0131 i\u00e7in ayarlanabilir uzunluk s\u0131n\u0131rlamas\u0131<\/span><\/li>\n<li data-list=\"bullet\"><span class=\"ql-ui\" contenteditable=\"false\"><\/span><span style=\"background-color: rgb(255, 255, 255); color: black;\">&nbsp;Pense, bask\u0131 yay\u0131 sayesinde ba\u015flang\u0131\u00e7 pozisyonuna geri al\u0131n\u0131r<\/span><\/li>\n<\/ol>\n<p><\/p>\n<table>\n<tr>\n<td>A\u011f\u0131rl\u0131k<\/td>\n<td>355 g<\/td>\n<\/tr>\n<tr>\n<td>\u00d6l\u00e7\u00fcler<\/td>\n<td>180 x 71 x 30 mm<\/td>\n<\/tr>\n<\/table>\n","protected":false},"excerpt":{"rendered":"<p><strong style=\"background-color: rgb(255, 255, 255); color: rgb(99, 99, 99);\">Kablo S\u0131y\u0131rma Pensesi<\/strong><\/p>\n<p><span style=\"background-color: rgb(255, 255, 255); color: rgb(99, 99, 99);\">Sabit geometrili kafa<\/span><\/p>\n<ol>\n<li data-list=\"bullet\"><span class=\"ql-ui\" contenteditable=\"false\"><\/span><span style=\"background-color: rgb(255, 255, 255); color: black;\">&nbsp;D\u00f6rt veya alt\u0131 de\u011fi\u015fik iletken kesit \u00f6l\u00e7\u00fcs\u00fc i\u00e7in de\u011fi\u015ftirilebilir kesici<\/span><\/li>\n<li data-list=\"bullet\"><span class=\"ql-ui\" contenteditable=\"false\"><\/span><span style=\"background-color: rgb(255, 255, 255); color: black;\">&nbsp;Hassas bir \u015fekilde bilenmi\u015f b\u0131\u00e7aklar sayesinde kabloya zarar verilmez, incel telli kablolar\u0131n da izolasyonu zarar verilmeden s\u0131y\u0131r\u0131l\u0131r<\/span><\/li>\n<li data-list=\"bullet\"><span class=\"ql-ui\" contenteditable=\"false\"><\/span><span style=\"background-color: rgb(255, 255, 255); color: black;\">&nbsp;S\u0131k\u0131\u015ft\u0131rma \u00e7eneleri teli s\u0131y\u0131rma i\u015fleminde tutar<\/span><\/li>\n<li data-list=\"bullet\"><span class=\"ql-ui\" contenteditable=\"false\"><\/span><span style=\"background-color: rgb(255, 255, 255); color: black;\">&nbsp;Seri \u00e7al\u0131\u015fmada izolasyonlar\u0131n e\u015fit olarak s\u0131y\u0131r\u0131lmas\u0131 i\u00e7in ayarlanabilir uzunluk s\u0131n\u0131rlamas\u0131<\/span><\/li>\n<li data-list=\"bullet\"><span class=\"ql-ui\" contenteditable=\"false\"><\/span><span style=\"background-color: rgb(255, 255, 255); color: black;\">&nbsp;Pense, bask\u0131 yay\u0131 sayesinde ba\u015flang\u0131\u00e7 pozisyonuna geri al\u0131n\u0131r<\/span><\/li>\n<\/ol>\n<p><\/p>\n","protected":false},"featured_media":0,"comment_status":"open","ping_status":"closed","template":"","meta":{"_acf_changed":false},"product_brand":[1486],"product_cat":[1565],"product_tag":[],"class_list":{"0":"post-25552","1":"product","2":"type-product","3":"status-publish","5":"product_brand-knipex","6":"product_cat-yok-yok","8":"first","9":"instock","10":"taxable","11":"shipping-taxable","12":"purchasable","13":"product-type-simple","14":"add-to-wishlist-after_add_to_cart"},"acf":[],"_links":{"self":[{"href":"https:\/\/www.makitamarket.com.tr\/site\/wp-json\/wp\/v2\/product\/25552","targetHints":{"allow":["GET"]}}],"collection":[{"href":"https:\/\/www.makitamarket.com.tr\/site\/wp-json\/wp\/v2\/product"}],"about":[{"href":"https:\/\/www.makitamarket.com.tr\/site\/wp-json\/wp\/v2\/types\/product"}],"replies":[{"embeddable":true,"href":"https:\/\/www.makitamarket.com.tr\/site\/wp-json\/wp\/v2\/comments?post=25552"}],"wp:attachment":[{"href":"https:\/\/www.makitamarket.com.tr\/site\/wp-json\/wp\/v2\/media?parent=25552"}],"wp:term":[{"taxonomy":"product_brand","embeddable":true,"href":"https:\/\/www.makitamarket.com.tr\/site\/wp-json\/wp\/v2\/product_brand?post=25552"},{"taxonomy":"product_cat","embeddable":true,"href":"https:\/\/www.makitamarket.com.tr\/site\/wp-json\/wp\/v2\/product_cat?post=25552"},{"taxonomy":"product_tag","embeddable":true,"href":"https:\/\/www.makitamarket.com.tr\/site\/wp-json\/wp\/v2\/product_tag?post=25552"}],"curies":[{"name":"wp","href":"https:\/\/api.w.org\/{rel}","templated":true}]}}