{"id":25554,"date":"2025-12-01T07:07:38","date_gmt":"2025-12-01T04:07:38","guid":{"rendered":"https:\/\/www.makitamarket.com.tr\/site\/urun\/knipex-005051tle-knipex-yuksekte-calismak-icin-alet-cantasi-bos\/"},"modified":"2026-04-06T18:08:51","modified_gmt":"2026-04-06T15:08:51","slug":"knipex-005051tle-knipex-yuksekte-calismak-icin-alet-cantasi-bos","status":"publish","type":"product","link":"https:\/\/www.makitamarket.com.tr\/site\/urun\/knipex-005051tle-knipex-yuksekte-calismak-icin-alet-cantasi-bos\/","title":{"rendered":"Knipex 005051TLE KNIPEX Y\u00dcKSEKTE \u00c7ALI\u015eMAK \u0130\u00c7\u0130N ALET \u00c7ANTASI BO\u015e"},"content":{"rendered":"<ol>\n<li data-list=\"bullet\"><span class=\"ql-ui\" contenteditable=\"false\"><\/span><span style=\"background-color: rgb(255, 255, 255); color: rgb(0, 79, 159);\">Alet d\u00fczenleyici: y\u00fcksekte \u00e7al\u0131\u015f\u0131l\u0131rken aletleri ve aksesuarlar\u0131 korur ve d\u00fczenli tutar<\/span><\/li>\n<li data-list=\"bullet\"><span class=\"ql-ui\" contenteditable=\"false\"><\/span><span style=\"background-color: rgb(255, 255, 255); color: rgb(0, 79, 159);\">&nbsp;11 \u00e7elik D halka: ipli aletleri takmak i\u00e7in 8 ve \u00e7antay\u0131 t\u0131rmanma ekipman\u0131na ba\u011flamak i\u00e7in 3 adet &#8211; ayr\u0131ca solaklar i\u00e7in de uygundur<\/span><\/li>\n<li data-list=\"bullet\"><span class=\"ql-ui\" contenteditable=\"false\"><\/span><span style=\"background-color: rgb(255, 255, 255); color: rgb(0, 79, 159);\">&nbsp;Farkl\u0131 aletler konabilir: b\u00f6l\u00fcnm\u00fc\u015f ana b\u00f6lme, kalem tutucu ve d\u00f6rt yan cebe sahip belge\/tablet b\u00f6lmesi (DIN A4\/14&#8221;)<\/span><\/li>\n<li data-list=\"bullet\"><span class=\"ql-ui\" contenteditable=\"false\"><\/span><span style=\"background-color: rgb(255, 255, 255); color: black;\">&nbsp;Ak\u00fcl\u00fc elektrikli aletler i\u00e7in iki harici metal tutma klipsi ve 18 dahili elastik halka<\/span><\/li>\n<li data-list=\"bullet\"><span class=\"ql-ui\" contenteditable=\"false\"><\/span><span style=\"background-color: rgb(255, 255, 255); color: black;\">&nbsp;\u00c7ok i\u015flevli kapak: aletlere kolay eri\u015fim sa\u011flayacak \u015fekilde a\u00e7\u0131l\u0131r ve kancal\u0131 yama \u00f6zel etiketlemeyi m\u00fcmk\u00fcn k\u0131lar<\/span><\/li>\n<li data-list=\"bullet\"><span class=\"ql-ui\" contenteditable=\"false\"><\/span><span style=\"background-color: rgb(255, 255, 255); color: black;\">&nbsp;Abnehmbarer Schultergurt f\u00fcr den komfortablen Transport am Boden<\/span><\/li>\n<li data-list=\"bullet\"><span class=\"ql-ui\" contenteditable=\"false\"><\/span><span style=\"background-color: rgb(255, 255, 255); color: black;\">&nbsp;G\u00fc\u00e7l\u00fc sentetik lifler, kau\u00e7uk i\u00e7 k\u0131s\u0131m sayesinde kir ve su s\u0131\u00e7ramas\u0131na kar\u015f\u0131 dayan\u0131kl\u0131<\/span><\/li>\n<li data-list=\"bullet\"><span class=\"ql-ui\" contenteditable=\"false\"><\/span><span style=\"background-color: rgb(255, 255, 255); color: black;\">&nbsp;Be\u015f lastik ayakl\u0131 plastik takviyeli taban plakas\u0131<\/span><\/li>\n<li data-list=\"bullet\"><span class=\"ql-ui\" contenteditable=\"false\"><\/span><span style=\"background-color: rgb(255, 255, 255); color: black;\">&nbsp;End\u00fcstriyel t\u0131rmanma, a\u011fa\u00e7 i\u015fleri ve denizde kurtarma gibi y\u00fcksek i\u015fler ile ilgili d\u00fczenlemelerle uyumluluk i\u00e7in.<\/span><\/li>\n<li data-list=\"bullet\"><span class=\"ql-ui\" contenteditable=\"false\"><\/span><span style=\"background-color: rgb(255, 255, 255); color: black;\">&nbsp;Hacim yakl. 17 litre, d\u0131\u015f boyutlar YxGxD yakl. 470 x 250 x 150 mm, bo\u015f a\u011f\u0131rl\u0131k yakl. 1600 gr<\/span><\/li>\n<li data-list=\"bullet\"><span class=\"ql-ui\" contenteditable=\"false\"><\/span><span style=\"background-color: rgb(255, 255, 255); color: black;\">&nbsp;Ba\u011f\u0131ms\u0131z olarak onaylanm\u0131\u015f g\u00fcvenlik: 15 kg&#8217;a kadar g\u00fcvenilir \u015fekilde y\u00fcklenebilir<\/span><\/li>\n<li data-list=\"bullet\"><span class=\"ql-ui\" contenteditable=\"false\"><\/span><span style=\"background-color: rgb(255, 255, 255); color: black;\">&nbsp;NO PPE = Ki\u015fisel Koruyucu Ekipman Yok<\/span><\/li>\n<\/ol>\n<p><\/p>\n<table>\n<tr>\n<td>\u00d6l\u00e7\u00fcler<\/td>\n<td>470 x 150 x 400 mm<\/td>\n<\/tr>\n<tr>\n<td>A\u011f\u0131rl\u0131k<\/td>\n<td>1.600 g<\/td>\n<\/tr>\n<\/table>\n","protected":false},"excerpt":{"rendered":"<ol>\n<li data-list=\"bullet\"><span class=\"ql-ui\" contenteditable=\"false\"><\/span><span style=\"background-color: rgb(255, 255, 255); color: rgb(0, 79, 159);\">Alet d\u00fczenleyici: y\u00fcksekte \u00e7al\u0131\u015f\u0131l\u0131rken aletleri ve aksesuarlar\u0131 korur ve d\u00fczenli tutar<\/span><\/li>\n<li data-list=\"bullet\"><span class=\"ql-ui\" contenteditable=\"false\"><\/span><span style=\"background-color: rgb(255, 255, 255); color: rgb(0, 79, 159);\">&nbsp;11 \u00e7elik D halka: ipli aletleri takmak i\u00e7in 8 ve \u00e7antay\u0131 t\u0131rmanma ekipman\u0131na ba\u011flamak i\u00e7in 3 adet &#8211; ayr\u0131ca solaklar i\u00e7in de uygundur<\/span><\/li>\n<li data-list=\"bullet\"><span class=\"ql-ui\" contenteditable=\"false\"><\/span><span style=\"background-color: rgb(255, 255, 255); color: rgb(0, 79, 159);\">&nbsp;Farkl\u0131 aletler konabilir: b\u00f6l\u00fcnm\u00fc\u015f ana b\u00f6lme, kalem tutucu ve d\u00f6rt yan cebe sahip belge\/tablet b\u00f6lmesi (DIN A4\/14&#8221;)<\/span><\/li>\n<li data-list=\"bullet\"><span class=\"ql-ui\" contenteditable=\"false\"><\/span><span style=\"background-color: rgb(255, 255, 255); color: black;\">&nbsp;Ak\u00fcl\u00fc elektrikli aletler i\u00e7in iki harici metal tutma klipsi ve 18 dahili elastik halka<\/span><\/li>\n<li data-list=\"bullet\"><span class=\"ql-ui\" contenteditable=\"false\"><\/span><span style=\"background-color: rgb(255, 255, 255); color: black;\">&nbsp;\u00c7ok i\u015flevli kapak: aletlere kolay eri\u015fim sa\u011flayacak \u015fekilde a\u00e7\u0131l\u0131r ve kancal\u0131 yama \u00f6zel etiketlemeyi m\u00fcmk\u00fcn k\u0131lar<\/span><\/li>\n<li data-list=\"bullet\"><span class=\"ql-ui\" contenteditable=\"false\"><\/span><span style=\"background-color: rgb(255, 255, 255); color: black;\">&nbsp;Abnehmbarer Schultergurt f\u00fcr den komfortablen Transport am Boden<\/span><\/li>\n<li data-list=\"bullet\"><span class=\"ql-ui\" contenteditable=\"false\"><\/span><span style=\"background-color: rgb(255, 255, 255); color: black;\">&nbsp;G\u00fc\u00e7l\u00fc sentetik lifler, kau\u00e7uk i\u00e7 k\u0131s\u0131m sayesinde kir ve su s\u0131\u00e7ramas\u0131na kar\u015f\u0131 dayan\u0131kl\u0131<\/span><\/li>\n<li data-list=\"bullet\"><span class=\"ql-ui\" contenteditable=\"false\"><\/span><span style=\"background-color: rgb(255, 255, 255); color: black;\">&nbsp;Be\u015f lastik ayakl\u0131 plastik takviyeli taban plakas\u0131<\/span><\/li>\n<li data-list=\"bullet\"><span class=\"ql-ui\" contenteditable=\"false\"><\/span><span style=\"background-color: rgb(255, 255, 255); color: black;\">&nbsp;End\u00fcstriyel t\u0131rmanma, a\u011fa\u00e7 i\u015fleri ve denizde kurtarma gibi y\u00fcksek i\u015fler ile ilgili d\u00fczenlemelerle uyumluluk i\u00e7in.<\/span><\/li>\n<li data-list=\"bullet\"><span class=\"ql-ui\" contenteditable=\"false\"><\/span><span style=\"background-color: rgb(255, 255, 255); color: black;\">&nbsp;Hacim yakl. 17 litre, d\u0131\u015f boyutlar YxGxD yakl. 470 x 250 x 150 mm, bo\u015f a\u011f\u0131rl\u0131k yakl. 1600 gr<\/span><\/li>\n<li data-list=\"bullet\"><span class=\"ql-ui\" contenteditable=\"false\"><\/span><span style=\"background-color: rgb(255, 255, 255); color: black;\">&nbsp;Ba\u011f\u0131ms\u0131z olarak onaylanm\u0131\u015f g\u00fcvenlik: 15 kg&#8217;a kadar g\u00fcvenilir \u015fekilde y\u00fcklenebilir<\/span><\/li>\n<li data-list=\"bullet\"><span class=\"ql-ui\" contenteditable=\"false\"><\/span><span style=\"background-color: rgb(255, 255, 255); color: black;\">&nbsp;NO PPE = Ki\u015fisel Koruyucu Ekipman Yok<\/span><\/li>\n<\/ol>\n<p><\/p>\n","protected":false},"featured_media":0,"comment_status":"open","ping_status":"closed","template":"","meta":{"_acf_changed":false},"product_brand":[1486],"product_cat":[1565],"product_tag":[],"class_list":{"0":"post-25554","1":"product","2":"type-product","3":"status-publish","5":"product_brand-knipex","6":"product_cat-yok-yok","8":"first","9":"instock","10":"taxable","11":"shipping-taxable","12":"purchasable","13":"product-type-simple","14":"add-to-wishlist-after_add_to_cart"},"acf":[],"_links":{"self":[{"href":"https:\/\/www.makitamarket.com.tr\/site\/wp-json\/wp\/v2\/product\/25554","targetHints":{"allow":["GET"]}}],"collection":[{"href":"https:\/\/www.makitamarket.com.tr\/site\/wp-json\/wp\/v2\/product"}],"about":[{"href":"https:\/\/www.makitamarket.com.tr\/site\/wp-json\/wp\/v2\/types\/product"}],"replies":[{"embeddable":true,"href":"https:\/\/www.makitamarket.com.tr\/site\/wp-json\/wp\/v2\/comments?post=25554"}],"wp:attachment":[{"href":"https:\/\/www.makitamarket.com.tr\/site\/wp-json\/wp\/v2\/media?parent=25554"}],"wp:term":[{"taxonomy":"product_brand","embeddable":true,"href":"https:\/\/www.makitamarket.com.tr\/site\/wp-json\/wp\/v2\/product_brand?post=25554"},{"taxonomy":"product_cat","embeddable":true,"href":"https:\/\/www.makitamarket.com.tr\/site\/wp-json\/wp\/v2\/product_cat?post=25554"},{"taxonomy":"product_tag","embeddable":true,"href":"https:\/\/www.makitamarket.com.tr\/site\/wp-json\/wp\/v2\/product_tag?post=25554"}],"curies":[{"name":"wp","href":"https:\/\/api.w.org\/{rel}","templated":true}]}}