{"id":25562,"date":"2025-12-01T07:07:41","date_gmt":"2025-12-01T04:07:41","guid":{"rendered":"https:\/\/www.makitamarket.com.tr\/site\/urun\/knipex-1376200me-knipex-cok-fonksiyonlu-pense-vde\/"},"modified":"2026-04-13T23:37:53","modified_gmt":"2026-04-13T20:37:53","slug":"knipex-1376200me-knipex-cok-fonksiyonlu-pense-vde","status":"publish","type":"product","link":"https:\/\/www.makitamarket.com.tr\/site\/urun\/knipex-1376200me-knipex-cok-fonksiyonlu-pense-vde\/","title":{"rendered":"Knipex 1376200ME KNIPEX \u00c7OK FONKS\u0130YONLU PENSE VDE"},"content":{"rendered":"<ol>\n<li data-list=\"bullet\"><span class=\"ql-ui\" contenteditable=\"false\"><\/span><span style=\"background-color: rgb(255, 255, 255); color: rgb(0, 79, 159);\">&nbsp;Ak\u0131ll\u0131 s\u0131y\u0131rma: geni\u015f kapasite aral\u0131\u011f\u0131, keskin bir \u015fekilde ta\u015flanm\u0131\u015f s\u0131y\u0131rma profilleri ve h\u0131zl\u0131 \u015fekilde konumland\u0131rma<\/span><\/li>\n<li data-list=\"bullet\"><span class=\"ql-ui\" contenteditable=\"false\"><\/span><span style=\"background-color: rgb(255, 255, 255); color: rgb(0, 79, 159);\">&nbsp;Yenilik\u00e7i kesme geometrisi: \u00f6zellikle yass\u0131 kablolarda daha kolay kesim<\/span><\/li>\n<li data-list=\"bullet\"><span class=\"ql-ui\" contenteditable=\"false\"><\/span><span style=\"background-color: rgb(255, 255, 255); color: rgb(0, 79, 159);\">&nbsp;\u00c7ok fonksiyonlu tasar\u0131m: kargaburun kadar d\u00fcz, pense kadar sa\u011flam ve \u00e7al\u0131\u015fma kolayl\u0131\u011f\u0131(eri\u015filebilirlik)<\/span><\/li>\n<li data-list=\"bullet\"><span class=\"ql-ui\" contenteditable=\"false\"><\/span><span style=\"background-color: rgb(255, 255, 255); color: black;\">&nbsp;0,75 &#8211; 6 mm\u00b2 tek telli iletkenler ve 0,5 &#8211; 4 mm\u00b2 ince telli iletkenler i\u00e7in hassas ta\u015flanm\u0131\u015f s\u0131y\u0131rma profilleri<\/span><\/li>\n<li data-list=\"bullet\"><span class=\"ql-ui\" contenteditable=\"false\"><\/span><span style=\"background-color: rgb(255, 255, 255); color: black;\">&nbsp;Konumland\u0131rma s\u0131rtlar\u0131 sayesinde hassas tel konumland\u0131rma<\/span><\/li>\n<li data-list=\"bullet\"><span class=\"ql-ui\" contenteditable=\"false\"><\/span><span style=\"background-color: rgb(255, 255, 255); color: black;\">&nbsp;\u00d8 15 mm&#8217;ye (1\/2&#8243;) kadar bak\u0131r ve al\u00fcminyum kablolar\u0131 kolayca keser<\/span><\/li>\n<li data-list=\"bullet\"><span class=\"ql-ui\" contenteditable=\"false\"><\/span><span style=\"background-color: rgb(255, 255, 255); color: black;\">&nbsp;Telleri b\u00fckmek i\u00e7in geni\u015f, \u00e7apraz \u00e7izgili tutma y\u00fczeyleri<\/span><\/li>\n<li data-list=\"bullet\"><span class=\"ql-ui\" contenteditable=\"false\"><\/span><span style=\"background-color: rgb(255, 255, 255); color: black;\">&nbsp;\u00c7ivi gibi k\u00fc\u00e7\u00fck i\u015f par\u00e7alar\u0131n\u0131n g\u00fcvenli bir \u015fekilde tutulmas\u0131 ve \u00e7ekilmesi i\u00e7in frezelenmi\u015f oluk<\/span><\/li>\n<li data-list=\"bullet\"><span class=\"ql-ui\" contenteditable=\"false\"><\/span><span style=\"background-color: rgb(255, 255, 255); color: black;\">&nbsp;D\u00fcz malzemenin g\u00fcvenli bir \u015fekilde tutulmas\u0131 i\u00e7in bir tarafta d\u0131\u015fb\u00fckey kavrama y\u00fczeyi ve yuvarlak malzeme i\u00e7in kavrama alan\u0131<\/span><\/li>\n<li data-list=\"bullet\"><span class=\"ql-ui\" contenteditable=\"false\"><\/span><span style=\"background-color: rgb(255, 255, 255); color: black;\">&nbsp;Borular\u0131n \u00e7apaklar\u0131n\u0131 almak i\u00e7in d\u0131\u015f kenarlar<\/span><\/li>\n<\/ol>\n<p><\/p>\n<table>\n<tr>\n<td>\u00d6l\u00e7\u00fcler<\/td>\n<td>200 x 60 x 28 mm<\/td>\n<\/tr>\n<tr>\n<td>A\u011f\u0131rl\u0131k<\/td>\n<td>290 g<\/td>\n<\/tr>\n<\/table>\n","protected":false},"excerpt":{"rendered":"<ol>\n<li data-list=\"bullet\"><span class=\"ql-ui\" contenteditable=\"false\"><\/span><span style=\"background-color: rgb(255, 255, 255); color: rgb(0, 79, 159);\">&nbsp;Ak\u0131ll\u0131 s\u0131y\u0131rma: geni\u015f kapasite aral\u0131\u011f\u0131, keskin bir \u015fekilde ta\u015flanm\u0131\u015f s\u0131y\u0131rma profilleri ve h\u0131zl\u0131 \u015fekilde konumland\u0131rma<\/span><\/li>\n<li data-list=\"bullet\"><span class=\"ql-ui\" contenteditable=\"false\"><\/span><span style=\"background-color: rgb(255, 255, 255); color: rgb(0, 79, 159);\">&nbsp;Yenilik\u00e7i kesme geometrisi: \u00f6zellikle yass\u0131 kablolarda daha kolay kesim<\/span><\/li>\n<li data-list=\"bullet\"><span class=\"ql-ui\" contenteditable=\"false\"><\/span><span style=\"background-color: rgb(255, 255, 255); color: rgb(0, 79, 159);\">&nbsp;\u00c7ok fonksiyonlu tasar\u0131m: kargaburun kadar d\u00fcz, pense kadar sa\u011flam ve \u00e7al\u0131\u015fma kolayl\u0131\u011f\u0131(eri\u015filebilirlik)<\/span><\/li>\n<li data-list=\"bullet\"><span class=\"ql-ui\" contenteditable=\"false\"><\/span><span style=\"background-color: rgb(255, 255, 255); color: black;\">&nbsp;0,75 &#8211; 6 mm\u00b2 tek telli iletkenler ve 0,5 &#8211; 4 mm\u00b2 ince telli iletkenler i\u00e7in hassas ta\u015flanm\u0131\u015f s\u0131y\u0131rma profilleri<\/span><\/li>\n<li data-list=\"bullet\"><span class=\"ql-ui\" contenteditable=\"false\"><\/span><span style=\"background-color: rgb(255, 255, 255); color: black;\">&nbsp;Konumland\u0131rma s\u0131rtlar\u0131 sayesinde hassas tel konumland\u0131rma<\/span><\/li>\n<li data-list=\"bullet\"><span class=\"ql-ui\" contenteditable=\"false\"><\/span><span style=\"background-color: rgb(255, 255, 255); color: black;\">&nbsp;\u00d8 15 mm&#8217;ye (1\/2&#8243;) kadar bak\u0131r ve al\u00fcminyum kablolar\u0131 kolayca keser<\/span><\/li>\n<li data-list=\"bullet\"><span class=\"ql-ui\" contenteditable=\"false\"><\/span><span style=\"background-color: rgb(255, 255, 255); color: black;\">&nbsp;Telleri b\u00fckmek i\u00e7in geni\u015f, \u00e7apraz \u00e7izgili tutma y\u00fczeyleri<\/span><\/li>\n<li data-list=\"bullet\"><span class=\"ql-ui\" contenteditable=\"false\"><\/span><span style=\"background-color: rgb(255, 255, 255); color: black;\">&nbsp;\u00c7ivi gibi k\u00fc\u00e7\u00fck i\u015f par\u00e7alar\u0131n\u0131n g\u00fcvenli bir \u015fekilde tutulmas\u0131 ve \u00e7ekilmesi i\u00e7in frezelenmi\u015f oluk<\/span><\/li>\n<li data-list=\"bullet\"><span class=\"ql-ui\" contenteditable=\"false\"><\/span><span style=\"background-color: rgb(255, 255, 255); color: black;\">&nbsp;D\u00fcz malzemenin g\u00fcvenli bir \u015fekilde tutulmas\u0131 i\u00e7in bir tarafta d\u0131\u015fb\u00fckey kavrama y\u00fczeyi ve yuvarlak malzeme i\u00e7in kavrama alan\u0131<\/span><\/li>\n<li data-list=\"bullet\"><span class=\"ql-ui\" contenteditable=\"false\"><\/span><span style=\"background-color: rgb(255, 255, 255); color: black;\">&nbsp;Borular\u0131n \u00e7apaklar\u0131n\u0131 almak i\u00e7in d\u0131\u015f kenarlar<\/span><\/li>\n<\/ol>\n<p><\/p>\n","protected":false},"featured_media":0,"comment_status":"open","ping_status":"closed","template":"","meta":{"_acf_changed":false},"product_brand":[1486],"product_cat":[1565],"product_tag":[],"class_list":{"0":"post-25562","1":"product","2":"type-product","3":"status-publish","5":"product_brand-knipex","6":"product_cat-yok-yok","8":"first","9":"outofstock","10":"taxable","11":"shipping-taxable","12":"purchasable","13":"product-type-simple","14":"add-to-wishlist-after_add_to_cart"},"acf":[],"_links":{"self":[{"href":"https:\/\/www.makitamarket.com.tr\/site\/wp-json\/wp\/v2\/product\/25562","targetHints":{"allow":["GET"]}}],"collection":[{"href":"https:\/\/www.makitamarket.com.tr\/site\/wp-json\/wp\/v2\/product"}],"about":[{"href":"https:\/\/www.makitamarket.com.tr\/site\/wp-json\/wp\/v2\/types\/product"}],"replies":[{"embeddable":true,"href":"https:\/\/www.makitamarket.com.tr\/site\/wp-json\/wp\/v2\/comments?post=25562"}],"wp:attachment":[{"href":"https:\/\/www.makitamarket.com.tr\/site\/wp-json\/wp\/v2\/media?parent=25562"}],"wp:term":[{"taxonomy":"product_brand","embeddable":true,"href":"https:\/\/www.makitamarket.com.tr\/site\/wp-json\/wp\/v2\/product_brand?post=25562"},{"taxonomy":"product_cat","embeddable":true,"href":"https:\/\/www.makitamarket.com.tr\/site\/wp-json\/wp\/v2\/product_cat?post=25562"},{"taxonomy":"product_tag","embeddable":true,"href":"https:\/\/www.makitamarket.com.tr\/site\/wp-json\/wp\/v2\/product_tag?post=25562"}],"curies":[{"name":"wp","href":"https:\/\/api.w.org\/{rel}","templated":true}]}}