{"id":25573,"date":"2025-12-01T07:08:37","date_gmt":"2025-12-01T04:08:37","guid":{"rendered":"https:\/\/www.makitamarket.com.tr\/site\/urun\/knipex-2006160-knipex-20-06-160-vde-yassi-agiz-kargaburun\/"},"modified":"2026-04-13T23:34:46","modified_gmt":"2026-04-13T20:34:46","slug":"knipex-2006160-knipex-20-06-160-vde-yassi-agiz-kargaburun","status":"publish","type":"product","link":"https:\/\/www.makitamarket.com.tr\/site\/urun\/knipex-2006160-knipex-20-06-160-vde-yassi-agiz-kargaburun\/","title":{"rendered":"Knipex 2006160 KNIPEX 20 06 160 VDE YASSI AGIZ KARGABURUN"},"content":{"rendered":"<ol>\n<li data-list=\"bullet\"><span class=\"ql-ui\" contenteditable=\"false\"><\/span><span style=\"background-color: rgb(255, 255, 255); color: rgb(0, 79, 159);\">&nbsp;Yass\u0131, k\u0131sa, geni\u015f \u00e7eneler<\/span><\/li>\n<li data-list=\"bullet\"><span class=\"ql-ui\" contenteditable=\"false\"><\/span> <strong>Kolay eri\u015filebilen yerlerde d\u00fcz malzemeleri kavramak i\u00e7in uygundur.<\/strong><\/li>\n<li data-list=\"bullet\"><span class=\"ql-ui\" contenteditable=\"false\"><\/span><span style=\"background-color: rgb(255, 255, 255); color: black;\">&nbsp;A\u011f\u0131z y\u00fczeyleri di\u015fli<\/span><\/li>\n<\/ol>\n<p>\u00c7ene kal\u0131nl\u0131\u011f\u0131 (eklem) (T1) 9,5 mm \u00c7ene uzunlu\u011fu (L3) 30,0 mm Kafa geni\u015fli\u011fi (W3) 17,0 mm<\/p>\n<table>\n<tr>\n<td>\u00d6l\u00e7\u00fcler<\/td>\n<td>160 x 54 x 20 mm<\/td>\n<\/tr>\n<\/table>\n","protected":false},"excerpt":{"rendered":"<ol>\n<li data-list=\"bullet\"><span class=\"ql-ui\" contenteditable=\"false\"><\/span><span style=\"background-color: rgb(255, 255, 255); color: rgb(0, 79, 159);\">&nbsp;Yass\u0131, k\u0131sa, geni\u015f \u00e7eneler<\/span><\/li>\n<li data-list=\"bullet\"><span class=\"ql-ui\" contenteditable=\"false\"><\/span> <strong>Kolay eri\u015filebilen yerlerde d\u00fcz malzemeleri kavramak i\u00e7in uygundur.<\/strong><\/li>\n<li data-list=\"bullet\"><span class=\"ql-ui\" contenteditable=\"false\"><\/span><span style=\"background-color: rgb(255, 255, 255); color: black;\">&nbsp;A\u011f\u0131z y\u00fczeyleri di\u015fli<\/span><\/li>\n<\/ol>\n<p>\u00c7ene kal\u0131nl\u0131\u011f\u0131 (eklem) (T1) 9,5 mm \u00c7ene uzunlu\u011fu (L3) 30,0 mm Kafa geni\u015fli\u011fi (W3) 17,0 mm<\/p>\n","protected":false},"featured_media":0,"comment_status":"open","ping_status":"closed","template":"","meta":{"_acf_changed":false},"product_brand":[1486],"product_cat":[1565],"product_tag":[],"class_list":{"0":"post-25573","1":"product","2":"type-product","3":"status-publish","5":"product_brand-knipex","6":"product_cat-yok-yok","8":"first","9":"outofstock","10":"taxable","11":"shipping-taxable","12":"purchasable","13":"product-type-simple","14":"add-to-wishlist-after_add_to_cart"},"acf":[],"_links":{"self":[{"href":"https:\/\/www.makitamarket.com.tr\/site\/wp-json\/wp\/v2\/product\/25573","targetHints":{"allow":["GET"]}}],"collection":[{"href":"https:\/\/www.makitamarket.com.tr\/site\/wp-json\/wp\/v2\/product"}],"about":[{"href":"https:\/\/www.makitamarket.com.tr\/site\/wp-json\/wp\/v2\/types\/product"}],"replies":[{"embeddable":true,"href":"https:\/\/www.makitamarket.com.tr\/site\/wp-json\/wp\/v2\/comments?post=25573"}],"wp:attachment":[{"href":"https:\/\/www.makitamarket.com.tr\/site\/wp-json\/wp\/v2\/media?parent=25573"}],"wp:term":[{"taxonomy":"product_brand","embeddable":true,"href":"https:\/\/www.makitamarket.com.tr\/site\/wp-json\/wp\/v2\/product_brand?post=25573"},{"taxonomy":"product_cat","embeddable":true,"href":"https:\/\/www.makitamarket.com.tr\/site\/wp-json\/wp\/v2\/product_cat?post=25573"},{"taxonomy":"product_tag","embeddable":true,"href":"https:\/\/www.makitamarket.com.tr\/site\/wp-json\/wp\/v2\/product_tag?post=25573"}],"curies":[{"name":"wp","href":"https:\/\/api.w.org\/{rel}","templated":true}]}}