{"id":25574,"date":"2025-12-01T07:08:37","date_gmt":"2025-12-01T04:08:37","guid":{"rendered":"https:\/\/www.makitamarket.com.tr\/site\/urun\/knipex-169503sb-knipex-kablo-siyirma-aleti\/"},"modified":"2026-04-06T18:05:14","modified_gmt":"2026-04-06T15:05:14","slug":"knipex-169503sb-knipex-kablo-siyirma-aleti","status":"publish","type":"product","link":"https:\/\/www.makitamarket.com.tr\/site\/urun\/knipex-169503sb-knipex-kablo-siyirma-aleti\/","title":{"rendered":"Knipex 169503SB KNIPEX KABLO SIYIRMA ALET\u0130"},"content":{"rendered":"<ol>\n<li data-list=\"bullet\"><span class=\"ql-ui\" contenteditable=\"false\"><\/span><span style=\"color: rgb(0, 79, 159);\">4 ve 6 mm\u00b2 (\u00f6rn. H1Z2Z2-K) g\u00fcne\u015f enerjisi kablolar\u0131n\u0131n, yuvarlak ve nemden korunmu\u015f tesisat kablolar\u0131n\u0131n (\u00f6rn. NYM kablosu 3 x 1,5 mm\u00b2&#8217;den 5 x 2,5 mm\u00b2&#8217;ye kadar) h\u0131zl\u0131 ve hassas bir \u015fekilde s\u0131yr\u0131lmas\u0131 i\u00e7in<\/span><\/li>\n<li data-list=\"bullet\"><span class=\"ql-ui\" contenteditable=\"false\"><\/span><span style=\"color: rgb(0, 79, 159);\">&nbsp;Kablo k\u0131l\u0131f\u0131n\u0131 kolayl\u0131kla kesmek, s\u0131y\u0131rmak ve uzunlamas\u0131na kesmek i\u00e7in yenilik\u00e7i, ergonomik tabanca sap\u0131 tasar\u0131m\u0131<\/span><\/li>\n<li data-list=\"bullet\"><span class=\"ql-ui\" contenteditable=\"false\"><\/span><span style=\"color: rgb(0, 79, 159);\">&nbsp;PV kablolar\u0131 i\u00e7in uzunluk durdurucu: tekrarlanabilir s\u0131y\u0131rma uzunluklar\u0131 i\u00e7in 6 &#8211; 18 mm aras\u0131nda ayarlanabilir, t\u00fcm standart g\u00fcne\u015f konnekt\u00f6rleri i\u00e7in uygundur<\/span><\/li>\n<li data-list=\"bullet\"><span class=\"ql-ui\" contenteditable=\"false\"><\/span><span style=\"color: black;\">&nbsp;Dar \u00e7al\u0131\u015fma alanlar\u0131nda daha kolay eri\u015fim sa\u011flamak i\u00e7in tak\u0131m sonu konik olarak daralt\u0131lm\u0131\u015ft\u0131r<\/span><\/li>\n<li data-list=\"bullet\"><span class=\"ql-ui\" contenteditable=\"false\"><\/span><span style=\"color: black;\">&nbsp;0,2 \/ 0,3 \/ 0,8 \/ 1,5 \/ 2,5 \/ 4 mm\u00b2 kesitli PVC tek iletkenler (\u00f6rn. H07V-K) i\u00e7in tel s\u0131y\u0131rma mekanizmas\u0131<\/span><\/li>\n<li data-list=\"bullet\"><span class=\"ql-ui\" contenteditable=\"false\"><\/span><span style=\"color: black;\">&nbsp;Pozisyonlama kanatlar\u0131 ile kablo tellerini ay\u0131rarak kolayl\u0131kla kablo k\u0131l\u0131f\u0131 s\u0131y\u0131rma<\/span><\/li>\n<li data-list=\"bullet\"><span class=\"ql-ui\" contenteditable=\"false\"><\/span><span style=\"color: black;\">&nbsp;A\u00e7ma yay\u0131 ve kilitleme tertibat\u0131 ile<\/span><\/li>\n<li data-list=\"bullet\"><span class=\"ql-ui\" contenteditable=\"false\"><\/span><span style=\"color: black;\">&nbsp;Konforlu kullan\u0131m ve g\u00fcvenli tutmay\u0131 sa\u011flayan yumu\u015fak plastik b\u00f6l\u00fcm\u00fc bulunan \u00e7ok komponentli tasar\u0131m<\/span><\/li>\n<\/ol>\n<p><\/p>\n<table><\/table>\n","protected":false},"excerpt":{"rendered":"<ol>\n<li data-list=\"bullet\"><span class=\"ql-ui\" contenteditable=\"false\"><\/span><span style=\"color: rgb(0, 79, 159);\">4 ve 6 mm\u00b2 (\u00f6rn. H1Z2Z2-K) g\u00fcne\u015f enerjisi kablolar\u0131n\u0131n, yuvarlak ve nemden korunmu\u015f tesisat kablolar\u0131n\u0131n (\u00f6rn. NYM kablosu 3 x 1,5 mm\u00b2&#8217;den 5 x 2,5 mm\u00b2&#8217;ye kadar) h\u0131zl\u0131 ve hassas bir \u015fekilde s\u0131yr\u0131lmas\u0131 i\u00e7in<\/span><\/li>\n<li data-list=\"bullet\"><span class=\"ql-ui\" contenteditable=\"false\"><\/span><span style=\"color: rgb(0, 79, 159);\">&nbsp;Kablo k\u0131l\u0131f\u0131n\u0131 kolayl\u0131kla kesmek, s\u0131y\u0131rmak ve uzunlamas\u0131na kesmek i\u00e7in yenilik\u00e7i, ergonomik tabanca sap\u0131 tasar\u0131m\u0131<\/span><\/li>\n<li data-list=\"bullet\"><span class=\"ql-ui\" contenteditable=\"false\"><\/span><span style=\"color: rgb(0, 79, 159);\">&nbsp;PV kablolar\u0131 i\u00e7in uzunluk durdurucu: tekrarlanabilir s\u0131y\u0131rma uzunluklar\u0131 i\u00e7in 6 &#8211; 18 mm aras\u0131nda ayarlanabilir, t\u00fcm standart g\u00fcne\u015f konnekt\u00f6rleri i\u00e7in uygundur<\/span><\/li>\n<li data-list=\"bullet\"><span class=\"ql-ui\" contenteditable=\"false\"><\/span><span style=\"color: black;\">&nbsp;Dar \u00e7al\u0131\u015fma alanlar\u0131nda daha kolay eri\u015fim sa\u011flamak i\u00e7in tak\u0131m sonu konik olarak daralt\u0131lm\u0131\u015ft\u0131r<\/span><\/li>\n<li data-list=\"bullet\"><span class=\"ql-ui\" contenteditable=\"false\"><\/span><span style=\"color: black;\">&nbsp;0,2 \/ 0,3 \/ 0,8 \/ 1,5 \/ 2,5 \/ 4 mm\u00b2 kesitli PVC tek iletkenler (\u00f6rn. H07V-K) i\u00e7in tel s\u0131y\u0131rma mekanizmas\u0131<\/span><\/li>\n<li data-list=\"bullet\"><span class=\"ql-ui\" contenteditable=\"false\"><\/span><span style=\"color: black;\">&nbsp;Pozisyonlama kanatlar\u0131 ile kablo tellerini ay\u0131rarak kolayl\u0131kla kablo k\u0131l\u0131f\u0131 s\u0131y\u0131rma<\/span><\/li>\n<li data-list=\"bullet\"><span class=\"ql-ui\" contenteditable=\"false\"><\/span><span style=\"color: black;\">&nbsp;A\u00e7ma yay\u0131 ve kilitleme tertibat\u0131 ile<\/span><\/li>\n<li data-list=\"bullet\"><span class=\"ql-ui\" contenteditable=\"false\"><\/span><span style=\"color: black;\">&nbsp;Konforlu kullan\u0131m ve g\u00fcvenli tutmay\u0131 sa\u011flayan yumu\u015fak plastik b\u00f6l\u00fcm\u00fc bulunan \u00e7ok komponentli tasar\u0131m<\/span><\/li>\n<\/ol>\n<p><\/p>\n","protected":false},"featured_media":0,"comment_status":"open","ping_status":"closed","template":"","meta":{"_acf_changed":false},"product_brand":[1486],"product_cat":[1565],"product_tag":[],"class_list":{"0":"post-25574","1":"product","2":"type-product","3":"status-publish","5":"product_brand-knipex","6":"product_cat-yok-yok","8":"first","9":"outofstock","10":"taxable","11":"shipping-taxable","12":"purchasable","13":"product-type-simple","14":"add-to-wishlist-after_add_to_cart"},"acf":[],"_links":{"self":[{"href":"https:\/\/www.makitamarket.com.tr\/site\/wp-json\/wp\/v2\/product\/25574","targetHints":{"allow":["GET"]}}],"collection":[{"href":"https:\/\/www.makitamarket.com.tr\/site\/wp-json\/wp\/v2\/product"}],"about":[{"href":"https:\/\/www.makitamarket.com.tr\/site\/wp-json\/wp\/v2\/types\/product"}],"replies":[{"embeddable":true,"href":"https:\/\/www.makitamarket.com.tr\/site\/wp-json\/wp\/v2\/comments?post=25574"}],"wp:attachment":[{"href":"https:\/\/www.makitamarket.com.tr\/site\/wp-json\/wp\/v2\/media?parent=25574"}],"wp:term":[{"taxonomy":"product_brand","embeddable":true,"href":"https:\/\/www.makitamarket.com.tr\/site\/wp-json\/wp\/v2\/product_brand?post=25574"},{"taxonomy":"product_cat","embeddable":true,"href":"https:\/\/www.makitamarket.com.tr\/site\/wp-json\/wp\/v2\/product_cat?post=25574"},{"taxonomy":"product_tag","embeddable":true,"href":"https:\/\/www.makitamarket.com.tr\/site\/wp-json\/wp\/v2\/product_tag?post=25574"}],"curies":[{"name":"wp","href":"https:\/\/api.w.org\/{rel}","templated":true}]}}