{"id":25581,"date":"2025-12-01T07:08:41","date_gmt":"2025-12-01T04:08:41","guid":{"rendered":"https:\/\/www.makitamarket.com.tr\/site\/urun\/knipex-3562145esd-knipex-elektronikci-kargaburun-esd\/"},"modified":"2026-03-30T11:25:36","modified_gmt":"2026-03-30T08:25:36","slug":"knipex-3562145esd-knipex-elektronikci-kargaburun-esd","status":"publish","type":"product","link":"https:\/\/www.makitamarket.com.tr\/site\/urun\/knipex-3562145esd-knipex-elektronikci-kargaburun-esd\/","title":{"rendered":"Knipex 3562145ESD KNIPEX ELEKTRON\u0130K\u00c7\u0130 KARGABURUN- ESD"},"content":{"rendered":"<ol>\n<li data-list=\"bullet\"><span class=\"ql-ui\" contenteditable=\"false\"><\/span><span style=\"background-color: rgb(255, 255, 255); color: rgb(0, 79, 159);\">&nbsp;\u0130\u00e7ten pimli ve geri tepmesiz hassas ba\u011flant\u0131ya sahip, sa\u011flam, y\u00fck a\u00e7\u0131s\u0131ndan optimize edilmi\u015f yap\u0131<\/span><\/li>\n<li data-list=\"bullet\"><span class=\"ql-ui\" contenteditable=\"false\"><\/span><span style=\"background-color: rgb(255, 255, 255); color: rgb(0, 79, 159);\">&nbsp;Ba\u015fl\u0131k dikkatlice yuvarlat\u0131lm\u0131\u015ft\u0131r: Malzemeye zarar verebilecek keskin kenar yoktur<\/span><\/li>\n<li data-list=\"bullet\"><span class=\"ql-ui\" contenteditable=\"false\"><\/span><span style=\"background-color: rgb(255, 255, 255); color: rgb(0, 79, 159);\">&nbsp;Elektro Statik De\u015farj Modeli<\/span><\/li>\n<li data-list=\"bullet\"><span class=\"ql-ui\" contenteditable=\"false\"><\/span><span style=\"background-color: rgb(255, 255, 255); color: black;\">&nbsp;Ba\u015fparmak ve i\u015faret parma\u011f\u0131 aras\u0131nda hassas ve rahat kavrama i\u00e7in y\u00fcksek, ince kollar<\/span><\/li>\n<li data-list=\"bullet\"><span class=\"ql-ui\" contenteditable=\"false\"><\/span><span style=\"background-color: rgb(255, 255, 255); color: black;\">&nbsp;\u00c7al\u0131\u015fma hissini daha do\u011frudan sa\u011flamak i\u00e7in tek tip b\u00fck\u00fclme \u00f6zelli\u011fi<\/span><\/li>\n<li data-list=\"bullet\"><span class=\"ql-ui\" contenteditable=\"false\"><\/span><span style=\"background-color: rgb(255, 255, 255); color: black;\">&nbsp;Hasars\u0131z kavrama i\u00e7in p\u00fcr\u00fczs\u00fcz olacak \u015fekilde ta\u015flanm\u0131\u015f kavrama y\u00fczeyleri<\/span><\/li>\n<li data-list=\"bullet\"><span class=\"ql-ui\" contenteditable=\"false\"><\/span><span style=\"background-color: rgb(255, 255, 255); color: black;\">&nbsp;D\u00fczg\u00fcn ve e\u015fit a\u00e7\u0131lma i\u00e7in d\u00fc\u015f\u00fck s\u00fcrt\u00fcnmeli \u00e7ift yay<\/span><\/li>\n<li data-list=\"bullet\"><span class=\"ql-ui\" contenteditable=\"false\"><\/span><span style=\"background-color: rgb(255, 255, 255); color: black;\">&nbsp;Ayna polisaj\u0131 ince ya\u011f tabakas\u0131 ile ba\u011flant\u0131l\u0131 olarak korozyona kar\u015f\u0131 iyi bir koruma sa\u011flar &#8211; d\u00f6k\u00fclen krom par\u00e7alar elektrik devresinde ar\u0131za ger\u00e7ekle\u015fmez<\/span><\/li>\n<li data-list=\"bullet\"><span class=\"ql-ui\" contenteditable=\"false\"><\/span><span style=\"background-color: rgb(255, 255, 255); color: black;\">&nbsp;Yar\u0131m yuvarlak \u00e7eneler, d\u00fczg\u00fcn ta\u015flanm\u0131\u015f kavrama y\u00fczeyleri<\/span><\/li>\n<\/ol>\n<p><\/p>\n<table>\n<tr>\n<td>\u00d6l\u00e7\u00fcler<\/td>\n<td>145 x 74 x 17 mm<\/td>\n<\/tr>\n<tr>\n<td>A\u011f\u0131rl\u0131k<\/td>\n<td>86 g<\/td>\n<\/tr>\n<\/table>\n","protected":false},"excerpt":{"rendered":"<ol>\n<li data-list=\"bullet\"><span class=\"ql-ui\" contenteditable=\"false\"><\/span><span style=\"background-color: rgb(255, 255, 255); color: rgb(0, 79, 159);\">&nbsp;\u0130\u00e7ten pimli ve geri tepmesiz hassas ba\u011flant\u0131ya sahip, sa\u011flam, y\u00fck a\u00e7\u0131s\u0131ndan optimize edilmi\u015f yap\u0131<\/span><\/li>\n<li data-list=\"bullet\"><span class=\"ql-ui\" contenteditable=\"false\"><\/span><span style=\"background-color: rgb(255, 255, 255); color: rgb(0, 79, 159);\">&nbsp;Ba\u015fl\u0131k dikkatlice yuvarlat\u0131lm\u0131\u015ft\u0131r: Malzemeye zarar verebilecek keskin kenar yoktur<\/span><\/li>\n<li data-list=\"bullet\"><span class=\"ql-ui\" contenteditable=\"false\"><\/span><span style=\"background-color: rgb(255, 255, 255); color: rgb(0, 79, 159);\">&nbsp;Elektro Statik De\u015farj Modeli<\/span><\/li>\n<li data-list=\"bullet\"><span class=\"ql-ui\" contenteditable=\"false\"><\/span><span style=\"background-color: rgb(255, 255, 255); color: black;\">&nbsp;Ba\u015fparmak ve i\u015faret parma\u011f\u0131 aras\u0131nda hassas ve rahat kavrama i\u00e7in y\u00fcksek, ince kollar<\/span><\/li>\n<li data-list=\"bullet\"><span class=\"ql-ui\" contenteditable=\"false\"><\/span><span style=\"background-color: rgb(255, 255, 255); color: black;\">&nbsp;\u00c7al\u0131\u015fma hissini daha do\u011frudan sa\u011flamak i\u00e7in tek tip b\u00fck\u00fclme \u00f6zelli\u011fi<\/span><\/li>\n<li data-list=\"bullet\"><span class=\"ql-ui\" contenteditable=\"false\"><\/span><span style=\"background-color: rgb(255, 255, 255); color: black;\">&nbsp;Hasars\u0131z kavrama i\u00e7in p\u00fcr\u00fczs\u00fcz olacak \u015fekilde ta\u015flanm\u0131\u015f kavrama y\u00fczeyleri<\/span><\/li>\n<li data-list=\"bullet\"><span class=\"ql-ui\" contenteditable=\"false\"><\/span><span style=\"background-color: rgb(255, 255, 255); color: black;\">&nbsp;D\u00fczg\u00fcn ve e\u015fit a\u00e7\u0131lma i\u00e7in d\u00fc\u015f\u00fck s\u00fcrt\u00fcnmeli \u00e7ift yay<\/span><\/li>\n<li data-list=\"bullet\"><span class=\"ql-ui\" contenteditable=\"false\"><\/span><span style=\"background-color: rgb(255, 255, 255); color: black;\">&nbsp;Ayna polisaj\u0131 ince ya\u011f tabakas\u0131 ile ba\u011flant\u0131l\u0131 olarak korozyona kar\u015f\u0131 iyi bir koruma sa\u011flar &#8211; d\u00f6k\u00fclen krom par\u00e7alar elektrik devresinde ar\u0131za ger\u00e7ekle\u015fmez<\/span><\/li>\n<li data-list=\"bullet\"><span class=\"ql-ui\" contenteditable=\"false\"><\/span><span style=\"background-color: rgb(255, 255, 255); color: black;\">&nbsp;Yar\u0131m yuvarlak \u00e7eneler, d\u00fczg\u00fcn ta\u015flanm\u0131\u015f kavrama y\u00fczeyleri<\/span><\/li>\n<\/ol>\n<p><\/p>\n","protected":false},"featured_media":0,"comment_status":"open","ping_status":"closed","template":"","meta":{"_acf_changed":false},"product_brand":[1486],"product_cat":[1565],"product_tag":[],"class_list":{"0":"post-25581","1":"product","2":"type-product","3":"status-publish","5":"product_brand-knipex","6":"product_cat-yok-yok","8":"first","9":"instock","10":"taxable","11":"shipping-taxable","12":"purchasable","13":"product-type-simple","14":"add-to-wishlist-after_add_to_cart"},"acf":[],"_links":{"self":[{"href":"https:\/\/www.makitamarket.com.tr\/site\/wp-json\/wp\/v2\/product\/25581","targetHints":{"allow":["GET"]}}],"collection":[{"href":"https:\/\/www.makitamarket.com.tr\/site\/wp-json\/wp\/v2\/product"}],"about":[{"href":"https:\/\/www.makitamarket.com.tr\/site\/wp-json\/wp\/v2\/types\/product"}],"replies":[{"embeddable":true,"href":"https:\/\/www.makitamarket.com.tr\/site\/wp-json\/wp\/v2\/comments?post=25581"}],"wp:attachment":[{"href":"https:\/\/www.makitamarket.com.tr\/site\/wp-json\/wp\/v2\/media?parent=25581"}],"wp:term":[{"taxonomy":"product_brand","embeddable":true,"href":"https:\/\/www.makitamarket.com.tr\/site\/wp-json\/wp\/v2\/product_brand?post=25581"},{"taxonomy":"product_cat","embeddable":true,"href":"https:\/\/www.makitamarket.com.tr\/site\/wp-json\/wp\/v2\/product_cat?post=25581"},{"taxonomy":"product_tag","embeddable":true,"href":"https:\/\/www.makitamarket.com.tr\/site\/wp-json\/wp\/v2\/product_tag?post=25581"}],"curies":[{"name":"wp","href":"https:\/\/api.w.org\/{rel}","templated":true}]}}