{"id":25584,"date":"2025-12-01T07:08:42","date_gmt":"2025-12-01T04:08:42","guid":{"rendered":"https:\/\/www.makitamarket.com.tr\/site\/urun\/knipex-3015160-knipex-duz-kargaburun\/"},"modified":"2026-04-13T23:34:39","modified_gmt":"2026-04-13T20:34:39","slug":"knipex-3015160-knipex-duz-kargaburun","status":"publish","type":"product","link":"https:\/\/www.makitamarket.com.tr\/site\/urun\/knipex-3015160-knipex-duz-kargaburun\/","title":{"rendered":"Knipex 3015160 KNIPEX D\u00dcZ KARGABURUN"},"content":{"rendered":"<ol>\n<li data-list=\"bullet\"><span class=\"ql-ui\" contenteditable=\"false\"><\/span><span style=\"background-color: rgb(255, 255, 255); color: rgb(0, 79, 159);\">&nbsp;Mekanik zorlamaya kar\u015f\u0131 dayan\u0131kl\u0131 ve az a\u015f\u0131n\u0131r<\/span><\/li>\n<li data-list=\"bullet\"><span class=\"ql-ui\" contenteditable=\"false\"><\/span><span style=\"background-color: rgb(255, 255, 255); color: black;\">&nbsp;Konforlu saplar ile: optimize edilmi\u015f kullan\u0131m i\u00e7in \u00fc\u00e7 ergonomik bile\u015fenden olu\u015fur ve eklemeler i\u00e7in iki KNIPEXtend arabirimiyle donat\u0131lm\u0131\u015ft\u0131r<\/span><\/li>\n<\/ol>\n<p><\/p>\n<table>\n<tr>\n<td>\u00d6l\u00e7\u00fcler<\/td>\n<td>160 x 56 x 18 mm<\/td>\n<\/tr>\n<tr>\n<td>A\u011f\u0131rl\u0131k<\/td>\n<td>149 g<\/td>\n<\/tr>\n<\/table>\n","protected":false},"excerpt":{"rendered":"<ol>\n<li data-list=\"bullet\"><span class=\"ql-ui\" contenteditable=\"false\"><\/span><span style=\"background-color: rgb(255, 255, 255); color: rgb(0, 79, 159);\">&nbsp;Mekanik zorlamaya kar\u015f\u0131 dayan\u0131kl\u0131 ve az a\u015f\u0131n\u0131r<\/span><\/li>\n<li data-list=\"bullet\"><span class=\"ql-ui\" contenteditable=\"false\"><\/span><span style=\"background-color: rgb(255, 255, 255); color: black;\">&nbsp;Konforlu saplar ile: optimize edilmi\u015f kullan\u0131m i\u00e7in \u00fc\u00e7 ergonomik bile\u015fenden olu\u015fur ve eklemeler i\u00e7in iki KNIPEXtend arabirimiyle donat\u0131lm\u0131\u015ft\u0131r<\/span><\/li>\n<\/ol>\n<p><\/p>\n","protected":false},"featured_media":0,"comment_status":"open","ping_status":"closed","template":"","meta":{"_acf_changed":false},"product_brand":[1486],"product_cat":[1565],"product_tag":[],"class_list":{"0":"post-25584","1":"product","2":"type-product","3":"status-publish","5":"product_brand-knipex","6":"product_cat-yok-yok","8":"first","9":"outofstock","10":"taxable","11":"shipping-taxable","12":"purchasable","13":"product-type-simple","14":"add-to-wishlist-after_add_to_cart"},"acf":[],"_links":{"self":[{"href":"https:\/\/www.makitamarket.com.tr\/site\/wp-json\/wp\/v2\/product\/25584","targetHints":{"allow":["GET"]}}],"collection":[{"href":"https:\/\/www.makitamarket.com.tr\/site\/wp-json\/wp\/v2\/product"}],"about":[{"href":"https:\/\/www.makitamarket.com.tr\/site\/wp-json\/wp\/v2\/types\/product"}],"replies":[{"embeddable":true,"href":"https:\/\/www.makitamarket.com.tr\/site\/wp-json\/wp\/v2\/comments?post=25584"}],"wp:attachment":[{"href":"https:\/\/www.makitamarket.com.tr\/site\/wp-json\/wp\/v2\/media?parent=25584"}],"wp:term":[{"taxonomy":"product_brand","embeddable":true,"href":"https:\/\/www.makitamarket.com.tr\/site\/wp-json\/wp\/v2\/product_brand?post=25584"},{"taxonomy":"product_cat","embeddable":true,"href":"https:\/\/www.makitamarket.com.tr\/site\/wp-json\/wp\/v2\/product_cat?post=25584"},{"taxonomy":"product_tag","embeddable":true,"href":"https:\/\/www.makitamarket.com.tr\/site\/wp-json\/wp\/v2\/product_tag?post=25584"}],"curies":[{"name":"wp","href":"https:\/\/api.w.org\/{rel}","templated":true}]}}