{"id":25586,"date":"2025-12-01T07:10:22","date_gmt":"2025-12-01T04:10:22","guid":{"rendered":"https:\/\/www.makitamarket.com.tr\/site\/urun\/knipex-3115160-knipex-kargaraburun-igne-tipi\/"},"modified":"2026-04-06T18:06:54","modified_gmt":"2026-04-06T15:06:54","slug":"knipex-3115160-knipex-kargaraburun-igne-tipi","status":"publish","type":"product","link":"https:\/\/www.makitamarket.com.tr\/site\/urun\/knipex-3115160-knipex-kargaraburun-igne-tipi\/","title":{"rendered":"Knipex 3115160 KNIPEX KARGARABURUN (\u0130\u011eNE T\u0130P\u0130)"},"content":{"rendered":"<ol>\n<li data-list=\"bullet\"><span class=\"ql-ui\" contenteditable=\"false\"><\/span><span style=\"background-color: rgb(255, 255, 255); color: rgb(0, 79, 159);\">&nbsp;\u00c7ok hassas montaj, b\u00fckme ve ayarlama \u00e7al\u0131\u015fmalar\u0131 i\u00e7in hassas penseler<\/span><\/li>\n<li data-list=\"bullet\"><span class=\"ql-ui\" contenteditable=\"false\"><\/span><span style=\"background-color: rgb(255, 255, 255); color: rgb(0, 79, 159);\">&nbsp;Zor eri\u015filebilir yerlerde \u00e7al\u0131\u015fmak i\u00e7in tasarlanm\u0131\u015f dar ve ergonomik yap\u0131<\/span><\/li>\n<li data-list=\"bullet\"><span class=\"ql-ui\" contenteditable=\"false\"><\/span><span style=\"background-color: rgb(255, 255, 255); color: black;\">&nbsp;D\u00fcz kavrama y\u00fczeyleri<\/span><\/li>\n<li data-list=\"bullet\"><span class=\"ql-ui\" contenteditable=\"false\"><\/span><span style=\"background-color: rgb(255, 255, 255); color: black;\">&nbsp;\u00c7apaklar\u0131 itina ile al\u0131nm\u0131\u015f kenarlar<\/span><\/li>\n<\/ol>\n<p><\/p>\n<table>\n<tr>\n<td>\u00d6l\u00e7\u00fcler<\/td>\n<td>124 g<\/td>\n<\/tr>\n<tr>\n<td>\u00d6l\u00e7\u00fcler<\/td>\n<td>160 x 56 x 19 mm<\/td>\n<\/tr>\n<\/table>\n","protected":false},"excerpt":{"rendered":"<ol>\n<li data-list=\"bullet\"><span class=\"ql-ui\" contenteditable=\"false\"><\/span><span style=\"background-color: rgb(255, 255, 255); color: rgb(0, 79, 159);\">&nbsp;\u00c7ok hassas montaj, b\u00fckme ve ayarlama \u00e7al\u0131\u015fmalar\u0131 i\u00e7in hassas penseler<\/span><\/li>\n<li data-list=\"bullet\"><span class=\"ql-ui\" contenteditable=\"false\"><\/span><span style=\"background-color: rgb(255, 255, 255); color: rgb(0, 79, 159);\">&nbsp;Zor eri\u015filebilir yerlerde \u00e7al\u0131\u015fmak i\u00e7in tasarlanm\u0131\u015f dar ve ergonomik yap\u0131<\/span><\/li>\n<li data-list=\"bullet\"><span class=\"ql-ui\" contenteditable=\"false\"><\/span><span style=\"background-color: rgb(255, 255, 255); color: black;\">&nbsp;D\u00fcz kavrama y\u00fczeyleri<\/span><\/li>\n<li data-list=\"bullet\"><span class=\"ql-ui\" contenteditable=\"false\"><\/span><span style=\"background-color: rgb(255, 255, 255); color: black;\">&nbsp;\u00c7apaklar\u0131 itina ile al\u0131nm\u0131\u015f kenarlar<\/span><\/li>\n<\/ol>\n<p><\/p>\n","protected":false},"featured_media":0,"comment_status":"open","ping_status":"closed","template":"","meta":{"_acf_changed":false},"product_brand":[1486],"product_cat":[1565],"product_tag":[],"class_list":{"0":"post-25586","1":"product","2":"type-product","3":"status-publish","5":"product_brand-knipex","6":"product_cat-yok-yok","8":"first","9":"instock","10":"taxable","11":"shipping-taxable","12":"purchasable","13":"product-type-simple","14":"add-to-wishlist-after_add_to_cart"},"acf":[],"_links":{"self":[{"href":"https:\/\/www.makitamarket.com.tr\/site\/wp-json\/wp\/v2\/product\/25586","targetHints":{"allow":["GET"]}}],"collection":[{"href":"https:\/\/www.makitamarket.com.tr\/site\/wp-json\/wp\/v2\/product"}],"about":[{"href":"https:\/\/www.makitamarket.com.tr\/site\/wp-json\/wp\/v2\/types\/product"}],"replies":[{"embeddable":true,"href":"https:\/\/www.makitamarket.com.tr\/site\/wp-json\/wp\/v2\/comments?post=25586"}],"wp:attachment":[{"href":"https:\/\/www.makitamarket.com.tr\/site\/wp-json\/wp\/v2\/media?parent=25586"}],"wp:term":[{"taxonomy":"product_brand","embeddable":true,"href":"https:\/\/www.makitamarket.com.tr\/site\/wp-json\/wp\/v2\/product_brand?post=25586"},{"taxonomy":"product_cat","embeddable":true,"href":"https:\/\/www.makitamarket.com.tr\/site\/wp-json\/wp\/v2\/product_cat?post=25586"},{"taxonomy":"product_tag","embeddable":true,"href":"https:\/\/www.makitamarket.com.tr\/site\/wp-json\/wp\/v2\/product_tag?post=25586"}],"curies":[{"name":"wp","href":"https:\/\/api.w.org\/{rel}","templated":true}]}}