{"id":25587,"date":"2025-12-01T07:10:22","date_gmt":"2025-12-01T04:10:22","guid":{"rendered":"https:\/\/www.makitamarket.com.tr\/site\/urun\/knipex-3303160-knipex-33-03-160-ordek-agiz-kargaburun\/"},"modified":"2026-04-13T23:35:44","modified_gmt":"2026-04-13T20:35:44","slug":"knipex-3303160-knipex-33-03-160-ordek-agiz-kargaburun","status":"publish","type":"product","link":"https:\/\/www.makitamarket.com.tr\/site\/urun\/knipex-3303160-knipex-33-03-160-ordek-agiz-kargaburun\/","title":{"rendered":"Knipex 3303160 KNIPEX 33 03 160 ORDEK AGIZ KARGABURUN"},"content":{"rendered":"<ol>\n<li data-list=\"bullet\"><span class=\"ql-ui\" contenteditable=\"false\"><\/span><span style=\"background-color: rgb(255, 255, 255); color: black;\">&nbsp;9,0 mm geni\u015f \u00e7eneler, 1,5mm inceli\u011finde a\u011f\u0131z yap\u0131s\u0131<\/span><\/li>\n<li data-list=\"bullet\"><span class=\"ql-ui\" contenteditable=\"false\"><\/span><span style=\"background-color: rgb(255, 255, 255); color: black;\">&nbsp;A\u011f\u0131z y\u00fczeyleri d\u00fcz<\/span><\/li>\n<\/ol>\n<p>\u00c7ene kal\u0131nl\u0131\u011f\u0131 (eklem) (T1) 7,5 mm U\u00e7lar geni\u015flik (W4) 3,0 mm Tip Kal\u0131nl\u0131k (T2) 9,0 mm \u00c7ene uzunlu\u011fu (L3) 55,0 mm Kafa geni\u015fli\u011fi (W3) 15,0 mm<\/p>\n<table>\n<tr>\n<td>\u00d6l\u00e7\u00fcler<\/td>\n<td>160 x 53 x 13 mm<\/td>\n<\/tr>\n<tr>\n<td>A\u011f\u0131rl\u0131k<\/td>\n<td>103 g<\/td>\n<\/tr>\n<\/table>\n","protected":false},"excerpt":{"rendered":"<ol>\n<li data-list=\"bullet\"><span class=\"ql-ui\" contenteditable=\"false\"><\/span><span style=\"background-color: rgb(255, 255, 255); color: black;\">&nbsp;9,0 mm geni\u015f \u00e7eneler, 1,5mm inceli\u011finde a\u011f\u0131z yap\u0131s\u0131<\/span><\/li>\n<li data-list=\"bullet\"><span class=\"ql-ui\" contenteditable=\"false\"><\/span><span style=\"background-color: rgb(255, 255, 255); color: black;\">&nbsp;A\u011f\u0131z y\u00fczeyleri d\u00fcz<\/span><\/li>\n<\/ol>\n<p>\u00c7ene kal\u0131nl\u0131\u011f\u0131 (eklem) (T1) 7,5 mm U\u00e7lar geni\u015flik (W4) 3,0 mm Tip Kal\u0131nl\u0131k (T2) 9,0 mm \u00c7ene uzunlu\u011fu (L3) 55,0 mm Kafa geni\u015fli\u011fi (W3) 15,0 mm<\/p>\n","protected":false},"featured_media":0,"comment_status":"open","ping_status":"closed","template":"","meta":{"_acf_changed":false},"product_brand":[1486],"product_cat":[1565],"product_tag":[],"class_list":{"0":"post-25587","1":"product","2":"type-product","3":"status-publish","5":"product_brand-knipex","6":"product_cat-yok-yok","8":"first","9":"outofstock","10":"taxable","11":"shipping-taxable","12":"purchasable","13":"product-type-simple","14":"add-to-wishlist-after_add_to_cart"},"acf":[],"_links":{"self":[{"href":"https:\/\/www.makitamarket.com.tr\/site\/wp-json\/wp\/v2\/product\/25587","targetHints":{"allow":["GET"]}}],"collection":[{"href":"https:\/\/www.makitamarket.com.tr\/site\/wp-json\/wp\/v2\/product"}],"about":[{"href":"https:\/\/www.makitamarket.com.tr\/site\/wp-json\/wp\/v2\/types\/product"}],"replies":[{"embeddable":true,"href":"https:\/\/www.makitamarket.com.tr\/site\/wp-json\/wp\/v2\/comments?post=25587"}],"wp:attachment":[{"href":"https:\/\/www.makitamarket.com.tr\/site\/wp-json\/wp\/v2\/media?parent=25587"}],"wp:term":[{"taxonomy":"product_brand","embeddable":true,"href":"https:\/\/www.makitamarket.com.tr\/site\/wp-json\/wp\/v2\/product_brand?post=25587"},{"taxonomy":"product_cat","embeddable":true,"href":"https:\/\/www.makitamarket.com.tr\/site\/wp-json\/wp\/v2\/product_cat?post=25587"},{"taxonomy":"product_tag","embeddable":true,"href":"https:\/\/www.makitamarket.com.tr\/site\/wp-json\/wp\/v2\/product_tag?post=25587"}],"curies":[{"name":"wp","href":"https:\/\/api.w.org\/{rel}","templated":true}]}}