{"id":25590,"date":"2025-12-01T07:10:23","date_gmt":"2025-12-01T04:10:23","guid":{"rendered":"https:\/\/www.makitamarket.com.tr\/site\/urun\/knipex-6703140-knipex-agir-hizmet-tepe-keski\/"},"modified":"2026-04-21T05:00:27","modified_gmt":"2026-04-21T02:00:27","slug":"knipex-6703140-knipex-agir-hizmet-tepe-keski","status":"publish","type":"product","link":"https:\/\/www.makitamarket.com.tr\/site\/urun\/knipex-6703140-knipex-agir-hizmet-tepe-keski\/","title":{"rendered":"Knipex 6703140 KNIPEX A\u011eIR H\u0130ZMET TEPE KESK\u0130"},"content":{"rendered":"<ol>\n<li data-list=\"bullet\"><span class=\"ql-ui\" contenteditable=\"false\"><\/span><span style=\"background-color: rgb(255, 255, 255); color: black;\">&nbsp;Yumu\u015fak, sert ve piyano tel i\u00e7in uygun kesiciler<\/span><\/li>\n<li data-list=\"bullet\"><span class=\"ql-ui\" contenteditable=\"false\"><\/span><span style=\"background-color: rgb(255, 255, 255); color: black;\">&nbsp;Kesici a\u00e7\u0131s\u0131 ve aktar\u0131m oran\u0131n\u0131n optimum d\u00fczeyde uyumlu olmas\u0131 nedeniyle az kuvvet uygulanmas\u0131na ra\u011fmen y\u00fcksek kesme performans\u0131<\/span><\/li>\n<li data-list=\"bullet\"><span class=\"ql-ui\" contenteditable=\"false\"><\/span><span style=\"background-color: rgb(255, 255, 255); color: black;\">&nbsp;Kesicilere ek olarak ind\u00fcksiyon sertle\u015ftirme uygulamas\u0131 yap\u0131lm\u0131\u015ft\u0131r, kesici sertli\u011fi yakl. 64 HRC<\/span><\/li>\n<\/ol>\n<p><\/p>\n<table>\n<tr>\n<td>A\u011f\u0131rl\u0131k<\/td>\n<td>152 g<\/td>\n<\/tr>\n<tr>\n<td>\u00d6l\u00e7\u00fcler<\/td>\n<td>145 x 53 x 19 mm<\/td>\n<\/tr>\n<\/table>\n","protected":false},"excerpt":{"rendered":"<ol>\n<li data-list=\"bullet\"><span class=\"ql-ui\" contenteditable=\"false\"><\/span><span style=\"background-color: rgb(255, 255, 255); color: black;\">&nbsp;Yumu\u015fak, sert ve piyano tel i\u00e7in uygun kesiciler<\/span><\/li>\n<li data-list=\"bullet\"><span class=\"ql-ui\" contenteditable=\"false\"><\/span><span style=\"background-color: rgb(255, 255, 255); color: black;\">&nbsp;Kesici a\u00e7\u0131s\u0131 ve aktar\u0131m oran\u0131n\u0131n optimum d\u00fczeyde uyumlu olmas\u0131 nedeniyle az kuvvet uygulanmas\u0131na ra\u011fmen y\u00fcksek kesme performans\u0131<\/span><\/li>\n<li data-list=\"bullet\"><span class=\"ql-ui\" contenteditable=\"false\"><\/span><span style=\"background-color: rgb(255, 255, 255); color: black;\">&nbsp;Kesicilere ek olarak ind\u00fcksiyon sertle\u015ftirme uygulamas\u0131 yap\u0131lm\u0131\u015ft\u0131r, kesici sertli\u011fi yakl. 64 HRC<\/span><\/li>\n<\/ol>\n<p><\/p>\n","protected":false},"featured_media":0,"comment_status":"open","ping_status":"closed","template":"","meta":{"_acf_changed":false},"product_brand":[1486],"product_cat":[1565],"product_tag":[],"class_list":{"0":"post-25590","1":"product","2":"type-product","3":"status-publish","5":"product_brand-knipex","6":"product_cat-yok-yok","8":"first","9":"instock","10":"taxable","11":"shipping-taxable","12":"purchasable","13":"product-type-simple","14":"add-to-wishlist-after_add_to_cart"},"acf":[],"_links":{"self":[{"href":"https:\/\/www.makitamarket.com.tr\/site\/wp-json\/wp\/v2\/product\/25590","targetHints":{"allow":["GET"]}}],"collection":[{"href":"https:\/\/www.makitamarket.com.tr\/site\/wp-json\/wp\/v2\/product"}],"about":[{"href":"https:\/\/www.makitamarket.com.tr\/site\/wp-json\/wp\/v2\/types\/product"}],"replies":[{"embeddable":true,"href":"https:\/\/www.makitamarket.com.tr\/site\/wp-json\/wp\/v2\/comments?post=25590"}],"wp:attachment":[{"href":"https:\/\/www.makitamarket.com.tr\/site\/wp-json\/wp\/v2\/media?parent=25590"}],"wp:term":[{"taxonomy":"product_brand","embeddable":true,"href":"https:\/\/www.makitamarket.com.tr\/site\/wp-json\/wp\/v2\/product_brand?post=25590"},{"taxonomy":"product_cat","embeddable":true,"href":"https:\/\/www.makitamarket.com.tr\/site\/wp-json\/wp\/v2\/product_cat?post=25590"},{"taxonomy":"product_tag","embeddable":true,"href":"https:\/\/www.makitamarket.com.tr\/site\/wp-json\/wp\/v2\/product_tag?post=25590"}],"curies":[{"name":"wp","href":"https:\/\/api.w.org\/{rel}","templated":true}]}}