{"id":25592,"date":"2025-12-01T07:10:24","date_gmt":"2025-12-01T04:10:24","guid":{"rendered":"https:\/\/www.makitamarket.com.tr\/site\/urun\/knipex-7005160-knipex-70-05-160-yan-keski\/"},"modified":"2026-04-13T23:36:46","modified_gmt":"2026-04-13T20:36:46","slug":"knipex-7005160-knipex-70-05-160-yan-keski","status":"publish","type":"product","link":"https:\/\/www.makitamarket.com.tr\/site\/urun\/knipex-7005160-knipex-70-05-160-yan-keski\/","title":{"rendered":"Knipex 7005160 KNIPEX 70 05 160 YAN KESKI"},"content":{"rendered":"<ol>\n<li data-list=\"bullet\"><span class=\"ql-ui\" contenteditable=\"false\"><\/span><span style=\"background-color: rgb(255, 255, 255); color: rgb(0, 79, 159);\">&nbsp;Zor eri\u015filebilen \u00e7al\u0131\u015fma alanlar\u0131nda kullan\u0131m i\u00e7in ince kafa \u015fekli<\/span><\/li>\n<li data-list=\"bullet\"><span class=\"ql-ui\" contenteditable=\"false\"><\/span><span style=\"background-color: rgb(255, 255, 255); color: black;\">&nbsp;\u00c7ok ama\u00e7l\u0131 kullan\u0131m i\u00e7in vazge\u00e7ilmez yan keski<\/span><\/li>\n<li data-list=\"bullet\"><span class=\"ql-ui\" contenteditable=\"false\"><\/span><span style=\"background-color: rgb(255, 255, 255); color: black;\">&nbsp;Uzun kullan\u0131m \u00f6mr\u00fc i\u00e7in y\u00fcksek kaliteli malzeme ve hassas i\u015fleme<\/span><\/li>\n<li data-list=\"bullet\"><span class=\"ql-ui\" contenteditable=\"false\"><\/span><span style=\"background-color: rgb(255, 255, 255); color: black;\">&nbsp;Yumu\u015fak ve sert tel i\u00e7in hassas kesiciler<\/span><\/li>\n<li data-list=\"bullet\"><span class=\"ql-ui\" contenteditable=\"false\"><\/span><span style=\"background-color: rgb(255, 255, 255); color: black;\">&nbsp;Kesici u\u00e7lar\u0131nda temiz kesim, ince bak\u0131r tellerde de<\/span><\/li>\n<li data-list=\"bullet\"><span class=\"ql-ui\" contenteditable=\"false\"><\/span><span style=\"background-color: rgb(255, 255, 255); color: black;\">&nbsp;Kesicilere ek olarak ind\u00fcksiyon sertle\u015ftirme uygulamas\u0131 yap\u0131lm\u0131\u015ft\u0131r, kesici sertli\u011fi yakl. 61 HRC<\/span><\/li>\n<li data-list=\"bullet\"><span class=\"ql-ui\" contenteditable=\"false\"><\/span><span style=\"background-color: rgb(255, 255, 255); color: black;\">&nbsp;Konforlu saplar ile: optimize edilmi\u015f kullan\u0131m i\u00e7in \u00fc\u00e7 ergonomik bile\u015fenden olu\u015fur ve eklemeler i\u00e7in iki KNIPEXtend arabirimiyle donat\u0131lm\u0131\u015ft\u0131r<\/span><\/li>\n<\/ol>\n<p>Orta sert tel kesme de\u011feri (\u00e7ap) \u00d8 3,0 mm Yumu\u015fak tel kesme de\u011feri (\u00e7ap) \u00d8 2,0 mm<\/p>\n<table>\n<tr>\n<td>\u00d6l\u00e7\u00fcler<\/td>\n<td>160 x 55 x 21 mm<\/td>\n<\/tr>\n<\/table>\n","protected":false},"excerpt":{"rendered":"<ol>\n<li data-list=\"bullet\"><span class=\"ql-ui\" contenteditable=\"false\"><\/span><span style=\"background-color: rgb(255, 255, 255); color: rgb(0, 79, 159);\">&nbsp;Zor eri\u015filebilen \u00e7al\u0131\u015fma alanlar\u0131nda kullan\u0131m i\u00e7in ince kafa \u015fekli<\/span><\/li>\n<li data-list=\"bullet\"><span class=\"ql-ui\" contenteditable=\"false\"><\/span><span style=\"background-color: rgb(255, 255, 255); color: black;\">&nbsp;\u00c7ok ama\u00e7l\u0131 kullan\u0131m i\u00e7in vazge\u00e7ilmez yan keski<\/span><\/li>\n<li data-list=\"bullet\"><span class=\"ql-ui\" contenteditable=\"false\"><\/span><span style=\"background-color: rgb(255, 255, 255); color: black;\">&nbsp;Uzun kullan\u0131m \u00f6mr\u00fc i\u00e7in y\u00fcksek kaliteli malzeme ve hassas i\u015fleme<\/span><\/li>\n<li data-list=\"bullet\"><span class=\"ql-ui\" contenteditable=\"false\"><\/span><span style=\"background-color: rgb(255, 255, 255); color: black;\">&nbsp;Yumu\u015fak ve sert tel i\u00e7in hassas kesiciler<\/span><\/li>\n<li data-list=\"bullet\"><span class=\"ql-ui\" contenteditable=\"false\"><\/span><span style=\"background-color: rgb(255, 255, 255); color: black;\">&nbsp;Kesici u\u00e7lar\u0131nda temiz kesim, ince bak\u0131r tellerde de<\/span><\/li>\n<li data-list=\"bullet\"><span class=\"ql-ui\" contenteditable=\"false\"><\/span><span style=\"background-color: rgb(255, 255, 255); color: black;\">&nbsp;Kesicilere ek olarak ind\u00fcksiyon sertle\u015ftirme uygulamas\u0131 yap\u0131lm\u0131\u015ft\u0131r, kesici sertli\u011fi yakl. 61 HRC<\/span><\/li>\n<li data-list=\"bullet\"><span class=\"ql-ui\" contenteditable=\"false\"><\/span><span style=\"background-color: rgb(255, 255, 255); color: black;\">&nbsp;Konforlu saplar ile: optimize edilmi\u015f kullan\u0131m i\u00e7in \u00fc\u00e7 ergonomik bile\u015fenden olu\u015fur ve eklemeler i\u00e7in iki KNIPEXtend arabirimiyle donat\u0131lm\u0131\u015ft\u0131r<\/span><\/li>\n<\/ol>\n<p>Orta sert tel kesme de\u011feri (\u00e7ap) \u00d8 3,0 mm Yumu\u015fak tel kesme de\u011feri (\u00e7ap) \u00d8 2,0 mm<\/p>\n","protected":false},"featured_media":0,"comment_status":"open","ping_status":"closed","template":"","meta":{"_acf_changed":false},"product_brand":[1486],"product_cat":[1565],"product_tag":[],"class_list":{"0":"post-25592","1":"product","2":"type-product","3":"status-publish","5":"product_brand-knipex","6":"product_cat-yok-yok","8":"first","9":"instock","10":"taxable","11":"shipping-taxable","12":"purchasable","13":"product-type-simple","14":"add-to-wishlist-after_add_to_cart"},"acf":[],"_links":{"self":[{"href":"https:\/\/www.makitamarket.com.tr\/site\/wp-json\/wp\/v2\/product\/25592","targetHints":{"allow":["GET"]}}],"collection":[{"href":"https:\/\/www.makitamarket.com.tr\/site\/wp-json\/wp\/v2\/product"}],"about":[{"href":"https:\/\/www.makitamarket.com.tr\/site\/wp-json\/wp\/v2\/types\/product"}],"replies":[{"embeddable":true,"href":"https:\/\/www.makitamarket.com.tr\/site\/wp-json\/wp\/v2\/comments?post=25592"}],"wp:attachment":[{"href":"https:\/\/www.makitamarket.com.tr\/site\/wp-json\/wp\/v2\/media?parent=25592"}],"wp:term":[{"taxonomy":"product_brand","embeddable":true,"href":"https:\/\/www.makitamarket.com.tr\/site\/wp-json\/wp\/v2\/product_brand?post=25592"},{"taxonomy":"product_cat","embeddable":true,"href":"https:\/\/www.makitamarket.com.tr\/site\/wp-json\/wp\/v2\/product_cat?post=25592"},{"taxonomy":"product_tag","embeddable":true,"href":"https:\/\/www.makitamarket.com.tr\/site\/wp-json\/wp\/v2\/product_tag?post=25592"}],"curies":[{"name":"wp","href":"https:\/\/api.w.org\/{rel}","templated":true}]}}