{"id":25593,"date":"2025-12-01T07:10:25","date_gmt":"2025-12-01T04:10:25","guid":{"rendered":"https:\/\/www.makitamarket.com.tr\/site\/urun\/knipex-6102200-knipex-61-02-200\/"},"modified":"2026-04-06T18:08:03","modified_gmt":"2026-04-06T15:08:03","slug":"knipex-6102200-knipex-61-02-200","status":"publish","type":"product","link":"https:\/\/www.makitamarket.com.tr\/site\/urun\/knipex-6102200-knipex-61-02-200\/","title":{"rendered":"Knipex 6102200 KNIPEX 61 02 200"},"content":{"rendered":"<ol>\n<li data-list=\"bullet\"><span class=\"ql-ui\" contenteditable=\"false\"><\/span><span style=\"background-color: rgb(255, 255, 255); color: rgb(0, 79, 159);\">G\u00fc\u00e7l\u00fc, kompakt, konforlu<\/span><\/li>\n<li data-list=\"bullet\"><span class=\"ql-ui\" contenteditable=\"false\"><\/span><span style=\"background-color: rgb(255, 255, 255); color: black;\">&nbsp;S\u0131radan kollu tepe keskilerle k\u0131yasland\u0131\u011f\u0131nda kapasitesi daha b\u00fcy\u00fckt\u00fcr ancak daha az kuvvet sarfedilir ve kullan\u0131m\u0131 daha iyidir<\/span><\/li>\n<li data-list=\"bullet\"><span class=\"ql-ui\" contenteditable=\"false\"><\/span><span style=\"background-color: rgb(255, 255, 255); color: black;\">&nbsp;Yumu\u015fak, sert ve piyano tel i\u00e7in uygun kesiciler<\/span><\/li>\n<li data-list=\"bullet\"><span class=\"ql-ui\" contenteditable=\"false\"><\/span><span style=\"background-color: rgb(255, 255, 255); color: black;\">&nbsp;\u00dcst\u00fcn manivela hareketi sayesinde, minimum g\u00fc\u00e7 ile maksimum kesim performans sa\u011flar<\/span><\/li>\n<li data-list=\"bullet\"><span class=\"ql-ui\" contenteditable=\"false\"><\/span><span style=\"background-color: rgb(255, 255, 255); color: black;\">&nbsp;Kesicilere ek olarak ind\u00fcksiyon sertle\u015ftirme uygulamas\u0131 yap\u0131lm\u0131\u015ft\u0131r, kesici sertli\u011fi yakl. 64 HRC<\/span><\/li>\n<li data-list=\"bullet\"><span class=\"ql-ui\" contenteditable=\"false\"><\/span><span style=\"background-color: rgb(255, 255, 255); color: black;\">&nbsp;Daha iyi tutma hakimiyeti ve daha kolay ta\u015f\u0131ma i\u00e7in ince, birden \u00e7ok bile\u015fenli sap k\u0131l\u0131flar\u0131<\/span><\/li>\n<li data-list=\"bullet\"><span class=\"ql-ui\" contenteditable=\"false\"><\/span><span style=\"background-color: rgb(255, 255, 255); color: black;\">&nbsp;Daha iyi bas\u0131n\u00e7 da\u011f\u0131l\u0131m\u0131 ve daha rahat \u00e7al\u0131\u015fma i\u00e7in sap k\u0131l\u0131flar\u0131nda daha geni\u015f temas y\u00fczeyi<\/span><\/li>\n<\/ol>\n<p>Yumu\u015fak tel kesme de\u011feri (\u00e7ap) \u00d8 1 &#8211; 6 mm Orta sert tel kesme de\u011feri (\u00e7ap) \u00d8 4,0 mm Yumu\u015fak tel kesme de\u011feri (\u00e7ap) \u00d8 3,5 mm Piyano tel kesme de\u011feri (\u00e7ap) \u00d8 3,0 mm<\/p>\n<p><\/p>\n<table>\n<tr>\n<td>A\u011f\u0131rl\u0131k<\/td>\n<td>435 g<\/td>\n<\/tr>\n<tr>\n<td>\u00d6l\u00e7\u00fcler<\/td>\n<td>200 x 45 x 15 mm<\/td>\n<\/tr>\n<\/table>\n","protected":false},"excerpt":{"rendered":"<ol>\n<li data-list=\"bullet\"><span class=\"ql-ui\" contenteditable=\"false\"><\/span><span style=\"background-color: rgb(255, 255, 255); color: rgb(0, 79, 159);\">G\u00fc\u00e7l\u00fc, kompakt, konforlu<\/span><\/li>\n<li data-list=\"bullet\"><span class=\"ql-ui\" contenteditable=\"false\"><\/span><span style=\"background-color: rgb(255, 255, 255); color: black;\">&nbsp;S\u0131radan kollu tepe keskilerle k\u0131yasland\u0131\u011f\u0131nda kapasitesi daha b\u00fcy\u00fckt\u00fcr ancak daha az kuvvet sarfedilir ve kullan\u0131m\u0131 daha iyidir<\/span><\/li>\n<li data-list=\"bullet\"><span class=\"ql-ui\" contenteditable=\"false\"><\/span><span style=\"background-color: rgb(255, 255, 255); color: black;\">&nbsp;Yumu\u015fak, sert ve piyano tel i\u00e7in uygun kesiciler<\/span><\/li>\n<li data-list=\"bullet\"><span class=\"ql-ui\" contenteditable=\"false\"><\/span><span style=\"background-color: rgb(255, 255, 255); color: black;\">&nbsp;\u00dcst\u00fcn manivela hareketi sayesinde, minimum g\u00fc\u00e7 ile maksimum kesim performans sa\u011flar<\/span><\/li>\n<li data-list=\"bullet\"><span class=\"ql-ui\" contenteditable=\"false\"><\/span><span style=\"background-color: rgb(255, 255, 255); color: black;\">&nbsp;Kesicilere ek olarak ind\u00fcksiyon sertle\u015ftirme uygulamas\u0131 yap\u0131lm\u0131\u015ft\u0131r, kesici sertli\u011fi yakl. 64 HRC<\/span><\/li>\n<li data-list=\"bullet\"><span class=\"ql-ui\" contenteditable=\"false\"><\/span><span style=\"background-color: rgb(255, 255, 255); color: black;\">&nbsp;Daha iyi tutma hakimiyeti ve daha kolay ta\u015f\u0131ma i\u00e7in ince, birden \u00e7ok bile\u015fenli sap k\u0131l\u0131flar\u0131<\/span><\/li>\n<li data-list=\"bullet\"><span class=\"ql-ui\" contenteditable=\"false\"><\/span><span style=\"background-color: rgb(255, 255, 255); color: black;\">&nbsp;Daha iyi bas\u0131n\u00e7 da\u011f\u0131l\u0131m\u0131 ve daha rahat \u00e7al\u0131\u015fma i\u00e7in sap k\u0131l\u0131flar\u0131nda daha geni\u015f temas y\u00fczeyi<\/span><\/li>\n<\/ol>\n<p>Yumu\u015fak tel kesme de\u011feri (\u00e7ap) \u00d8 1 &#8211; 6 mm Orta sert tel kesme de\u011feri (\u00e7ap) \u00d8 4,0 mm Yumu\u015fak tel kesme de\u011feri (\u00e7ap) \u00d8 3,5 mm Piyano tel kesme de\u011feri (\u00e7ap) \u00d8 3,0 mm<\/p>\n<p><\/p>\n","protected":false},"featured_media":0,"comment_status":"open","ping_status":"closed","template":"","meta":{"_acf_changed":false},"product_brand":[1486],"product_cat":[1565],"product_tag":[],"class_list":{"0":"post-25593","1":"product","2":"type-product","3":"status-publish","5":"product_brand-knipex","6":"product_cat-yok-yok","8":"first","9":"outofstock","10":"taxable","11":"shipping-taxable","12":"purchasable","13":"product-type-simple","14":"add-to-wishlist-after_add_to_cart"},"acf":[],"_links":{"self":[{"href":"https:\/\/www.makitamarket.com.tr\/site\/wp-json\/wp\/v2\/product\/25593","targetHints":{"allow":["GET"]}}],"collection":[{"href":"https:\/\/www.makitamarket.com.tr\/site\/wp-json\/wp\/v2\/product"}],"about":[{"href":"https:\/\/www.makitamarket.com.tr\/site\/wp-json\/wp\/v2\/types\/product"}],"replies":[{"embeddable":true,"href":"https:\/\/www.makitamarket.com.tr\/site\/wp-json\/wp\/v2\/comments?post=25593"}],"wp:attachment":[{"href":"https:\/\/www.makitamarket.com.tr\/site\/wp-json\/wp\/v2\/media?parent=25593"}],"wp:term":[{"taxonomy":"product_brand","embeddable":true,"href":"https:\/\/www.makitamarket.com.tr\/site\/wp-json\/wp\/v2\/product_brand?post=25593"},{"taxonomy":"product_cat","embeddable":true,"href":"https:\/\/www.makitamarket.com.tr\/site\/wp-json\/wp\/v2\/product_cat?post=25593"},{"taxonomy":"product_tag","embeddable":true,"href":"https:\/\/www.makitamarket.com.tr\/site\/wp-json\/wp\/v2\/product_tag?post=25593"}],"curies":[{"name":"wp","href":"https:\/\/api.w.org\/{rel}","templated":true}]}}