{"id":25599,"date":"2025-12-01T07:10:29","date_gmt":"2025-12-01T04:10:29","guid":{"rendered":"https:\/\/www.makitamarket.com.tr\/site\/urun\/knipex-9010165e02-knipex-9010165bk-icin-yedek-bicak-10lu\/"},"modified":"2026-04-13T23:49:54","modified_gmt":"2026-04-13T20:49:54","slug":"knipex-9010165e02-knipex-9010165bk-icin-yedek-bicak-10lu","status":"publish","type":"product","link":"https:\/\/www.makitamarket.com.tr\/site\/urun\/knipex-9010165e02-knipex-9010165bk-icin-yedek-bicak-10lu\/","title":{"rendered":"Knipex 9010165E02 KNIPEX 9010165BK \u0130\u00c7\u0130N YEDEK BI\u00c7AK 10&#8217;LU"},"content":{"rendered":"<p>A\u011f\u0131rl\u0131k 76 g<\/p>\n<p> \u00d6l\u00e7\u00fcleri 24 x 11,5 mm<\/p>\n<table><\/table>\n","protected":false},"excerpt":{"rendered":"<p>A\u011f\u0131rl\u0131k 76 g<\/p>\n<p> \u00d6l\u00e7\u00fcleri 24 x 11,5 mm<\/p>\n","protected":false},"featured_media":0,"comment_status":"open","ping_status":"closed","template":"","meta":{"_acf_changed":false},"product_brand":[1486],"product_cat":[1565],"product_tag":[],"class_list":{"0":"post-25599","1":"product","2":"type-product","3":"status-publish","5":"product_brand-knipex","6":"product_cat-yok-yok","8":"first","9":"instock","10":"taxable","11":"shipping-taxable","12":"purchasable","13":"product-type-simple","14":"add-to-wishlist-after_add_to_cart"},"acf":[],"_links":{"self":[{"href":"https:\/\/www.makitamarket.com.tr\/site\/wp-json\/wp\/v2\/product\/25599","targetHints":{"allow":["GET"]}}],"collection":[{"href":"https:\/\/www.makitamarket.com.tr\/site\/wp-json\/wp\/v2\/product"}],"about":[{"href":"https:\/\/www.makitamarket.com.tr\/site\/wp-json\/wp\/v2\/types\/product"}],"replies":[{"embeddable":true,"href":"https:\/\/www.makitamarket.com.tr\/site\/wp-json\/wp\/v2\/comments?post=25599"}],"wp:attachment":[{"href":"https:\/\/www.makitamarket.com.tr\/site\/wp-json\/wp\/v2\/media?parent=25599"}],"wp:term":[{"taxonomy":"product_brand","embeddable":true,"href":"https:\/\/www.makitamarket.com.tr\/site\/wp-json\/wp\/v2\/product_brand?post=25599"},{"taxonomy":"product_cat","embeddable":true,"href":"https:\/\/www.makitamarket.com.tr\/site\/wp-json\/wp\/v2\/product_cat?post=25599"},{"taxonomy":"product_tag","embeddable":true,"href":"https:\/\/www.makitamarket.com.tr\/site\/wp-json\/wp\/v2\/product_tag?post=25599"}],"curies":[{"name":"wp","href":"https:\/\/api.w.org\/{rel}","templated":true}]}}