{"id":25602,"date":"2025-12-01T07:11:21","date_gmt":"2025-12-01T04:11:21","guid":{"rendered":"https:\/\/www.makitamarket.com.tr\/site\/urun\/knipex-8702250-knipex-87-02-250-ayarli-fort-pense\/"},"modified":"2026-04-06T18:22:57","modified_gmt":"2026-04-06T15:22:57","slug":"knipex-8702250-knipex-87-02-250-ayarli-fort-pense","status":"publish","type":"product","link":"https:\/\/www.makitamarket.com.tr\/site\/urun\/knipex-8702250-knipex-87-02-250-ayarli-fort-pense\/","title":{"rendered":"Knipex 8702250 KNIPEX 87 02 250 AYARLI FORT PENSE"},"content":{"rendered":"<ol>\n<li data-list=\"bullet\"><span class=\"ql-ui\" contenteditable=\"false\"><\/span><span style=\"background-color: rgb(255, 255, 255); color: black;\">A\u011f\u0131z a\u00e7\u0131kl\u0131\u011f\u0131 i\u015f par\u00e7as\u0131 \u00fczerinde d\u00fc\u011fme ile kolayca ayarlanabilir<\/span><\/li>\n<li data-list=\"bullet\"><span class=\"ql-ui\" contenteditable=\"false\"><\/span><span style=\"background-color: rgb(255, 255, 255); color: black;\">&nbsp;Kademe ayar\u0131 sayesinde i\u015f par\u00e7alar\u0131n\u0131 s\u0131k\u0131ca kavrar<\/span><\/li>\n<li data-list=\"bullet\"><span class=\"ql-ui\" contenteditable=\"false\"><\/span><span style=\"background-color: rgb(255, 255, 255); color: black;\">&nbsp;Borular ve somunlarda kendili\u011finden kelep\u00e7elenme: i\u015f par\u00e7as\u0131nda kayma olmaz, zahmetsiz \u00e7al\u0131\u015fma sa\u011flar<\/span><\/li>\n<li data-list=\"bullet\"><span class=\"ql-ui\" contenteditable=\"false\"><\/span><span style=\"background-color: rgb(255, 255, 255); color: black;\">&nbsp;\u00d6zel sertle\u015ftirilmi\u015f di\u015fli a\u011f\u0131z y\u00fczeyleri, di\u015flerin sertli\u011fi yakl. 61 HRC: A\u015f\u0131nmaya kar\u015f\u0131 y\u00fcksek dayan\u0131kl\u0131l\u0131k sayesinde daima g\u00fcvenli kavrama<\/span><\/li>\n<li data-list=\"bullet\"><span class=\"ql-ui\" contenteditable=\"false\"><\/span><span style=\"background-color: rgb(255, 255, 255); color: black;\">&nbsp;\u0130\u00e7 i\u00e7e ge\u00e7irilmi\u015f mafsal: \u00c7ift k\u0131lavuzlama sayesinde y\u00fcksek dayan\u0131kl\u0131l\u0131k<\/span><\/li>\n<li data-list=\"bullet\"><span class=\"ql-ui\" contenteditable=\"false\"><\/span><span style=\"background-color: rgb(255, 255, 255); color: black;\">&nbsp;Mafsal pimi g\u00fcvenli bir \u015fekilde yerine oturur: Ayar istem d\u0131\u015f\u0131 bozulmaz<\/span><\/li>\n<li data-list=\"bullet\"><span class=\"ql-ui\" contenteditable=\"false\"><\/span><span style=\"background-color: rgb(255, 255, 255); color: black;\">&nbsp;Parmaklar\u0131n s\u0131k\u0131\u015fmas\u0131n\u0131 \u00f6nleyen tasar\u0131ma sahiptir<\/span><\/li>\n<li data-list=\"bullet\"><span class=\"ql-ui\" contenteditable=\"false\"><\/span><span style=\"background-color: rgb(255, 255, 255); color: black;\">&nbsp;Daha iyi tutma hakimiyeti ve daha kolay ta\u015f\u0131ma i\u00e7in ince, birden \u00e7ok bile\u015fenli sap k\u0131l\u0131flar\u0131<\/span><\/li>\n<\/ol>\n<p><\/p>\n<table>\n<tr>\n<td>\u00d6l\u00e7\u00fcler<\/td>\n<td>250 x 50 x 18 mm<\/td>\n<\/tr>\n<tr>\n<td>A\u011f\u0131rl\u0131k<\/td>\n<td>366 g<\/td>\n<\/tr>\n<\/table>\n","protected":false},"excerpt":{"rendered":"<ol>\n<li data-list=\"bullet\"><span class=\"ql-ui\" contenteditable=\"false\"><\/span><span style=\"background-color: rgb(255, 255, 255); color: black;\">A\u011f\u0131z a\u00e7\u0131kl\u0131\u011f\u0131 i\u015f par\u00e7as\u0131 \u00fczerinde d\u00fc\u011fme ile kolayca ayarlanabilir<\/span><\/li>\n<li data-list=\"bullet\"><span class=\"ql-ui\" contenteditable=\"false\"><\/span><span style=\"background-color: rgb(255, 255, 255); color: black;\">&nbsp;Kademe ayar\u0131 sayesinde i\u015f par\u00e7alar\u0131n\u0131 s\u0131k\u0131ca kavrar<\/span><\/li>\n<li data-list=\"bullet\"><span class=\"ql-ui\" contenteditable=\"false\"><\/span><span style=\"background-color: rgb(255, 255, 255); color: black;\">&nbsp;Borular ve somunlarda kendili\u011finden kelep\u00e7elenme: i\u015f par\u00e7as\u0131nda kayma olmaz, zahmetsiz \u00e7al\u0131\u015fma sa\u011flar<\/span><\/li>\n<li data-list=\"bullet\"><span class=\"ql-ui\" contenteditable=\"false\"><\/span><span style=\"background-color: rgb(255, 255, 255); color: black;\">&nbsp;\u00d6zel sertle\u015ftirilmi\u015f di\u015fli a\u011f\u0131z y\u00fczeyleri, di\u015flerin sertli\u011fi yakl. 61 HRC: A\u015f\u0131nmaya kar\u015f\u0131 y\u00fcksek dayan\u0131kl\u0131l\u0131k sayesinde daima g\u00fcvenli kavrama<\/span><\/li>\n<li data-list=\"bullet\"><span class=\"ql-ui\" contenteditable=\"false\"><\/span><span style=\"background-color: rgb(255, 255, 255); color: black;\">&nbsp;\u0130\u00e7 i\u00e7e ge\u00e7irilmi\u015f mafsal: \u00c7ift k\u0131lavuzlama sayesinde y\u00fcksek dayan\u0131kl\u0131l\u0131k<\/span><\/li>\n<li data-list=\"bullet\"><span class=\"ql-ui\" contenteditable=\"false\"><\/span><span style=\"background-color: rgb(255, 255, 255); color: black;\">&nbsp;Mafsal pimi g\u00fcvenli bir \u015fekilde yerine oturur: Ayar istem d\u0131\u015f\u0131 bozulmaz<\/span><\/li>\n<li data-list=\"bullet\"><span class=\"ql-ui\" contenteditable=\"false\"><\/span><span style=\"background-color: rgb(255, 255, 255); color: black;\">&nbsp;Parmaklar\u0131n s\u0131k\u0131\u015fmas\u0131n\u0131 \u00f6nleyen tasar\u0131ma sahiptir<\/span><\/li>\n<li data-list=\"bullet\"><span class=\"ql-ui\" contenteditable=\"false\"><\/span><span style=\"background-color: rgb(255, 255, 255); color: black;\">&nbsp;Daha iyi tutma hakimiyeti ve daha kolay ta\u015f\u0131ma i\u00e7in ince, birden \u00e7ok bile\u015fenli sap k\u0131l\u0131flar\u0131<\/span><\/li>\n<\/ol>\n<p><\/p>\n","protected":false},"featured_media":0,"comment_status":"open","ping_status":"closed","template":"","meta":{"_acf_changed":false},"product_brand":[1486],"product_cat":[1565],"product_tag":[],"class_list":{"0":"post-25602","1":"product","2":"type-product","3":"status-publish","5":"product_brand-knipex","6":"product_cat-yok-yok","8":"first","9":"instock","10":"taxable","11":"shipping-taxable","12":"purchasable","13":"product-type-simple","14":"add-to-wishlist-after_add_to_cart"},"acf":[],"_links":{"self":[{"href":"https:\/\/www.makitamarket.com.tr\/site\/wp-json\/wp\/v2\/product\/25602","targetHints":{"allow":["GET"]}}],"collection":[{"href":"https:\/\/www.makitamarket.com.tr\/site\/wp-json\/wp\/v2\/product"}],"about":[{"href":"https:\/\/www.makitamarket.com.tr\/site\/wp-json\/wp\/v2\/types\/product"}],"replies":[{"embeddable":true,"href":"https:\/\/www.makitamarket.com.tr\/site\/wp-json\/wp\/v2\/comments?post=25602"}],"wp:attachment":[{"href":"https:\/\/www.makitamarket.com.tr\/site\/wp-json\/wp\/v2\/media?parent=25602"}],"wp:term":[{"taxonomy":"product_brand","embeddable":true,"href":"https:\/\/www.makitamarket.com.tr\/site\/wp-json\/wp\/v2\/product_brand?post=25602"},{"taxonomy":"product_cat","embeddable":true,"href":"https:\/\/www.makitamarket.com.tr\/site\/wp-json\/wp\/v2\/product_cat?post=25602"},{"taxonomy":"product_tag","embeddable":true,"href":"https:\/\/www.makitamarket.com.tr\/site\/wp-json\/wp\/v2\/product_tag?post=25602"}],"curies":[{"name":"wp","href":"https:\/\/api.w.org\/{rel}","templated":true}]}}