{"id":25612,"date":"2025-12-01T07:11:27","date_gmt":"2025-12-01T04:11:27","guid":{"rendered":"https:\/\/www.makitamarket.com.tr\/site\/urun\/knipex-7861140-knipex-elektronik-super-knips-xl\/"},"modified":"2026-04-06T18:23:53","modified_gmt":"2026-04-06T15:23:53","slug":"knipex-7861140-knipex-elektronik-super-knips-xl","status":"publish","type":"product","link":"https:\/\/www.makitamarket.com.tr\/site\/urun\/knipex-7861140-knipex-elektronik-super-knips-xl\/","title":{"rendered":"Knipex 7861140 KNIPEX ELEKTRON\u0130K SUPER KNIPS XL"},"content":{"rendered":"<ol>\n<li data-list=\"bullet\"><span class=\"ql-ui\" contenteditable=\"false\"><\/span><span style=\"background-color: rgb(255, 255, 255); color: rgb(0, 79, 159);\">&nbsp;Ek 15 mm daha uzun versiyon: Daha y\u00fcksek kararl\u0131l\u0131k, daha iyi kesme performans\u0131<\/span><\/li>\n<li data-list=\"bullet\"><span class=\"ql-ui\" contenteditable=\"false\"><\/span><span style=\"background-color: rgb(255, 255, 255); color: black;\">&nbsp;\u00c7ok ince montaj i\u015fleri i\u00e7in, \u00f6rne\u011fin elektronik ve ince mekanik i\u015fleri<\/span><\/li>\n<li data-list=\"bullet\"><span class=\"ql-ui\" contenteditable=\"false\"><\/span><span style=\"background-color: rgb(255, 255, 255); color: black;\">&nbsp;\u00d6zellikle kablo ba\u011flant\u0131n\u0131 kesmek i\u00e7in<\/span><\/li>\n<li data-list=\"bullet\"><span class=\"ql-ui\" contenteditable=\"false\"><\/span><span style=\"background-color: rgb(255, 255, 255); color: black;\">&nbsp;Kontroll\u00fc mikro kesici eleman\u0131 ile yap\u0131lan kesim i\u015flemi \u00e7ok ince tellerin hassas kesilmesini sa\u011flar ve uzun kullan\u0131m \u00f6mr\u00fcne sahiptir<\/span><\/li>\n<li data-list=\"bullet\"><span class=\"ql-ui\" contenteditable=\"false\"><\/span><span style=\"background-color: rgb(255, 255, 255); color: black;\">&nbsp;Pahs\u0131z, hassas \u015fekillendirilmi\u015f u\u00e7lara sahip hassas bilenmi\u015f kesici kenarlar, \u00d8 0,2 mm&#8217;den itibaren biti\u015fik telleri hassas ve e\u015fit \u015fekilde keser<\/span><\/li>\n<li data-list=\"bullet\"><span class=\"ql-ui\" contenteditable=\"false\"><\/span><span style=\"background-color: rgb(255, 255, 255); color: black;\">&nbsp;Paslanmaz \u00e7elik per\u00e7inli mafsal<\/span><\/li>\n<li data-list=\"bullet\"><span class=\"ql-ui\" contenteditable=\"false\"><\/span><span style=\"background-color: rgb(255, 255, 255); color: black;\">&nbsp;Hafif tasar\u0131m\u0131yla konforlu \u00e7al\u0131\u015fma<\/span><\/li>\n<li data-list=\"bullet\"><span class=\"ql-ui\" contenteditable=\"false\"><\/span><span style=\"background-color: rgb(255, 255, 255); color: black;\">&nbsp;A\u00e7ma yay\u0131 ve kesim \u00e7ap\u0131 sabitleme<\/span><\/li>\n<li data-list=\"bullet\"><span class=\"ql-ui\" contenteditable=\"false\"><\/span><span style=\"background-color: rgb(255, 255, 255); color: black;\">&nbsp;Perdahlanm\u0131\u015f \u00f6zel tak\u0131m \u00e7eli\u011finden yap\u0131lm\u0131\u015f y\u00fcksek y\u00fck kapasitesi, ek olarak end\u00fcksiyonla sertle\u015ftirilmi\u015f 64 HRC&#8217;ye kadar kesici kenarlar<\/span><\/li>\n<\/ol>\n<p>Yumu\u015fak tel kesme de\u011feri (\u00e7ap) \u00d8 0,0 Piyano tel kesme de\u011feri (\u00e7ap) \u00d8 0,0 Yumu\u015fak tel kesme de\u011feri (\u00e7ap) \u00d8 02 mm \u00c7ene uzunlu\u011fu (B) 12,3 mm \u00c7ene kal\u0131nl\u0131\u011f\u0131 (eklem) (D) 9,2 mm Kafa geni\u015fli\u011fi (A) 15,7 mm<\/p>\n<p><\/p>\n<table>\n<tr>\n<td>\u00d6l\u00e7\u00fcler<\/td>\n<td>140 x 83 x 14 mm<\/td>\n<\/tr>\n<tr>\n<td>A\u011f\u0131rl\u0131k<\/td>\n<td>85 g<\/td>\n<\/tr>\n<\/table>\n","protected":false},"excerpt":{"rendered":"<ol>\n<li data-list=\"bullet\"><span class=\"ql-ui\" contenteditable=\"false\"><\/span><span style=\"background-color: rgb(255, 255, 255); color: rgb(0, 79, 159);\">&nbsp;Ek 15 mm daha uzun versiyon: Daha y\u00fcksek kararl\u0131l\u0131k, daha iyi kesme performans\u0131<\/span><\/li>\n<li data-list=\"bullet\"><span class=\"ql-ui\" contenteditable=\"false\"><\/span><span style=\"background-color: rgb(255, 255, 255); color: black;\">&nbsp;\u00c7ok ince montaj i\u015fleri i\u00e7in, \u00f6rne\u011fin elektronik ve ince mekanik i\u015fleri<\/span><\/li>\n<li data-list=\"bullet\"><span class=\"ql-ui\" contenteditable=\"false\"><\/span><span style=\"background-color: rgb(255, 255, 255); color: black;\">&nbsp;\u00d6zellikle kablo ba\u011flant\u0131n\u0131 kesmek i\u00e7in<\/span><\/li>\n<li data-list=\"bullet\"><span class=\"ql-ui\" contenteditable=\"false\"><\/span><span style=\"background-color: rgb(255, 255, 255); color: black;\">&nbsp;Kontroll\u00fc mikro kesici eleman\u0131 ile yap\u0131lan kesim i\u015flemi \u00e7ok ince tellerin hassas kesilmesini sa\u011flar ve uzun kullan\u0131m \u00f6mr\u00fcne sahiptir<\/span><\/li>\n<li data-list=\"bullet\"><span class=\"ql-ui\" contenteditable=\"false\"><\/span><span style=\"background-color: rgb(255, 255, 255); color: black;\">&nbsp;Pahs\u0131z, hassas \u015fekillendirilmi\u015f u\u00e7lara sahip hassas bilenmi\u015f kesici kenarlar, \u00d8 0,2 mm&#8217;den itibaren biti\u015fik telleri hassas ve e\u015fit \u015fekilde keser<\/span><\/li>\n<li data-list=\"bullet\"><span class=\"ql-ui\" contenteditable=\"false\"><\/span><span style=\"background-color: rgb(255, 255, 255); color: black;\">&nbsp;Paslanmaz \u00e7elik per\u00e7inli mafsal<\/span><\/li>\n<li data-list=\"bullet\"><span class=\"ql-ui\" contenteditable=\"false\"><\/span><span style=\"background-color: rgb(255, 255, 255); color: black;\">&nbsp;Hafif tasar\u0131m\u0131yla konforlu \u00e7al\u0131\u015fma<\/span><\/li>\n<li data-list=\"bullet\"><span class=\"ql-ui\" contenteditable=\"false\"><\/span><span style=\"background-color: rgb(255, 255, 255); color: black;\">&nbsp;A\u00e7ma yay\u0131 ve kesim \u00e7ap\u0131 sabitleme<\/span><\/li>\n<li data-list=\"bullet\"><span class=\"ql-ui\" contenteditable=\"false\"><\/span><span style=\"background-color: rgb(255, 255, 255); color: black;\">&nbsp;Perdahlanm\u0131\u015f \u00f6zel tak\u0131m \u00e7eli\u011finden yap\u0131lm\u0131\u015f y\u00fcksek y\u00fck kapasitesi, ek olarak end\u00fcksiyonla sertle\u015ftirilmi\u015f 64 HRC&#8217;ye kadar kesici kenarlar<\/span><\/li>\n<\/ol>\n<p>Yumu\u015fak tel kesme de\u011feri (\u00e7ap) \u00d8 0,0 Piyano tel kesme de\u011feri (\u00e7ap) \u00d8 0,0 Yumu\u015fak tel kesme de\u011feri (\u00e7ap) \u00d8 02 mm \u00c7ene uzunlu\u011fu (B) 12,3 mm \u00c7ene kal\u0131nl\u0131\u011f\u0131 (eklem) (D) 9,2 mm Kafa geni\u015fli\u011fi (A) 15,7 mm<\/p>\n<p><\/p>\n","protected":false},"featured_media":0,"comment_status":"open","ping_status":"closed","template":"","meta":{"_acf_changed":false},"product_brand":[1486],"product_cat":[1565],"product_tag":[],"class_list":{"0":"post-25612","1":"product","2":"type-product","3":"status-publish","5":"product_brand-knipex","6":"product_cat-yok-yok","8":"first","9":"outofstock","10":"taxable","11":"shipping-taxable","12":"purchasable","13":"product-type-simple","14":"add-to-wishlist-after_add_to_cart"},"acf":[],"_links":{"self":[{"href":"https:\/\/www.makitamarket.com.tr\/site\/wp-json\/wp\/v2\/product\/25612","targetHints":{"allow":["GET"]}}],"collection":[{"href":"https:\/\/www.makitamarket.com.tr\/site\/wp-json\/wp\/v2\/product"}],"about":[{"href":"https:\/\/www.makitamarket.com.tr\/site\/wp-json\/wp\/v2\/types\/product"}],"replies":[{"embeddable":true,"href":"https:\/\/www.makitamarket.com.tr\/site\/wp-json\/wp\/v2\/comments?post=25612"}],"wp:attachment":[{"href":"https:\/\/www.makitamarket.com.tr\/site\/wp-json\/wp\/v2\/media?parent=25612"}],"wp:term":[{"taxonomy":"product_brand","embeddable":true,"href":"https:\/\/www.makitamarket.com.tr\/site\/wp-json\/wp\/v2\/product_brand?post=25612"},{"taxonomy":"product_cat","embeddable":true,"href":"https:\/\/www.makitamarket.com.tr\/site\/wp-json\/wp\/v2\/product_cat?post=25612"},{"taxonomy":"product_tag","embeddable":true,"href":"https:\/\/www.makitamarket.com.tr\/site\/wp-json\/wp\/v2\/product_tag?post=25612"}],"curies":[{"name":"wp","href":"https:\/\/api.w.org\/{rel}","templated":true}]}}