{"id":25614,"date":"2025-12-01T07:12:19","date_gmt":"2025-12-01T04:12:19","guid":{"rendered":"https:\/\/www.makitamarket.com.tr\/site\/urun\/knipex-8201250-knipex-82-01-250-twingrip-fort-pense\/"},"modified":"2026-04-06T18:24:03","modified_gmt":"2026-04-06T15:24:03","slug":"knipex-8201250-knipex-82-01-250-twingrip-fort-pense","status":"publish","type":"product","link":"https:\/\/www.makitamarket.com.tr\/site\/urun\/knipex-8201250-knipex-82-01-250-twingrip-fort-pense\/","title":{"rendered":"Knipex 8201250 KNIPEX 82 01 250 TWINGRIP FORT PENSE"},"content":{"rendered":"<ol>\n<li data-list=\"bullet\"><span class=\"ql-ui\" contenteditable=\"false\"><\/span><span style=\"background-color: rgb(255, 255, 255); color: rgb(0, 79, 159);\">&nbsp;A\u015f\u0131nm\u0131\u015f ba\u015flar\u0131 ve di\u015fleri olan vidalar\u0131 kavramak, s\u0131kmak ve gev\u015fetmek amac\u0131yla kullan\u0131l\u0131r<\/span><\/li>\n<li data-list=\"bullet\"><span class=\"ql-ui\" contenteditable=\"false\"><\/span><span style=\"background-color: rgb(255, 255, 255); color: rgb(0, 79, 159);\">&nbsp;Benzersiz kombinasyon: \u00d6n kavrama ve yan kavrama i\u015flevi, kutu mafsal\u0131, basmal\u0131 d\u00fc\u011fme ayar\u0131<\/span><\/li>\n<li data-list=\"bullet\"><span class=\"ql-ui\" contenteditable=\"false\"><\/span><span style=\"background-color: rgb(255, 255, 255); color: rgb(0, 79, 159);\">&nbsp;A\u011f\u0131z ucunda sa\u011flam di\u015flere ve y\u00fcksek di\u015fli oran\u0131na sahip y\u00fcksek kavramal\u0131 \u00f6n \u00e7ene<\/span><\/li>\n<li data-list=\"bullet\"><span class=\"ql-ui\" contenteditable=\"false\"><\/span><span style=\"background-color: rgb(255, 255, 255); color: black;\">&nbsp;\u00c7ok ince pense: h\u0131zl\u0131 vidalama i\u00e7in ince d\u00f6n\u00fc\u015f b\u00f6lgesi ile dar alanlarda dahi kullan\u0131labilir<\/span><\/li>\n<li data-list=\"bullet\"><span class=\"ql-ui\" contenteditable=\"false\"><\/span><span style=\"background-color: rgb(255, 255, 255); color: black;\">&nbsp;\u00dc\u00e7 nokta sistemi sayesinde 10 mm&#8217;ye kadar d\u00fcz i\u015f par\u00e7alar\u0131n\u0131n g\u00fcvenilir, \u00f6nden kavranmas\u0131<\/span><\/li>\n<li data-list=\"bullet\"><span class=\"ql-ui\" contenteditable=\"false\"><\/span><span style=\"background-color: rgb(255, 255, 255); color: black;\">&nbsp;Kavrama kapasitesinin hassas ayar\u0131 i\u00e7in d\u00fc\u011fmeyle ayarlanan yedi y\u00f6nl\u00fc ayarlanabilir kayar mafsal<\/span><\/li>\n<li data-list=\"bullet\"><span class=\"ql-ui\" contenteditable=\"false\"><\/span><span style=\"background-color: rgb(255, 255, 255); color: black;\">&nbsp;S\u0131k\u0131\u015fma \u00f6nleyici parma\u011f\u0131n ezilme riskini azalt\u0131r<\/span><\/li>\n<li data-list=\"bullet\"><span class=\"ql-ui\" contenteditable=\"false\"><\/span><span style=\"background-color: rgb(255, 255, 255); color: black;\">&nbsp;Sa\u011flam kutu mafsal\u0131 sayesinde dayan\u0131kl\u0131 ve esnek<\/span><\/li>\n<li data-list=\"bullet\"><span class=\"ql-ui\" contenteditable=\"false\"><\/span><span style=\"background-color: rgb(255, 255, 255); color: black;\">&nbsp;A\/F 5 \u2013 27 mm ile b\u00fcy\u00fck, \u00e7ok s\u0131k\u0131 ve derin yerle\u015fik bile\u015fenleri de g\u00fc\u00e7l\u00fc bir \u015fekilde kavrar<\/span><\/li>\n<li data-list=\"bullet\"><span class=\"ql-ui\" contenteditable=\"false\"><\/span><span style=\"background-color: rgb(255, 255, 255); color: black;\">&nbsp;\u00dc\u00e7 nokta sistemi sayesinde 10 mm&#8217;ye kadar d\u00fcz i\u015f par\u00e7alar\u0131n\u0131n g\u00fcvenilir, \u00f6nden kavranmas\u0131<\/span><\/li>\n<li data-list=\"bullet\"><span class=\"ql-ui\" contenteditable=\"false\"><\/span><span style=\"background-color: rgb(255, 255, 255); color: black;\">&nbsp;Kavrama kapasitesinin hassas ayar\u0131 i\u00e7in d\u00fc\u011fmeyle ayarlanan yedi y\u00f6nl\u00fc ayarlanabilir kayar mafsal<\/span><\/li>\n<\/ol>\n<p>Boru \u00e7ap\u0131 kapasitesi (\u00e7ap) \u00d8 0 1\/16 &#8211; 1 1\/16 \u0130n\u00e7 Boru \u00e7ap\u0131 kapasitesi (\u00e7ap) \u00d8 5 &#8211; 27 mm Somun ve anahtar \u00f6l\u00e7\u00fcs\u00fc kapasitesi 5 &#8211; 27 mm<\/p>\n<p><\/p>\n<table>\n<tr>\n<td>A\u011f\u0131rl\u0131k<\/td>\n<td>361 g<\/td>\n<\/tr>\n<tr>\n<td>\u00d6l\u00e7\u00fcler<\/td>\n<td>250 x 50 x 15 mm<\/td>\n<\/tr>\n<\/table>\n","protected":false},"excerpt":{"rendered":"<ol>\n<li data-list=\"bullet\"><span class=\"ql-ui\" contenteditable=\"false\"><\/span><span style=\"background-color: rgb(255, 255, 255); color: rgb(0, 79, 159);\">&nbsp;A\u015f\u0131nm\u0131\u015f ba\u015flar\u0131 ve di\u015fleri olan vidalar\u0131 kavramak, s\u0131kmak ve gev\u015fetmek amac\u0131yla kullan\u0131l\u0131r<\/span><\/li>\n<li data-list=\"bullet\"><span class=\"ql-ui\" contenteditable=\"false\"><\/span><span style=\"background-color: rgb(255, 255, 255); color: rgb(0, 79, 159);\">&nbsp;Benzersiz kombinasyon: \u00d6n kavrama ve yan kavrama i\u015flevi, kutu mafsal\u0131, basmal\u0131 d\u00fc\u011fme ayar\u0131<\/span><\/li>\n<li data-list=\"bullet\"><span class=\"ql-ui\" contenteditable=\"false\"><\/span><span style=\"background-color: rgb(255, 255, 255); color: rgb(0, 79, 159);\">&nbsp;A\u011f\u0131z ucunda sa\u011flam di\u015flere ve y\u00fcksek di\u015fli oran\u0131na sahip y\u00fcksek kavramal\u0131 \u00f6n \u00e7ene<\/span><\/li>\n<li data-list=\"bullet\"><span class=\"ql-ui\" contenteditable=\"false\"><\/span><span style=\"background-color: rgb(255, 255, 255); color: black;\">&nbsp;\u00c7ok ince pense: h\u0131zl\u0131 vidalama i\u00e7in ince d\u00f6n\u00fc\u015f b\u00f6lgesi ile dar alanlarda dahi kullan\u0131labilir<\/span><\/li>\n<li data-list=\"bullet\"><span class=\"ql-ui\" contenteditable=\"false\"><\/span><span style=\"background-color: rgb(255, 255, 255); color: black;\">&nbsp;\u00dc\u00e7 nokta sistemi sayesinde 10 mm&#8217;ye kadar d\u00fcz i\u015f par\u00e7alar\u0131n\u0131n g\u00fcvenilir, \u00f6nden kavranmas\u0131<\/span><\/li>\n<li data-list=\"bullet\"><span class=\"ql-ui\" contenteditable=\"false\"><\/span><span style=\"background-color: rgb(255, 255, 255); color: black;\">&nbsp;Kavrama kapasitesinin hassas ayar\u0131 i\u00e7in d\u00fc\u011fmeyle ayarlanan yedi y\u00f6nl\u00fc ayarlanabilir kayar mafsal<\/span><\/li>\n<li data-list=\"bullet\"><span class=\"ql-ui\" contenteditable=\"false\"><\/span><span style=\"background-color: rgb(255, 255, 255); color: black;\">&nbsp;S\u0131k\u0131\u015fma \u00f6nleyici parma\u011f\u0131n ezilme riskini azalt\u0131r<\/span><\/li>\n<li data-list=\"bullet\"><span class=\"ql-ui\" contenteditable=\"false\"><\/span><span style=\"background-color: rgb(255, 255, 255); color: black;\">&nbsp;Sa\u011flam kutu mafsal\u0131 sayesinde dayan\u0131kl\u0131 ve esnek<\/span><\/li>\n<li data-list=\"bullet\"><span class=\"ql-ui\" contenteditable=\"false\"><\/span><span style=\"background-color: rgb(255, 255, 255); color: black;\">&nbsp;A\/F 5 \u2013 27 mm ile b\u00fcy\u00fck, \u00e7ok s\u0131k\u0131 ve derin yerle\u015fik bile\u015fenleri de g\u00fc\u00e7l\u00fc bir \u015fekilde kavrar<\/span><\/li>\n<li data-list=\"bullet\"><span class=\"ql-ui\" contenteditable=\"false\"><\/span><span style=\"background-color: rgb(255, 255, 255); color: black;\">&nbsp;\u00dc\u00e7 nokta sistemi sayesinde 10 mm&#8217;ye kadar d\u00fcz i\u015f par\u00e7alar\u0131n\u0131n g\u00fcvenilir, \u00f6nden kavranmas\u0131<\/span><\/li>\n<li data-list=\"bullet\"><span class=\"ql-ui\" contenteditable=\"false\"><\/span><span style=\"background-color: rgb(255, 255, 255); color: black;\">&nbsp;Kavrama kapasitesinin hassas ayar\u0131 i\u00e7in d\u00fc\u011fmeyle ayarlanan yedi y\u00f6nl\u00fc ayarlanabilir kayar mafsal<\/span><\/li>\n<\/ol>\n<p>Boru \u00e7ap\u0131 kapasitesi (\u00e7ap) \u00d8 0 1\/16 &#8211; 1 1\/16 \u0130n\u00e7 Boru \u00e7ap\u0131 kapasitesi (\u00e7ap) \u00d8 5 &#8211; 27 mm Somun ve anahtar \u00f6l\u00e7\u00fcs\u00fc kapasitesi 5 &#8211; 27 mm<\/p>\n<p><\/p>\n","protected":false},"featured_media":0,"comment_status":"open","ping_status":"closed","template":"","meta":{"_acf_changed":false},"product_brand":[1486],"product_cat":[1565],"product_tag":[],"class_list":{"0":"post-25614","1":"product","2":"type-product","3":"status-publish","5":"product_brand-knipex","6":"product_cat-yok-yok","8":"first","9":"instock","10":"taxable","11":"shipping-taxable","12":"purchasable","13":"product-type-simple","14":"add-to-wishlist-after_add_to_cart"},"acf":[],"_links":{"self":[{"href":"https:\/\/www.makitamarket.com.tr\/site\/wp-json\/wp\/v2\/product\/25614","targetHints":{"allow":["GET"]}}],"collection":[{"href":"https:\/\/www.makitamarket.com.tr\/site\/wp-json\/wp\/v2\/product"}],"about":[{"href":"https:\/\/www.makitamarket.com.tr\/site\/wp-json\/wp\/v2\/types\/product"}],"replies":[{"embeddable":true,"href":"https:\/\/www.makitamarket.com.tr\/site\/wp-json\/wp\/v2\/comments?post=25614"}],"wp:attachment":[{"href":"https:\/\/www.makitamarket.com.tr\/site\/wp-json\/wp\/v2\/media?parent=25614"}],"wp:term":[{"taxonomy":"product_brand","embeddable":true,"href":"https:\/\/www.makitamarket.com.tr\/site\/wp-json\/wp\/v2\/product_brand?post=25614"},{"taxonomy":"product_cat","embeddable":true,"href":"https:\/\/www.makitamarket.com.tr\/site\/wp-json\/wp\/v2\/product_cat?post=25614"},{"taxonomy":"product_tag","embeddable":true,"href":"https:\/\/www.makitamarket.com.tr\/site\/wp-json\/wp\/v2\/product_tag?post=25614"}],"curies":[{"name":"wp","href":"https:\/\/api.w.org\/{rel}","templated":true}]}}