{"id":25615,"date":"2025-12-01T07:12:19","date_gmt":"2025-12-01T04:12:19","guid":{"rendered":"https:\/\/www.makitamarket.com.tr\/site\/urun\/knipex-8202200-knipex-twingrip-fort-pense\/"},"modified":"2026-04-13T23:51:56","modified_gmt":"2026-04-13T20:51:56","slug":"knipex-8202200-knipex-twingrip-fort-pense","status":"publish","type":"product","link":"https:\/\/www.makitamarket.com.tr\/site\/urun\/knipex-8202200-knipex-twingrip-fort-pense\/","title":{"rendered":"Knipex 8202200 KNIPEX TWINGRIP FORT PENSE"},"content":{"rendered":"<ol>\n<li data-list=\"bullet\"><span class=\"ql-ui\" contenteditable=\"false\"><\/span><span style=\"background-color: rgb(255, 255, 255); color: rgb(0, 79, 159);\">&nbsp;A\u015f\u0131nm\u0131\u015f ba\u015flar\u0131 ve di\u015fleri olan vidalar\u0131 kavramak, s\u0131kmak ve gev\u015fetmek amac\u0131yla kullan\u0131l\u0131r<\/span><\/li>\n<li data-list=\"bullet\"><span class=\"ql-ui\" contenteditable=\"false\"><\/span><span style=\"background-color: rgb(255, 255, 255); color: rgb(0, 79, 159);\">&nbsp;Benzersiz kombinasyon: \u00d6n kavrama ve yan kavrama i\u015flevi, kutu mafsal\u0131, basmal\u0131 d\u00fc\u011fme ayar\u0131<\/span><\/li>\n<li data-list=\"bullet\"><span class=\"ql-ui\" contenteditable=\"false\"><\/span><span style=\"background-color: rgb(255, 255, 255); color: rgb(0, 79, 159);\">&nbsp;A\u011f\u0131z ucunda sa\u011flam di\u015flere ve y\u00fcksek di\u015fli oran\u0131na sahip y\u00fcksek kavramal\u0131 \u00f6n \u00e7ene<\/span><\/li>\n<li data-list=\"bullet\"><span class=\"ql-ui\" contenteditable=\"false\"><\/span><span style=\"background-color: rgb(255, 255, 255); color: black;\">&nbsp;\u00c7ok ince pense, dar bir d\u00f6n\u00fc\u015f alan\u0131yla s\u0131n\u0131rl\u0131 montaj alanlar\u0131nda bile h\u0131zl\u0131 sonu\u00e7lar elde etmenizi sa\u011flar<\/span><\/li>\n<li data-list=\"bullet\"><span class=\"ql-ui\" contenteditable=\"false\"><\/span><span style=\"background-color: rgb(255, 255, 255); color: black;\">&nbsp;S\u0131k\u0131\u015fma \u00f6nleyici parma\u011f\u0131n ezilme riskini azalt\u0131r<\/span><\/li>\n<li data-list=\"bullet\"><span class=\"ql-ui\" contenteditable=\"false\"><\/span><span style=\"background-color: rgb(255, 255, 255); color: black;\">&nbsp;Sa\u011flam kutu mafsal\u0131 sayesinde dayan\u0131kl\u0131 ve esnek<\/span><\/li>\n<li data-list=\"bullet\"><span class=\"ql-ui\" contenteditable=\"false\"><\/span><span style=\"background-color: rgb(255, 255, 255); color: black;\">&nbsp;T\u00fcm genel g\u00f6revler i\u00e7in \u00e7ok y\u00f6nl\u00fc<\/span><\/li>\n<li data-list=\"bullet\"><span class=\"ql-ui\" contenteditable=\"false\"><\/span><span style=\"background-color: rgb(255, 255, 255); color: black;\">&nbsp;Konforlu saplar ile: optimize edilmi\u015f kullan\u0131m i\u00e7in \u00fc\u00e7 ergonomik bile\u015fenden olu\u015fur ve eklemeler i\u00e7in iki KNIPEXtend arabirimiyle donat\u0131lm\u0131\u015ft\u0131r<\/span><\/li>\n<li data-list=\"bullet\"><span class=\"ql-ui\" contenteditable=\"false\"><\/span><span style=\"background-color: rgb(255, 255, 255); color: black;\">&nbsp;4-22 mm lama \u00e7ap\u0131 ve geni\u015fli\u011fi i\u00e7in geni\u015f \u00f6n ve yan kavrama kapasitesi<\/span><\/li>\n<li data-list=\"bullet\"><span class=\"ql-ui\" contenteditable=\"false\"><\/span><span style=\"background-color: rgb(255, 255, 255); color: black;\">&nbsp;\u00dc\u00e7 nokta sistemi sayesinde 8 mm&#8217;ye kadar d\u00fcz i\u015f par\u00e7alar\u0131n\u0131n g\u00fcvenilir, \u00f6nden kavranmas\u0131<\/span><\/li>\n<li data-list=\"bullet\"><span class=\"ql-ui\" contenteditable=\"false\"><\/span><span style=\"background-color: rgb(255, 255, 255); color: black;\">&nbsp;Kavrama kapasitesinin hassas ayar\u0131 i\u00e7in d\u00fc\u011fmeyle ayarlanan be\u015f a\u015famal\u0131 ayarlanabilir mafsal<\/span><\/li>\n<\/ol>\n<p><\/p>\n<table>\n<tr>\n<td>A\u011f\u0131rl\u0131k<\/td>\n<td>280 g<\/td>\n<\/tr>\n<\/table>\n","protected":false},"excerpt":{"rendered":"<ol>\n<li data-list=\"bullet\"><span class=\"ql-ui\" contenteditable=\"false\"><\/span><span style=\"background-color: rgb(255, 255, 255); color: rgb(0, 79, 159);\">&nbsp;A\u015f\u0131nm\u0131\u015f ba\u015flar\u0131 ve di\u015fleri olan vidalar\u0131 kavramak, s\u0131kmak ve gev\u015fetmek amac\u0131yla kullan\u0131l\u0131r<\/span><\/li>\n<li data-list=\"bullet\"><span class=\"ql-ui\" contenteditable=\"false\"><\/span><span style=\"background-color: rgb(255, 255, 255); color: rgb(0, 79, 159);\">&nbsp;Benzersiz kombinasyon: \u00d6n kavrama ve yan kavrama i\u015flevi, kutu mafsal\u0131, basmal\u0131 d\u00fc\u011fme ayar\u0131<\/span><\/li>\n<li data-list=\"bullet\"><span class=\"ql-ui\" contenteditable=\"false\"><\/span><span style=\"background-color: rgb(255, 255, 255); color: rgb(0, 79, 159);\">&nbsp;A\u011f\u0131z ucunda sa\u011flam di\u015flere ve y\u00fcksek di\u015fli oran\u0131na sahip y\u00fcksek kavramal\u0131 \u00f6n \u00e7ene<\/span><\/li>\n<li data-list=\"bullet\"><span class=\"ql-ui\" contenteditable=\"false\"><\/span><span style=\"background-color: rgb(255, 255, 255); color: black;\">&nbsp;\u00c7ok ince pense, dar bir d\u00f6n\u00fc\u015f alan\u0131yla s\u0131n\u0131rl\u0131 montaj alanlar\u0131nda bile h\u0131zl\u0131 sonu\u00e7lar elde etmenizi sa\u011flar<\/span><\/li>\n<li data-list=\"bullet\"><span class=\"ql-ui\" contenteditable=\"false\"><\/span><span style=\"background-color: rgb(255, 255, 255); color: black;\">&nbsp;S\u0131k\u0131\u015fma \u00f6nleyici parma\u011f\u0131n ezilme riskini azalt\u0131r<\/span><\/li>\n<li data-list=\"bullet\"><span class=\"ql-ui\" contenteditable=\"false\"><\/span><span style=\"background-color: rgb(255, 255, 255); color: black;\">&nbsp;Sa\u011flam kutu mafsal\u0131 sayesinde dayan\u0131kl\u0131 ve esnek<\/span><\/li>\n<li data-list=\"bullet\"><span class=\"ql-ui\" contenteditable=\"false\"><\/span><span style=\"background-color: rgb(255, 255, 255); color: black;\">&nbsp;T\u00fcm genel g\u00f6revler i\u00e7in \u00e7ok y\u00f6nl\u00fc<\/span><\/li>\n<li data-list=\"bullet\"><span class=\"ql-ui\" contenteditable=\"false\"><\/span><span style=\"background-color: rgb(255, 255, 255); color: black;\">&nbsp;Konforlu saplar ile: optimize edilmi\u015f kullan\u0131m i\u00e7in \u00fc\u00e7 ergonomik bile\u015fenden olu\u015fur ve eklemeler i\u00e7in iki KNIPEXtend arabirimiyle donat\u0131lm\u0131\u015ft\u0131r<\/span><\/li>\n<li data-list=\"bullet\"><span class=\"ql-ui\" contenteditable=\"false\"><\/span><span style=\"background-color: rgb(255, 255, 255); color: black;\">&nbsp;4-22 mm lama \u00e7ap\u0131 ve geni\u015fli\u011fi i\u00e7in geni\u015f \u00f6n ve yan kavrama kapasitesi<\/span><\/li>\n<li data-list=\"bullet\"><span class=\"ql-ui\" contenteditable=\"false\"><\/span><span style=\"background-color: rgb(255, 255, 255); color: black;\">&nbsp;\u00dc\u00e7 nokta sistemi sayesinde 8 mm&#8217;ye kadar d\u00fcz i\u015f par\u00e7alar\u0131n\u0131n g\u00fcvenilir, \u00f6nden kavranmas\u0131<\/span><\/li>\n<li data-list=\"bullet\"><span class=\"ql-ui\" contenteditable=\"false\"><\/span><span style=\"background-color: rgb(255, 255, 255); color: black;\">&nbsp;Kavrama kapasitesinin hassas ayar\u0131 i\u00e7in d\u00fc\u011fmeyle ayarlanan be\u015f a\u015famal\u0131 ayarlanabilir mafsal<\/span><\/li>\n<\/ol>\n<p><\/p>\n","protected":false},"featured_media":0,"comment_status":"open","ping_status":"closed","template":"","meta":{"_acf_changed":false},"product_brand":[1486],"product_cat":[1565],"product_tag":[],"class_list":{"0":"post-25615","1":"product","2":"type-product","3":"status-publish","5":"product_brand-knipex","6":"product_cat-yok-yok","8":"first","9":"outofstock","10":"taxable","11":"shipping-taxable","12":"purchasable","13":"product-type-simple","14":"add-to-wishlist-after_add_to_cart"},"acf":[],"_links":{"self":[{"href":"https:\/\/www.makitamarket.com.tr\/site\/wp-json\/wp\/v2\/product\/25615","targetHints":{"allow":["GET"]}}],"collection":[{"href":"https:\/\/www.makitamarket.com.tr\/site\/wp-json\/wp\/v2\/product"}],"about":[{"href":"https:\/\/www.makitamarket.com.tr\/site\/wp-json\/wp\/v2\/types\/product"}],"replies":[{"embeddable":true,"href":"https:\/\/www.makitamarket.com.tr\/site\/wp-json\/wp\/v2\/comments?post=25615"}],"wp:attachment":[{"href":"https:\/\/www.makitamarket.com.tr\/site\/wp-json\/wp\/v2\/media?parent=25615"}],"wp:term":[{"taxonomy":"product_brand","embeddable":true,"href":"https:\/\/www.makitamarket.com.tr\/site\/wp-json\/wp\/v2\/product_brand?post=25615"},{"taxonomy":"product_cat","embeddable":true,"href":"https:\/\/www.makitamarket.com.tr\/site\/wp-json\/wp\/v2\/product_cat?post=25615"},{"taxonomy":"product_tag","embeddable":true,"href":"https:\/\/www.makitamarket.com.tr\/site\/wp-json\/wp\/v2\/product_tag?post=25615"}],"curies":[{"name":"wp","href":"https:\/\/api.w.org\/{rel}","templated":true}]}}