{"id":25620,"date":"2025-12-01T07:12:22","date_gmt":"2025-12-01T04:12:22","guid":{"rendered":"https:\/\/www.makitamarket.com.tr\/site\/urun\/knipex-7881125-knipex-elektronik-super-knips\/"},"modified":"2026-04-13T23:51:50","modified_gmt":"2026-04-13T20:51:50","slug":"knipex-7881125-knipex-elektronik-super-knips","status":"publish","type":"product","link":"https:\/\/www.makitamarket.com.tr\/site\/urun\/knipex-7881125-knipex-elektronik-super-knips\/","title":{"rendered":"Knipex 7881125 KNIPEX ELEKTRON\u0130K SUPER KN\u0130PS"},"content":{"rendered":"<ol>\n<li data-list=\"bullet\"><span class=\"ql-ui\" contenteditable=\"false\"><\/span><span style=\"color: black; background-color: rgb(255, 255, 255);\">&nbsp;Elektronik ve hassas mekanik kesimleri i\u00e7in ideal<\/span><\/li>\n<li data-list=\"bullet\"><span class=\"ql-ui\" contenteditable=\"false\"><\/span><span style=\"color: black; background-color: rgb(255, 255, 255);\">&nbsp;Hassas \u015fekillendirilmi\u015f u\u00e7lar \u00e7ap\u0131 0,2 mm\u2019den b\u00fcy\u00fck olan biti\u015fik telleri de keser<\/span><\/li>\n<li data-list=\"bullet\"><span class=\"ql-ui\" contenteditable=\"false\"><\/span><span style=\"color: black; background-color: rgb(255, 255, 255);\">&nbsp;Kontroll\u00fc mikro kesici eleman\u0131 ile yap\u0131lan kesim i\u015flemi \u00e7ok ince tellerin hassas kesilmesini sa\u011flar ve uzun kullan\u0131m \u00f6mr\u00fcne sahiptir<\/span><\/li>\n<li data-list=\"bullet\"><span class=\"ql-ui\" contenteditable=\"false\"><\/span><span style=\"color: black; background-color: rgb(255, 255, 255);\">&nbsp;Paslanmaz \u00e7elik per\u00e7inli mafsal<\/span><\/li>\n<li data-list=\"bullet\"><span class=\"ql-ui\" contenteditable=\"false\"><\/span><span style=\"color: black; background-color: rgb(255, 255, 255);\">&nbsp;Hafif tasar\u0131m\u0131yla konforlu \u00e7al\u0131\u015fma<\/span><\/li>\n<li data-list=\"bullet\"><span class=\"ql-ui\" contenteditable=\"false\"><\/span><span style=\"color: black; background-color: rgb(255, 255, 255);\">&nbsp;A\u00e7ma yay\u0131 ve kesim \u00e7ap\u0131 sabitleme<\/span><\/li>\n<li data-list=\"bullet\"><span class=\"ql-ui\" contenteditable=\"false\"><\/span><span style=\"color: black; background-color: rgb(255, 255, 255);\">&nbsp;Hassas kesici, sert tel i\u00e7in de kullanmay\u0131 m\u00fcmk\u00fcn k\u0131lan \u00e7ok k\u00fc\u00e7\u00fck segment<\/span><\/li>\n<li data-list=\"bullet\"><span class=\"ql-ui\" contenteditable=\"false\"><\/span><span style=\"color: black; background-color: rgb(255, 255, 255);\">&nbsp;Kesicilere ek olarak ind\u00fcksiyon sertle\u015ftirme uygulanm\u0131\u015ft\u0131r, kesici sertli\u011fi yakl. 62 HRC<\/span><\/li>\n<li data-list=\"bullet\"><span class=\"ql-ui\" contenteditable=\"false\"><\/span><span style=\"color: black; background-color: rgb(255, 255, 255);\">&nbsp;\u00d6zel \u00e7eli\u011fi, perdahlanm\u0131\u015f<\/span><\/li>\n<\/ol>\n<table><\/table>\n","protected":false},"excerpt":{"rendered":"<ol>\n<li data-list=\"bullet\"><span class=\"ql-ui\" contenteditable=\"false\"><\/span><span style=\"color: black; background-color: rgb(255, 255, 255);\">&nbsp;Elektronik ve hassas mekanik kesimleri i\u00e7in ideal<\/span><\/li>\n<li data-list=\"bullet\"><span class=\"ql-ui\" contenteditable=\"false\"><\/span><span style=\"color: black; background-color: rgb(255, 255, 255);\">&nbsp;Hassas \u015fekillendirilmi\u015f u\u00e7lar \u00e7ap\u0131 0,2 mm\u2019den b\u00fcy\u00fck olan biti\u015fik telleri de keser<\/span><\/li>\n<li data-list=\"bullet\"><span class=\"ql-ui\" contenteditable=\"false\"><\/span><span style=\"color: black; background-color: rgb(255, 255, 255);\">&nbsp;Kontroll\u00fc mikro kesici eleman\u0131 ile yap\u0131lan kesim i\u015flemi \u00e7ok ince tellerin hassas kesilmesini sa\u011flar ve uzun kullan\u0131m \u00f6mr\u00fcne sahiptir<\/span><\/li>\n<li data-list=\"bullet\"><span class=\"ql-ui\" contenteditable=\"false\"><\/span><span style=\"color: black; background-color: rgb(255, 255, 255);\">&nbsp;Paslanmaz \u00e7elik per\u00e7inli mafsal<\/span><\/li>\n<li data-list=\"bullet\"><span class=\"ql-ui\" contenteditable=\"false\"><\/span><span style=\"color: black; background-color: rgb(255, 255, 255);\">&nbsp;Hafif tasar\u0131m\u0131yla konforlu \u00e7al\u0131\u015fma<\/span><\/li>\n<li data-list=\"bullet\"><span class=\"ql-ui\" contenteditable=\"false\"><\/span><span style=\"color: black; background-color: rgb(255, 255, 255);\">&nbsp;A\u00e7ma yay\u0131 ve kesim \u00e7ap\u0131 sabitleme<\/span><\/li>\n<li data-list=\"bullet\"><span class=\"ql-ui\" contenteditable=\"false\"><\/span><span style=\"color: black; background-color: rgb(255, 255, 255);\">&nbsp;Hassas kesici, sert tel i\u00e7in de kullanmay\u0131 m\u00fcmk\u00fcn k\u0131lan \u00e7ok k\u00fc\u00e7\u00fck segment<\/span><\/li>\n<li data-list=\"bullet\"><span class=\"ql-ui\" contenteditable=\"false\"><\/span><span style=\"color: black; background-color: rgb(255, 255, 255);\">&nbsp;Kesicilere ek olarak ind\u00fcksiyon sertle\u015ftirme uygulanm\u0131\u015ft\u0131r, kesici sertli\u011fi yakl. 62 HRC<\/span><\/li>\n<li data-list=\"bullet\"><span class=\"ql-ui\" contenteditable=\"false\"><\/span><span style=\"color: black; background-color: rgb(255, 255, 255);\">&nbsp;\u00d6zel \u00e7eli\u011fi, perdahlanm\u0131\u015f<\/span><\/li>\n<\/ol>\n","protected":false},"featured_media":0,"comment_status":"open","ping_status":"closed","template":"","meta":{"_acf_changed":false},"product_brand":[1486],"product_cat":[1565],"product_tag":[],"class_list":{"0":"post-25620","1":"product","2":"type-product","3":"status-publish","5":"product_brand-knipex","6":"product_cat-yok-yok","8":"first","9":"instock","10":"taxable","11":"shipping-taxable","12":"purchasable","13":"product-type-simple","14":"add-to-wishlist-after_add_to_cart"},"acf":[],"_links":{"self":[{"href":"https:\/\/www.makitamarket.com.tr\/site\/wp-json\/wp\/v2\/product\/25620","targetHints":{"allow":["GET"]}}],"collection":[{"href":"https:\/\/www.makitamarket.com.tr\/site\/wp-json\/wp\/v2\/product"}],"about":[{"href":"https:\/\/www.makitamarket.com.tr\/site\/wp-json\/wp\/v2\/types\/product"}],"replies":[{"embeddable":true,"href":"https:\/\/www.makitamarket.com.tr\/site\/wp-json\/wp\/v2\/comments?post=25620"}],"wp:attachment":[{"href":"https:\/\/www.makitamarket.com.tr\/site\/wp-json\/wp\/v2\/media?parent=25620"}],"wp:term":[{"taxonomy":"product_brand","embeddable":true,"href":"https:\/\/www.makitamarket.com.tr\/site\/wp-json\/wp\/v2\/product_brand?post=25620"},{"taxonomy":"product_cat","embeddable":true,"href":"https:\/\/www.makitamarket.com.tr\/site\/wp-json\/wp\/v2\/product_cat?post=25620"},{"taxonomy":"product_tag","embeddable":true,"href":"https:\/\/www.makitamarket.com.tr\/site\/wp-json\/wp\/v2\/product_tag?post=25620"}],"curies":[{"name":"wp","href":"https:\/\/api.w.org\/{rel}","templated":true}]}}