{"id":25624,"date":"2025-12-01T07:12:24","date_gmt":"2025-12-01T04:12:24","guid":{"rendered":"https:\/\/www.makitamarket.com.tr\/site\/urun\/knipex-7912125esd-knipex-79-12-125esd-elektronikci-yan-keski\/"},"modified":"2026-04-21T05:17:22","modified_gmt":"2026-04-21T02:17:22","slug":"knipex-7912125esd-knipex-79-12-125esd-elektronikci-yan-keski","status":"publish","type":"product","link":"https:\/\/www.makitamarket.com.tr\/site\/urun\/knipex-7912125esd-knipex-79-12-125esd-elektronikci-yan-keski\/","title":{"rendered":"Knipex 7912125ESD KNIPEX 79 12 125ESD ELEKTRONIKCI YAN KESKI"},"content":{"rendered":"<ol>\n<li data-list=\"bullet\"><span class=\"ql-ui\" contenteditable=\"false\"><\/span><span style=\"background-color: rgb(255, 255, 255); color: black;\">&nbsp;Elektronik ve hassas mekanik kesimleri i\u00e7in ideal<\/span><\/li>\n<li data-list=\"bullet\"><span class=\"ql-ui\" contenteditable=\"false\"><\/span><span style=\"background-color: rgb(255, 255, 255); color: black;\">&nbsp;Elektro Statik De\u015farj Modeli<\/span><\/li>\n<li data-list=\"bullet\"><span class=\"ql-ui\" contenteditable=\"false\"><\/span><span style=\"background-color: rgb(255, 255, 255); color: black;\">&nbsp;Az p\u00fcr\u00fczl\u00fc olarak, hassas elektronik elemanlar\u0131n kesilmesi i\u00e7in keskin kesim kenarlar\u0131; ayn\u0131 zamanda \u00e7apaks\u0131z kesim<\/span><\/li>\n<li data-list=\"bullet\"><span class=\"ql-ui\" contenteditable=\"false\"><\/span><span style=\"background-color: rgb(255, 255, 255); color: black;\">&nbsp;Kesicilere ek olarak ind\u00fcksiyon sertle\u015ftirme uygulamas\u0131 yap\u0131lm\u0131\u015ft\u0131r, kesici sertli\u011fi yakl. 64 HRC<\/span><\/li>\n<li data-list=\"bullet\"><span class=\"ql-ui\" contenteditable=\"false\"><\/span><span style=\"background-color: rgb(255, 255, 255); color: black;\">&nbsp;Bilinen elektronik\u00e7i penselerinden yakl. % 20 oranda daha az a\u011f\u0131rl\u0131k.<\/span><\/li>\n<li data-list=\"bullet\"><span class=\"ql-ui\" contenteditable=\"false\"><\/span><span style=\"background-color: rgb(255, 255, 255); color: black;\">&nbsp;D\u00fczenli hareket eden, toplam a\u00e7ma aral\u0131\u011f\u0131nda az s\u00fcrt\u00fcnmeli, hassas olarak ta\u015flanm\u0131\u015f mafsal y\u00fczeyli c\u0131vata ile ba\u011flanm\u0131\u015f mafsal<\/span><\/li>\n<li data-list=\"bullet\"><span class=\"ql-ui\" contenteditable=\"false\"><\/span><span style=\"background-color: rgb(255, 255, 255); color: black;\">&nbsp;Yumu\u015fak ve d\u00fczenli bir \u015fekilde a\u00e7\u0131l\u0131m i\u00e7in kolay \u00e7al\u0131\u015fan \u00e7ift yay<\/span><\/li>\n<li data-list=\"bullet\"><span class=\"ql-ui\" contenteditable=\"false\"><\/span><span style=\"background-color: rgb(255, 255, 255); color: black;\">&nbsp;Ergonomik optimizasyonlu \u00e7ok bile\u015fenli sap k\u0131l\u0131flar\u0131<\/span><\/li>\n<li data-list=\"bullet\"><span class=\"ql-ui\" contenteditable=\"false\"><\/span><span style=\"background-color: rgb(255, 255, 255); color: black;\">&nbsp;\u00d6zellikle sert ve piano teli kesme i\u00e7in<\/span><\/li>\n<\/ol>\n<p>Orta sert tel kesme de\u011feri (\u00e7ap) \u00d8 1,3 mm Yumu\u015fak tel kesme de\u011feri (\u00e7ap) \u00d8 1,0 mm Piyano tel kesme de\u011feri (\u00e7ap) \u00d8 0,6 mm Yumu\u015fak tel kesme de\u011feri (\u00e7ap) \u00d8 01 mm \u00c7ene uzunlu\u011fu (B) 10 mm \u00c7ene kal\u0131nl\u0131\u011f\u0131 (eklem) (D) 6,5 mm Kafa geni\u015fli\u011fi (A) 11 mm<\/p>\n<p><\/p>\n<table>\n<tr>\n<td>A\u011f\u0131rl\u0131k<\/td>\n<td>61 g<\/td>\n<\/tr>\n<tr>\n<td>\u00d6l\u00e7\u00fcler (UxGxY)<\/td>\n<td>125 x 60 x 20 mm<\/td>\n<\/tr>\n<\/table>\n","protected":false},"excerpt":{"rendered":"<ol>\n<li data-list=\"bullet\"><span class=\"ql-ui\" contenteditable=\"false\"><\/span><span style=\"background-color: rgb(255, 255, 255); color: black;\">&nbsp;Elektronik ve hassas mekanik kesimleri i\u00e7in ideal<\/span><\/li>\n<li data-list=\"bullet\"><span class=\"ql-ui\" contenteditable=\"false\"><\/span><span style=\"background-color: rgb(255, 255, 255); color: black;\">&nbsp;Elektro Statik De\u015farj Modeli<\/span><\/li>\n<li data-list=\"bullet\"><span class=\"ql-ui\" contenteditable=\"false\"><\/span><span style=\"background-color: rgb(255, 255, 255); color: black;\">&nbsp;Az p\u00fcr\u00fczl\u00fc olarak, hassas elektronik elemanlar\u0131n kesilmesi i\u00e7in keskin kesim kenarlar\u0131; ayn\u0131 zamanda \u00e7apaks\u0131z kesim<\/span><\/li>\n<li data-list=\"bullet\"><span class=\"ql-ui\" contenteditable=\"false\"><\/span><span style=\"background-color: rgb(255, 255, 255); color: black;\">&nbsp;Kesicilere ek olarak ind\u00fcksiyon sertle\u015ftirme uygulamas\u0131 yap\u0131lm\u0131\u015ft\u0131r, kesici sertli\u011fi yakl. 64 HRC<\/span><\/li>\n<li data-list=\"bullet\"><span class=\"ql-ui\" contenteditable=\"false\"><\/span><span style=\"background-color: rgb(255, 255, 255); color: black;\">&nbsp;Bilinen elektronik\u00e7i penselerinden yakl. % 20 oranda daha az a\u011f\u0131rl\u0131k.<\/span><\/li>\n<li data-list=\"bullet\"><span class=\"ql-ui\" contenteditable=\"false\"><\/span><span style=\"background-color: rgb(255, 255, 255); color: black;\">&nbsp;D\u00fczenli hareket eden, toplam a\u00e7ma aral\u0131\u011f\u0131nda az s\u00fcrt\u00fcnmeli, hassas olarak ta\u015flanm\u0131\u015f mafsal y\u00fczeyli c\u0131vata ile ba\u011flanm\u0131\u015f mafsal<\/span><\/li>\n<li data-list=\"bullet\"><span class=\"ql-ui\" contenteditable=\"false\"><\/span><span style=\"background-color: rgb(255, 255, 255); color: black;\">&nbsp;Yumu\u015fak ve d\u00fczenli bir \u015fekilde a\u00e7\u0131l\u0131m i\u00e7in kolay \u00e7al\u0131\u015fan \u00e7ift yay<\/span><\/li>\n<li data-list=\"bullet\"><span class=\"ql-ui\" contenteditable=\"false\"><\/span><span style=\"background-color: rgb(255, 255, 255); color: black;\">&nbsp;Ergonomik optimizasyonlu \u00e7ok bile\u015fenli sap k\u0131l\u0131flar\u0131<\/span><\/li>\n<li data-list=\"bullet\"><span class=\"ql-ui\" contenteditable=\"false\"><\/span><span style=\"background-color: rgb(255, 255, 255); color: black;\">&nbsp;\u00d6zellikle sert ve piano teli kesme i\u00e7in<\/span><\/li>\n<\/ol>\n<p>Orta sert tel kesme de\u011feri (\u00e7ap) \u00d8 1,3 mm Yumu\u015fak tel kesme de\u011feri (\u00e7ap) \u00d8 1,0 mm Piyano tel kesme de\u011feri (\u00e7ap) \u00d8 0,6 mm Yumu\u015fak tel kesme de\u011feri (\u00e7ap) \u00d8 01 mm \u00c7ene uzunlu\u011fu (B) 10 mm \u00c7ene kal\u0131nl\u0131\u011f\u0131 (eklem) (D) 6,5 mm Kafa geni\u015fli\u011fi (A) 11 mm<\/p>\n<p><\/p>\n","protected":false},"featured_media":0,"comment_status":"open","ping_status":"closed","template":"","meta":{"_acf_changed":false},"product_brand":[1486],"product_cat":[1565],"product_tag":[],"class_list":{"0":"post-25624","1":"product","2":"type-product","3":"status-publish","5":"product_brand-knipex","6":"product_cat-yok-yok","8":"first","9":"instock","10":"taxable","11":"shipping-taxable","12":"purchasable","13":"product-type-simple","14":"add-to-wishlist-after_add_to_cart"},"acf":[],"_links":{"self":[{"href":"https:\/\/www.makitamarket.com.tr\/site\/wp-json\/wp\/v2\/product\/25624","targetHints":{"allow":["GET"]}}],"collection":[{"href":"https:\/\/www.makitamarket.com.tr\/site\/wp-json\/wp\/v2\/product"}],"about":[{"href":"https:\/\/www.makitamarket.com.tr\/site\/wp-json\/wp\/v2\/types\/product"}],"replies":[{"embeddable":true,"href":"https:\/\/www.makitamarket.com.tr\/site\/wp-json\/wp\/v2\/comments?post=25624"}],"wp:attachment":[{"href":"https:\/\/www.makitamarket.com.tr\/site\/wp-json\/wp\/v2\/media?parent=25624"}],"wp:term":[{"taxonomy":"product_brand","embeddable":true,"href":"https:\/\/www.makitamarket.com.tr\/site\/wp-json\/wp\/v2\/product_brand?post=25624"},{"taxonomy":"product_cat","embeddable":true,"href":"https:\/\/www.makitamarket.com.tr\/site\/wp-json\/wp\/v2\/product_cat?post=25624"},{"taxonomy":"product_tag","embeddable":true,"href":"https:\/\/www.makitamarket.com.tr\/site\/wp-json\/wp\/v2\/product_tag?post=25624"}],"curies":[{"name":"wp","href":"https:\/\/api.w.org\/{rel}","templated":true}]}}