{"id":25625,"date":"2025-12-01T07:12:25","date_gmt":"2025-12-01T04:12:25","guid":{"rendered":"https:\/\/www.makitamarket.com.tr\/site\/urun\/knipex-7702130-knipex-elektronikci-yan-keski\/"},"modified":"2026-04-06T18:25:04","modified_gmt":"2026-04-06T15:25:04","slug":"knipex-7702130-knipex-elektronikci-yan-keski","status":"publish","type":"product","link":"https:\/\/www.makitamarket.com.tr\/site\/urun\/knipex-7702130-knipex-elektronikci-yan-keski\/","title":{"rendered":"Knipex 7702130 KNIPEX ELEKTRON\u0130K\u00c7\u0130 YAN KESK\u0130"},"content":{"rendered":"<ol>\n<li data-list=\"bullet\"><span class=\"ql-ui\" contenteditable=\"false\"><\/span><span style=\"background-color: rgb(255, 255, 255); color: rgb(0, 79, 159);\">&nbsp;Geri tepmesiz kutu mafsala sahip dayan\u0131kl\u0131, y\u00fck\u00fc optimize edilmi\u015f tasar\u0131m<\/span><\/li>\n<li data-list=\"bullet\"><span class=\"ql-ui\" contenteditable=\"false\"><\/span><span style=\"background-color: rgb(255, 255, 255); color: rgb(0, 79, 159);\">&nbsp;Ba\u015fparmak ve i\u015faret parma\u011f\u0131 aras\u0131nda hassas ve rahat kavrama i\u00e7in y\u00fcksek, ince kollar<\/span><\/li>\n<li data-list=\"bullet\"><span class=\"ql-ui\" contenteditable=\"false\"><\/span><span style=\"background-color: rgb(255, 255, 255); color: rgb(0, 79, 159);\">&nbsp;\u00c7ok y\u00fcksek aktar\u0131m oran\u0131 sayesinde az kuvvet gerektirir<\/span><\/li>\n<li data-list=\"bullet\"><span class=\"ql-ui\" contenteditable=\"false\"><\/span><span style=\"background-color: rgb(255, 255, 255); color: black;\">&nbsp;Y\u00fck optimizasyonu<\/span><\/li>\n<li data-list=\"bullet\"><span class=\"ql-ui\" contenteditable=\"false\"><\/span><span style=\"background-color: rgb(255, 255, 255); color: black;\">&nbsp;D\u00fczg\u00fcn ve e\u015fit a\u00e7\u0131lma i\u00e7in d\u00fc\u015f\u00fck s\u00fcrt\u00fcnmeli \u00e7ift yay<\/span><\/li>\n<li data-list=\"bullet\"><span class=\"ql-ui\" contenteditable=\"false\"><\/span><span style=\"background-color: rgb(255, 255, 255); color: black;\">&nbsp;Ayna polisaj\u0131 ince ya\u011f tabakas\u0131 ile ba\u011flant\u0131l\u0131 olarak korozyona kar\u015f\u0131 iyi bir koruma sa\u011flar &#8211; d\u00f6k\u00fclen krom par\u00e7alar elektrik devresinde ar\u0131za ger\u00e7ekle\u015fmez<\/span><\/li>\n<li data-list=\"bullet\"><span class=\"ql-ui\" contenteditable=\"false\"><\/span><span style=\"background-color: rgb(255, 255, 255); color: black;\">&nbsp;Kesiciler ek olarak lazerle sertle\u015ftirilmi\u015ftir, kesici sertli\u011fi en az 62 HRC&#8217;dir<\/span><\/li>\n<li data-list=\"bullet\"><span class=\"ql-ui\" contenteditable=\"false\"><\/span><span style=\"background-color: rgb(255, 255, 255); color: black;\">&nbsp;Yuvarlak kafa, az p\u00fcr\u00fczl\u00fc kesim<\/span><\/li>\n<\/ol>\n<p><\/p>\n<table>\n<tr>\n<td>\u00d6l\u00e7\u00fcler<\/td>\n<td>130 x 70 x 16 mm<\/td>\n<\/tr>\n<tr>\n<td>A\u011f\u0131rl\u0131k<\/td>\n<td>81 g<\/td>\n<\/tr>\n<\/table>\n","protected":false},"excerpt":{"rendered":"<ol>\n<li data-list=\"bullet\"><span class=\"ql-ui\" contenteditable=\"false\"><\/span><span style=\"background-color: rgb(255, 255, 255); color: rgb(0, 79, 159);\">&nbsp;Geri tepmesiz kutu mafsala sahip dayan\u0131kl\u0131, y\u00fck\u00fc optimize edilmi\u015f tasar\u0131m<\/span><\/li>\n<li data-list=\"bullet\"><span class=\"ql-ui\" contenteditable=\"false\"><\/span><span style=\"background-color: rgb(255, 255, 255); color: rgb(0, 79, 159);\">&nbsp;Ba\u015fparmak ve i\u015faret parma\u011f\u0131 aras\u0131nda hassas ve rahat kavrama i\u00e7in y\u00fcksek, ince kollar<\/span><\/li>\n<li data-list=\"bullet\"><span class=\"ql-ui\" contenteditable=\"false\"><\/span><span style=\"background-color: rgb(255, 255, 255); color: rgb(0, 79, 159);\">&nbsp;\u00c7ok y\u00fcksek aktar\u0131m oran\u0131 sayesinde az kuvvet gerektirir<\/span><\/li>\n<li data-list=\"bullet\"><span class=\"ql-ui\" contenteditable=\"false\"><\/span><span style=\"background-color: rgb(255, 255, 255); color: black;\">&nbsp;Y\u00fck optimizasyonu<\/span><\/li>\n<li data-list=\"bullet\"><span class=\"ql-ui\" contenteditable=\"false\"><\/span><span style=\"background-color: rgb(255, 255, 255); color: black;\">&nbsp;D\u00fczg\u00fcn ve e\u015fit a\u00e7\u0131lma i\u00e7in d\u00fc\u015f\u00fck s\u00fcrt\u00fcnmeli \u00e7ift yay<\/span><\/li>\n<li data-list=\"bullet\"><span class=\"ql-ui\" contenteditable=\"false\"><\/span><span style=\"background-color: rgb(255, 255, 255); color: black;\">&nbsp;Ayna polisaj\u0131 ince ya\u011f tabakas\u0131 ile ba\u011flant\u0131l\u0131 olarak korozyona kar\u015f\u0131 iyi bir koruma sa\u011flar &#8211; d\u00f6k\u00fclen krom par\u00e7alar elektrik devresinde ar\u0131za ger\u00e7ekle\u015fmez<\/span><\/li>\n<li data-list=\"bullet\"><span class=\"ql-ui\" contenteditable=\"false\"><\/span><span style=\"background-color: rgb(255, 255, 255); color: black;\">&nbsp;Kesiciler ek olarak lazerle sertle\u015ftirilmi\u015ftir, kesici sertli\u011fi en az 62 HRC&#8217;dir<\/span><\/li>\n<li data-list=\"bullet\"><span class=\"ql-ui\" contenteditable=\"false\"><\/span><span style=\"background-color: rgb(255, 255, 255); color: black;\">&nbsp;Yuvarlak kafa, az p\u00fcr\u00fczl\u00fc kesim<\/span><\/li>\n<\/ol>\n<p><\/p>\n","protected":false},"featured_media":0,"comment_status":"open","ping_status":"closed","template":"","meta":{"_acf_changed":false},"product_brand":[1486],"product_cat":[1565],"product_tag":[],"class_list":{"0":"post-25625","1":"product","2":"type-product","3":"status-publish","5":"product_brand-knipex","6":"product_cat-yok-yok","8":"first","9":"instock","10":"taxable","11":"shipping-taxable","12":"purchasable","13":"product-type-simple","14":"add-to-wishlist-after_add_to_cart"},"acf":[],"_links":{"self":[{"href":"https:\/\/www.makitamarket.com.tr\/site\/wp-json\/wp\/v2\/product\/25625","targetHints":{"allow":["GET"]}}],"collection":[{"href":"https:\/\/www.makitamarket.com.tr\/site\/wp-json\/wp\/v2\/product"}],"about":[{"href":"https:\/\/www.makitamarket.com.tr\/site\/wp-json\/wp\/v2\/types\/product"}],"replies":[{"embeddable":true,"href":"https:\/\/www.makitamarket.com.tr\/site\/wp-json\/wp\/v2\/comments?post=25625"}],"wp:attachment":[{"href":"https:\/\/www.makitamarket.com.tr\/site\/wp-json\/wp\/v2\/media?parent=25625"}],"wp:term":[{"taxonomy":"product_brand","embeddable":true,"href":"https:\/\/www.makitamarket.com.tr\/site\/wp-json\/wp\/v2\/product_brand?post=25625"},{"taxonomy":"product_cat","embeddable":true,"href":"https:\/\/www.makitamarket.com.tr\/site\/wp-json\/wp\/v2\/product_cat?post=25625"},{"taxonomy":"product_tag","embeddable":true,"href":"https:\/\/www.makitamarket.com.tr\/site\/wp-json\/wp\/v2\/product_tag?post=25625"}],"curies":[{"name":"wp","href":"https:\/\/api.w.org\/{rel}","templated":true}]}}