{"id":25634,"date":"2025-12-01T07:12:29","date_gmt":"2025-12-01T04:12:29","guid":{"rendered":"https:\/\/www.makitamarket.com.tr\/site\/urun\/euromax-2104pro-2104-pro-boya-puskurtme-makinasi\/"},"modified":"2026-04-13T23:39:38","modified_gmt":"2026-04-13T20:39:38","slug":"euromax-2104pro-2104-pro-boya-puskurtme-makinasi","status":"publish","type":"product","link":"https:\/\/www.makitamarket.com.tr\/site\/urun\/euromax-2104pro-2104-pro-boya-puskurtme-makinasi\/","title":{"rendered":"Euromax 2104PRO 2104 PRO BOYA P\u00dcSK\u00dcRTME MAK\u0130NASI"},"content":{"rendered":"<table>\n<tr>\n<td>\u015eebeke Gerilimi<\/td>\n<td>110-120V \/ 230-240V<\/td>\n<\/tr>\n<tr>\n<td>G\u00fc\u00e7<\/td>\n<td>1200 W<\/td>\n<\/tr>\n<tr>\n<td>Maksimum \u00c7al\u0131\u015fma<\/td>\n<td>3.300 PSI (22.7 Mpa)<\/td>\n<\/tr>\n<\/table>\n","protected":false},"excerpt":{"rendered":"<p>\u015eebeke Gerilimi 110-120V \/ 230-240V G\u00fc\u00e7 1200 W Maksimum \u00c7al\u0131\u015fma 3.300 PSI (22.7 Mpa)<\/p>\n","protected":false},"featured_media":0,"comment_status":"open","ping_status":"closed","template":"","meta":{"_acf_changed":false},"product_brand":[1513],"product_cat":[1565],"product_tag":[],"class_list":{"0":"post-25634","1":"product","2":"type-product","3":"status-publish","5":"product_brand-euromax","6":"product_cat-yok-yok","8":"first","9":"instock","10":"taxable","11":"shipping-taxable","12":"purchasable","13":"product-type-simple","14":"add-to-wishlist-after_add_to_cart"},"acf":[],"_links":{"self":[{"href":"https:\/\/www.makitamarket.com.tr\/site\/wp-json\/wp\/v2\/product\/25634","targetHints":{"allow":["GET"]}}],"collection":[{"href":"https:\/\/www.makitamarket.com.tr\/site\/wp-json\/wp\/v2\/product"}],"about":[{"href":"https:\/\/www.makitamarket.com.tr\/site\/wp-json\/wp\/v2\/types\/product"}],"replies":[{"embeddable":true,"href":"https:\/\/www.makitamarket.com.tr\/site\/wp-json\/wp\/v2\/comments?post=25634"}],"wp:attachment":[{"href":"https:\/\/www.makitamarket.com.tr\/site\/wp-json\/wp\/v2\/media?parent=25634"}],"wp:term":[{"taxonomy":"product_brand","embeddable":true,"href":"https:\/\/www.makitamarket.com.tr\/site\/wp-json\/wp\/v2\/product_brand?post=25634"},{"taxonomy":"product_cat","embeddable":true,"href":"https:\/\/www.makitamarket.com.tr\/site\/wp-json\/wp\/v2\/product_cat?post=25634"},{"taxonomy":"product_tag","embeddable":true,"href":"https:\/\/www.makitamarket.com.tr\/site\/wp-json\/wp\/v2\/product_tag?post=25634"}],"curies":[{"name":"wp","href":"https:\/\/api.w.org\/{rel}","templated":true}]}}