{"id":25636,"date":"2025-12-01T07:13:19","date_gmt":"2025-12-01T04:13:19","guid":{"rendered":"https:\/\/www.makitamarket.com.tr\/site\/urun\/factor-fcbg650-fcbg650-sirt-tirpan\/"},"modified":"2026-04-13T23:47:37","modified_gmt":"2026-04-13T20:47:37","slug":"factor-fcbg650-fcbg650-sirt-tirpan","status":"publish","type":"product","link":"https:\/\/www.makitamarket.com.tr\/site\/urun\/factor-fcbg650-fcbg650-sirt-tirpan\/","title":{"rendered":"Factor FCBG650 FCBG650 SIRT TIRPAN"},"content":{"rendered":"<table>\n<tr>\n<td>Kesim Geni\u015flik (Misina ba\u015fl\u0131kl\u0131)<\/td>\n<td>410 mm<\/td>\n<\/tr>\n<tr>\n<td>Benzine kat\u0131lacak ya\u011f oran\u0131<\/td>\n<td>1 L \/ 50 cc<\/td>\n<\/tr>\n<tr>\n<td>Kesim Geni\u015flik (\u00dc\u00e7l\u00fc testere b\u0131\u00e7a\u011f\u0131)<\/td>\n<td>255 mm<\/td>\n<\/tr>\n<tr>\n<td>G\u00fc\u00e7<\/td>\n<td>2.3 kW 3 Hp<\/td>\n<\/tr>\n<tr>\n<td>Silindir Hacmi<\/td>\n<td>65 cc<\/td>\n<\/tr>\n<tr>\n<td>\u00c7al\u0131\u015ft\u0131rma Sistemi<\/td>\n<td>\u0130pli<\/td>\n<\/tr>\n<tr>\n<td>Motor<\/td>\n<td>1E48F<\/td>\n<\/tr>\n<tr>\n<td>Net A\u011f\u0131rl\u0131k<\/td>\n<td>10 kg<\/td>\n<\/tr>\n<tr>\n<td>Tavsiye edilen ya\u011f<\/td>\n<td>2 Zamanl\u0131 Ya\u011f<\/td>\n<\/tr>\n<tr>\n<td>Yak\u0131t depo kapasitesi<\/td>\n<td>1.2 L<\/td>\n<\/tr>\n<tr>\n<td>Devir H\u0131z\u0131<\/td>\n<td>7500 rpm<\/td>\n<\/tr>\n<\/table>\n","protected":false},"excerpt":{"rendered":"<p>Kesim Geni\u015flik (Misina ba\u015fl\u0131kl\u0131) 410 mm Benzine kat\u0131lacak ya\u011f oran\u0131 1 L \/ 50 cc Kesim Geni\u015flik (\u00dc\u00e7l\u00fc testere b\u0131\u00e7a\u011f\u0131) 255 mm G\u00fc\u00e7 2.3 kW 3 Hp Silindir Hacmi 65<\/p>\n","protected":false},"featured_media":0,"comment_status":"open","ping_status":"closed","template":"","meta":{"_acf_changed":false},"product_brand":[1494],"product_cat":[1565],"product_tag":[],"class_list":{"0":"post-25636","1":"product","2":"type-product","3":"status-publish","5":"product_brand-factor","6":"product_cat-yok-yok","8":"first","9":"instock","10":"taxable","11":"shipping-taxable","12":"purchasable","13":"product-type-simple","14":"add-to-wishlist-after_add_to_cart"},"acf":[],"_links":{"self":[{"href":"https:\/\/www.makitamarket.com.tr\/site\/wp-json\/wp\/v2\/product\/25636","targetHints":{"allow":["GET"]}}],"collection":[{"href":"https:\/\/www.makitamarket.com.tr\/site\/wp-json\/wp\/v2\/product"}],"about":[{"href":"https:\/\/www.makitamarket.com.tr\/site\/wp-json\/wp\/v2\/types\/product"}],"replies":[{"embeddable":true,"href":"https:\/\/www.makitamarket.com.tr\/site\/wp-json\/wp\/v2\/comments?post=25636"}],"wp:attachment":[{"href":"https:\/\/www.makitamarket.com.tr\/site\/wp-json\/wp\/v2\/media?parent=25636"}],"wp:term":[{"taxonomy":"product_brand","embeddable":true,"href":"https:\/\/www.makitamarket.com.tr\/site\/wp-json\/wp\/v2\/product_brand?post=25636"},{"taxonomy":"product_cat","embeddable":true,"href":"https:\/\/www.makitamarket.com.tr\/site\/wp-json\/wp\/v2\/product_cat?post=25636"},{"taxonomy":"product_tag","embeddable":true,"href":"https:\/\/www.makitamarket.com.tr\/site\/wp-json\/wp\/v2\/product_tag?post=25636"}],"curies":[{"name":"wp","href":"https:\/\/api.w.org\/{rel}","templated":true}]}}