{"id":25638,"date":"2025-12-01T07:13:22","date_gmt":"2025-12-01T04:13:22","guid":{"rendered":"https:\/\/www.makitamarket.com.tr\/site\/urun\/factor-fc30-fc30-benzinli-motorlu-testere\/"},"modified":"2026-04-13T23:40:40","modified_gmt":"2026-04-13T20:40:40","slug":"factor-fc30-fc30-benzinli-motorlu-testere","status":"publish","type":"product","link":"https:\/\/www.makitamarket.com.tr\/site\/urun\/factor-fc30-fc30-benzinli-motorlu-testere\/","title":{"rendered":"Factor FC30 FC30 BENZ\u0130NL\u0130 MOTORLU TESTERE"},"content":{"rendered":"<table>\n<tr>\n<td>Zincir \u00d6l\u00e7\u00fcs\u00fc<\/td>\n<td>3\/8 in\u00e7<\/td>\n<\/tr>\n<tr>\n<td>Nominal Giri\u015f G\u00fcc\u00fc (KW)<\/td>\n<td>1.1 kW \/ 8500 devir\/dakika<\/td>\n<\/tr>\n<tr>\n<td>Net A\u011f\u0131rl\u0131k<\/td>\n<td> 3.5<\/td>\n<\/tr>\n<tr>\n<td>Silindir Hacmi<\/td>\n<td>25.4 cc<\/td>\n<\/tr>\n<tr>\n<td>Zincir Boyu<\/td>\n<td>0.050 in\u00e7<\/td>\n<\/tr>\n<tr>\n<td>Yak\u0131t Deposu Kapasitesi<\/td>\n<td>400 ml<\/td>\n<\/tr>\n<tr>\n<td>Paket \u00d6l\u00e7\u00fcleri<\/td>\n<td>250 \u00d7 260 \u00d7 300 mm<\/td>\n<\/tr>\n<tr>\n<td>Motor Tipi<\/td>\n<td>Tek silindirli, hava so\u011futmal\u0131, 2 zamanl\u0131 \u2013 2 adet piston segman\u0131<\/td>\n<\/tr>\n<tr>\n<td>Pala Uzunlu\u011fu<\/td>\n<td>30cm 12\u201d<\/td>\n<\/tr>\n<tr>\n<td>Ya\u011f Depo Kapasitesi ( litre )<\/td>\n<td>240 ml<\/td>\n<\/tr>\n<tr>\n<td>Br\u00fct A\u011f\u0131rl\u0131k<\/td>\n<td>4.5 kg<\/td>\n<\/tr>\n<\/table>\n","protected":false},"excerpt":{"rendered":"<p>Zincir \u00d6l\u00e7\u00fcs\u00fc 3\/8 in\u00e7 Nominal Giri\u015f G\u00fcc\u00fc (KW) 1.1 kW \/ 8500 devir\/dakika Net A\u011f\u0131rl\u0131k 3.5 Silindir Hacmi 25.4 cc Zincir Boyu 0.050 in\u00e7 Yak\u0131t Deposu Kapasitesi 400 ml Paket<\/p>\n","protected":false},"featured_media":0,"comment_status":"open","ping_status":"closed","template":"","meta":{"_acf_changed":false},"product_brand":[1494],"product_cat":[1565],"product_tag":[],"class_list":{"0":"post-25638","1":"product","2":"type-product","3":"status-publish","5":"product_brand-factor","6":"product_cat-yok-yok","8":"first","9":"instock","10":"taxable","11":"shipping-taxable","12":"purchasable","13":"product-type-simple","14":"add-to-wishlist-after_add_to_cart"},"acf":[],"_links":{"self":[{"href":"https:\/\/www.makitamarket.com.tr\/site\/wp-json\/wp\/v2\/product\/25638","targetHints":{"allow":["GET"]}}],"collection":[{"href":"https:\/\/www.makitamarket.com.tr\/site\/wp-json\/wp\/v2\/product"}],"about":[{"href":"https:\/\/www.makitamarket.com.tr\/site\/wp-json\/wp\/v2\/types\/product"}],"replies":[{"embeddable":true,"href":"https:\/\/www.makitamarket.com.tr\/site\/wp-json\/wp\/v2\/comments?post=25638"}],"wp:attachment":[{"href":"https:\/\/www.makitamarket.com.tr\/site\/wp-json\/wp\/v2\/media?parent=25638"}],"wp:term":[{"taxonomy":"product_brand","embeddable":true,"href":"https:\/\/www.makitamarket.com.tr\/site\/wp-json\/wp\/v2\/product_brand?post=25638"},{"taxonomy":"product_cat","embeddable":true,"href":"https:\/\/www.makitamarket.com.tr\/site\/wp-json\/wp\/v2\/product_cat?post=25638"},{"taxonomy":"product_tag","embeddable":true,"href":"https:\/\/www.makitamarket.com.tr\/site\/wp-json\/wp\/v2\/product_tag?post=25638"}],"curies":[{"name":"wp","href":"https:\/\/api.w.org\/{rel}","templated":true}]}}