{"id":25640,"date":"2025-12-01T07:14:20","date_gmt":"2025-12-01T04:14:20","guid":{"rendered":"https:\/\/www.makitamarket.com.tr\/site\/urun\/makita-ac001gz-hava-kompresoru\/"},"modified":"2026-04-13T23:58:45","modified_gmt":"2026-04-13T20:58:45","slug":"makita-ac001gz-hava-kompresoru","status":"publish","type":"product","link":"https:\/\/www.makitamarket.com.tr\/site\/urun\/makita-ac001gz-hava-kompresoru\/","title":{"rendered":"Makita AC001GZ HAVA KOMPRES\u00d6R\u00dc"},"content":{"rendered":"<p>Model AC001GZ<\/p>\n<p>Hava Kompres\u00f6r\u00fc<\/p>\n<p>D\u00fc\u015f\u00fck Sesli<\/p>\n<p>40Vmaks, 7,6 L<\/p>\n<p><span style=\"color: rgb(0, 112, 192);\">40Vmax XGT k\u00f6m\u00fcrs\u00fcz ak\u00fcl\u00fc Hava Kompres\u00f6r\u00fc<\/span><\/p>\n<p>D\u00fc\u015f\u00fck g\u00fcr\u00fclt\u00fc seviyesi, y\u00fcksek hava ak\u0131\u015f\u0131 ve hafif tasar\u0131m\u0131n m\u00fckemmel kombinasyonu. Model AC001G, 40Vmax XGT\u00ae Li-Ion ak\u00fc ile \u00e7al\u0131\u015fan ak\u00fcl\u00fc bir hava kompres\u00f6r\u00fcd\u00fcr.<\/p>\n<p><u>\u00d6zellikleri:<\/u><\/p>\n<p>40V,XGT<\/p>\n<p>XGT(Next Generation Technology Extreme Power); yenilik\u00e7i tasar\u0131m ve 40 volt ak\u00fclerle zorlu taleplerin kar\u015f\u0131land\u0131\u011f\u0131 in\u015faat,end\u00fcstri,bah\u00e7ecilik ve bir\u00e7ok alanda kullan\u0131labilen \u00fcr\u00fcnlerin kar\u0131\u015f\u0131m\u0131d\u0131r.XGT ak\u00fcleri son derece dayan\u0131kl\u0131 olacak \u015fekilde tasarlanm\u0131\u015f olup ak\u00fcleri su ge\u00e7irmez \u00fc\u00e7 katmanl\u0131 bir yap\u0131ya ve darbelere kar\u015f\u0131 korunakl\u0131 olacak \u015fekilde tasarlanm\u0131\u015ft\u0131r.<\/p>\n<p>Tank Hacmi:7.6L<\/p>\n<p>Maksimum Bas\u0131n\u00e7:0.93 MPa<\/p>\n<p>Ses Seviyesi: 68dB(A)<\/p>\n<p>Performans: 34L\/dk<\/p>\n<p>\u00d6l\u00e7\u00fcler(UXGXY):302x434x382mm<\/p>\n<p>Net a\u011f\u0131rl\u0131k:12kg<\/p>\n<p><span style=\"color: red;\">Ambalaj i\u00e7eri\u011finde ak\u00fc ve ak\u00fc \u015farj cihaz\u0131 bulunmamaktad\u0131r.<\/span><\/p>\n<p><\/p>\n<table>\n<tr>\n<td>Tank Hacmi<\/td>\n<td>7.6L<\/td>\n<\/tr>\n<tr>\n<td>Maksimum Bas\u0131n\u00e7<\/td>\n<td>0.93 MPa<\/td>\n<\/tr>\n<tr>\n<td>Ses seviyesi<\/td>\n<td>68 dB(A)<\/td>\n<\/tr>\n<tr>\n<td>Performans<\/td>\n<td>34L\/dk<\/td>\n<\/tr>\n<tr>\n<td>\u00d6l\u00e7\u00fcleri (UxGxY)<\/td>\n<td>302x434x382<\/td>\n<\/tr>\n<tr>\n<td>Net A\u011f\u0131rl\u0131k<\/td>\n<td>12<\/td>\n<\/tr>\n<tr>\n<td>Koli \u0130\u00e7i Adedi<\/td>\n<td>1<\/td>\n<\/tr>\n<\/table>\n","protected":false},"excerpt":{"rendered":"<p>Model AC001GZ<\/p>\n<p>Hava Kompres\u00f6r\u00fc<\/p>\n<p>D\u00fc\u015f\u00fck Sesli<\/p>\n<p>40Vmaks, 7,6 L<\/p>\n<p><span style=\"color: rgb(0, 112, 192);\">40Vmax XGT k\u00f6m\u00fcrs\u00fcz ak\u00fcl\u00fc Hava Kompres\u00f6r\u00fc<\/span><\/p>\n<p>D\u00fc\u015f\u00fck g\u00fcr\u00fclt\u00fc seviyesi, y\u00fcksek hava ak\u0131\u015f\u0131 ve hafif tasar\u0131m\u0131n m\u00fckemmel kombinasyonu. Model AC001G, 40Vmax XGT\u00ae Li-Ion ak\u00fc ile \u00e7al\u0131\u015fan ak\u00fcl\u00fc bir hava kompres\u00f6r\u00fcd\u00fcr.<\/p>\n<p><u>\u00d6zellikleri:<\/u><\/p>\n<p>40V,XGT<\/p>\n<p>XGT(Next Generation Technology Extreme Power); yenilik\u00e7i tasar\u0131m ve 40 volt ak\u00fclerle zorlu taleplerin kar\u015f\u0131land\u0131\u011f\u0131 in\u015faat,end\u00fcstri,bah\u00e7ecilik ve bir\u00e7ok alanda kullan\u0131labilen \u00fcr\u00fcnlerin kar\u0131\u015f\u0131m\u0131d\u0131r.XGT ak\u00fcleri son derece dayan\u0131kl\u0131 olacak \u015fekilde tasarlanm\u0131\u015f olup ak\u00fcleri su ge\u00e7irmez \u00fc\u00e7 katmanl\u0131 bir yap\u0131ya ve darbelere kar\u015f\u0131 korunakl\u0131 olacak \u015fekilde tasarlanm\u0131\u015ft\u0131r.<\/p>\n<p>Tank Hacmi:7.6L<\/p>\n<p>Maksimum Bas\u0131n\u00e7:0.93 MPa<\/p>\n<p>Ses Seviyesi: 68dB(A)<\/p>\n<p>Performans: 34L\/dk<\/p>\n<p>\u00d6l\u00e7\u00fcler(UXGXY):302x434x382mm<\/p>\n<p>Net a\u011f\u0131rl\u0131k:12kg<\/p>\n<p><span style=\"color: red;\">Ambalaj i\u00e7eri\u011finde ak\u00fc ve ak\u00fc \u015farj cihaz\u0131 bulunmamaktad\u0131r.<\/span><\/p>\n<p><\/p>\n","protected":false},"featured_media":25639,"comment_status":"open","ping_status":"closed","template":"","meta":{"_acf_changed":false},"product_brand":[1485],"product_cat":[1565],"product_tag":[],"class_list":{"0":"post-25640","1":"product","2":"type-product","3":"status-publish","4":"has-post-thumbnail","6":"product_brand-makita","7":"product_cat-yok-yok","9":"first","10":"instock","11":"taxable","12":"shipping-taxable","13":"purchasable","14":"product-type-simple","15":"add-to-wishlist-after_add_to_cart"},"acf":[],"_links":{"self":[{"href":"https:\/\/www.makitamarket.com.tr\/site\/wp-json\/wp\/v2\/product\/25640","targetHints":{"allow":["GET"]}}],"collection":[{"href":"https:\/\/www.makitamarket.com.tr\/site\/wp-json\/wp\/v2\/product"}],"about":[{"href":"https:\/\/www.makitamarket.com.tr\/site\/wp-json\/wp\/v2\/types\/product"}],"replies":[{"embeddable":true,"href":"https:\/\/www.makitamarket.com.tr\/site\/wp-json\/wp\/v2\/comments?post=25640"}],"wp:featuredmedia":[{"embeddable":true,"href":"https:\/\/www.makitamarket.com.tr\/site\/wp-json\/wp\/v2\/media\/25639"}],"wp:attachment":[{"href":"https:\/\/www.makitamarket.com.tr\/site\/wp-json\/wp\/v2\/media?parent=25640"}],"wp:term":[{"taxonomy":"product_brand","embeddable":true,"href":"https:\/\/www.makitamarket.com.tr\/site\/wp-json\/wp\/v2\/product_brand?post=25640"},{"taxonomy":"product_cat","embeddable":true,"href":"https:\/\/www.makitamarket.com.tr\/site\/wp-json\/wp\/v2\/product_cat?post=25640"},{"taxonomy":"product_tag","embeddable":true,"href":"https:\/\/www.makitamarket.com.tr\/site\/wp-json\/wp\/v2\/product_tag?post=25640"}],"curies":[{"name":"wp","href":"https:\/\/api.w.org\/{rel}","templated":true}]}}