{"id":25644,"date":"2025-12-01T07:14:21","date_gmt":"2025-12-01T04:14:21","guid":{"rendered":"https:\/\/www.makitamarket.com.tr\/site\/urun\/makita-cw001gz-sogutucu-isitici-dolap-40v\/"},"modified":"2026-04-13T23:57:44","modified_gmt":"2026-04-13T20:57:44","slug":"makita-cw001gz-sogutucu-isitici-dolap-40v","status":"publish","type":"product","link":"https:\/\/www.makitamarket.com.tr\/site\/urun\/makita-cw001gz-sogutucu-isitici-dolap-40v\/","title":{"rendered":"Makita CW001GZ SO\u011eUTUCU \/ ISITICI DOLAP 40V"},"content":{"rendered":"<p>Model CW001GZ<\/p>\n<p>So\u011futucu\/Is\u0131t\u0131c\u0131 Dolap<\/p>\n<p>40Vmax \u2022 18V \/ 12V \/ 24V DC \u2022 AC \u2022 20 L<\/p>\n<p><span style=\"color: rgb(0, 112, 192);\">Yiyecek ve i\u00e7ecekleri saklamak veya ta\u015f\u0131mak i\u00e7in so\u011futucu ve \u0131s\u0131t\u0131c\u0131 kutu<\/span><\/p>\n<p>CW001G So\u011futucu ve Is\u0131t\u0131c\u0131 kutusu, iki XGT\u00ae 5.0 Ah pil ile \u00f6\u011fle yeme\u011finizi 8,5 saate kadar s\u0131cak veya i\u00e7eceklerinizi 28 saate kadar so\u011fuk tutar. 4 g\u00fc\u00e7 kayna\u011f\u0131yla uyumludur. B\u00fcy\u00fck 20 L kapasite, d\u00f6rt adet 2L plastik \u015fi\u015feye veya yirmi adet 0,5 L plastik \u015fi\u015feye kadar saklaman\u0131za olanak tan\u0131r<\/p>\n<p><u>\u00d6zellikleri:<\/u><\/p>\n<p>40V,XGT<\/p>\n<p>XGT(Next Generation Technology Extreme Power); yenilik\u00e7i tasar\u0131m ve 40 volt ak\u00fclerle zorlu taleplerin kar\u015f\u0131land\u0131\u011f\u0131 in\u015faat,end\u00fcstri,bah\u00e7ecilik ve bir\u00e7ok alanda kullan\u0131labilen \u00fcr\u00fcnlerin kar\u0131\u015f\u0131m\u0131d\u0131r.XGT ak\u00fcleri son derece dayan\u0131kl\u0131 olacak \u015fekilde tasarlanm\u0131\u015f olup ak\u00fcleri su ge\u00e7irmez \u00fc\u00e7 katmanl\u0131 bir yap\u0131ya ve darbelere kar\u015f\u0131 korunakl\u0131 olacak \u015fekilde tasarlanm\u0131\u015ft\u0131r.<\/p>\n<p>Kapasite: 20L<\/p>\n<p>So\u011futma sistemi\/kapasitesi:-18\/-15\/-10\/-5\/0\/5\/10 cC<\/p>\n<p>Is\u0131tma sistemi\/kapasitesi: 30\/35\/40\/45\/50\/55\/60\u00b0C<\/p>\n<p>Boyutlar(UXGXY):663X341X372mm<\/p>\n<p>Net a\u011f\u0131rl\u0131k:17.3kg<\/p>\n<p>Koli i\u00e7i adedi:1<\/p>\n<p><span style=\"color: red;\">Ambalaj i\u00e7eri\u011finde ak\u00fc ve ak\u00fc \u015farj cihaz\u0131 bulunmamaktad\u0131r.<\/span><\/p>\n<table>\n<tr>\n<td>Kapasite<\/td>\n<td>20L<\/td>\n<\/tr>\n<tr>\n<td>So\u011futma Sistemi<\/td>\n<td>-18\/-15\/-10\/-5\/0\/5\/10\u00b0C<\/td>\n<\/tr>\n<tr>\n<td>Boyutlar (UxGxY)<\/td>\n<td>663x341x372 mm<\/td>\n<\/tr>\n<tr>\n<td>Net A\u011f\u0131rl\u0131k<\/td>\n<td>17.3<\/td>\n<\/tr>\n<tr>\n<td>Koli \u0130\u00e7i Adedi<\/td>\n<td>1<\/td>\n<\/tr>\n<\/table>\n","protected":false},"excerpt":{"rendered":"<p>Model CW001GZ<\/p>\n<p>So\u011futucu\/Is\u0131t\u0131c\u0131 Dolap<\/p>\n<p>40Vmax \u2022 18V \/ 12V \/ 24V DC \u2022 AC \u2022 20 L<\/p>\n<p><span style=\"color: rgb(0, 112, 192);\">Yiyecek ve i\u00e7ecekleri saklamak veya ta\u015f\u0131mak i\u00e7in so\u011futucu ve \u0131s\u0131t\u0131c\u0131 kutu<\/span><\/p>\n<p>CW001G So\u011futucu ve Is\u0131t\u0131c\u0131 kutusu, iki XGT\u00ae 5.0 Ah pil ile \u00f6\u011fle yeme\u011finizi 8,5 saate kadar s\u0131cak veya i\u00e7eceklerinizi 28 saate kadar so\u011fuk tutar. 4 g\u00fc\u00e7 kayna\u011f\u0131yla uyumludur. B\u00fcy\u00fck 20 L kapasite, d\u00f6rt adet 2L plastik \u015fi\u015feye veya yirmi adet 0,5 L plastik \u015fi\u015feye kadar saklaman\u0131za olanak tan\u0131r<\/p>\n<p><u>\u00d6zellikleri:<\/u><\/p>\n<p>40V,XGT<\/p>\n<p>XGT(Next Generation Technology Extreme Power); yenilik\u00e7i tasar\u0131m ve 40 volt ak\u00fclerle zorlu taleplerin kar\u015f\u0131land\u0131\u011f\u0131 in\u015faat,end\u00fcstri,bah\u00e7ecilik ve bir\u00e7ok alanda kullan\u0131labilen \u00fcr\u00fcnlerin kar\u0131\u015f\u0131m\u0131d\u0131r.XGT ak\u00fcleri son derece dayan\u0131kl\u0131 olacak \u015fekilde tasarlanm\u0131\u015f olup ak\u00fcleri su ge\u00e7irmez \u00fc\u00e7 katmanl\u0131 bir yap\u0131ya ve darbelere kar\u015f\u0131 korunakl\u0131 olacak \u015fekilde tasarlanm\u0131\u015ft\u0131r.<\/p>\n<p>Kapasite: 20L<\/p>\n<p>So\u011futma sistemi\/kapasitesi:-18\/-15\/-10\/-5\/0\/5\/10 cC<\/p>\n<p>Is\u0131tma sistemi\/kapasitesi: 30\/35\/40\/45\/50\/55\/60\u00b0C<\/p>\n<p>Boyutlar(UXGXY):663X341X372mm<\/p>\n<p>Net a\u011f\u0131rl\u0131k:17.3kg<\/p>\n<p>Koli i\u00e7i adedi:1<\/p>\n<p><span style=\"color: red;\">Ambalaj i\u00e7eri\u011finde ak\u00fc ve ak\u00fc \u015farj cihaz\u0131 bulunmamaktad\u0131r.<\/span><\/p>\n","protected":false},"featured_media":25643,"comment_status":"open","ping_status":"closed","template":"","meta":{"_acf_changed":false},"product_brand":[1485],"product_cat":[1565],"product_tag":[],"class_list":{"0":"post-25644","1":"product","2":"type-product","3":"status-publish","4":"has-post-thumbnail","6":"product_brand-makita","7":"product_cat-yok-yok","9":"first","10":"instock","11":"taxable","12":"shipping-taxable","13":"purchasable","14":"product-type-simple","15":"add-to-wishlist-after_add_to_cart"},"acf":[],"_links":{"self":[{"href":"https:\/\/www.makitamarket.com.tr\/site\/wp-json\/wp\/v2\/product\/25644","targetHints":{"allow":["GET"]}}],"collection":[{"href":"https:\/\/www.makitamarket.com.tr\/site\/wp-json\/wp\/v2\/product"}],"about":[{"href":"https:\/\/www.makitamarket.com.tr\/site\/wp-json\/wp\/v2\/types\/product"}],"replies":[{"embeddable":true,"href":"https:\/\/www.makitamarket.com.tr\/site\/wp-json\/wp\/v2\/comments?post=25644"}],"wp:featuredmedia":[{"embeddable":true,"href":"https:\/\/www.makitamarket.com.tr\/site\/wp-json\/wp\/v2\/media\/25643"}],"wp:attachment":[{"href":"https:\/\/www.makitamarket.com.tr\/site\/wp-json\/wp\/v2\/media?parent=25644"}],"wp:term":[{"taxonomy":"product_brand","embeddable":true,"href":"https:\/\/www.makitamarket.com.tr\/site\/wp-json\/wp\/v2\/product_brand?post=25644"},{"taxonomy":"product_cat","embeddable":true,"href":"https:\/\/www.makitamarket.com.tr\/site\/wp-json\/wp\/v2\/product_cat?post=25644"},{"taxonomy":"product_tag","embeddable":true,"href":"https:\/\/www.makitamarket.com.tr\/site\/wp-json\/wp\/v2\/product_tag?post=25644"}],"curies":[{"name":"wp","href":"https:\/\/api.w.org\/{rel}","templated":true}]}}