{"id":25658,"date":"2025-12-01T07:15:19","date_gmt":"2025-12-01T04:15:19","guid":{"rendered":"https:\/\/www.makitamarket.com.tr\/site\/urun\/knipex-989912-knipex-989912-standart-takim-cantasi-26-parcali\/"},"modified":"2026-04-13T23:52:45","modified_gmt":"2026-04-13T20:52:45","slug":"knipex-989912-knipex-989912-standart-takim-cantasi-26-parcali","status":"publish","type":"product","link":"https:\/\/www.makitamarket.com.tr\/site\/urun\/knipex-989912-knipex-989912-standart-takim-cantasi-26-parcali\/","title":{"rendered":"Knipex 989912 KNIPEX 989912 STANDART TAKIM \u00c7ANTASI 26 PAR\u00c7ALI"},"content":{"rendered":"<ol>\n<li data-list=\"bullet\"><span class=\"ql-ui\" contenteditable=\"false\"><\/span><span style=\"color: black;\">&nbsp;Darbeye kar\u015f\u0131 dayan\u0131kl\u0131 plastik \u00e7anta<\/span><\/li>\n<li data-list=\"bullet\"><span class=\"ql-ui\" contenteditable=\"false\"><\/span><span style=\"color: black;\">&nbsp;Elektrik sistemleri \u00fczerinde \u00e7al\u0131\u015fmak i\u00e7in yayg\u0131n olarak kullan\u0131lan izolasyonlu KNIPEX aletleri gam\u0131yla donat\u0131lm\u0131\u015ft\u0131r<\/span><\/li>\n<li data-list=\"bullet\"><span class=\"ql-ui\" contenteditable=\"false\"><\/span><span style=\"color: black;\">&nbsp;Aletlerin yerle\u015ftirilmesi i\u00e7in b\u00f6l\u00fcmler<\/span><\/li>\n<li data-list=\"bullet\"><span class=\"ql-ui\" contenteditable=\"false\"><\/span><span style=\"color: black;\">&nbsp;Ayarlanabilir b\u00f6l\u00fcmler<\/span><\/li>\n<li data-list=\"bullet\"><span class=\"ql-ui\" contenteditable=\"false\"><\/span><span style=\"color: black;\">&nbsp;\u00d6l\u00e7\u00fcler, d\u0131\u015f (G x Y x D): 440 x 105 x 385 mm<\/span><\/li>\n<\/ol>\n<p><\/p>\n<p><\/p>\n<table>\n<tr>\n<td>\u00d6l\u00e7\u00fcler<\/td>\n<td>385 x 380 x 100 mm<\/td>\n<\/tr>\n<tr>\n<td>A\u011f\u0131rl\u0131k<\/td>\n<td>4.710 g<\/td>\n<\/tr>\n<\/table>\n","protected":false},"excerpt":{"rendered":"<ol>\n<li data-list=\"bullet\"><span class=\"ql-ui\" contenteditable=\"false\"><\/span><span style=\"color: black;\">&nbsp;Darbeye kar\u015f\u0131 dayan\u0131kl\u0131 plastik \u00e7anta<\/span><\/li>\n<li data-list=\"bullet\"><span class=\"ql-ui\" contenteditable=\"false\"><\/span><span style=\"color: black;\">&nbsp;Elektrik sistemleri \u00fczerinde \u00e7al\u0131\u015fmak i\u00e7in yayg\u0131n olarak kullan\u0131lan izolasyonlu KNIPEX aletleri gam\u0131yla donat\u0131lm\u0131\u015ft\u0131r<\/span><\/li>\n<li data-list=\"bullet\"><span class=\"ql-ui\" contenteditable=\"false\"><\/span><span style=\"color: black;\">&nbsp;Aletlerin yerle\u015ftirilmesi i\u00e7in b\u00f6l\u00fcmler<\/span><\/li>\n<li data-list=\"bullet\"><span class=\"ql-ui\" contenteditable=\"false\"><\/span><span style=\"color: black;\">&nbsp;Ayarlanabilir b\u00f6l\u00fcmler<\/span><\/li>\n<li data-list=\"bullet\"><span class=\"ql-ui\" contenteditable=\"false\"><\/span><span style=\"color: black;\">&nbsp;\u00d6l\u00e7\u00fcler, d\u0131\u015f (G x Y x D): 440 x 105 x 385 mm<\/span><\/li>\n<\/ol>\n<p><\/p>\n<p><\/p>\n","protected":false},"featured_media":0,"comment_status":"open","ping_status":"closed","template":"","meta":{"_acf_changed":false},"product_brand":[1486],"product_cat":[1565],"product_tag":[],"class_list":{"0":"post-25658","1":"product","2":"type-product","3":"status-publish","5":"product_brand-knipex","6":"product_cat-yok-yok","8":"first","9":"instock","10":"taxable","11":"shipping-taxable","12":"purchasable","13":"product-type-simple","14":"add-to-wishlist-after_add_to_cart"},"acf":[],"_links":{"self":[{"href":"https:\/\/www.makitamarket.com.tr\/site\/wp-json\/wp\/v2\/product\/25658","targetHints":{"allow":["GET"]}}],"collection":[{"href":"https:\/\/www.makitamarket.com.tr\/site\/wp-json\/wp\/v2\/product"}],"about":[{"href":"https:\/\/www.makitamarket.com.tr\/site\/wp-json\/wp\/v2\/types\/product"}],"replies":[{"embeddable":true,"href":"https:\/\/www.makitamarket.com.tr\/site\/wp-json\/wp\/v2\/comments?post=25658"}],"wp:attachment":[{"href":"https:\/\/www.makitamarket.com.tr\/site\/wp-json\/wp\/v2\/media?parent=25658"}],"wp:term":[{"taxonomy":"product_brand","embeddable":true,"href":"https:\/\/www.makitamarket.com.tr\/site\/wp-json\/wp\/v2\/product_brand?post=25658"},{"taxonomy":"product_cat","embeddable":true,"href":"https:\/\/www.makitamarket.com.tr\/site\/wp-json\/wp\/v2\/product_cat?post=25658"},{"taxonomy":"product_tag","embeddable":true,"href":"https:\/\/www.makitamarket.com.tr\/site\/wp-json\/wp\/v2\/product_tag?post=25658"}],"curies":[{"name":"wp","href":"https:\/\/api.w.org\/{rel}","templated":true}]}}