{"id":25661,"date":"2025-12-01T07:15:20","date_gmt":"2025-12-01T04:15:20","guid":{"rendered":"https:\/\/www.makitamarket.com.tr\/site\/urun\/knipex-9914300-knipex-agir-hizmet-betoncu-kerpeteni\/"},"modified":"2026-04-13T23:52:41","modified_gmt":"2026-04-13T20:52:41","slug":"knipex-9914300-knipex-agir-hizmet-betoncu-kerpeteni","status":"publish","type":"product","link":"https:\/\/www.makitamarket.com.tr\/site\/urun\/knipex-9914300-knipex-agir-hizmet-betoncu-kerpeteni\/","title":{"rendered":"Knipex 9914300 KNIPEX A\u011eIR H\u0130ZMET BETONCU KERPETEN\u0130"},"content":{"rendered":"<ol>\n<li data-list=\"bullet\"><span class=\"ql-ui\" contenteditable=\"false\"><\/span><span style=\"background-color: rgb(255, 255, 255); color: rgb(0, 79, 159);\">&nbsp;Ayn\u0131 boydaki s\u0131radan betoncu kerpetenine k\u0131yasla % 25 kuvvet tasarrufu elde edilir<\/span><\/li>\n<li data-list=\"bullet\"><span class=\"ql-ui\" contenteditable=\"false\"><\/span><span style=\"background-color: rgb(255, 255, 255); color: rgb(0, 79, 159);\">&nbsp;\u00d6zel dar \u015fekli nedeniyle derinde duran demirleri ba\u011flamak i\u00e7in de kullan\u0131l\u0131r<\/span><\/li>\n<li data-list=\"bullet\"><span class=\"ql-ui\" contenteditable=\"false\"><\/span><span style=\"background-color: rgb(255, 255, 255); color: black;\">&nbsp;Demir d\u00f6\u015feme \u00e7al\u0131\u015fmalar\u0131nda demirlerin tel ile sabitlenmesi i\u00e7in<\/span><\/li>\n<li data-list=\"bullet\"><span class=\"ql-ui\" contenteditable=\"false\"><\/span><span style=\"background-color: rgb(255, 255, 255); color: black;\">&nbsp;Telin tek bir i\u015flemde b\u00fck\u00fclmesi ve kesilmesi<\/span><\/li>\n<li data-list=\"bullet\"><span class=\"ql-ui\" contenteditable=\"false\"><\/span><span style=\"background-color: rgb(255, 255, 255); color: black;\">&nbsp;Y\u00fcksek aktarma oranl\u0131 mafsal, b\u00f6ylece kal\u0131n ba\u011flama telleri ile ba\u011flama yap\u0131l\u0131rken dahi yorulmadan \u00e7al\u0131\u015f\u0131labilir<\/span><\/li>\n<li data-list=\"bullet\"><span class=\"ql-ui\" contenteditable=\"false\"><\/span><span style=\"background-color: rgb(255, 255, 255); color: black;\">&nbsp;Ba\u011flama teli kesildikten sonra kesme esnas\u0131nda olu\u015fan darbeyi emerek kas ve sinirleri korur<\/span><\/li>\n<li data-list=\"bullet\"><span class=\"ql-ui\" contenteditable=\"false\"><\/span><span style=\"background-color: rgb(255, 255, 255); color: black;\">&nbsp;Kesici a\u011f\u0131z k\u0131sm\u0131 g\u00fc\u00e7lendirilmi\u015ftir. Kesici sertli\u011fi yakl. 61 HRC<\/span><\/li>\n<\/ol>\n<table><\/table>\n","protected":false},"excerpt":{"rendered":"<ol>\n<li data-list=\"bullet\"><span class=\"ql-ui\" contenteditable=\"false\"><\/span><span style=\"background-color: rgb(255, 255, 255); color: rgb(0, 79, 159);\">&nbsp;Ayn\u0131 boydaki s\u0131radan betoncu kerpetenine k\u0131yasla % 25 kuvvet tasarrufu elde edilir<\/span><\/li>\n<li data-list=\"bullet\"><span class=\"ql-ui\" contenteditable=\"false\"><\/span><span style=\"background-color: rgb(255, 255, 255); color: rgb(0, 79, 159);\">&nbsp;\u00d6zel dar \u015fekli nedeniyle derinde duran demirleri ba\u011flamak i\u00e7in de kullan\u0131l\u0131r<\/span><\/li>\n<li data-list=\"bullet\"><span class=\"ql-ui\" contenteditable=\"false\"><\/span><span style=\"background-color: rgb(255, 255, 255); color: black;\">&nbsp;Demir d\u00f6\u015feme \u00e7al\u0131\u015fmalar\u0131nda demirlerin tel ile sabitlenmesi i\u00e7in<\/span><\/li>\n<li data-list=\"bullet\"><span class=\"ql-ui\" contenteditable=\"false\"><\/span><span style=\"background-color: rgb(255, 255, 255); color: black;\">&nbsp;Telin tek bir i\u015flemde b\u00fck\u00fclmesi ve kesilmesi<\/span><\/li>\n<li data-list=\"bullet\"><span class=\"ql-ui\" contenteditable=\"false\"><\/span><span style=\"background-color: rgb(255, 255, 255); color: black;\">&nbsp;Y\u00fcksek aktarma oranl\u0131 mafsal, b\u00f6ylece kal\u0131n ba\u011flama telleri ile ba\u011flama yap\u0131l\u0131rken dahi yorulmadan \u00e7al\u0131\u015f\u0131labilir<\/span><\/li>\n<li data-list=\"bullet\"><span class=\"ql-ui\" contenteditable=\"false\"><\/span><span style=\"background-color: rgb(255, 255, 255); color: black;\">&nbsp;Ba\u011flama teli kesildikten sonra kesme esnas\u0131nda olu\u015fan darbeyi emerek kas ve sinirleri korur<\/span><\/li>\n<li data-list=\"bullet\"><span class=\"ql-ui\" contenteditable=\"false\"><\/span><span style=\"background-color: rgb(255, 255, 255); color: black;\">&nbsp;Kesici a\u011f\u0131z k\u0131sm\u0131 g\u00fc\u00e7lendirilmi\u015ftir. Kesici sertli\u011fi yakl. 61 HRC<\/span><\/li>\n<\/ol>\n","protected":false},"featured_media":0,"comment_status":"open","ping_status":"closed","template":"","meta":{"_acf_changed":false},"product_brand":[1486],"product_cat":[1565],"product_tag":[],"class_list":{"0":"post-25661","1":"product","2":"type-product","3":"status-publish","5":"product_brand-knipex","6":"product_cat-yok-yok","8":"first","9":"instock","10":"taxable","11":"shipping-taxable","12":"purchasable","13":"product-type-simple","14":"add-to-wishlist-after_add_to_cart"},"acf":[],"_links":{"self":[{"href":"https:\/\/www.makitamarket.com.tr\/site\/wp-json\/wp\/v2\/product\/25661","targetHints":{"allow":["GET"]}}],"collection":[{"href":"https:\/\/www.makitamarket.com.tr\/site\/wp-json\/wp\/v2\/product"}],"about":[{"href":"https:\/\/www.makitamarket.com.tr\/site\/wp-json\/wp\/v2\/types\/product"}],"replies":[{"embeddable":true,"href":"https:\/\/www.makitamarket.com.tr\/site\/wp-json\/wp\/v2\/comments?post=25661"}],"wp:attachment":[{"href":"https:\/\/www.makitamarket.com.tr\/site\/wp-json\/wp\/v2\/media?parent=25661"}],"wp:term":[{"taxonomy":"product_brand","embeddable":true,"href":"https:\/\/www.makitamarket.com.tr\/site\/wp-json\/wp\/v2\/product_brand?post=25661"},{"taxonomy":"product_cat","embeddable":true,"href":"https:\/\/www.makitamarket.com.tr\/site\/wp-json\/wp\/v2\/product_cat?post=25661"},{"taxonomy":"product_tag","embeddable":true,"href":"https:\/\/www.makitamarket.com.tr\/site\/wp-json\/wp\/v2\/product_tag?post=25661"}],"curies":[{"name":"wp","href":"https:\/\/api.w.org\/{rel}","templated":true}]}}