{"id":25662,"date":"2025-12-01T07:15:20","date_gmt":"2025-12-01T04:15:20","guid":{"rendered":"https:\/\/www.makitamarket.com.tr\/site\/urun\/knipex-979010-knipex-97-90-10-sikma-pensesi-seti\/"},"modified":"2026-04-13T23:53:39","modified_gmt":"2026-04-13T20:53:39","slug":"knipex-979010-knipex-97-90-10-sikma-pensesi-seti","status":"publish","type":"product","link":"https:\/\/www.makitamarket.com.tr\/site\/urun\/knipex-979010-knipex-97-90-10-sikma-pensesi-seti\/","title":{"rendered":"Knipex 979010 KNIPEX 97 90 10 SIKMA PENSESI SETI"},"content":{"rendered":"<ol>\n<li data-list=\"bullet\"><span class=\"ql-ui\" contenteditable=\"false\"><\/span><span style=\"background-color: rgb(255, 255, 255); color: black;\">TANOS MINI-systainer\u00ae i\u00e7inde (Sa\u011flam Plastik Kutu)<\/span><\/li>\n<li data-list=\"bullet\"><span class=\"ql-ui\" contenteditable=\"false\"><\/span><span style=\"background-color: rgb(255, 255, 255); color: black;\">&nbsp;Tek el ile kullanma olana\u011f\u0131 sa\u011flayan T-Loc kilit mekanizmas\u0131: bir kez d\u00f6nd\u00fcrerek systainer\u00ae a\u00e7ma veya kapatma ve bir daha d\u00f6nd\u00fcrerek ikinci systainer\u00ae \u00fcr\u00fcn\u00fcn\u00fc birle\u015ftirme.<\/span><\/li>\n<li data-list=\"bullet\"><span class=\"ql-ui\" contenteditable=\"false\"><\/span><span style=\"background-color: rgb(255, 255, 255); color: black;\">&nbsp;Birle\u015ftirilmi\u015f durumda a\u00e7ma: Ba\u011flant\u0131y\u0131 a\u00e7madan i\u00e7eri\u011fine kolay ve h\u0131zl\u0131 \u015fekilde eri\u015fme.<\/span><\/li>\n<li data-list=\"bullet\"><span class=\"ql-ui\" contenteditable=\"false\"><\/span><span style=\"background-color: rgb(255, 255, 255); color: black;\">&nbsp;\u0130ki adet istiflenebilir plastik b\u00f6l\u00fcm, konekt\u00f6r i\u00e7in her birinde 6 yuva bulunur<\/span><\/li>\n<li data-list=\"bullet\"><span class=\"ql-ui\" contenteditable=\"false\"><\/span><span style=\"background-color: rgb(255, 255, 255); color: black;\">&nbsp;\u0130zoleli \/ izolesiz kablo y\u00fcks\u00fck seti ile birlikte<\/span><\/li>\n<li data-list=\"bullet\"><span class=\"ql-ui\" contenteditable=\"false\"><\/span><span style=\"background-color: rgb(255, 255, 255); color: black;\">&nbsp;Otomatik kablo s\u0131y\u0131r\u0131s\u0131 12 40 200<\/span><\/li>\n<li data-list=\"bullet\"><span class=\"ql-ui\" contenteditable=\"false\"><\/span><span style=\"background-color: rgb(255, 255, 255); color: black;\">&nbsp;Kendinden ayarlamal\u0131 kablo y\u00fcks\u00fc\u011f\u00fc pensesi 97 53 04 ile<\/span><\/li>\n<\/ol>\n<p><\/p>\n<table>\n<tr>\n<td>\u00d6l\u00e7\u00fcler<\/td>\n<td>265 x 170 x 68 mm<\/td>\n<\/tr>\n<tr>\n<td>A\u011f\u0131rl\u0131k<\/td>\n<td>1.353 g<\/td>\n<\/tr>\n<\/table>\n","protected":false},"excerpt":{"rendered":"<ol>\n<li data-list=\"bullet\"><span class=\"ql-ui\" contenteditable=\"false\"><\/span><span style=\"background-color: rgb(255, 255, 255); color: black;\">TANOS MINI-systainer\u00ae i\u00e7inde (Sa\u011flam Plastik Kutu)<\/span><\/li>\n<li data-list=\"bullet\"><span class=\"ql-ui\" contenteditable=\"false\"><\/span><span style=\"background-color: rgb(255, 255, 255); color: black;\">&nbsp;Tek el ile kullanma olana\u011f\u0131 sa\u011flayan T-Loc kilit mekanizmas\u0131: bir kez d\u00f6nd\u00fcrerek systainer\u00ae a\u00e7ma veya kapatma ve bir daha d\u00f6nd\u00fcrerek ikinci systainer\u00ae \u00fcr\u00fcn\u00fcn\u00fc birle\u015ftirme.<\/span><\/li>\n<li data-list=\"bullet\"><span class=\"ql-ui\" contenteditable=\"false\"><\/span><span style=\"background-color: rgb(255, 255, 255); color: black;\">&nbsp;Birle\u015ftirilmi\u015f durumda a\u00e7ma: Ba\u011flant\u0131y\u0131 a\u00e7madan i\u00e7eri\u011fine kolay ve h\u0131zl\u0131 \u015fekilde eri\u015fme.<\/span><\/li>\n<li data-list=\"bullet\"><span class=\"ql-ui\" contenteditable=\"false\"><\/span><span style=\"background-color: rgb(255, 255, 255); color: black;\">&nbsp;\u0130ki adet istiflenebilir plastik b\u00f6l\u00fcm, konekt\u00f6r i\u00e7in her birinde 6 yuva bulunur<\/span><\/li>\n<li data-list=\"bullet\"><span class=\"ql-ui\" contenteditable=\"false\"><\/span><span style=\"background-color: rgb(255, 255, 255); color: black;\">&nbsp;\u0130zoleli \/ izolesiz kablo y\u00fcks\u00fck seti ile birlikte<\/span><\/li>\n<li data-list=\"bullet\"><span class=\"ql-ui\" contenteditable=\"false\"><\/span><span style=\"background-color: rgb(255, 255, 255); color: black;\">&nbsp;Otomatik kablo s\u0131y\u0131r\u0131s\u0131 12 40 200<\/span><\/li>\n<li data-list=\"bullet\"><span class=\"ql-ui\" contenteditable=\"false\"><\/span><span style=\"background-color: rgb(255, 255, 255); color: black;\">&nbsp;Kendinden ayarlamal\u0131 kablo y\u00fcks\u00fc\u011f\u00fc pensesi 97 53 04 ile<\/span><\/li>\n<\/ol>\n<p><\/p>\n","protected":false},"featured_media":0,"comment_status":"open","ping_status":"closed","template":"","meta":{"_acf_changed":false},"product_brand":[1486],"product_cat":[1565],"product_tag":[],"class_list":{"0":"post-25662","1":"product","2":"type-product","3":"status-publish","5":"product_brand-knipex","6":"product_cat-yok-yok","8":"first","9":"outofstock","10":"taxable","11":"shipping-taxable","12":"purchasable","13":"product-type-simple","14":"add-to-wishlist-after_add_to_cart"},"acf":[],"_links":{"self":[{"href":"https:\/\/www.makitamarket.com.tr\/site\/wp-json\/wp\/v2\/product\/25662","targetHints":{"allow":["GET"]}}],"collection":[{"href":"https:\/\/www.makitamarket.com.tr\/site\/wp-json\/wp\/v2\/product"}],"about":[{"href":"https:\/\/www.makitamarket.com.tr\/site\/wp-json\/wp\/v2\/types\/product"}],"replies":[{"embeddable":true,"href":"https:\/\/www.makitamarket.com.tr\/site\/wp-json\/wp\/v2\/comments?post=25662"}],"wp:attachment":[{"href":"https:\/\/www.makitamarket.com.tr\/site\/wp-json\/wp\/v2\/media?parent=25662"}],"wp:term":[{"taxonomy":"product_brand","embeddable":true,"href":"https:\/\/www.makitamarket.com.tr\/site\/wp-json\/wp\/v2\/product_brand?post=25662"},{"taxonomy":"product_cat","embeddable":true,"href":"https:\/\/www.makitamarket.com.tr\/site\/wp-json\/wp\/v2\/product_cat?post=25662"},{"taxonomy":"product_tag","embeddable":true,"href":"https:\/\/www.makitamarket.com.tr\/site\/wp-json\/wp\/v2\/product_tag?post=25662"}],"curies":[{"name":"wp","href":"https:\/\/api.w.org\/{rel}","templated":true}]}}