{"id":25665,"date":"2025-12-01T07:15:21","date_gmt":"2025-12-01T04:15:21","guid":{"rendered":"https:\/\/www.makitamarket.com.tr\/site\/urun\/knipex-979104v02-knipex-mc4-solar-konektorler-icin-7-parcali-set\/"},"modified":"2026-04-13T23:52:49","modified_gmt":"2026-04-13T20:52:49","slug":"knipex-979104v02-knipex-mc4-solar-konektorler-icin-7-parcali-set","status":"publish","type":"product","link":"https:\/\/www.makitamarket.com.tr\/site\/urun\/knipex-979104v02-knipex-mc4-solar-konektorler-icin-7-parcali-set\/","title":{"rendered":"Knipex 979104V02 KNIPEX MC4 SOLAR KONEKT\u00d6RLER \u0130\u00c7\u0130N 7 PAR\u00c7ALI SET"},"content":{"rendered":"<ol>\n<li data-list=\"bullet\"><span class=\"ql-ui\" contenteditable=\"false\"><\/span><span style=\"background-color: rgb(255, 255, 255); color: rgb(0, 79, 159);\">&nbsp;Fotovoltaik uygulamalar\u0131nda kullan\u0131lan aletler ile donat\u0131lm\u0131\u015ft\u0131r<\/span><\/li>\n<li data-list=\"bullet\"><span class=\"ql-ui\" contenteditable=\"false\"><\/span><span style=\"background-color: rgb(255, 255, 255); color: black;\">&nbsp;De\u011fi\u015ftirilebilir s\u0131kma kal\u0131plar\u0131 i\u00e7in S\u0131k\u0131\u015ft\u0131rma Sistemi Pensesi 97 43 200 A, s\u0131kma bas\u0131nc\u0131 fabrikada hassas bir \u015fekilde ayarlanm\u0131\u015ft\u0131r (kalibre edilmi\u015ftir)<\/span><\/li>\n<li data-list=\"bullet\"><span class=\"ql-ui\" contenteditable=\"false\"><\/span><span style=\"background-color: rgb(255, 255, 255); color: black;\">&nbsp;\u00d8 15 mm&#8217;ye kadar bak\u0131r kablolar i\u00e7in kablo makas\u0131 95 16 165<\/span><\/li>\n<li data-list=\"bullet\"><span class=\"ql-ui\" contenteditable=\"false\"><\/span><span style=\"background-color: rgb(255, 255, 255); color: black;\">&nbsp;S\u0131kma kal\u0131plar\u0131n\u0131n montaj\u0131 i\u00e7in allen anahtar\u0131<\/span><\/li>\n<li data-list=\"bullet\"><span class=\"ql-ui\" contenteditable=\"false\"><\/span><span style=\"background-color: rgb(255, 255, 255); color: black;\">&nbsp;MC4\u00ae g\u00fcne\u015f fi\u015flerinin kablo rakorlar\u0131n\u0131 gev\u015fetmek ve s\u0131kmak ve MC4\u00ae muhafazas\u0131n\u0131n kilidini a\u00e7mak i\u00e7in 97 49 66 2 montaj aleti seti ile birlikte<\/span><\/li>\n<li data-list=\"bullet\"><span class=\"ql-ui\" contenteditable=\"false\"><\/span><span style=\"background-color: rgb(255, 255, 255); color: black;\">&nbsp;Aletlerin, s\u0131kma kal\u0131plar\u0131 ve ayar aparatlar\u0131n\u0131n saklanaca\u011f\u0131 s\u00fcnger yuva k\u0131s\u0131mlar\u0131<\/span><\/li>\n<li data-list=\"bullet\"><span class=\"ql-ui\" contenteditable=\"false\"><\/span><span style=\"background-color: rgb(255, 255, 255); color: black;\">&nbsp;Darbeye kar\u015f\u0131 dayan\u0131kl\u0131 plastik \u00e7anta<\/span><\/li>\n<li data-list=\"bullet\"><span class=\"ql-ui\" contenteditable=\"false\"><\/span><span style=\"background-color: rgb(255, 255, 255); color: black;\">&nbsp;\u00d6l\u00e7\u00fcleri, d\u0131\u015f (G x Y x D): 345 x 80 x 280 mm<\/span><\/li>\n<li data-list=\"bullet\"><span class=\"ql-ui\" contenteditable=\"false\"><\/span><span style=\"background-color: rgb(255, 255, 255); color: black;\">&nbsp;Solar konekt\u00f6rler MC4\u00ae (Multi-Contact) 4,0 \/ 6,0 \/ 10,0 mm\u00b2 i\u00e7in s\u0131kma kal\u0131b\u0131 97 49 71, yer belirleyici 97 49 71 1 ve montaj alet seti 97 49 66 2<\/span><\/li>\n<li data-list=\"bullet\"><span class=\"ql-ui\" contenteditable=\"false\"><\/span><span style=\"background-color: rgb(255, 255, 255); color: black;\">&nbsp;Daha b\u00fcy\u00fck s\u0131y\u0131rma kapasiteleri i\u00e7in uyarlanm\u0131\u015f b\u0131\u00e7aklara sahip 12 12 12 hassas s\u0131y\u0131rma pensesi 4,0 \/ 6,0 \/ 10,0 mm\u00b2<\/span><\/li>\n<\/ol>\n<p><\/p>\n<table>\n<tr>\n<td>\u00d6l\u00e7\u00fcler<\/td>\n<td>280 x 80 mm<\/td>\n<\/tr>\n<tr>\n<td>A\u011f\u0131rl\u0131k<\/td>\n<td>2.010 g<\/td>\n<\/tr>\n<\/table>\n","protected":false},"excerpt":{"rendered":"<ol>\n<li data-list=\"bullet\"><span class=\"ql-ui\" contenteditable=\"false\"><\/span><span style=\"background-color: rgb(255, 255, 255); color: rgb(0, 79, 159);\">&nbsp;Fotovoltaik uygulamalar\u0131nda kullan\u0131lan aletler ile donat\u0131lm\u0131\u015ft\u0131r<\/span><\/li>\n<li data-list=\"bullet\"><span class=\"ql-ui\" contenteditable=\"false\"><\/span><span style=\"background-color: rgb(255, 255, 255); color: black;\">&nbsp;De\u011fi\u015ftirilebilir s\u0131kma kal\u0131plar\u0131 i\u00e7in S\u0131k\u0131\u015ft\u0131rma Sistemi Pensesi 97 43 200 A, s\u0131kma bas\u0131nc\u0131 fabrikada hassas bir \u015fekilde ayarlanm\u0131\u015ft\u0131r (kalibre edilmi\u015ftir)<\/span><\/li>\n<li data-list=\"bullet\"><span class=\"ql-ui\" contenteditable=\"false\"><\/span><span style=\"background-color: rgb(255, 255, 255); color: black;\">&nbsp;\u00d8 15 mm&#8217;ye kadar bak\u0131r kablolar i\u00e7in kablo makas\u0131 95 16 165<\/span><\/li>\n<li data-list=\"bullet\"><span class=\"ql-ui\" contenteditable=\"false\"><\/span><span style=\"background-color: rgb(255, 255, 255); color: black;\">&nbsp;S\u0131kma kal\u0131plar\u0131n\u0131n montaj\u0131 i\u00e7in allen anahtar\u0131<\/span><\/li>\n<li data-list=\"bullet\"><span class=\"ql-ui\" contenteditable=\"false\"><\/span><span style=\"background-color: rgb(255, 255, 255); color: black;\">&nbsp;MC4\u00ae g\u00fcne\u015f fi\u015flerinin kablo rakorlar\u0131n\u0131 gev\u015fetmek ve s\u0131kmak ve MC4\u00ae muhafazas\u0131n\u0131n kilidini a\u00e7mak i\u00e7in 97 49 66 2 montaj aleti seti ile birlikte<\/span><\/li>\n<li data-list=\"bullet\"><span class=\"ql-ui\" contenteditable=\"false\"><\/span><span style=\"background-color: rgb(255, 255, 255); color: black;\">&nbsp;Aletlerin, s\u0131kma kal\u0131plar\u0131 ve ayar aparatlar\u0131n\u0131n saklanaca\u011f\u0131 s\u00fcnger yuva k\u0131s\u0131mlar\u0131<\/span><\/li>\n<li data-list=\"bullet\"><span class=\"ql-ui\" contenteditable=\"false\"><\/span><span style=\"background-color: rgb(255, 255, 255); color: black;\">&nbsp;Darbeye kar\u015f\u0131 dayan\u0131kl\u0131 plastik \u00e7anta<\/span><\/li>\n<li data-list=\"bullet\"><span class=\"ql-ui\" contenteditable=\"false\"><\/span><span style=\"background-color: rgb(255, 255, 255); color: black;\">&nbsp;\u00d6l\u00e7\u00fcleri, d\u0131\u015f (G x Y x D): 345 x 80 x 280 mm<\/span><\/li>\n<li data-list=\"bullet\"><span class=\"ql-ui\" contenteditable=\"false\"><\/span><span style=\"background-color: rgb(255, 255, 255); color: black;\">&nbsp;Solar konekt\u00f6rler MC4\u00ae (Multi-Contact) 4,0 \/ 6,0 \/ 10,0 mm\u00b2 i\u00e7in s\u0131kma kal\u0131b\u0131 97 49 71, yer belirleyici 97 49 71 1 ve montaj alet seti 97 49 66 2<\/span><\/li>\n<li data-list=\"bullet\"><span class=\"ql-ui\" contenteditable=\"false\"><\/span><span style=\"background-color: rgb(255, 255, 255); color: black;\">&nbsp;Daha b\u00fcy\u00fck s\u0131y\u0131rma kapasiteleri i\u00e7in uyarlanm\u0131\u015f b\u0131\u00e7aklara sahip 12 12 12 hassas s\u0131y\u0131rma pensesi 4,0 \/ 6,0 \/ 10,0 mm\u00b2<\/span><\/li>\n<\/ol>\n<p><\/p>\n","protected":false},"featured_media":0,"comment_status":"open","ping_status":"closed","template":"","meta":{"_acf_changed":false},"product_brand":[1486],"product_cat":[1565],"product_tag":[],"class_list":{"0":"post-25665","1":"product","2":"type-product","3":"status-publish","5":"product_brand-knipex","6":"product_cat-yok-yok","8":"first","9":"instock","10":"taxable","11":"shipping-taxable","12":"purchasable","13":"product-type-simple","14":"add-to-wishlist-after_add_to_cart"},"acf":[],"_links":{"self":[{"href":"https:\/\/www.makitamarket.com.tr\/site\/wp-json\/wp\/v2\/product\/25665","targetHints":{"allow":["GET"]}}],"collection":[{"href":"https:\/\/www.makitamarket.com.tr\/site\/wp-json\/wp\/v2\/product"}],"about":[{"href":"https:\/\/www.makitamarket.com.tr\/site\/wp-json\/wp\/v2\/types\/product"}],"replies":[{"embeddable":true,"href":"https:\/\/www.makitamarket.com.tr\/site\/wp-json\/wp\/v2\/comments?post=25665"}],"wp:attachment":[{"href":"https:\/\/www.makitamarket.com.tr\/site\/wp-json\/wp\/v2\/media?parent=25665"}],"wp:term":[{"taxonomy":"product_brand","embeddable":true,"href":"https:\/\/www.makitamarket.com.tr\/site\/wp-json\/wp\/v2\/product_brand?post=25665"},{"taxonomy":"product_cat","embeddable":true,"href":"https:\/\/www.makitamarket.com.tr\/site\/wp-json\/wp\/v2\/product_cat?post=25665"},{"taxonomy":"product_tag","embeddable":true,"href":"https:\/\/www.makitamarket.com.tr\/site\/wp-json\/wp\/v2\/product_tag?post=25665"}],"curies":[{"name":"wp","href":"https:\/\/api.w.org\/{rel}","templated":true}]}}