{"id":25672,"date":"2025-12-01T07:16:19","date_gmt":"2025-12-01T04:16:19","guid":{"rendered":"https:\/\/www.makitamarket.com.tr\/site\/urun\/knipex-9455200-knipex-orslu-makas\/"},"modified":"2026-04-06T18:22:01","modified_gmt":"2026-04-06T15:22:01","slug":"knipex-9455200-knipex-orslu-makas","status":"publish","type":"product","link":"https:\/\/www.makitamarket.com.tr\/site\/urun\/knipex-9455200-knipex-orslu-makas\/","title":{"rendered":"Knipex 9455200 KNIPEX \u00d6RSL\u00dc MAKAS"},"content":{"rendered":"<ol>\n<li data-list=\"bullet\"><span class=\"ql-ui\" contenteditable=\"false\"><\/span><span style=\"background-color: rgb(255, 255, 255); color: black;\">\u00d6rne\u011fin lastik profiller, PVC, deri, ah\u015fap, hortum vs. gibi yumu\u015fak malzemelerin ezilmeden kesilmesi i\u00e7in sabit altl\u0131\u011fa kar\u015f\u0131 \u00e7ekme y\u00f6n\u00fcnde kesim<\/span><\/li>\n<li data-list=\"bullet\"><span class=\"ql-ui\" contenteditable=\"false\"><\/span><span style=\"background-color: rgb(255, 255, 255); color: black;\">&nbsp;Maks. 40 mm geni\u015flik ve 7,5 mm y\u00fckseklik \u00f6l\u00e7\u00fcs\u00fcne sahip yass\u0131 malzemeleri keser<\/span><\/li>\n<li data-list=\"bullet\"><span class=\"ql-ui\" contenteditable=\"false\"><\/span><span style=\"background-color: rgb(255, 255, 255); color: black;\">&nbsp;Azami \u00d8 25 mm&#8217;ye kadar olan yuvarlak malzemeler i\u00e7in kesme kapasitesi<\/span><\/li>\n<li data-list=\"bullet\"><span class=\"ql-ui\" contenteditable=\"false\"><\/span><span style=\"background-color: rgb(255, 255, 255); color: black;\">&nbsp;Sa\u011flam, de\u011fi\u015ftirilebilir kesici b\u0131\u00e7aklar<\/span><\/li>\n<li data-list=\"bullet\"><span class=\"ql-ui\" contenteditable=\"false\"><\/span><span style=\"background-color: rgb(255, 255, 255); color: black;\">&nbsp;A\u00e7ma yay\u0131 ve kilitleme tertibat\u0131 ile<\/span><\/li>\n<\/ol>\n<p><\/p>\n<table>\n<tr>\n<td>A\u011f\u0131rl\u0131k<\/td>\n<td>290 g<\/td>\n<\/tr>\n<tr>\n<td>\u00d6l\u00e7\u00fcler<\/td>\n<td>200 x 75 x 22 mm<\/td>\n<\/tr>\n<\/table>\n","protected":false},"excerpt":{"rendered":"<ol>\n<li data-list=\"bullet\"><span class=\"ql-ui\" contenteditable=\"false\"><\/span><span style=\"background-color: rgb(255, 255, 255); color: black;\">\u00d6rne\u011fin lastik profiller, PVC, deri, ah\u015fap, hortum vs. gibi yumu\u015fak malzemelerin ezilmeden kesilmesi i\u00e7in sabit altl\u0131\u011fa kar\u015f\u0131 \u00e7ekme y\u00f6n\u00fcnde kesim<\/span><\/li>\n<li data-list=\"bullet\"><span class=\"ql-ui\" contenteditable=\"false\"><\/span><span style=\"background-color: rgb(255, 255, 255); color: black;\">&nbsp;Maks. 40 mm geni\u015flik ve 7,5 mm y\u00fckseklik \u00f6l\u00e7\u00fcs\u00fcne sahip yass\u0131 malzemeleri keser<\/span><\/li>\n<li data-list=\"bullet\"><span class=\"ql-ui\" contenteditable=\"false\"><\/span><span style=\"background-color: rgb(255, 255, 255); color: black;\">&nbsp;Azami \u00d8 25 mm&#8217;ye kadar olan yuvarlak malzemeler i\u00e7in kesme kapasitesi<\/span><\/li>\n<li data-list=\"bullet\"><span class=\"ql-ui\" contenteditable=\"false\"><\/span><span style=\"background-color: rgb(255, 255, 255); color: black;\">&nbsp;Sa\u011flam, de\u011fi\u015ftirilebilir kesici b\u0131\u00e7aklar<\/span><\/li>\n<li data-list=\"bullet\"><span class=\"ql-ui\" contenteditable=\"false\"><\/span><span style=\"background-color: rgb(255, 255, 255); color: black;\">&nbsp;A\u00e7ma yay\u0131 ve kilitleme tertibat\u0131 ile<\/span><\/li>\n<\/ol>\n<p><\/p>\n","protected":false},"featured_media":0,"comment_status":"open","ping_status":"closed","template":"","meta":{"_acf_changed":false},"product_brand":[1486],"product_cat":[1565],"product_tag":[],"class_list":{"0":"post-25672","1":"product","2":"type-product","3":"status-publish","5":"product_brand-knipex","6":"product_cat-yok-yok","8":"first","9":"instock","10":"taxable","11":"shipping-taxable","12":"purchasable","13":"product-type-simple","14":"add-to-wishlist-after_add_to_cart"},"acf":[],"_links":{"self":[{"href":"https:\/\/www.makitamarket.com.tr\/site\/wp-json\/wp\/v2\/product\/25672","targetHints":{"allow":["GET"]}}],"collection":[{"href":"https:\/\/www.makitamarket.com.tr\/site\/wp-json\/wp\/v2\/product"}],"about":[{"href":"https:\/\/www.makitamarket.com.tr\/site\/wp-json\/wp\/v2\/types\/product"}],"replies":[{"embeddable":true,"href":"https:\/\/www.makitamarket.com.tr\/site\/wp-json\/wp\/v2\/comments?post=25672"}],"wp:attachment":[{"href":"https:\/\/www.makitamarket.com.tr\/site\/wp-json\/wp\/v2\/media?parent=25672"}],"wp:term":[{"taxonomy":"product_brand","embeddable":true,"href":"https:\/\/www.makitamarket.com.tr\/site\/wp-json\/wp\/v2\/product_brand?post=25672"},{"taxonomy":"product_cat","embeddable":true,"href":"https:\/\/www.makitamarket.com.tr\/site\/wp-json\/wp\/v2\/product_cat?post=25672"},{"taxonomy":"product_tag","embeddable":true,"href":"https:\/\/www.makitamarket.com.tr\/site\/wp-json\/wp\/v2\/product_tag?post=25672"}],"curies":[{"name":"wp","href":"https:\/\/api.w.org\/{rel}","templated":true}]}}