{"id":25675,"date":"2025-12-01T07:16:21","date_gmt":"2025-12-01T04:16:21","guid":{"rendered":"https:\/\/www.makitamarket.com.tr\/site\/urun\/knipex-9512225-knipex-kademeli-kesimli-kablo-makasi\/"},"modified":"2026-04-06T18:22:03","modified_gmt":"2026-04-06T15:22:03","slug":"knipex-9512225-knipex-kademeli-kesimli-kablo-makasi","status":"publish","type":"product","link":"https:\/\/www.makitamarket.com.tr\/site\/urun\/knipex-9512225-knipex-kademeli-kesimli-kablo-makasi\/","title":{"rendered":"Knipex 9512225 KNIPEX KADEMEL\u0130 KES\u0130ML\u0130 KABLO MAKASI"},"content":{"rendered":"<ol>\n<li data-list=\"bullet\"><span class=\"ql-ui\" contenteditable=\"false\"><\/span><span style=\"background-color: rgb(255, 255, 255); color: rgb(0, 79, 159);\">Y\u00fcksek kald\u0131ra\u00e7l\u0131 ba\u011flant\u0131, uzun saplar ve optimize edilmi\u015f kesici kenarlar: kompakt kablo makaslar\u0131na g\u00f6re belirgin \u015fekilde daha hafif kesim<\/span><\/li>\n<li data-list=\"bullet\"><span class=\"ql-ui\" contenteditable=\"false\"><\/span><span style=\"background-color: rgb(255, 255, 255); color: rgb(0, 79, 159);\">&nbsp;B\u00fcy\u00fck kesme kapasitesi: 35 mm\u00b2&#8217;ye kadar kat\u0131 bak\u0131r veya al\u00fcminyum kablolar\u0131, 70 mm\u00b2&#8217;ye kadar \u00e7ok telli kablolar\u0131 ve 120 mm\u00b2&#8217;ye kadar ince \u00e7ok telli kablolar\u0131 keser<\/span><\/li>\n<li data-list=\"bullet\"><span class=\"ql-ui\" contenteditable=\"false\"><\/span><span style=\"background-color: rgb(255, 255, 255); color: rgb(0, 79, 159);\">&nbsp;\u00c7ift kesme alanlar\u0131: Kademeli kesici kenar, kesim s\u0131ras\u0131nda k\u00fc\u00e7\u00fck ve b\u00fcy\u00fck kablolar\u0131 ba\u011flant\u0131 noktas\u0131na yak\u0131n tutar; \u00f6n kesici kenar \u00e7ok b\u00fcy\u00fck kablolar\u0131 ad\u0131m ad\u0131m keser<\/span><\/li>\n<li data-list=\"bullet\"><span class=\"ql-ui\" contenteditable=\"false\"><\/span><span style=\"background-color: rgb(255, 255, 255); color: black;\">&nbsp;B\u00fcy\u00fck kablo \u00e7aplar\u0131 i\u00e7in minimum sap a\u00e7\u0131kl\u0131\u011f\u0131yla tek veya iki elle kolay kullan\u0131m<\/span><\/li>\n<li data-list=\"bullet\"><span class=\"ql-ui\" contenteditable=\"false\"><\/span><span style=\"background-color: rgb(255, 255, 255); color: black;\">&nbsp;Ayarlanabilir, y\u00fcksek kald\u0131ra\u00e7l\u0131 c\u0131vatal\u0131 ba\u011flant\u0131 hassas ve d\u00fczg\u00fcn kesim sa\u011flar<\/span><\/li>\n<li data-list=\"bullet\"><span class=\"ql-ui\" contenteditable=\"false\"><\/span><span style=\"background-color: rgb(255, 255, 255); color: black;\">&nbsp;Daha kolay eri\u015filebilirlik i\u00e7in ince kafa<\/span><\/li>\n<li data-list=\"bullet\"><span class=\"ql-ui\" contenteditable=\"false\"><\/span><span style=\"background-color: rgb(255, 255, 255); color: black;\">&nbsp;S\u0131k\u0131\u015fma korumas\u0131, operat\u00f6rlerin parmaklar\u0131n\u0131n s\u0131k\u0131\u015fmas\u0131n\u0131 \u00f6nler<\/span><\/li>\n<li data-list=\"bullet\"><span class=\"ql-ui\" contenteditable=\"false\"><\/span><span style=\"background-color: rgb(255, 255, 255); color: black;\">&nbsp;ACSR gibi \u00e7elik takviyeli kablolar i\u00e7in uygun de\u011fildir<\/span><\/li>\n<li data-list=\"bullet\"><span class=\"ql-ui\" contenteditable=\"false\"><\/span><span style=\"background-color: rgb(255, 255, 255); color: black;\">&nbsp;Kesici kenarlar ek olarak lazerle sertle\u015ftirilmi\u015ftir, kesici kenar sertli\u011fi yakla\u015f\u0131k 56 HRC&#8217;dir<\/span><\/li>\n<li data-list=\"bullet\"><span class=\"ql-ui\" contenteditable=\"false\"><\/span><span style=\"background-color: rgb(255, 255, 255); color: black;\">&nbsp;Konforlu saplar ile: optimize edilmi\u015f kullan\u0131m i\u00e7in \u00fc\u00e7 ergonomik bile\u015fenden olu\u015fur ve eklemeler i\u00e7in iki KNIPEXtend arabirimiyle donat\u0131lm\u0131\u015ft\u0131r<\/span><\/li>\n<\/ol>\n<p><\/p>\n<table>\n<tr>\n<td>A\u011f\u0131rl\u0131k<\/td>\n<td>425 g<\/td>\n<\/tr>\n<tr>\n<td>\u00d6l\u00e7\u00fcler<\/td>\n<td>225 x 60 x 25 mm<\/td>\n<\/tr>\n<\/table>\n","protected":false},"excerpt":{"rendered":"<ol>\n<li data-list=\"bullet\"><span class=\"ql-ui\" contenteditable=\"false\"><\/span><span style=\"background-color: rgb(255, 255, 255); color: rgb(0, 79, 159);\">Y\u00fcksek kald\u0131ra\u00e7l\u0131 ba\u011flant\u0131, uzun saplar ve optimize edilmi\u015f kesici kenarlar: kompakt kablo makaslar\u0131na g\u00f6re belirgin \u015fekilde daha hafif kesim<\/span><\/li>\n<li data-list=\"bullet\"><span class=\"ql-ui\" contenteditable=\"false\"><\/span><span style=\"background-color: rgb(255, 255, 255); color: rgb(0, 79, 159);\">&nbsp;B\u00fcy\u00fck kesme kapasitesi: 35 mm\u00b2&#8217;ye kadar kat\u0131 bak\u0131r veya al\u00fcminyum kablolar\u0131, 70 mm\u00b2&#8217;ye kadar \u00e7ok telli kablolar\u0131 ve 120 mm\u00b2&#8217;ye kadar ince \u00e7ok telli kablolar\u0131 keser<\/span><\/li>\n<li data-list=\"bullet\"><span class=\"ql-ui\" contenteditable=\"false\"><\/span><span style=\"background-color: rgb(255, 255, 255); color: rgb(0, 79, 159);\">&nbsp;\u00c7ift kesme alanlar\u0131: Kademeli kesici kenar, kesim s\u0131ras\u0131nda k\u00fc\u00e7\u00fck ve b\u00fcy\u00fck kablolar\u0131 ba\u011flant\u0131 noktas\u0131na yak\u0131n tutar; \u00f6n kesici kenar \u00e7ok b\u00fcy\u00fck kablolar\u0131 ad\u0131m ad\u0131m keser<\/span><\/li>\n<li data-list=\"bullet\"><span class=\"ql-ui\" contenteditable=\"false\"><\/span><span style=\"background-color: rgb(255, 255, 255); color: black;\">&nbsp;B\u00fcy\u00fck kablo \u00e7aplar\u0131 i\u00e7in minimum sap a\u00e7\u0131kl\u0131\u011f\u0131yla tek veya iki elle kolay kullan\u0131m<\/span><\/li>\n<li data-list=\"bullet\"><span class=\"ql-ui\" contenteditable=\"false\"><\/span><span style=\"background-color: rgb(255, 255, 255); color: black;\">&nbsp;Ayarlanabilir, y\u00fcksek kald\u0131ra\u00e7l\u0131 c\u0131vatal\u0131 ba\u011flant\u0131 hassas ve d\u00fczg\u00fcn kesim sa\u011flar<\/span><\/li>\n<li data-list=\"bullet\"><span class=\"ql-ui\" contenteditable=\"false\"><\/span><span style=\"background-color: rgb(255, 255, 255); color: black;\">&nbsp;Daha kolay eri\u015filebilirlik i\u00e7in ince kafa<\/span><\/li>\n<li data-list=\"bullet\"><span class=\"ql-ui\" contenteditable=\"false\"><\/span><span style=\"background-color: rgb(255, 255, 255); color: black;\">&nbsp;S\u0131k\u0131\u015fma korumas\u0131, operat\u00f6rlerin parmaklar\u0131n\u0131n s\u0131k\u0131\u015fmas\u0131n\u0131 \u00f6nler<\/span><\/li>\n<li data-list=\"bullet\"><span class=\"ql-ui\" contenteditable=\"false\"><\/span><span style=\"background-color: rgb(255, 255, 255); color: black;\">&nbsp;ACSR gibi \u00e7elik takviyeli kablolar i\u00e7in uygun de\u011fildir<\/span><\/li>\n<li data-list=\"bullet\"><span class=\"ql-ui\" contenteditable=\"false\"><\/span><span style=\"background-color: rgb(255, 255, 255); color: black;\">&nbsp;Kesici kenarlar ek olarak lazerle sertle\u015ftirilmi\u015ftir, kesici kenar sertli\u011fi yakla\u015f\u0131k 56 HRC&#8217;dir<\/span><\/li>\n<li data-list=\"bullet\"><span class=\"ql-ui\" contenteditable=\"false\"><\/span><span style=\"background-color: rgb(255, 255, 255); color: black;\">&nbsp;Konforlu saplar ile: optimize edilmi\u015f kullan\u0131m i\u00e7in \u00fc\u00e7 ergonomik bile\u015fenden olu\u015fur ve eklemeler i\u00e7in iki KNIPEXtend arabirimiyle donat\u0131lm\u0131\u015ft\u0131r<\/span><\/li>\n<\/ol>\n<p><\/p>\n","protected":false},"featured_media":0,"comment_status":"open","ping_status":"closed","template":"","meta":{"_acf_changed":false},"product_brand":[1486],"product_cat":[1565],"product_tag":[],"class_list":{"0":"post-25675","1":"product","2":"type-product","3":"status-publish","5":"product_brand-knipex","6":"product_cat-yok-yok","8":"first","9":"instock","10":"taxable","11":"shipping-taxable","12":"purchasable","13":"product-type-simple","14":"add-to-wishlist-after_add_to_cart"},"acf":[],"_links":{"self":[{"href":"https:\/\/www.makitamarket.com.tr\/site\/wp-json\/wp\/v2\/product\/25675","targetHints":{"allow":["GET"]}}],"collection":[{"href":"https:\/\/www.makitamarket.com.tr\/site\/wp-json\/wp\/v2\/product"}],"about":[{"href":"https:\/\/www.makitamarket.com.tr\/site\/wp-json\/wp\/v2\/types\/product"}],"replies":[{"embeddable":true,"href":"https:\/\/www.makitamarket.com.tr\/site\/wp-json\/wp\/v2\/comments?post=25675"}],"wp:attachment":[{"href":"https:\/\/www.makitamarket.com.tr\/site\/wp-json\/wp\/v2\/media?parent=25675"}],"wp:term":[{"taxonomy":"product_brand","embeddable":true,"href":"https:\/\/www.makitamarket.com.tr\/site\/wp-json\/wp\/v2\/product_brand?post=25675"},{"taxonomy":"product_cat","embeddable":true,"href":"https:\/\/www.makitamarket.com.tr\/site\/wp-json\/wp\/v2\/product_cat?post=25675"},{"taxonomy":"product_tag","embeddable":true,"href":"https:\/\/www.makitamarket.com.tr\/site\/wp-json\/wp\/v2\/product_tag?post=25675"}],"curies":[{"name":"wp","href":"https:\/\/api.w.org\/{rel}","templated":true}]}}