{"id":25684,"date":"2025-12-01T07:16:25","date_gmt":"2025-12-01T04:16:25","guid":{"rendered":"https:\/\/www.makitamarket.com.tr\/site\/urun\/knipex-920101-knipex-smd-hassas-cimbiz\/"},"modified":"2026-04-06T18:21:56","modified_gmt":"2026-04-06T15:21:56","slug":"knipex-920101-knipex-smd-hassas-cimbiz","status":"publish","type":"product","link":"https:\/\/www.makitamarket.com.tr\/site\/urun\/knipex-920101-knipex-smd-hassas-cimbiz\/","title":{"rendered":"Knipex 920101 KNIPEX SMD HASSAS CIMBIZ"},"content":{"rendered":"<ol>\n<li data-list=\"bullet\"><span class=\"ql-ui\" contenteditable=\"false\"><\/span><span style=\"background-color: rgb(255, 255, 255); color: black;\">SMD (SMD = y\u00fczeye monte bile\u015fen) par\u00e7alar \u00fczerinde \u00e7al\u0131\u015f\u0131rken: SMD c\u0131mb\u0131zlar\u0131n ince geometrisi, lehimlenebilir ba\u011flant\u0131 y\u00fczeyleri kullan\u0131larak do\u011frudan devre kart\u0131na lehimlenebilen elektronik bile\u015fenler \u00fczerinde \u00e7al\u0131\u015fma yap\u0131lmas\u0131na izin verir<\/span><\/li>\n<li data-list=\"bullet\"><span class=\"ql-ui\" contenteditable=\"false\"><\/span><span style=\"background-color: rgb(255, 255, 255); color: black;\">&nbsp;El yap\u0131m\u0131: parlat\u0131lm\u0131\u015f kenarlar ve m\u00fckemmel bir mat, \u00e7iziksiz ve yans\u0131t\u0131c\u0131 olmayan y\u00fczey<\/span><\/li>\n<li data-list=\"bullet\"><span class=\"ql-ui\" contenteditable=\"false\"><\/span><span style=\"background-color: rgb(255, 255, 255); color: black;\">&nbsp;Elektronik end\u00fcstrisinde montaj i\u015fleri, laboratuvar i\u015flemleri, steril oda ortamlar\u0131, devre kart\u0131 onar\u0131mlar\u0131 ve bak\u0131mlar\u0131 i\u00e7in<\/span><\/li>\n<li data-list=\"bullet\"><span class=\"ql-ui\" contenteditable=\"false\"><\/span><span style=\"background-color: rgb(255, 255, 255); color: black;\">&nbsp;Y\u00fcksek kaliteli birinci s\u0131n\u0131f paslanmaz \u00e7elik: y\u00fcksek s\u0131cakl\u0131k direnci ve \u00e7o\u011fu kimyasala, tuza ve aside kar\u015f\u0131 m\u00fckemmel korozyon direnci<\/span><\/li>\n<li data-list=\"bullet\"><span class=\"ql-ui\" contenteditable=\"false\"><\/span><span style=\"background-color: rgb(255, 255, 255); color: black;\">&nbsp;Elektromanyetik hasar\u0131 \u00f6nlemek i\u00e7in antimanyetik yap\u0131<\/span><\/li>\n<li data-list=\"bullet\"><span class=\"ql-ui\" contenteditable=\"false\"><\/span><span style=\"background-color: rgb(255, 255, 255); color: black;\">&nbsp;Tasar\u0131mlar\u0131n ve \u00e7ene t\u00fcrlerinin \u00e7e\u015fitlili\u011fi, k\u00fc\u00e7\u00fck bile\u015fenlerin dar alanlarda g\u00fcvenli bir \u015fekilde tutulmas\u0131n\u0131, konumland\u0131r\u0131lmas\u0131n\u0131 ve kontrol edilmesini sa\u011flar<\/span><\/li>\n<li data-list=\"bullet\"><span class=\"ql-ui\" contenteditable=\"false\"><\/span><span style=\"background-color: rgb(255, 255, 255); color: black;\">&nbsp;Set olarak da temin edilebilir (92 00 03)<\/span><\/li>\n<\/ol>\n<p><\/p>\n<table><\/table>\n","protected":false},"excerpt":{"rendered":"<ol>\n<li data-list=\"bullet\"><span class=\"ql-ui\" contenteditable=\"false\"><\/span><span style=\"background-color: rgb(255, 255, 255); color: black;\">SMD (SMD = y\u00fczeye monte bile\u015fen) par\u00e7alar \u00fczerinde \u00e7al\u0131\u015f\u0131rken: SMD c\u0131mb\u0131zlar\u0131n ince geometrisi, lehimlenebilir ba\u011flant\u0131 y\u00fczeyleri kullan\u0131larak do\u011frudan devre kart\u0131na lehimlenebilen elektronik bile\u015fenler \u00fczerinde \u00e7al\u0131\u015fma yap\u0131lmas\u0131na izin verir<\/span><\/li>\n<li data-list=\"bullet\"><span class=\"ql-ui\" contenteditable=\"false\"><\/span><span style=\"background-color: rgb(255, 255, 255); color: black;\">&nbsp;El yap\u0131m\u0131: parlat\u0131lm\u0131\u015f kenarlar ve m\u00fckemmel bir mat, \u00e7iziksiz ve yans\u0131t\u0131c\u0131 olmayan y\u00fczey<\/span><\/li>\n<li data-list=\"bullet\"><span class=\"ql-ui\" contenteditable=\"false\"><\/span><span style=\"background-color: rgb(255, 255, 255); color: black;\">&nbsp;Elektronik end\u00fcstrisinde montaj i\u015fleri, laboratuvar i\u015flemleri, steril oda ortamlar\u0131, devre kart\u0131 onar\u0131mlar\u0131 ve bak\u0131mlar\u0131 i\u00e7in<\/span><\/li>\n<li data-list=\"bullet\"><span class=\"ql-ui\" contenteditable=\"false\"><\/span><span style=\"background-color: rgb(255, 255, 255); color: black;\">&nbsp;Y\u00fcksek kaliteli birinci s\u0131n\u0131f paslanmaz \u00e7elik: y\u00fcksek s\u0131cakl\u0131k direnci ve \u00e7o\u011fu kimyasala, tuza ve aside kar\u015f\u0131 m\u00fckemmel korozyon direnci<\/span><\/li>\n<li data-list=\"bullet\"><span class=\"ql-ui\" contenteditable=\"false\"><\/span><span style=\"background-color: rgb(255, 255, 255); color: black;\">&nbsp;Elektromanyetik hasar\u0131 \u00f6nlemek i\u00e7in antimanyetik yap\u0131<\/span><\/li>\n<li data-list=\"bullet\"><span class=\"ql-ui\" contenteditable=\"false\"><\/span><span style=\"background-color: rgb(255, 255, 255); color: black;\">&nbsp;Tasar\u0131mlar\u0131n ve \u00e7ene t\u00fcrlerinin \u00e7e\u015fitlili\u011fi, k\u00fc\u00e7\u00fck bile\u015fenlerin dar alanlarda g\u00fcvenli bir \u015fekilde tutulmas\u0131n\u0131, konumland\u0131r\u0131lmas\u0131n\u0131 ve kontrol edilmesini sa\u011flar<\/span><\/li>\n<li data-list=\"bullet\"><span class=\"ql-ui\" contenteditable=\"false\"><\/span><span style=\"background-color: rgb(255, 255, 255); color: black;\">&nbsp;Set olarak da temin edilebilir (92 00 03)<\/span><\/li>\n<\/ol>\n<p><\/p>\n","protected":false},"featured_media":0,"comment_status":"open","ping_status":"closed","template":"","meta":{"_acf_changed":false},"product_brand":[1486],"product_cat":[1565],"product_tag":[],"class_list":{"0":"post-25684","1":"product","2":"type-product","3":"status-publish","5":"product_brand-knipex","6":"product_cat-yok-yok","8":"first","9":"instock","10":"taxable","11":"shipping-taxable","12":"purchasable","13":"product-type-simple","14":"add-to-wishlist-after_add_to_cart"},"acf":[],"_links":{"self":[{"href":"https:\/\/www.makitamarket.com.tr\/site\/wp-json\/wp\/v2\/product\/25684","targetHints":{"allow":["GET"]}}],"collection":[{"href":"https:\/\/www.makitamarket.com.tr\/site\/wp-json\/wp\/v2\/product"}],"about":[{"href":"https:\/\/www.makitamarket.com.tr\/site\/wp-json\/wp\/v2\/types\/product"}],"replies":[{"embeddable":true,"href":"https:\/\/www.makitamarket.com.tr\/site\/wp-json\/wp\/v2\/comments?post=25684"}],"wp:attachment":[{"href":"https:\/\/www.makitamarket.com.tr\/site\/wp-json\/wp\/v2\/media?parent=25684"}],"wp:term":[{"taxonomy":"product_brand","embeddable":true,"href":"https:\/\/www.makitamarket.com.tr\/site\/wp-json\/wp\/v2\/product_brand?post=25684"},{"taxonomy":"product_cat","embeddable":true,"href":"https:\/\/www.makitamarket.com.tr\/site\/wp-json\/wp\/v2\/product_cat?post=25684"},{"taxonomy":"product_tag","embeddable":true,"href":"https:\/\/www.makitamarket.com.tr\/site\/wp-json\/wp\/v2\/product_tag?post=25684"}],"curies":[{"name":"wp","href":"https:\/\/api.w.org\/{rel}","templated":true}]}}