{"id":25687,"date":"2025-12-01T07:17:19","date_gmt":"2025-12-01T04:17:19","guid":{"rendered":"https:\/\/www.makitamarket.com.tr\/site\/urun\/knipex-9539870-knipex-95-32-100-yedek-bicak\/"},"modified":"2026-04-06T18:21:44","modified_gmt":"2026-04-06T15:21:44","slug":"knipex-9539870-knipex-95-32-100-yedek-bicak","status":"publish","type":"product","link":"https:\/\/www.makitamarket.com.tr\/site\/urun\/knipex-9539870-knipex-95-32-100-yedek-bicak\/","title":{"rendered":"Knipex 9539870 KNIPEX 95 32 100 YEDEK BI\u00c7AK"},"content":{"rendered":"<ol>\n<li data-list=\"bullet\"><span class=\"ql-ui\" contenteditable=\"false\"><\/span><span style=\"background-color: rgb(255, 255, 255); color: black;\">&nbsp;Tek ve \u00e7ok telli bak\u0131r ve al\u00fcminyum kablolar i\u00e7in &#8211; sert lastik veya izolasyonu olanlar da<\/span><\/li>\n<li data-list=\"bullet\"><span class=\"ql-ui\" contenteditable=\"false\"><\/span><span style=\"background-color: rgb(255, 255, 255); color: black;\">&nbsp;\u00c7elik tel ve tel halatlar i\u00e7in uygun de\u011fildir<\/span><\/li>\n<li data-list=\"bullet\"><span class=\"ql-ui\" contenteditable=\"false\"><\/span><span style=\"background-color: rgb(255, 255, 255); color: black;\">&nbsp;\u015eerit demir takviyeli kablolar i\u00e7in de uygundur<\/span><\/li>\n<li data-list=\"bullet\"><span class=\"ql-ui\" contenteditable=\"false\"><\/span><span style=\"background-color: rgb(255, 255, 255); color: black;\">&nbsp;En uygun g\u00fc\u00e7 aktar\u0131m sayesinde \u00e7ok fazla g\u00fc\u00e7 sarfetmeden kesim yap\u0131l\u0131r<\/span><\/li>\n<li data-list=\"bullet\"><span class=\"ql-ui\" contenteditable=\"false\"><\/span><span style=\"background-color: rgb(255, 255, 255); color: black;\">&nbsp;\u0130ki elle kullan\u0131m ve c\u0131rc\u0131r lokma anahtar\u0131 prensibi sayesinde y\u00fcksek kesme performans\u0131<\/span><\/li>\n<li data-list=\"bullet\"><span class=\"ql-ui\" contenteditable=\"false\"><\/span><span style=\"background-color: rgb(255, 255, 255); color: black;\">&nbsp;Aleti her kesme pozisyonunda a\u00e7mak m\u00fcmk\u00fcnd\u00fcr<\/span><\/li>\n<li data-list=\"bullet\"><span class=\"ql-ui\" contenteditable=\"false\"><\/span><span style=\"background-color: rgb(255, 255, 255); color: black;\">&nbsp;Kol uzunlu\u011fu 400 &#8211; 610 mm aral\u0131\u011f\u0131nda \u00e7ok kademeli olarak ayarlanabilir (k\u0131sa uzayabilen sap uzunlu\u011fu, kullan\u0131c\u0131n\u0131n \u00e7al\u0131\u015fma ko\u015fullar\u0131na uyarlama)<\/span><\/li>\n<\/ol>\n<p><\/p>\n<table>\n<tr>\n<td>\u00d6l\u00e7\u00fcleri<\/td>\n<td>170 x 5 mm<\/td>\n<\/tr>\n<tr>\n<td>A\u011f\u0131rl\u0131k<\/td>\n<td>1.350 g<\/td>\n<\/tr>\n<\/table>\n","protected":false},"excerpt":{"rendered":"<ol>\n<li data-list=\"bullet\"><span class=\"ql-ui\" contenteditable=\"false\"><\/span><span style=\"background-color: rgb(255, 255, 255); color: black;\">&nbsp;Tek ve \u00e7ok telli bak\u0131r ve al\u00fcminyum kablolar i\u00e7in &#8211; sert lastik veya izolasyonu olanlar da<\/span><\/li>\n<li data-list=\"bullet\"><span class=\"ql-ui\" contenteditable=\"false\"><\/span><span style=\"background-color: rgb(255, 255, 255); color: black;\">&nbsp;\u00c7elik tel ve tel halatlar i\u00e7in uygun de\u011fildir<\/span><\/li>\n<li data-list=\"bullet\"><span class=\"ql-ui\" contenteditable=\"false\"><\/span><span style=\"background-color: rgb(255, 255, 255); color: black;\">&nbsp;\u015eerit demir takviyeli kablolar i\u00e7in de uygundur<\/span><\/li>\n<li data-list=\"bullet\"><span class=\"ql-ui\" contenteditable=\"false\"><\/span><span style=\"background-color: rgb(255, 255, 255); color: black;\">&nbsp;En uygun g\u00fc\u00e7 aktar\u0131m sayesinde \u00e7ok fazla g\u00fc\u00e7 sarfetmeden kesim yap\u0131l\u0131r<\/span><\/li>\n<li data-list=\"bullet\"><span class=\"ql-ui\" contenteditable=\"false\"><\/span><span style=\"background-color: rgb(255, 255, 255); color: black;\">&nbsp;\u0130ki elle kullan\u0131m ve c\u0131rc\u0131r lokma anahtar\u0131 prensibi sayesinde y\u00fcksek kesme performans\u0131<\/span><\/li>\n<li data-list=\"bullet\"><span class=\"ql-ui\" contenteditable=\"false\"><\/span><span style=\"background-color: rgb(255, 255, 255); color: black;\">&nbsp;Aleti her kesme pozisyonunda a\u00e7mak m\u00fcmk\u00fcnd\u00fcr<\/span><\/li>\n<li data-list=\"bullet\"><span class=\"ql-ui\" contenteditable=\"false\"><\/span><span style=\"background-color: rgb(255, 255, 255); color: black;\">&nbsp;Kol uzunlu\u011fu 400 &#8211; 610 mm aral\u0131\u011f\u0131nda \u00e7ok kademeli olarak ayarlanabilir (k\u0131sa uzayabilen sap uzunlu\u011fu, kullan\u0131c\u0131n\u0131n \u00e7al\u0131\u015fma ko\u015fullar\u0131na uyarlama)<\/span><\/li>\n<\/ol>\n<p><\/p>\n","protected":false},"featured_media":0,"comment_status":"open","ping_status":"closed","template":"","meta":{"_acf_changed":false},"product_brand":[1486],"product_cat":[1565],"product_tag":[],"class_list":{"0":"post-25687","1":"product","2":"type-product","3":"status-publish","5":"product_brand-knipex","6":"product_cat-yok-yok","8":"first","9":"outofstock","10":"taxable","11":"shipping-taxable","12":"purchasable","13":"product-type-simple","14":"add-to-wishlist-after_add_to_cart"},"acf":[],"_links":{"self":[{"href":"https:\/\/www.makitamarket.com.tr\/site\/wp-json\/wp\/v2\/product\/25687","targetHints":{"allow":["GET"]}}],"collection":[{"href":"https:\/\/www.makitamarket.com.tr\/site\/wp-json\/wp\/v2\/product"}],"about":[{"href":"https:\/\/www.makitamarket.com.tr\/site\/wp-json\/wp\/v2\/types\/product"}],"replies":[{"embeddable":true,"href":"https:\/\/www.makitamarket.com.tr\/site\/wp-json\/wp\/v2\/comments?post=25687"}],"wp:attachment":[{"href":"https:\/\/www.makitamarket.com.tr\/site\/wp-json\/wp\/v2\/media?parent=25687"}],"wp:term":[{"taxonomy":"product_brand","embeddable":true,"href":"https:\/\/www.makitamarket.com.tr\/site\/wp-json\/wp\/v2\/product_brand?post=25687"},{"taxonomy":"product_cat","embeddable":true,"href":"https:\/\/www.makitamarket.com.tr\/site\/wp-json\/wp\/v2\/product_cat?post=25687"},{"taxonomy":"product_tag","embeddable":true,"href":"https:\/\/www.makitamarket.com.tr\/site\/wp-json\/wp\/v2\/product_tag?post=25687"}],"curies":[{"name":"wp","href":"https:\/\/api.w.org\/{rel}","templated":true}]}}