{"id":25691,"date":"2025-12-01T07:17:20","date_gmt":"2025-12-01T04:17:20","guid":{"rendered":"https:\/\/www.makitamarket.com.tr\/site\/urun\/knipex-974366evo-knipex-sikma-pensesi\/"},"modified":"2026-04-06T18:21:03","modified_gmt":"2026-04-06T15:21:03","slug":"knipex-974366evo-knipex-sikma-pensesi","status":"publish","type":"product","link":"https:\/\/www.makitamarket.com.tr\/site\/urun\/knipex-974366evo-knipex-sikma-pensesi\/","title":{"rendered":"Knipex 974366EVO KNIPEX SIKMA PENSES\u0130"},"content":{"rendered":"<ol>\n<li data-list=\"bullet\"><span class=\"ql-ui\" contenteditable=\"false\"><\/span><span style=\"background-color: rgb(255, 255, 255); color: rgb(0, 79, 159);\">Sadece 1 alet ile 1000 s\u0131kma uygulamas\u0131:<\/span><\/li>\n<li data-list=\"bullet\"><span class=\"ql-ui\" contenteditable=\"false\"><\/span><span style=\"background-color: rgb(255, 255, 255); color: rgb(0, 79, 159);\">&nbsp;Neredeyse paralel s\u0131kma hareketi<\/span><\/li>\n<li data-list=\"bullet\"><span class=\"ql-ui\" contenteditable=\"false\"><\/span><span style=\"background-color: rgb(255, 255, 255); color: black;\">&nbsp;Hassas kal\u0131plar ve c\u0131rc\u0131r mekanizmas\u0131 (kilitlenebilir) sayesinde s\u00fcrekli y\u00fcksek s\u0131kma kalitesi<\/span><\/li>\n<li data-list=\"bullet\"><span class=\"ql-ui\" contenteditable=\"false\"><\/span><span style=\"background-color: rgb(255, 255, 255); color: black;\">&nbsp;S\u0131kma bas\u0131nc\u0131 fabrikada hassas bir \u015fekilde belirlenmi\u015ftir(kalibre edilmi\u015ftir) ve ayarlanabilir<\/span><\/li>\n<li data-list=\"bullet\"><span class=\"ql-ui\" contenteditable=\"false\"><\/span><span style=\"background-color: rgb(255, 255, 255); color: black;\">&nbsp;Tek ve iki elle kullan\u0131m i\u00e7in<\/span><\/li>\n<li data-list=\"bullet\"><span class=\"ql-ui\" contenteditable=\"false\"><\/span><span style=\"background-color: rgb(255, 255, 255); color: black;\">&nbsp;Sunulan \u00fcr\u00fcn \u00e7e\u015fitlerinin \u00f6tesindeki uygulamalar i\u00e7in olan s\u0131kma elemanlar\u0131 i\u00e7in sorunuz<\/span><\/li>\n<li data-list=\"bullet\"><span class=\"ql-ui\" contenteditable=\"false\"><\/span><span style=\"background-color: rgb(255, 255, 255); color: black;\">&nbsp;\u00d6zel olarak modifiye edilmi\u015f sistem pensesi: 4 \/ 6 \/ 10 mm\u00b2&#8217;lik MC4 EVO 2 konekt\u00f6rleri i\u00e7in optimize edilmi\u015ftir<\/span><\/li>\n<li data-list=\"bullet\"><span class=\"ql-ui\" contenteditable=\"false\"><\/span><span style=\"background-color: rgb(255, 255, 255); color: black;\">&nbsp;Hassas konum tespiti i\u00e7in \u00f6nceden montajl\u0131 yer belirleyici; iste\u011fe ba\u011fl\u0131 yer belirleyici 97 49 71 1, t\u00fcm MC4\u00ae serisi solar konekt\u00f6rler i\u015flenebilir<\/span><\/li>\n<li data-list=\"bullet\"><span class=\"ql-ui\" contenteditable=\"false\"><\/span><span style=\"background-color: rgb(255, 255, 255); color: black;\">&nbsp;B\u00fcy\u00fck fotovoltaik panel kurulumlar\u0131 i\u00e7in profesyonel standart<\/span><\/li>\n<\/ol>\n<p><\/p>\n<table>\n<tr>\n<td>\u00d6l\u00e7\u00fcler<\/td>\n<td>200 x 96 x 45 mm<\/td>\n<\/tr>\n<tr>\n<td>A\u011f\u0131rl\u0131k<\/td>\n<td>680 g<\/td>\n<\/tr>\n<\/table>\n","protected":false},"excerpt":{"rendered":"<ol>\n<li data-list=\"bullet\"><span class=\"ql-ui\" contenteditable=\"false\"><\/span><span style=\"background-color: rgb(255, 255, 255); color: rgb(0, 79, 159);\">Sadece 1 alet ile 1000 s\u0131kma uygulamas\u0131:<\/span><\/li>\n<li data-list=\"bullet\"><span class=\"ql-ui\" contenteditable=\"false\"><\/span><span style=\"background-color: rgb(255, 255, 255); color: rgb(0, 79, 159);\">&nbsp;Neredeyse paralel s\u0131kma hareketi<\/span><\/li>\n<li data-list=\"bullet\"><span class=\"ql-ui\" contenteditable=\"false\"><\/span><span style=\"background-color: rgb(255, 255, 255); color: black;\">&nbsp;Hassas kal\u0131plar ve c\u0131rc\u0131r mekanizmas\u0131 (kilitlenebilir) sayesinde s\u00fcrekli y\u00fcksek s\u0131kma kalitesi<\/span><\/li>\n<li data-list=\"bullet\"><span class=\"ql-ui\" contenteditable=\"false\"><\/span><span style=\"background-color: rgb(255, 255, 255); color: black;\">&nbsp;S\u0131kma bas\u0131nc\u0131 fabrikada hassas bir \u015fekilde belirlenmi\u015ftir(kalibre edilmi\u015ftir) ve ayarlanabilir<\/span><\/li>\n<li data-list=\"bullet\"><span class=\"ql-ui\" contenteditable=\"false\"><\/span><span style=\"background-color: rgb(255, 255, 255); color: black;\">&nbsp;Tek ve iki elle kullan\u0131m i\u00e7in<\/span><\/li>\n<li data-list=\"bullet\"><span class=\"ql-ui\" contenteditable=\"false\"><\/span><span style=\"background-color: rgb(255, 255, 255); color: black;\">&nbsp;Sunulan \u00fcr\u00fcn \u00e7e\u015fitlerinin \u00f6tesindeki uygulamalar i\u00e7in olan s\u0131kma elemanlar\u0131 i\u00e7in sorunuz<\/span><\/li>\n<li data-list=\"bullet\"><span class=\"ql-ui\" contenteditable=\"false\"><\/span><span style=\"background-color: rgb(255, 255, 255); color: black;\">&nbsp;\u00d6zel olarak modifiye edilmi\u015f sistem pensesi: 4 \/ 6 \/ 10 mm\u00b2&#8217;lik MC4 EVO 2 konekt\u00f6rleri i\u00e7in optimize edilmi\u015ftir<\/span><\/li>\n<li data-list=\"bullet\"><span class=\"ql-ui\" contenteditable=\"false\"><\/span><span style=\"background-color: rgb(255, 255, 255); color: black;\">&nbsp;Hassas konum tespiti i\u00e7in \u00f6nceden montajl\u0131 yer belirleyici; iste\u011fe ba\u011fl\u0131 yer belirleyici 97 49 71 1, t\u00fcm MC4\u00ae serisi solar konekt\u00f6rler i\u015flenebilir<\/span><\/li>\n<li data-list=\"bullet\"><span class=\"ql-ui\" contenteditable=\"false\"><\/span><span style=\"background-color: rgb(255, 255, 255); color: black;\">&nbsp;B\u00fcy\u00fck fotovoltaik panel kurulumlar\u0131 i\u00e7in profesyonel standart<\/span><\/li>\n<\/ol>\n<p><\/p>\n","protected":false},"featured_media":0,"comment_status":"open","ping_status":"closed","template":"","meta":{"_acf_changed":false},"product_brand":[1486],"product_cat":[1565],"product_tag":[],"class_list":{"0":"post-25691","1":"product","2":"type-product","3":"status-publish","5":"product_brand-knipex","6":"product_cat-yok-yok","8":"first","9":"outofstock","10":"taxable","11":"shipping-taxable","12":"purchasable","13":"product-type-simple","14":"add-to-wishlist-after_add_to_cart"},"acf":[],"_links":{"self":[{"href":"https:\/\/www.makitamarket.com.tr\/site\/wp-json\/wp\/v2\/product\/25691","targetHints":{"allow":["GET"]}}],"collection":[{"href":"https:\/\/www.makitamarket.com.tr\/site\/wp-json\/wp\/v2\/product"}],"about":[{"href":"https:\/\/www.makitamarket.com.tr\/site\/wp-json\/wp\/v2\/types\/product"}],"replies":[{"embeddable":true,"href":"https:\/\/www.makitamarket.com.tr\/site\/wp-json\/wp\/v2\/comments?post=25691"}],"wp:attachment":[{"href":"https:\/\/www.makitamarket.com.tr\/site\/wp-json\/wp\/v2\/media?parent=25691"}],"wp:term":[{"taxonomy":"product_brand","embeddable":true,"href":"https:\/\/www.makitamarket.com.tr\/site\/wp-json\/wp\/v2\/product_brand?post=25691"},{"taxonomy":"product_cat","embeddable":true,"href":"https:\/\/www.makitamarket.com.tr\/site\/wp-json\/wp\/v2\/product_cat?post=25691"},{"taxonomy":"product_tag","embeddable":true,"href":"https:\/\/www.makitamarket.com.tr\/site\/wp-json\/wp\/v2\/product_tag?post=25691"}],"curies":[{"name":"wp","href":"https:\/\/api.w.org\/{rel}","templated":true}]}}