{"id":25693,"date":"2025-12-01T07:17:20","date_gmt":"2025-12-01T04:17:20","guid":{"rendered":"https:\/\/www.makitamarket.com.tr\/site\/urun\/knipex-975209-knipex-975209-pabuc-sikma-pensi\/"},"modified":"2026-04-06T18:27:45","modified_gmt":"2026-04-06T15:27:45","slug":"knipex-975209-knipex-975209-pabuc-sikma-pensi","status":"publish","type":"product","link":"https:\/\/www.makitamarket.com.tr\/site\/urun\/knipex-975209-knipex-975209-pabuc-sikma-pensi\/","title":{"rendered":"Knipex 975209 KNIPEX 975209 PABUC SIKMA PENSI"},"content":{"rendered":"<ol>\n<li data-list=\"bullet\"><span class=\"ql-ui\" contenteditable=\"false\"><\/span><span style=\"background-color: rgb(255, 255, 255); color: black;\">&nbsp;Lehimsiz elektrik ba\u011flant\u0131lar\u0131 i\u00e7in<\/span><\/li>\n<li data-list=\"bullet\"><span class=\"ql-ui\" contenteditable=\"false\"><\/span><span style=\"background-color: rgb(255, 255, 255); color: black;\">&nbsp;Yeni tip makas kolu sayesinde, klasik s\u0131kma penselerine g\u00f6re %30&#8217;a varan oranda daha az el kuvveti gerektirir<\/span><\/li>\n<li data-list=\"bullet\"><span class=\"ql-ui\" contenteditable=\"false\"><\/span><span style=\"background-color: rgb(255, 255, 255); color: black;\">&nbsp;Hassas kal\u0131plar ve c\u0131rc\u0131r mekanizmas\u0131 (kilitlenebilir) sayesinde s\u00fcrekli y\u00fcksek s\u0131kma kalitesi<\/span><\/li>\n<li data-list=\"bullet\"><span class=\"ql-ui\" contenteditable=\"false\"><\/span><span style=\"background-color: rgb(255, 255, 255); color: black;\">&nbsp;Hassas, fabrika ayarl\u0131 (kalibre edilmi\u015f) s\u0131kma bas\u0131nc\u0131<\/span><\/li>\n<li data-list=\"bullet\"><span class=\"ql-ui\" contenteditable=\"false\"><\/span><span style=\"background-color: rgb(255, 255, 255); color: black;\">&nbsp;B\u00fcy\u00fck iletken kesitlerinin kolayca s\u0131k\u0131lmas\u0131 i\u00e7in iki elle kullan\u0131m<\/span><\/li>\n<li data-list=\"bullet\"><span class=\"ql-ui\" contenteditable=\"false\"><\/span><span style=\"background-color: rgb(255, 255, 255); color: black;\">&nbsp;Dengeli a\u011f\u0131rl\u0131k merkezi, a\u00e7\u0131l\u0131 kafa ve ergonomik saplar\u0131 sayesinde iyi kullan\u0131m<\/span><\/li>\n<li data-list=\"bullet\"><span class=\"ql-ui\" contenteditable=\"false\"><\/span><span style=\"background-color: rgb(255, 255, 255); color: black;\">&nbsp;S\u0131kma kal\u0131b\u0131 de\u011fi\u015ftirilemez<\/span><\/li>\n<\/ol>\n<p><\/p>\n<table>\n<tr>\n<td>A\u011f\u0131rl\u0131k<\/td>\n<td>571 g<\/td>\n<\/tr>\n<tr>\n<td>Platform \u00d6l\u00e7\u00fcleri<\/td>\n<td>250 x 78 x 26 mm<\/td>\n<\/tr>\n<\/table>\n","protected":false},"excerpt":{"rendered":"<ol>\n<li data-list=\"bullet\"><span class=\"ql-ui\" contenteditable=\"false\"><\/span><span style=\"background-color: rgb(255, 255, 255); color: black;\">&nbsp;Lehimsiz elektrik ba\u011flant\u0131lar\u0131 i\u00e7in<\/span><\/li>\n<li data-list=\"bullet\"><span class=\"ql-ui\" contenteditable=\"false\"><\/span><span style=\"background-color: rgb(255, 255, 255); color: black;\">&nbsp;Yeni tip makas kolu sayesinde, klasik s\u0131kma penselerine g\u00f6re %30&#8217;a varan oranda daha az el kuvveti gerektirir<\/span><\/li>\n<li data-list=\"bullet\"><span class=\"ql-ui\" contenteditable=\"false\"><\/span><span style=\"background-color: rgb(255, 255, 255); color: black;\">&nbsp;Hassas kal\u0131plar ve c\u0131rc\u0131r mekanizmas\u0131 (kilitlenebilir) sayesinde s\u00fcrekli y\u00fcksek s\u0131kma kalitesi<\/span><\/li>\n<li data-list=\"bullet\"><span class=\"ql-ui\" contenteditable=\"false\"><\/span><span style=\"background-color: rgb(255, 255, 255); color: black;\">&nbsp;Hassas, fabrika ayarl\u0131 (kalibre edilmi\u015f) s\u0131kma bas\u0131nc\u0131<\/span><\/li>\n<li data-list=\"bullet\"><span class=\"ql-ui\" contenteditable=\"false\"><\/span><span style=\"background-color: rgb(255, 255, 255); color: black;\">&nbsp;B\u00fcy\u00fck iletken kesitlerinin kolayca s\u0131k\u0131lmas\u0131 i\u00e7in iki elle kullan\u0131m<\/span><\/li>\n<li data-list=\"bullet\"><span class=\"ql-ui\" contenteditable=\"false\"><\/span><span style=\"background-color: rgb(255, 255, 255); color: black;\">&nbsp;Dengeli a\u011f\u0131rl\u0131k merkezi, a\u00e7\u0131l\u0131 kafa ve ergonomik saplar\u0131 sayesinde iyi kullan\u0131m<\/span><\/li>\n<li data-list=\"bullet\"><span class=\"ql-ui\" contenteditable=\"false\"><\/span><span style=\"background-color: rgb(255, 255, 255); color: black;\">&nbsp;S\u0131kma kal\u0131b\u0131 de\u011fi\u015ftirilemez<\/span><\/li>\n<\/ol>\n<p><\/p>\n","protected":false},"featured_media":0,"comment_status":"open","ping_status":"closed","template":"","meta":{"_acf_changed":false},"product_brand":[1486],"product_cat":[1565],"product_tag":[],"class_list":{"0":"post-25693","1":"product","2":"type-product","3":"status-publish","5":"product_brand-knipex","6":"product_cat-yok-yok","8":"first","9":"instock","10":"taxable","11":"shipping-taxable","12":"purchasable","13":"product-type-simple","14":"add-to-wishlist-after_add_to_cart"},"acf":[],"_links":{"self":[{"href":"https:\/\/www.makitamarket.com.tr\/site\/wp-json\/wp\/v2\/product\/25693","targetHints":{"allow":["GET"]}}],"collection":[{"href":"https:\/\/www.makitamarket.com.tr\/site\/wp-json\/wp\/v2\/product"}],"about":[{"href":"https:\/\/www.makitamarket.com.tr\/site\/wp-json\/wp\/v2\/types\/product"}],"replies":[{"embeddable":true,"href":"https:\/\/www.makitamarket.com.tr\/site\/wp-json\/wp\/v2\/comments?post=25693"}],"wp:attachment":[{"href":"https:\/\/www.makitamarket.com.tr\/site\/wp-json\/wp\/v2\/media?parent=25693"}],"wp:term":[{"taxonomy":"product_brand","embeddable":true,"href":"https:\/\/www.makitamarket.com.tr\/site\/wp-json\/wp\/v2\/product_brand?post=25693"},{"taxonomy":"product_cat","embeddable":true,"href":"https:\/\/www.makitamarket.com.tr\/site\/wp-json\/wp\/v2\/product_cat?post=25693"},{"taxonomy":"product_tag","embeddable":true,"href":"https:\/\/www.makitamarket.com.tr\/site\/wp-json\/wp\/v2\/product_tag?post=25693"}],"curies":[{"name":"wp","href":"https:\/\/api.w.org\/{rel}","templated":true}]}}