{"id":25721,"date":"2025-12-01T07:18:23","date_gmt":"2025-12-01T04:18:23","guid":{"rendered":"https:\/\/www.makitamarket.com.tr\/site\/urun\/makita-tw060dz-darbeli-somun-sikma-12v\/"},"modified":"2026-04-06T18:30:49","modified_gmt":"2026-04-06T15:30:49","slug":"makita-tw060dz-darbeli-somun-sikma-12v","status":"publish","type":"product","link":"https:\/\/www.makitamarket.com.tr\/site\/urun\/makita-tw060dz-darbeli-somun-sikma-12v\/","title":{"rendered":"Makita TW060DZ DARBEL\u0130 SOMUN SIKMA 12V"},"content":{"rendered":"<p><strong class=\"red-title\" style=\"font-size: 16px;\">A\u00e7\u0131klama:<\/strong> <span><\/p>\n<p>Model TW060DZ<\/p>\n<p>Ak\u00fcl\u00fc Darbeli Somun S\u0131kma<\/p>\n<p>12V maks. \u2022 1\/4&#8243; \u2022 60 Nm \u2022 0 \u2013 2 600 dak\u207b\u00b9<\/p>\n<p><span style=\"color: rgb(0, 112, 192);\">Dar alanlarda \u00e7al\u0131\u015fma i\u00e7in ultra kompakt darbeli somun s\u0131kma <\/span><\/p>\n<p>Kompakt ve hafif CXT\u00ae 12V max darbeli somun s\u0131kma modeli 1\/4&#8243; somunlar i\u00e7indir. Hafif ve kullan\u0131m\u0131 \u00e7ok rahat ve kolayd\u0131r. Dar alanlarda \u00e7al\u0131\u015fmak i\u00e7in idealdir. Maksimum 60 Nm tork g\u00fcc\u00fcne sahiptir.<\/p>\n<p><span style=\"color: red;\">Kullan\u0131m amac\u0131: <\/span>Bu aletin c\u0131vata ve somun s\u0131kmak i\u00e7in kullan\u0131lmas\u0131 ama\u00e7lanm\u0131\u015ft\u0131r.<\/p>\n<p><u>\u00d6zellikleri:<\/u><\/p>\n<p>CXT<\/p>\n<p>CXT(Compact Extreme Technology); 12V Max CXT serisi, \u00fcst\u00fcn makine g\u00fcc\u00fc performans\u0131n\u0131 m\u00fcmk\u00fcn olan en k\u00fc\u00e7\u00fck makine profiline entegre eder.<\/p>\n<ol>\n<li data-list=\"ordered\"><span class=\"ql-ui\" contenteditable=\"false\"><\/span>De\u011fi\u015fken h\u0131z \u00f6zelli\u011fi vard\u0131r.<\/li>\n<li data-list=\"ordered\"><span class=\"ql-ui\" contenteditable=\"false\"><\/span><span style=\"color: black;\">Sa\u011f-sol d\u00f6n\u00fc\u015f ayarl\u0131d\u0131r.<\/span><\/li>\n<li data-list=\"ordered\"><span class=\"ql-ui\" contenteditable=\"false\"><\/span>Led \u0131\u015f\u0131\u011f\u0131 vard\u0131r.<\/li>\n<li data-list=\"ordered\"><span class=\"ql-ui\" contenteditable=\"false\"><\/span>Plastik ta\u015f\u0131ma \u00e7antal\u0131d\u0131r.<\/li>\n<\/ol>\n<p><span style=\"color: red;\">Ambalaj i\u00e7eri\u011finde ak\u00fc ve \u015farj cihaz\u0131 bulunmamaktad\u0131r.<\/span><\/p>\n<p><\/span><strong class=\"red-title\" style=\"font-size: 16px;\">Kullan\u0131m Amac\u0131:<\/strong> <span><\/p>\n<p><\/p>\n<p><\/span><strong class=\"red-title\" style=\"font-size: 16px;\">\u00d6zellikler:<\/strong> <span><\/p>\n<p><\/p>\n<p><\/span><strong class=\"red-title\" style=\"font-size: 16px;\">Paket \u0130\u00e7eri\u011fi:<\/strong> <span><\/p>\n<p><\/p>\n<p><\/span><\/p>\n<table>\n<tr>\n<td>Kapasite<\/td>\n<td>Standart civata: M8-M12<\/td>\n<\/tr>\n<tr>\n<td>Bo\u015fta Devir<\/td>\n<td>0-2.600 devir\/dk<\/td>\n<\/tr>\n<tr>\n<td>Maksimum Tork<\/td>\n<td>60N.m<\/td>\n<\/tr>\n<tr>\n<td>G\u00fc\u00e7 kapasite<\/td>\n<td>12V\/Li-ion<\/td>\n<\/tr>\n<tr>\n<td>Koli \u0130\u00e7i Adedi<\/td>\n<td>1<\/td>\n<\/tr>\n<\/table>\n","protected":false},"excerpt":{"rendered":"<p><strong class=\"red-title\" style=\"font-size: 16px;\">A\u00e7\u0131klama:<\/strong> <span><\/p>\n<p>Model TW060DZ<\/p>\n<p>Ak\u00fcl\u00fc Darbeli Somun S\u0131kma<\/p>\n<p>12V maks. \u2022 1\/4&#8243; \u2022 60 Nm \u2022 0 \u2013 2 600 dak\u207b\u00b9<\/p>\n<p><span style=\"color: rgb(0, 112, 192);\">Dar alanlarda \u00e7al\u0131\u015fma i\u00e7in ultra kompakt darbeli somun s\u0131kma <\/span><\/p>\n<p>Kompakt ve hafif CXT\u00ae 12V max darbeli somun s\u0131kma modeli 1\/4&#8243; somunlar i\u00e7indir. Hafif ve kullan\u0131m\u0131 \u00e7ok rahat ve kolayd\u0131r. Dar alanlarda \u00e7al\u0131\u015fmak i\u00e7in idealdir. Maksimum 60 Nm tork g\u00fcc\u00fcne sahiptir.<\/p>\n<p><span style=\"color: red;\">Kullan\u0131m amac\u0131: <\/span>Bu aletin c\u0131vata ve somun s\u0131kmak i\u00e7in kullan\u0131lmas\u0131 ama\u00e7lanm\u0131\u015ft\u0131r.<\/p>\n<p><u>\u00d6zellikleri:<\/u><\/p>\n<p>CXT<\/p>\n<p>CXT(Compact Extreme Technology); 12V Max CXT serisi, \u00fcst\u00fcn makine g\u00fcc\u00fc performans\u0131n\u0131 m\u00fcmk\u00fcn olan en k\u00fc\u00e7\u00fck makine profiline entegre eder.<\/p>\n<ol>\n<li data-list=\"ordered\"><span class=\"ql-ui\" contenteditable=\"false\"><\/span>De\u011fi\u015fken h\u0131z \u00f6zelli\u011fi vard\u0131r.<\/li>\n<li data-list=\"ordered\"><span class=\"ql-ui\" contenteditable=\"false\"><\/span><span style=\"color: black;\">Sa\u011f-sol d\u00f6n\u00fc\u015f ayarl\u0131d\u0131r.<\/span><\/li>\n<li data-list=\"ordered\"><span class=\"ql-ui\" contenteditable=\"false\"><\/span>Led \u0131\u015f\u0131\u011f\u0131 vard\u0131r.<\/li>\n<li data-list=\"ordered\"><span class=\"ql-ui\" contenteditable=\"false\"><\/span>Plastik ta\u015f\u0131ma \u00e7antal\u0131d\u0131r.<\/li>\n<\/ol>\n<p><span style=\"color: red;\">Ambalaj i\u00e7eri\u011finde ak\u00fc ve \u015farj cihaz\u0131 bulunmamaktad\u0131r.<\/span><\/p>\n<p><\/span><strong class=\"red-title\" style=\"font-size: 16px;\">Kullan\u0131m Amac\u0131:<\/strong> <span><\/p>\n<p><\/p>\n<p><\/span><strong class=\"red-title\" style=\"font-size: 16px;\">\u00d6zellikler:<\/strong> <span><\/p>\n<p><\/p>\n<p><\/span><strong class=\"red-title\" style=\"font-size: 16px;\">Paket \u0130\u00e7eri\u011fi:<\/strong> <span><\/p>\n<p><\/p>\n<p><\/span><\/p>\n","protected":false},"featured_media":25720,"comment_status":"open","ping_status":"closed","template":"","meta":{"_acf_changed":false},"product_brand":[1485],"product_cat":[1565],"product_tag":[],"class_list":{"0":"post-25721","1":"product","2":"type-product","3":"status-publish","4":"has-post-thumbnail","6":"product_brand-makita","7":"product_cat-yok-yok","9":"first","10":"instock","11":"taxable","12":"shipping-taxable","13":"purchasable","14":"product-type-simple","15":"add-to-wishlist-after_add_to_cart"},"acf":[],"_links":{"self":[{"href":"https:\/\/www.makitamarket.com.tr\/site\/wp-json\/wp\/v2\/product\/25721","targetHints":{"allow":["GET"]}}],"collection":[{"href":"https:\/\/www.makitamarket.com.tr\/site\/wp-json\/wp\/v2\/product"}],"about":[{"href":"https:\/\/www.makitamarket.com.tr\/site\/wp-json\/wp\/v2\/types\/product"}],"replies":[{"embeddable":true,"href":"https:\/\/www.makitamarket.com.tr\/site\/wp-json\/wp\/v2\/comments?post=25721"}],"wp:featuredmedia":[{"embeddable":true,"href":"https:\/\/www.makitamarket.com.tr\/site\/wp-json\/wp\/v2\/media\/25720"}],"wp:attachment":[{"href":"https:\/\/www.makitamarket.com.tr\/site\/wp-json\/wp\/v2\/media?parent=25721"}],"wp:term":[{"taxonomy":"product_brand","embeddable":true,"href":"https:\/\/www.makitamarket.com.tr\/site\/wp-json\/wp\/v2\/product_brand?post=25721"},{"taxonomy":"product_cat","embeddable":true,"href":"https:\/\/www.makitamarket.com.tr\/site\/wp-json\/wp\/v2\/product_cat?post=25721"},{"taxonomy":"product_tag","embeddable":true,"href":"https:\/\/www.makitamarket.com.tr\/site\/wp-json\/wp\/v2\/product_tag?post=25721"}],"curies":[{"name":"wp","href":"https:\/\/api.w.org\/{rel}","templated":true}]}}