{"id":25724,"date":"2025-12-01T07:18:24","date_gmt":"2025-12-01T04:18:24","guid":{"rendered":"https:\/\/www.makitamarket.com.tr\/site\/urun\/makita-uc016gt101-akulu-zincirli-testere\/"},"modified":"2026-04-06T18:30:51","modified_gmt":"2026-04-06T15:30:51","slug":"makita-uc016gt101-akulu-zincirli-testere","status":"publish","type":"product","link":"https:\/\/www.makitamarket.com.tr\/site\/urun\/makita-uc016gt101-akulu-zincirli-testere\/","title":{"rendered":"Makita UC016GT101 Ak\u00fcl\u00fc Zincirli Testere"},"content":{"rendered":"<p><strong class=\"red-title\" style=\"font-size: 16px;\">A\u00e7\u0131klama:<\/strong> <span><\/p>\n<p><strong>UC016GT101<\/strong><\/p>\n<p><strong> Ak\u00fcl\u00fc Zincirli Testere<\/strong><\/p>\n<p><strong> 40V \u2022 400mm \u2022 25.5 m\/s<\/strong><\/p>\n<p><strong>Y\u00fcksek Performansl\u0131 Ak\u00fcl\u00fc Zincirli Testere<\/strong><\/p>\n<p>Profesyonel kullan\u0131mlar i\u00e7in geli\u015ftirilen UC016GT101, g\u00fc\u00e7l\u00fc 40V XGT Li-Ion ak\u00fc sistemi sayesinde y\u00fcksek performansl\u0131 ve kablosuz bir \u00e7al\u0131\u015fma imk\u00e2n\u0131 sunar. 400 mm k\u0131lavuz uzunlu\u011fu ve 25.5 m\/s\u2019ye ula\u015fan zincir h\u0131z\u0131 ile b\u00fcy\u00fck \u00e7apl\u0131 a\u011fa\u00e7 g\u00f6vdelerinde dahi y\u00fcksek kesim verimlili\u011fi sa\u011flar. 260 ml\u2019lik geni\u015f zincir ya\u011f\u0131 haznesi ve ayarlanabilir otomatik ya\u011flama sistemi sayesinde s\u00fcrekli kesintisiz \u00e7al\u0131\u015fma konforu sunar.<\/p>\n<p><\/span><strong class=\"red-title\" style=\"font-size: 16px;\">Kullan\u0131m Amac\u0131:<\/strong> <span><\/p>\n<p>Bu zincir testere ah\u015fap malzemeleri kesmek i\u00e7in tasarlanm\u0131\u015ft\u0131r.<\/p>\n<p><\/span><strong class=\"red-title\" style=\"font-size: 16px;\">\u00d6zellikler:<\/strong> <span><\/p>\n<p>Ak\u00fcl\u00fc yap\u0131s\u0131 kullan\u0131c\u0131ya kablosuz kullan\u0131m imkan\u0131 sunar ve bu sayede kullan\u0131c\u0131lar geni\u015f alanlarda kablo s\u0131n\u0131rlamalar\u0131 olmadan rahat\u00e7a \u00e7al\u0131\u015fabilirler.<\/p>\n<p>XGT(Next Generation Technology Extreme Power); yenilik\u00e7i tasar\u0131m ve 40 volt ak\u00fclerle zorlu taleplerin kar\u015f\u0131land\u0131\u011f\u0131 in\u015faat,end\u00fcstri,bah\u00e7ecilik ve bir\u00e7ok alanda kullan\u0131labilen \u00fcr\u00fcnlerin kar\u0131\u015f\u0131m\u0131d\u0131r.XGT ak\u00fcleri son derece dayan\u0131kl\u0131 olacak \u015fekilde tasarlanm\u0131\u015f olup ak\u00fcleri su ge\u00e7irmez \u00fc\u00e7 katmanl\u0131 bir yap\u0131ya ve darbelere kar\u015f\u0131 korunakl\u0131 olacak \u015fekilde tasarlanm\u0131\u015ft\u0131r.<\/p>\n<p>BL Motor\/K\u00f6m\u00fcrs\u00fcz Motor mevcuttur. K\u00f6m\u00fcrs\u00fcz motor sayesinde \u00e7al\u0131\u015fma esnas\u0131nda olu\u015fan \u0131s\u0131 enerjisi kaybolmaz ve makinenin g\u00fcc\u00fcne iletilir.<\/p>\n<p>XPT(Ekstra Koruma Teknolojisi) sayesinde nemli ve ya\u011fmurlu ortamlarda kullan\u0131labilir. D\u00fc\u015fmeye kar\u015f\u0131 ekstra dayan\u0131kl\u0131d\u0131r.<\/p>\n<p>Brake(Elektrik Freni);tetikten el \u00e7ekildi\u011fi anda cihaz otomatik olarak durur.<\/p>\n<p>De\u011fi\u015fken h\u0131z \u00f6zelli\u011fi vard\u0131r.<\/p>\n<ol>\n<li data-list=\"ordered\" class=\"ql-indent-1\"><span class=\"ql-ui\" contenteditable=\"false\"><\/span>Otomatik zincir ya\u011flama vard\u0131r.<\/li>\n<li data-list=\"ordered\" class=\"ql-indent-1\"><span class=\"ql-ui\" contenteditable=\"false\"><\/span>Zincir freni mevcuttur.<\/li>\n<\/ol>\n<p><\/span><strong class=\"red-title\" style=\"font-size: 16px;\">Paket \u0130\u00e7eri\u011fi:<\/strong> <span><\/p>\n<p><strong style=\"color: rgb(238, 0, 0);\">Kolay b\u0131\u00e7ak de\u011fi\u015fimi<\/strong><\/p>\n<p><\/p>\n<\/p>\n<p><\/span><\/p>\n<div class=\"product-logos\">\n<div class=\"product-logos-item\">\n<div class=\"product-logos-item-image\">\n<p>            <a href=\"https:\/\/www.makita.com.tr\/makita\/teknolojileri\/xgt\" target=\"_blank\"><br \/>\n                <img decoding=\"async\" src=\"https:\/\/fi.makitamedia.com\/images\/3_Makita\/305_logos\/3052_jpg\/XGT.jpg\" alt=\"XGT\" style=\"width: 80px; height: 50px; margin-right: 25px;\"><br \/>\n            <\/a><\/p>\n<p>            <a href=\"https:\/\/www.makita.com.tr\/makita\/teknolojileri\/bl\" target=\"_blank\"><br \/>\n                <img decoding=\"async\" src=\"https:\/\/fi.makitamedia.com\/images\/3_Makita\/305_logos\/3052_jpg\/Brushless%20Motor.jpg\" alt=\"Brushless Motor Technology\" style=\"width: 80px; height: 50px; margin-right: 25px;\"><br \/>\n            <\/a><\/p><\/div><\/div><\/div>\n<table>\n<tr>\n<td>Titre\u015fim A\u011fa\u00e7 Kesiminde<\/td>\n<td>5 m\/s^2<\/td>\n<\/tr>\n<tr>\n<td>\u00d6l\u00e7\u00fcler<\/td>\n<td>445 x 234 x 275 mm<\/td>\n<\/tr>\n<tr>\n<td>Net A\u011f\u0131rl\u0131k<\/td>\n<td>6.2 kg<\/td>\n<\/tr>\n<tr>\n<td>Zincir Ya\u011f Kapasitesi<\/td>\n<td>260 ml<\/td>\n<\/tr>\n<tr>\n<td>Ses D\u00fczeyi<\/td>\n<td>102 dBA<\/td>\n<\/tr>\n<tr>\n<td>Zincir H\u0131z\u0131<\/td>\n<td>0-25.5 m\/s<\/td>\n<\/tr>\n<\/table>\n","protected":false},"excerpt":{"rendered":"<p><strong class=\"red-title\" style=\"font-size: 16px;\">A\u00e7\u0131klama:<\/strong> <span><\/p>\n<p><strong>UC016GT101<\/strong><\/p>\n<p><strong> Ak\u00fcl\u00fc Zincirli Testere<\/strong><\/p>\n<p><strong> 40V \u2022 400mm \u2022 25.5 m\/s<\/strong><\/p>\n<p><strong>Y\u00fcksek Performansl\u0131 Ak\u00fcl\u00fc Zincirli Testere<\/strong><\/p>\n<p>Profesyonel kullan\u0131mlar i\u00e7in geli\u015ftirilen UC016GT101, g\u00fc\u00e7l\u00fc 40V XGT Li-Ion ak\u00fc sistemi sayesinde y\u00fcksek performansl\u0131 ve kablosuz bir \u00e7al\u0131\u015fma imk\u00e2n\u0131 sunar. 400 mm k\u0131lavuz uzunlu\u011fu ve 25.5 m\/s\u2019ye ula\u015fan zincir h\u0131z\u0131 ile b\u00fcy\u00fck \u00e7apl\u0131 a\u011fa\u00e7 g\u00f6vdelerinde dahi y\u00fcksek kesim verimlili\u011fi sa\u011flar. 260 ml\u2019lik geni\u015f zincir ya\u011f\u0131 haznesi ve ayarlanabilir otomatik ya\u011flama sistemi sayesinde s\u00fcrekli kesintisiz \u00e7al\u0131\u015fma konforu sunar.<\/p>\n<p><\/span><strong class=\"red-title\" style=\"font-size: 16px;\">Kullan\u0131m Amac\u0131:<\/strong> <span><\/p>\n<p>Bu zincir testere ah\u015fap malzemeleri kesmek i\u00e7in tasarlanm\u0131\u015ft\u0131r.<\/p>\n<p><\/span><strong class=\"red-title\" style=\"font-size: 16px;\">\u00d6zellikler:<\/strong> <span><\/p>\n<p>Ak\u00fcl\u00fc yap\u0131s\u0131 kullan\u0131c\u0131ya kablosuz kullan\u0131m imkan\u0131 sunar ve bu sayede kullan\u0131c\u0131lar geni\u015f alanlarda kablo s\u0131n\u0131rlamalar\u0131 olmadan rahat\u00e7a \u00e7al\u0131\u015fabilirler.<\/p>\n<p>XGT(Next Generation Technology Extreme Power); yenilik\u00e7i tasar\u0131m ve 40 volt ak\u00fclerle zorlu taleplerin kar\u015f\u0131land\u0131\u011f\u0131 in\u015faat,end\u00fcstri,bah\u00e7ecilik ve bir\u00e7ok alanda kullan\u0131labilen \u00fcr\u00fcnlerin kar\u0131\u015f\u0131m\u0131d\u0131r.XGT ak\u00fcleri son derece dayan\u0131kl\u0131 olacak \u015fekilde tasarlanm\u0131\u015f olup ak\u00fcleri su ge\u00e7irmez \u00fc\u00e7 katmanl\u0131 bir yap\u0131ya ve darbelere kar\u015f\u0131 korunakl\u0131 olacak \u015fekilde tasarlanm\u0131\u015ft\u0131r.<\/p>\n<p>BL Motor\/K\u00f6m\u00fcrs\u00fcz Motor mevcuttur. K\u00f6m\u00fcrs\u00fcz motor sayesinde \u00e7al\u0131\u015fma esnas\u0131nda olu\u015fan \u0131s\u0131 enerjisi kaybolmaz ve makinenin g\u00fcc\u00fcne iletilir.<\/p>\n<p>XPT(Ekstra Koruma Teknolojisi) sayesinde nemli ve ya\u011fmurlu ortamlarda kullan\u0131labilir. D\u00fc\u015fmeye kar\u015f\u0131 ekstra dayan\u0131kl\u0131d\u0131r.<\/p>\n<p>Brake(Elektrik Freni);tetikten el \u00e7ekildi\u011fi anda cihaz otomatik olarak durur.<\/p>\n<p>De\u011fi\u015fken h\u0131z \u00f6zelli\u011fi vard\u0131r.<\/p>\n<ol>\n<li data-list=\"ordered\" class=\"ql-indent-1\"><span class=\"ql-ui\" contenteditable=\"false\"><\/span>Otomatik zincir ya\u011flama vard\u0131r.<\/li>\n<li data-list=\"ordered\" class=\"ql-indent-1\"><span class=\"ql-ui\" contenteditable=\"false\"><\/span>Zincir freni mevcuttur.<\/li>\n<\/ol>\n<p><\/span><strong class=\"red-title\" style=\"font-size: 16px;\">Paket \u0130\u00e7eri\u011fi:<\/strong> <span><\/p>\n<p><strong style=\"color: rgb(238, 0, 0);\">Kolay b\u0131\u00e7ak de\u011fi\u015fimi<\/strong><\/p>\n<p><\/p>\n<\/p>\n<p><\/span><\/p>\n<div class=\"product-logos\">\n<div class=\"product-logos-item\">\n<div class=\"product-logos-item-image\">\n<p>            <a href=\"https:\/\/www.makita.com.tr\/makita\/teknolojileri\/xgt\" target=\"_blank\"><br \/>\n                <img decoding=\"async\" src=\"https:\/\/fi.makitamedia.com\/images\/3_Makita\/305_logos\/3052_jpg\/XGT.jpg\" alt=\"XGT\" style=\"width: 80px; height: 50px; margin-right: 25px;\"><br \/>\n            <\/a><\/p>\n<p>            <a href=\"https:\/\/www.makita.com.tr\/makita\/teknolojileri\/bl\" target=\"_blank\"><br \/>\n                <img decoding=\"async\" src=\"https:\/\/fi.makitamedia.com\/images\/3_Makita\/305_logos\/3052_jpg\/Brushless%20Motor.jpg\" alt=\"Brushless Motor Technology\" style=\"width: 80px; height: 50px; margin-right: 25px;\"><br \/>\n            <\/a><\/p><\/div>\n<\/p><\/div>\n<\/p><\/div>\n","protected":false},"featured_media":0,"comment_status":"open","ping_status":"closed","template":"","meta":{"_acf_changed":false},"product_brand":[1485],"product_cat":[1565],"product_tag":[],"class_list":{"0":"post-25724","1":"product","2":"type-product","3":"status-publish","5":"product_brand-makita","6":"product_cat-yok-yok","8":"first","9":"instock","10":"taxable","11":"shipping-taxable","12":"purchasable","13":"product-type-simple","14":"add-to-wishlist-after_add_to_cart"},"acf":[],"_links":{"self":[{"href":"https:\/\/www.makitamarket.com.tr\/site\/wp-json\/wp\/v2\/product\/25724","targetHints":{"allow":["GET"]}}],"collection":[{"href":"https:\/\/www.makitamarket.com.tr\/site\/wp-json\/wp\/v2\/product"}],"about":[{"href":"https:\/\/www.makitamarket.com.tr\/site\/wp-json\/wp\/v2\/types\/product"}],"replies":[{"embeddable":true,"href":"https:\/\/www.makitamarket.com.tr\/site\/wp-json\/wp\/v2\/comments?post=25724"}],"wp:attachment":[{"href":"https:\/\/www.makitamarket.com.tr\/site\/wp-json\/wp\/v2\/media?parent=25724"}],"wp:term":[{"taxonomy":"product_brand","embeddable":true,"href":"https:\/\/www.makitamarket.com.tr\/site\/wp-json\/wp\/v2\/product_brand?post=25724"},{"taxonomy":"product_cat","embeddable":true,"href":"https:\/\/www.makitamarket.com.tr\/site\/wp-json\/wp\/v2\/product_cat?post=25724"},{"taxonomy":"product_tag","embeddable":true,"href":"https:\/\/www.makitamarket.com.tr\/site\/wp-json\/wp\/v2\/product_tag?post=25724"}],"curies":[{"name":"wp","href":"https:\/\/api.w.org\/{rel}","templated":true}]}}