{"id":25726,"date":"2025-12-01T07:19:18","date_gmt":"2025-12-01T04:19:18","guid":{"rendered":"https:\/\/www.makitamarket.com.tr\/site\/urun\/makita-kp001gz-akulu-planya\/"},"modified":"2026-04-06T18:31:49","modified_gmt":"2026-04-06T15:31:49","slug":"makita-kp001gz-akulu-planya","status":"publish","type":"product","link":"https:\/\/www.makitamarket.com.tr\/site\/urun\/makita-kp001gz-akulu-planya\/","title":{"rendered":"Makita KP001GZ Ak\u00fcl\u00fc Planya"},"content":{"rendered":"<p><strong class=\"red-title\" style=\"font-size: 16px;\">A\u00e7\u0131klama:<\/strong> <span><\/p>\n<p><strong>KP001GZ<\/strong><\/p>\n<p><strong>Ak\u00fcl\u00fc Planya<\/strong><\/p>\n<p><strong>40Vmax \u2022 82 mm b\u0131\u00e7ak boyu \u2022 15.000 dev\/dk<\/strong><\/p>\n<p><strong>Y\u00fcksek Performansl\u0131 Ak\u00fcl\u00fc Planya<\/strong><\/p>\n<p>A\u011f\u0131r hizmet tipi tesviye i\u015flemleri i\u00e7in \u00f6zel olarak tasarlanan bu model, 40Vmax XGT Li-Ion ak\u00fc sistemi ile kablosuz kullan\u0131m avantaj\u0131 sunar. 82 mm kesme geni\u015fli\u011fi ve 15.000 devir\/dakika bo\u015fta d\u00f6n\u00fc\u015f h\u0131z\u0131 sayesinde ah\u015fap y\u00fczeylerde h\u0131zl\u0131 ve d\u00fczg\u00fcn y\u00fczey elde edilebilir. Kompakt tasar\u0131m\u0131, yumu\u015fak kavramal\u0131 tutma alanlar\u0131 ve denge merkezi optimize edilmi\u015f g\u00f6vdesi sayesinde kullan\u0131c\u0131ya uzun s\u00fcreli i\u015flerde bile rahatl\u0131k sa\u011flar.<\/p>\n<p><\/span><strong class=\"red-title\" style=\"font-size: 16px;\">Kullan\u0131m Amac\u0131:<\/strong> <span><\/p>\n<p>Bu alet ah\u015fap malzemede planya i\u015fleri i\u00e7in tasarlanm\u0131\u015ft\u0131r.<\/p>\n<p><\/span><strong class=\"red-title\" style=\"font-size: 16px;\">\u00d6zellikler:<\/strong> <span><\/p>\n<p>Ak\u00fcl\u00fc yap\u0131s\u0131 kullan\u0131c\u0131ya kablosuz kullan\u0131m imkan\u0131 sunar ve bu sayede kullan\u0131c\u0131lar geni\u015f alanlarda kablo s\u0131n\u0131rlamalar\u0131 olmadan rahat\u00e7a \u00e7al\u0131\u015fabilirler.<\/p>\n<p>Brake(Elektrik Freni);tetikten el \u00e7ekildi\u011fi anda cihaz otomatik olarak durur.<\/p>\n<p>BL Motor\/K\u00f6m\u00fcrs\u00fcz Motor mevcuttur. K\u00f6m\u00fcrs\u00fcz motor sayesinde \u00e7al\u0131\u015fma esnas\u0131nda olu\u015fan \u0131s\u0131 enerjisi kaybolmaz ve makinenin g\u00fcc\u00fcne iletilir.<\/p>\n<p>XPT(Ekstra Koruma Teknolojisi) sayesinde nemli ve ya\u011fmurlu ortamlarda kullan\u0131labilir. D\u00fc\u015fmeye kar\u015f\u0131 ekstra dayan\u0131kl\u0131d\u0131r.<\/p>\n<p>XGT(Next Generation Technology Extreme Power); yenilik\u00e7i tasar\u0131m ve 40 volt ak\u00fclerle zorlu taleplerin kar\u015f\u0131land\u0131\u011f\u0131 in\u015faat,end\u00fcstri,bah\u00e7ecilik ve bir\u00e7ok alanda kullan\u0131labilen \u00fcr\u00fcnlerin kar\u0131\u015f\u0131m\u0131d\u0131r.XGT ak\u00fcleri son derece dayan\u0131kl\u0131 olacak \u015fekilde tasarlanm\u0131\u015f olup ak\u00fcleri su ge\u00e7irmez \u00fc\u00e7 katmanl\u0131 bir yap\u0131ya ve darbelere kar\u015f\u0131 korunakl\u0131 olacak \u015fekilde tasarlanm\u0131\u015ft\u0131r.<\/p>\n<p>AWS( Uzaktan Ba\u011flanma Teknolojisi);bluetooth ile makineleri birbirine ba\u011flama \u00f6zelli\u011fi sunar.<\/p>\n<p>Soft No Load(Yumu\u015fak Ba\u015flama Teknolojisi);makine ilk \u00e7al\u0131\u015ft\u0131\u011f\u0131 anda tam devrine ula\u015fmaz.Kademeli olarak devir artar ve b\u00f6ylece i\u015f par\u00e7as\u0131 zarar g\u00f6rmez.<\/p>\n<ol>\n<li data-list=\"ordered\" class=\"ql-indent-1\"><span class=\"ql-ui\" contenteditable=\"false\"><\/span>De\u011fi\u015fken h\u0131z \u00f6zelli\u011fi vard\u0131r.<\/li>\n<li data-list=\"ordered\" class=\"ql-indent-1\"><span class=\"ql-ui\" contenteditable=\"false\"><\/span><span style=\"color: rgb(33, 37, 41);\">Led \u0131\u015f\u0131\u011f\u0131 vard\u0131r. <\/span><\/li>\n<li data-list=\"ordered\" class=\"ql-indent-1\"><span class=\"ql-ui\" contenteditable=\"false\"><\/span><span style=\"color: rgb(33, 37, 41);\">Ta\u015f\u0131ma \u00e7antal\u0131d\u0131r.<\/span><\/li>\n<\/ol>\n<p><\/span><strong class=\"red-title\" style=\"font-size: 16px;\">Paket \u0130\u00e7eri\u011fi:<\/strong> <span><\/p>\n<p><strong style=\"color: rgb(238, 29, 37);\">Ambalaj i\u00e7eri\u011finde ak\u00fc ve ak\u00fc \u015farj cihaz\u0131 bulunmamaktad\u0131r.<\/strong><\/p>\n<p><span style=\"color: rgb(238, 0, 0);\"> <\/span><strong style=\"color: rgb(238, 0, 0);\">Kontroll\u00fc \u00e7al\u0131\u015fma sistemi.<\/strong><\/p>\n<p><\/p>\n<p><\/p>\n<p><\/p>\n<\/p>\n<p><\/span><\/p>\n<div class=\"product-logos\">\n<div class=\"product-logos-item\">\n<div class=\"product-logos-item-image\">\n<p>            <a href=\"https:\/\/www.makita.com.tr\/makita\/teknolojileri\/xgt\" target=\"_blank\"><br \/>\n                <img decoding=\"async\" src=\"https:\/\/fi.makitamedia.com\/images\/3_Makita\/305_logos\/3052_jpg\/XGT.jpg\" alt=\"XGT\" style=\"width: 80px; height: 50px; margin-right: 25px;\"><br \/>\n            <\/a><\/p>\n<p>            <a href=\"https:\/\/www.makita.com.tr\/makita\/teknolojileri\/bl\" target=\"_blank\"><br \/>\n                <img decoding=\"async\" src=\"https:\/\/fi.makitamedia.com\/images\/3_Makita\/305_logos\/3052_jpg\/Brushless%20Motor.jpg\" alt=\"Brushless Motor Technology\" style=\"width: 80px; height: 50px; margin-right: 25px;\"><br \/>\n            <\/a><\/p>\n<p>            <a href=\"https:\/\/www.makita.com.tr\/makita\/teknolojileri\/cxt\" target=\"_blank\"><br \/>\n                <img decoding=\"async\" src=\"https:\/\/fi.makitamedia.com\/images\/3_Makita\/305_logos\/3052_jpg\/CXT.jpg\" alt=\"COMPACT EXTREME TECHNOLOGY\" style=\"width: 80px; height: 50px; margin-right: 25px;\"><br \/>\n            <\/a><\/p><\/div><\/div><\/div>\n<table>\n<tr>\n<td>Kesme Geni\u015fli\u011fi<\/td>\n<td>82 mm<\/td>\n<\/tr>\n<tr>\n<td>Net A\u011f\u0131rl\u0131k<\/td>\n<td>3.7 kg<\/td>\n<\/tr>\n<tr>\n<td>G\u00fc\u00e7 kapasite<\/td>\n<td>40 V<\/td>\n<\/tr>\n<tr>\n<td>B\u0131\u00e7ak boyu<\/td>\n<td>82 mm<\/td>\n<\/tr>\n<tr>\n<td>Bo\u015fta Devir<\/td>\n<td>15.000 devir\/dakika<\/td>\n<\/tr>\n<\/table>\n","protected":false},"excerpt":{"rendered":"<p><strong class=\"red-title\" style=\"font-size: 16px;\">A\u00e7\u0131klama:<\/strong> <span><\/p>\n<p><strong>KP001GZ<\/strong><\/p>\n<p><strong>Ak\u00fcl\u00fc Planya<\/strong><\/p>\n<p><strong>40Vmax \u2022 82 mm b\u0131\u00e7ak boyu \u2022 15.000 dev\/dk<\/strong><\/p>\n<p><strong>Y\u00fcksek Performansl\u0131 Ak\u00fcl\u00fc Planya<\/strong><\/p>\n<p>A\u011f\u0131r hizmet tipi tesviye i\u015flemleri i\u00e7in \u00f6zel olarak tasarlanan bu model, 40Vmax XGT Li-Ion ak\u00fc sistemi ile kablosuz kullan\u0131m avantaj\u0131 sunar. 82 mm kesme geni\u015fli\u011fi ve 15.000 devir\/dakika bo\u015fta d\u00f6n\u00fc\u015f h\u0131z\u0131 sayesinde ah\u015fap y\u00fczeylerde h\u0131zl\u0131 ve d\u00fczg\u00fcn y\u00fczey elde edilebilir. Kompakt tasar\u0131m\u0131, yumu\u015fak kavramal\u0131 tutma alanlar\u0131 ve denge merkezi optimize edilmi\u015f g\u00f6vdesi sayesinde kullan\u0131c\u0131ya uzun s\u00fcreli i\u015flerde bile rahatl\u0131k sa\u011flar.<\/p>\n<p><\/span><strong class=\"red-title\" style=\"font-size: 16px;\">Kullan\u0131m Amac\u0131:<\/strong> <span><\/p>\n<p>Bu alet ah\u015fap malzemede planya i\u015fleri i\u00e7in tasarlanm\u0131\u015ft\u0131r.<\/p>\n<p><\/span><strong class=\"red-title\" style=\"font-size: 16px;\">\u00d6zellikler:<\/strong> <span><\/p>\n<p>Ak\u00fcl\u00fc yap\u0131s\u0131 kullan\u0131c\u0131ya kablosuz kullan\u0131m imkan\u0131 sunar ve bu sayede kullan\u0131c\u0131lar geni\u015f alanlarda kablo s\u0131n\u0131rlamalar\u0131 olmadan rahat\u00e7a \u00e7al\u0131\u015fabilirler.<\/p>\n<p>Brake(Elektrik Freni);tetikten el \u00e7ekildi\u011fi anda cihaz otomatik olarak durur.<\/p>\n<p>BL Motor\/K\u00f6m\u00fcrs\u00fcz Motor mevcuttur. K\u00f6m\u00fcrs\u00fcz motor sayesinde \u00e7al\u0131\u015fma esnas\u0131nda olu\u015fan \u0131s\u0131 enerjisi kaybolmaz ve makinenin g\u00fcc\u00fcne iletilir.<\/p>\n<p>XPT(Ekstra Koruma Teknolojisi) sayesinde nemli ve ya\u011fmurlu ortamlarda kullan\u0131labilir. D\u00fc\u015fmeye kar\u015f\u0131 ekstra dayan\u0131kl\u0131d\u0131r.<\/p>\n<p>XGT(Next Generation Technology Extreme Power); yenilik\u00e7i tasar\u0131m ve 40 volt ak\u00fclerle zorlu taleplerin kar\u015f\u0131land\u0131\u011f\u0131 in\u015faat,end\u00fcstri,bah\u00e7ecilik ve bir\u00e7ok alanda kullan\u0131labilen \u00fcr\u00fcnlerin kar\u0131\u015f\u0131m\u0131d\u0131r.XGT ak\u00fcleri son derece dayan\u0131kl\u0131 olacak \u015fekilde tasarlanm\u0131\u015f olup ak\u00fcleri su ge\u00e7irmez \u00fc\u00e7 katmanl\u0131 bir yap\u0131ya ve darbelere kar\u015f\u0131 korunakl\u0131 olacak \u015fekilde tasarlanm\u0131\u015ft\u0131r.<\/p>\n<p>AWS( Uzaktan Ba\u011flanma Teknolojisi);bluetooth ile makineleri birbirine ba\u011flama \u00f6zelli\u011fi sunar.<\/p>\n<p>Soft No Load(Yumu\u015fak Ba\u015flama Teknolojisi);makine ilk \u00e7al\u0131\u015ft\u0131\u011f\u0131 anda tam devrine ula\u015fmaz.Kademeli olarak devir artar ve b\u00f6ylece i\u015f par\u00e7as\u0131 zarar g\u00f6rmez.<\/p>\n<ol>\n<li data-list=\"ordered\" class=\"ql-indent-1\"><span class=\"ql-ui\" contenteditable=\"false\"><\/span>De\u011fi\u015fken h\u0131z \u00f6zelli\u011fi vard\u0131r.<\/li>\n<li data-list=\"ordered\" class=\"ql-indent-1\"><span class=\"ql-ui\" contenteditable=\"false\"><\/span><span style=\"color: rgb(33, 37, 41);\">Led \u0131\u015f\u0131\u011f\u0131 vard\u0131r. <\/span><\/li>\n<li data-list=\"ordered\" class=\"ql-indent-1\"><span class=\"ql-ui\" contenteditable=\"false\"><\/span><span style=\"color: rgb(33, 37, 41);\">Ta\u015f\u0131ma \u00e7antal\u0131d\u0131r.<\/span><\/li>\n<\/ol>\n<p><\/span><strong class=\"red-title\" style=\"font-size: 16px;\">Paket \u0130\u00e7eri\u011fi:<\/strong> <span><\/p>\n<p><strong style=\"color: rgb(238, 29, 37);\">Ambalaj i\u00e7eri\u011finde ak\u00fc ve ak\u00fc \u015farj cihaz\u0131 bulunmamaktad\u0131r.<\/strong><\/p>\n<p><span style=\"color: rgb(238, 0, 0);\"> <\/span><strong style=\"color: rgb(238, 0, 0);\">Kontroll\u00fc \u00e7al\u0131\u015fma sistemi.<\/strong><\/p>\n<p><\/p>\n<p><\/p>\n<p><\/p>\n<\/p>\n<p><\/span><\/p>\n<div class=\"product-logos\">\n<div class=\"product-logos-item\">\n<div class=\"product-logos-item-image\">\n<p>            <a href=\"https:\/\/www.makita.com.tr\/makita\/teknolojileri\/xgt\" target=\"_blank\"><br \/>\n                <img decoding=\"async\" src=\"https:\/\/fi.makitamedia.com\/images\/3_Makita\/305_logos\/3052_jpg\/XGT.jpg\" alt=\"XGT\" style=\"width: 80px; height: 50px; margin-right: 25px;\"><br \/>\n            <\/a><\/p>\n<p>            <a href=\"https:\/\/www.makita.com.tr\/makita\/teknolojileri\/bl\" target=\"_blank\"><br \/>\n                <img decoding=\"async\" src=\"https:\/\/fi.makitamedia.com\/images\/3_Makita\/305_logos\/3052_jpg\/Brushless%20Motor.jpg\" alt=\"Brushless Motor Technology\" style=\"width: 80px; height: 50px; margin-right: 25px;\"><br \/>\n            <\/a><\/p>\n<p>            <a href=\"https:\/\/www.makita.com.tr\/makita\/teknolojileri\/cxt\" target=\"_blank\"><br \/>\n                <img decoding=\"async\" src=\"https:\/\/fi.makitamedia.com\/images\/3_Makita\/305_logos\/3052_jpg\/CXT.jpg\" alt=\"COMPACT EXTREME TECHNOLOGY\" style=\"width: 80px; height: 50px; margin-right: 25px;\"><br \/>\n            <\/a><\/p><\/div>\n<\/p><\/div>\n<\/p><\/div>\n","protected":false},"featured_media":0,"comment_status":"open","ping_status":"closed","template":"","meta":{"_acf_changed":false},"product_brand":[1485],"product_cat":[1565],"product_tag":[],"class_list":{"0":"post-25726","1":"product","2":"type-product","3":"status-publish","5":"product_brand-makita","6":"product_cat-yok-yok","8":"first","9":"instock","10":"taxable","11":"shipping-taxable","12":"purchasable","13":"product-type-simple","14":"add-to-wishlist-after_add_to_cart"},"acf":[],"_links":{"self":[{"href":"https:\/\/www.makitamarket.com.tr\/site\/wp-json\/wp\/v2\/product\/25726","targetHints":{"allow":["GET"]}}],"collection":[{"href":"https:\/\/www.makitamarket.com.tr\/site\/wp-json\/wp\/v2\/product"}],"about":[{"href":"https:\/\/www.makitamarket.com.tr\/site\/wp-json\/wp\/v2\/types\/product"}],"replies":[{"embeddable":true,"href":"https:\/\/www.makitamarket.com.tr\/site\/wp-json\/wp\/v2\/comments?post=25726"}],"wp:attachment":[{"href":"https:\/\/www.makitamarket.com.tr\/site\/wp-json\/wp\/v2\/media?parent=25726"}],"wp:term":[{"taxonomy":"product_brand","embeddable":true,"href":"https:\/\/www.makitamarket.com.tr\/site\/wp-json\/wp\/v2\/product_brand?post=25726"},{"taxonomy":"product_cat","embeddable":true,"href":"https:\/\/www.makitamarket.com.tr\/site\/wp-json\/wp\/v2\/product_cat?post=25726"},{"taxonomy":"product_tag","embeddable":true,"href":"https:\/\/www.makitamarket.com.tr\/site\/wp-json\/wp\/v2\/product_tag?post=25726"}],"curies":[{"name":"wp","href":"https:\/\/api.w.org\/{rel}","templated":true}]}}