{"id":25731,"date":"2025-12-01T07:19:21","date_gmt":"2025-12-01T04:19:21","guid":{"rendered":"https:\/\/www.makitamarket.com.tr\/site\/urun\/makita-hm004gz05-elektropnomatik-kirici\/"},"modified":"2026-04-13T23:55:42","modified_gmt":"2026-04-13T20:55:42","slug":"makita-hm004gz05-elektropnomatik-kirici","status":"publish","type":"product","link":"https:\/\/www.makitamarket.com.tr\/site\/urun\/makita-hm004gz05-elektropnomatik-kirici\/","title":{"rendered":"Makita HM004GZ05 Elektropn\u00f6matik K\u0131r\u0131c\u0131"},"content":{"rendered":"<p><strong class=\"red-title\" style=\"font-size: 16px;\">A\u00e7\u0131klama:<\/strong> <span><\/p>\n<p>Model HM004GZ05<\/p>\n<p>Elektropn\u00f6matik K\u0131r\u0131c\u0131 28.6mm Alt\u0131gen \u015eafl\u0131 U\u00e7<\/p>\n<p>40Vmax X2 \u2022 72.8 j \u2022 28.6mm<\/p>\n<p><span style=\"color: rgb(0, 112, 192);\">Profesyoneller i\u00e7in Ak\u00fcl\u00fc XGT\u00ae Elektropn\u00f6matik K\u0131r\u0131c\u0131<\/span><\/p>\n<p>Makita HM004GZ, a\u011f\u0131r hizmet tipi y\u0131k\u0131m ve k\u0131rma i\u015flerinde en y\u00fcksek performans\u0131 sunmak \u00fczere tasarlanm\u0131\u015f g\u00fc\u00e7l\u00fc bir ak\u00fcl\u00fc elektopn\u00f6matik k\u0131r\u0131c\u0131 modelidir. 40Vmax x2 (80Vmax) XGT\u00ae Li-ion ak\u00fc teknolojisi ve k\u00f6m\u00fcrs\u00fcz&nbsp;(BL) motoru sayesinde kablosuz kullan\u0131m \u00f6zg\u00fcrl\u00fc\u011f\u00fc sunar.72.8 Joule darbe enerjisi ile donat\u0131lan bu model, sert beton ve ta\u015f y\u00fczeylerde kullan\u0131ma uygundur.<\/p>\n<p><\/span><strong class=\"red-title\" style=\"font-size: 16px;\">Kullan\u0131m Amac\u0131:<\/strong> <span><\/p>\n<p>Bu alet a\u011f\u0131r yontma ve y\u0131kma i\u015fleri ile uygun aksesuarlarla \u00e7akma ve s\u0131k\u0131\u015ft\u0131rma yapmak i\u00e7in tasarlanm\u0131\u015ft\u0131r.<\/p>\n<p><\/span><strong class=\"red-title\" style=\"font-size: 16px;\">\u00d6zellikler:<\/strong> <span><\/p>\n<p>XGT,AWS,AVT,SOFT NO LOAD, BL MOTOR, XPT<\/p>\n<p>XGT(Next Generation Technology Extreme Power); yenilik\u00e7i tasar\u0131m ve 40 volt ak\u00fclerle zorlu taleplerin kar\u015f\u0131land\u0131\u011f\u0131 in\u015faat,end\u00fcstri,bah\u00e7ecilik ve bir\u00e7ok alanda kullan\u0131labilen \u00fcr\u00fcnlerin kar\u0131\u015f\u0131m\u0131d\u0131r.XGT ak\u00fcleri son derece dayan\u0131kl\u0131 olacak \u015fekilde tasarlanm\u0131\u015f olup ak\u00fcleri su ge\u00e7irmez \u00fc\u00e7 katmanl\u0131 bir yap\u0131ya ve darbelere kar\u015f\u0131 korunakl\u0131 olacak \u015fekilde tasarlanm\u0131\u015ft\u0131r.<\/p>\n<p>AWS( Uzaktan Ba\u011flanma Teknolojisi);bluetooth ile makineleri birbirine ba\u011flama \u00f6zelli\u011fi sunar.<\/p>\n<p>AVT(Titre\u015fim \u00d6nleme Teknolojisi); \u00e7al\u0131\u015fma esnas\u0131nda olu\u015fan titre\u015fim, makine i\u00e7inde s\u00f6n\u00fcmlenir ve kullan\u0131c\u0131ya yans\u0131ma azalt\u0131l\u0131r. Kullan\u0131c\u0131 yorulmadan, uzun s\u00fcreli makineyi kullanabilir.<\/p>\n<p>Soft No Load(Yumu\u015fak Ba\u015flama Teknolojisi);makine ilk \u00e7al\u0131\u015ft\u0131\u011f\u0131 anda tam devrine ula\u015fmaz.Kademeli olarak devir artar ve b\u00f6ylece i\u015f par\u00e7as\u0131 zarar g\u00f6rmez.<\/p>\n<p>BL Motor\/K\u00f6m\u00fcrs\u00fcz Motor mevcuttur. K\u00f6m\u00fcrs\u00fcz motor sayesinde \u00e7al\u0131\u015fma esnas\u0131nda olu\u015fan \u0131s\u0131 enerjisi kaybolmaz ve makinenin g\u00fcc\u00fcne iletilir.<\/p>\n<p>XPT(Ekstra Koruma Teknolojisi) sayesinde nemli ve ya\u011fmurlu ortamlarda kullan\u0131labilir. D\u00fc\u015fmeye kar\u015f\u0131 ekstra dayan\u0131kl\u0131d\u0131r.<\/p>\n<ol>\n<li data-list=\"ordered\"><span class=\"ql-ui\" contenteditable=\"false\"><\/span>Toz emme \u00fcnitesi mevcuttur.<\/li>\n<li data-list=\"ordered\"><span class=\"ql-ui\" contenteditable=\"false\"><\/span><span style=\"color: black;\">Sabit h\u0131z \u00f6zelli\u011fi vard\u0131r.<\/span><\/li>\n<li data-list=\"ordered\"><span class=\"ql-ui\" contenteditable=\"false\"><\/span>Yumu\u015fak ba\u015flama \u00f6zelli\u011fi mevcuttur.<\/li>\n<li data-list=\"ordered\"><span class=\"ql-ui\" contenteditable=\"false\"><\/span>Led \u0131\u015f\u0131\u011f\u0131 vard\u0131r.<\/li>\n<li data-list=\"ordered\"><span class=\"ql-ui\" contenteditable=\"false\"><\/span>Ta\u015f\u0131ma \u00e7antal\u0131d\u0131r.<\/li>\n<\/ol>\n<p><\/span><strong class=\"red-title\" style=\"font-size: 16px;\">Paket \u0130\u00e7eri\u011fi:<\/strong> <span><\/p>\n<p><span style=\"color: rgb(238, 0, 0);\">Ambalaj i\u00e7eri\u011finde ak\u00fc ve \u015farj cihaz\u0131 bulunmamaktad\u0131r. <\/span><\/p>\n<p><span style=\"color: rgb(238, 0, 0);\">Tavsiye edilen ak\u00fc BL4080F, \u015farj cihaz\u0131 DC40RA<\/span><\/p>\n<p><\/p>\n<p><\/p>\n<p><\/p>\n<\/p>\n<p><\/span><\/p>\n<div class=\"product-logos\">\n<div class=\"product-logos-item\">\n<div class=\"product-logos-item-image\">\n<p>            <a href=\"https:\/\/www.makita.com.tr\/makita\/teknolojileri\/xgt\" target=\"_blank\"><br \/>\n                <img decoding=\"async\" src=\"https:\/\/fi.makitamedia.com\/images\/3_Makita\/305_logos\/3052_jpg\/XGT.jpg\" alt=\"XGT\" style=\"width: 80px; height: 50px; margin-right: 25px;\"><br \/>\n            <\/a><\/p>\n<p>            <a href=\"https:\/\/www.makita.com.tr\/makita\/teknolojileri\/bl\" target=\"_blank\"><br \/>\n                <img decoding=\"async\" src=\"https:\/\/fi.makitamedia.com\/images\/3_Makita\/305_logos\/3052_jpg\/Brushless%20Motor.jpg\" alt=\"Brushless Motor Technology\" style=\"width: 80px; height: 50px; margin-right: 25px;\"><br \/>\n            <\/a><\/p>\n<p>            <a href=\"https:\/\/www.makita.com.tr\/makita\/teknolojileri\/avt\" target=\"_blank\"><br \/>\n                <img decoding=\"async\" src=\"https:\/\/fi.makitamedia.com\/images\/3_Makita\/305_logos\/3052_jpg\/AVT.jpg\" alt=\"ANT\u0130-V\u0130BRASYON TEKNOLOJ\u0130S\u0130\" style=\"width: 80px; height: 50px; margin-right: 25px;\"><br \/>\n            <\/a><\/p><\/div><\/div><\/div>\n<table>\n<tr>\n<td>G\u00fc\u00e7 kapasite<\/td>\n<td>40V\/Li-ion<\/td>\n<\/tr>\n<tr>\n<td>Darbe enerjisi<\/td>\n<td>72.8 J<\/td>\n<\/tr>\n<tr>\n<td>Dakikada darbe say\u0131s\u0131<\/td>\n<td> 870 darbe\/dak<\/td>\n<\/tr>\n<tr>\n<td>Net A\u011f\u0131rl\u0131k<\/td>\n<td>29.7 kg<\/td>\n<\/tr>\n<\/table>\n","protected":false},"excerpt":{"rendered":"<p><strong class=\"red-title\" style=\"font-size: 16px;\">A\u00e7\u0131klama:<\/strong> <span><\/p>\n<p>Model HM004GZ05<\/p>\n<p>Elektropn\u00f6matik K\u0131r\u0131c\u0131 28.6mm Alt\u0131gen \u015eafl\u0131 U\u00e7<\/p>\n<p>40Vmax X2 \u2022 72.8 j \u2022 28.6mm<\/p>\n<p><span style=\"color: rgb(0, 112, 192);\">Profesyoneller i\u00e7in Ak\u00fcl\u00fc XGT\u00ae Elektropn\u00f6matik K\u0131r\u0131c\u0131<\/span><\/p>\n<p>Makita HM004GZ, a\u011f\u0131r hizmet tipi y\u0131k\u0131m ve k\u0131rma i\u015flerinde en y\u00fcksek performans\u0131 sunmak \u00fczere tasarlanm\u0131\u015f g\u00fc\u00e7l\u00fc bir ak\u00fcl\u00fc elektopn\u00f6matik k\u0131r\u0131c\u0131 modelidir. 40Vmax x2 (80Vmax) XGT\u00ae Li-ion ak\u00fc teknolojisi ve k\u00f6m\u00fcrs\u00fcz&nbsp;(BL) motoru sayesinde kablosuz kullan\u0131m \u00f6zg\u00fcrl\u00fc\u011f\u00fc sunar.72.8 Joule darbe enerjisi ile donat\u0131lan bu model, sert beton ve ta\u015f y\u00fczeylerde kullan\u0131ma uygundur.<\/p>\n<p><\/span><strong class=\"red-title\" style=\"font-size: 16px;\">Kullan\u0131m Amac\u0131:<\/strong> <span><\/p>\n<p>Bu alet a\u011f\u0131r yontma ve y\u0131kma i\u015fleri ile uygun aksesuarlarla \u00e7akma ve s\u0131k\u0131\u015ft\u0131rma yapmak i\u00e7in tasarlanm\u0131\u015ft\u0131r.<\/p>\n<p><\/span><strong class=\"red-title\" style=\"font-size: 16px;\">\u00d6zellikler:<\/strong> <span><\/p>\n<p>XGT,AWS,AVT,SOFT NO LOAD, BL MOTOR, XPT<\/p>\n<p>XGT(Next Generation Technology Extreme Power); yenilik\u00e7i tasar\u0131m ve 40 volt ak\u00fclerle zorlu taleplerin kar\u015f\u0131land\u0131\u011f\u0131 in\u015faat,end\u00fcstri,bah\u00e7ecilik ve bir\u00e7ok alanda kullan\u0131labilen \u00fcr\u00fcnlerin kar\u0131\u015f\u0131m\u0131d\u0131r.XGT ak\u00fcleri son derece dayan\u0131kl\u0131 olacak \u015fekilde tasarlanm\u0131\u015f olup ak\u00fcleri su ge\u00e7irmez \u00fc\u00e7 katmanl\u0131 bir yap\u0131ya ve darbelere kar\u015f\u0131 korunakl\u0131 olacak \u015fekilde tasarlanm\u0131\u015ft\u0131r.<\/p>\n<p>AWS( Uzaktan Ba\u011flanma Teknolojisi);bluetooth ile makineleri birbirine ba\u011flama \u00f6zelli\u011fi sunar.<\/p>\n<p>AVT(Titre\u015fim \u00d6nleme Teknolojisi); \u00e7al\u0131\u015fma esnas\u0131nda olu\u015fan titre\u015fim, makine i\u00e7inde s\u00f6n\u00fcmlenir ve kullan\u0131c\u0131ya yans\u0131ma azalt\u0131l\u0131r. Kullan\u0131c\u0131 yorulmadan, uzun s\u00fcreli makineyi kullanabilir.<\/p>\n<p>Soft No Load(Yumu\u015fak Ba\u015flama Teknolojisi);makine ilk \u00e7al\u0131\u015ft\u0131\u011f\u0131 anda tam devrine ula\u015fmaz.Kademeli olarak devir artar ve b\u00f6ylece i\u015f par\u00e7as\u0131 zarar g\u00f6rmez.<\/p>\n<p>BL Motor\/K\u00f6m\u00fcrs\u00fcz Motor mevcuttur. K\u00f6m\u00fcrs\u00fcz motor sayesinde \u00e7al\u0131\u015fma esnas\u0131nda olu\u015fan \u0131s\u0131 enerjisi kaybolmaz ve makinenin g\u00fcc\u00fcne iletilir.<\/p>\n<p>XPT(Ekstra Koruma Teknolojisi) sayesinde nemli ve ya\u011fmurlu ortamlarda kullan\u0131labilir. D\u00fc\u015fmeye kar\u015f\u0131 ekstra dayan\u0131kl\u0131d\u0131r.<\/p>\n<ol>\n<li data-list=\"ordered\"><span class=\"ql-ui\" contenteditable=\"false\"><\/span>Toz emme \u00fcnitesi mevcuttur.<\/li>\n<li data-list=\"ordered\"><span class=\"ql-ui\" contenteditable=\"false\"><\/span><span style=\"color: black;\">Sabit h\u0131z \u00f6zelli\u011fi vard\u0131r.<\/span><\/li>\n<li data-list=\"ordered\"><span class=\"ql-ui\" contenteditable=\"false\"><\/span>Yumu\u015fak ba\u015flama \u00f6zelli\u011fi mevcuttur.<\/li>\n<li data-list=\"ordered\"><span class=\"ql-ui\" contenteditable=\"false\"><\/span>Led \u0131\u015f\u0131\u011f\u0131 vard\u0131r.<\/li>\n<li data-list=\"ordered\"><span class=\"ql-ui\" contenteditable=\"false\"><\/span>Ta\u015f\u0131ma \u00e7antal\u0131d\u0131r.<\/li>\n<\/ol>\n<p><\/span><strong class=\"red-title\" style=\"font-size: 16px;\">Paket \u0130\u00e7eri\u011fi:<\/strong> <span><\/p>\n<p><span style=\"color: rgb(238, 0, 0);\">Ambalaj i\u00e7eri\u011finde ak\u00fc ve \u015farj cihaz\u0131 bulunmamaktad\u0131r. <\/span><\/p>\n<p><span style=\"color: rgb(238, 0, 0);\">Tavsiye edilen ak\u00fc BL4080F, \u015farj cihaz\u0131 DC40RA<\/span><\/p>\n<p><\/p>\n<p><\/p>\n<p><\/p>\n<\/p>\n<p><\/span><\/p>\n<div class=\"product-logos\">\n<div class=\"product-logos-item\">\n<div class=\"product-logos-item-image\">\n<p>            <a href=\"https:\/\/www.makita.com.tr\/makita\/teknolojileri\/xgt\" target=\"_blank\"><br \/>\n                <img decoding=\"async\" src=\"https:\/\/fi.makitamedia.com\/images\/3_Makita\/305_logos\/3052_jpg\/XGT.jpg\" alt=\"XGT\" style=\"width: 80px; height: 50px; margin-right: 25px;\"><br \/>\n            <\/a><\/p>\n<p>            <a href=\"https:\/\/www.makita.com.tr\/makita\/teknolojileri\/bl\" target=\"_blank\"><br \/>\n                <img decoding=\"async\" src=\"https:\/\/fi.makitamedia.com\/images\/3_Makita\/305_logos\/3052_jpg\/Brushless%20Motor.jpg\" alt=\"Brushless Motor Technology\" style=\"width: 80px; height: 50px; margin-right: 25px;\"><br \/>\n            <\/a><\/p>\n<p>            <a href=\"https:\/\/www.makita.com.tr\/makita\/teknolojileri\/avt\" target=\"_blank\"><br \/>\n                <img decoding=\"async\" src=\"https:\/\/fi.makitamedia.com\/images\/3_Makita\/305_logos\/3052_jpg\/AVT.jpg\" alt=\"ANT\u0130-V\u0130BRASYON TEKNOLOJ\u0130S\u0130\" style=\"width: 80px; height: 50px; margin-right: 25px;\"><br \/>\n            <\/a><\/p><\/div>\n<\/p><\/div>\n<\/p><\/div>\n","protected":false},"featured_media":0,"comment_status":"open","ping_status":"closed","template":"","meta":{"_acf_changed":false},"product_brand":[1485],"product_cat":[1565],"product_tag":[],"class_list":{"0":"post-25731","1":"product","2":"type-product","3":"status-publish","5":"product_brand-makita","6":"product_cat-yok-yok","8":"first","9":"instock","10":"taxable","11":"shipping-taxable","12":"purchasable","13":"product-type-simple","14":"add-to-wishlist-after_add_to_cart"},"acf":[],"_links":{"self":[{"href":"https:\/\/www.makitamarket.com.tr\/site\/wp-json\/wp\/v2\/product\/25731","targetHints":{"allow":["GET"]}}],"collection":[{"href":"https:\/\/www.makitamarket.com.tr\/site\/wp-json\/wp\/v2\/product"}],"about":[{"href":"https:\/\/www.makitamarket.com.tr\/site\/wp-json\/wp\/v2\/types\/product"}],"replies":[{"embeddable":true,"href":"https:\/\/www.makitamarket.com.tr\/site\/wp-json\/wp\/v2\/comments?post=25731"}],"wp:attachment":[{"href":"https:\/\/www.makitamarket.com.tr\/site\/wp-json\/wp\/v2\/media?parent=25731"}],"wp:term":[{"taxonomy":"product_brand","embeddable":true,"href":"https:\/\/www.makitamarket.com.tr\/site\/wp-json\/wp\/v2\/product_brand?post=25731"},{"taxonomy":"product_cat","embeddable":true,"href":"https:\/\/www.makitamarket.com.tr\/site\/wp-json\/wp\/v2\/product_cat?post=25731"},{"taxonomy":"product_tag","embeddable":true,"href":"https:\/\/www.makitamarket.com.tr\/site\/wp-json\/wp\/v2\/product_tag?post=25731"}],"curies":[{"name":"wp","href":"https:\/\/api.w.org\/{rel}","templated":true}]}}